{"id":691,"date":"2018-11-29T07:17:28","date_gmt":"2018-11-29T07:17:28","guid":{"rendered":"https:\/\/mercuri.be\/?page_id=691"},"modified":"2021-09-24T12:17:27","modified_gmt":"2021-09-24T12:17:27","slug":"reussir-a-prendre-des-rendez-vous-par-telephone","status":"publish","type":"page","link":"https:\/\/mercuri.be\/fr\/reussir-a-prendre-des-rendez-vous-par-telephone\/","title":{"rendered":"Des r\u00e9servations t\u00e9l\u00e9phoniques r\u00e9ussies"},"content":{"rendered":"<p>Au d\u00e9but du processus de vente se trouve la prise de contact avec vos prospects, ou l'acquisition \u00e0 froid. Nous constatons que les gens sont de moins en moins ouverts aux appels \u00e0 froid et, si vous n'avez pas de chance, cela se retourne m\u00eame contre vous, car vous entrez rapidement dans la zone d'irritation.....<\/p>\n\n\n\n<p>Comment inciter quelqu'un, d\u00e8s les premi\u00e8res secondes et de mani\u00e8re positive, \u00e0 \u00e9couter votre message un peu plus longtemps ? Et comment le convaincre de prendre un rendez-vous (virtuel) ?<\/p>\n\n\n\n<figure class=\"wp-block-gallery columns-1 is-cropped wp-block-gallery-1 is-layout-flex wp-block-gallery-is-layout-flex\"><ul class=\"blocks-gallery-grid\"><li class=\"blocks-gallery-item\"><figure><img decoding=\"async\" src=\"https:\/\/mercuri.be\/wp-content\/uploads\/sites\/23\/2018\/12\/istock-904456558.jpg\" alt=\"\"\/><\/figure><\/li><\/ul><\/figure>\n\n\n\n<h3 class=\"wp-block-heading\">R\u00e9sultats :<\/h3>\n\n\n\n<ul class=\"wp-block-list\"><li>Vous gagnez en confiance en apprenant \u00e0 vendre dans des p\u00e9riodes plus difficiles.<\/li><li>Il est possible de faire la distinction lors d'un appel t\u00e9l\u00e9phonique.<\/li><li>Vous \u00eates capable de convaincre professionnellement le client en appliquant un argumentaire de vente orient\u00e9 vers un but pr\u00e9cis.<\/li><li>Vous \u00eates en mesure de transformer des interlocuteurs r\u00e9calcitrants en prospects int\u00e9ress\u00e9s.<\/li><\/ul>\n\n\n\n<h3 class=\"wp-block-heading\">Th\u00e8mes abord\u00e9s :<\/h3>\n\n\n\n<ul class=\"wp-block-list\"><li>Pr\u00e9paration d'une visite de vente<\/li><li>La structure d'un argumentaire de vente<\/li><li>Techniques de questionnement<\/li><li>Argumentation orient\u00e9e vers le client<\/li><li>Inverser les objections<\/li><li>La conclusion de l'appel de vente<\/li><\/ul>\n\n\n\n<h3 class=\"wp-block-heading\">Apprentissage mixte<\/h3>\n\n\n\n<p>Les programmes mixtes garantissent que l'effet d'apprentissage de la formation est renforc\u00e9. En utilisant diff\u00e9rents formats d'apprentissage (formation num\u00e9rique et formation en classe), la formation a un impact plus important.<\/p>\n\n\n\n<h2 class=\"wp-block-heading\"><strong>Les possibilit\u00e9s<\/strong> <\/h2>\n\n\n\n<h3 class=\"wp-block-heading\">Parcours d'apprentissage de la formation ouverte personnelle <\/h3>\n\n\n\n<p>Le parcours d'apprentissage Personal Open Training est une combinaison de formation personnelle et d'apprentissage num\u00e9rique. Vous pouvez apprendre quand et o\u00f9 cela vous convient, avec un t\u00e9l\u00e9phone portable, un ordinateur portable et avec l'attention personnelle de nos formateurs commerciaux. Nous utilisons des modules d'apprentissage micro et macro cibl\u00e9s,&nbsp;<br>une mesure des connaissances en ligne, des conseils d'action et des ateliers en face \u00e0 face avec un formateur en vente. Vous convenez donc des dates, des heures et du lieu avec votre formateur personnel.<\/p>\n\n\n\n<h4 class=\"wp-block-heading\">Comment cela fonctionne-t-il ?<\/h4>\n\n\n\n<div class=\"wp-block-image\"><figure class=\"alignright is-resized\"><img loading=\"lazy\" decoding=\"async\" src=\"https:\/\/mercuri.nl\/wp-content\/uploads\/sites\/15\/2019\/04\/digital_mercuri5.jpg\" alt=\"\" class=\"wp-image-1769\" width=\"266\" height=\"267\"\/><\/figure><\/div>\n\n\n\n<ol class=\"wp-block-list\"><li>R\u00e9union Skype entre le participant et le formateur Mercuri <ul><li>Aligner les objectifs d'apprentissage<\/li><li>D\u00e9terminer le parcours d'apprentissage modules en ligne et moments de contact en face \u00e0 face<\/li><\/ul><\/li><li>Apprentissage micro et macro en ligne<\/li><li>Coaching en face \u00e0 face 2 heures + Plan d'action individuel<\/li><li>Apprentissage micro et macro en ligne<\/li><li>Coaching en face \u00e0 face 2 heures + Plan d'action individuel<\/li><li>Apprentissage micro et macro en ligne<\/li><li>D\u00e9briefing et \u00e9valuation par Skype<\/li><\/ol>\n\n\n\n<p>Investissement 1790 \u20ac par personne hors TVA<\/p>\n\n\n\n<div class=\"wp-block-button\"><a class=\"wp-block-button__link\" href=\"https:\/\/mercuri.be\/fr\/contact\/\">Je souhaite m'inscrire \u00e0 cette formation individuelle<\/a><\/div>\n\n\n\n<p><\/p>\n\n\n\n<h3 class=\"wp-block-heading\">Une entreprise sur mesure pour votre organisation<\/h3>\n\n\n\n<div class=\"wp-block-image\"><figure class=\"alignright\"><img decoding=\"async\" src=\"https:\/\/mercuri.nl\/wp-content\/uploads\/sites\/15\/2019\/04\/sales-300x200.jpg\" alt=\"\" class=\"wp-image-1809\"\/><\/figure><\/div>\n\n\n\n<p>Nous pouvons \u00e9galement dispenser cette formation en entreprise et les options sont nombreuses. Nous serions heureux d'avoir un contact personnel pour explorer les possibilit\u00e9s avec vous. <a href=\"https:\/\/mercuri.be\/fr\/exemples-de-reussites\/\">Voici quelques clients qui vous ont pr\u00e9c\u00e9d\u00e9.<\/a><\/p>\n\n\n\n<div class=\"wp-block-button\"><a class=\"wp-block-button__link\" href=\"https:\/\/mercuri.be\/fr\/contact\/\">Je souhaite \u00eatre contact\u00e9(e) pour un cours en entreprise<\/a><\/div>\n\n\n\n<h3 class=\"wp-block-heading\">Notre approche<\/h3>\n\n\n\n<p>Sur la base d'une m\u00e9thode qui a fait ses preuves <a href=\"https:\/\/mercuri.be\/fr\/le-modele-mercuri-en-5-etapes\/\">M\u00e9thode en 5 \u00e9tapes<\/a> nous nous concentrons sur l'impact et les r\u00e9sultats. Ce faisant, nous croyons en une approche adapt\u00e9e \u00e0 votre organisation, \u00e0 vos employ\u00e9s et \u00e0 votre environnement de march\u00e9. Notre objectif est de mettre en \u0153uvre ensemble votre strat\u00e9gie de vente et d'obtenir des r\u00e9sultats mesurables.&nbsp;<\/p>\n\n\n\n<p class=\"has-text-align-center\"><a href=\"mailto:%20info@mercuri.be\">Courriel : info@mercuri.be<\/a><\/p>\n\n\n\n<p class=\"has-text-align-center\"><a href=\"tel:+32%20(0)2 245 02 40\">Tel : +32 (0)2 245 02 40<\/a><\/p>\n\n\n\n<div class=\"wp-block-button aligncenter\"><a class=\"wp-block-button__link\" href=\"https:\/\/mercuri.be\/fr\/contact\/\">Aidez-moi<\/a><\/div>\n\n\n\n<figure class=\"wp-block-gallery columns-1 is-cropped wp-block-gallery-2 is-layout-flex wp-block-gallery-is-layout-flex\"><ul class=\"blocks-gallery-grid\"><li class=\"blocks-gallery-item\"><figure><img decoding=\"async\" src=\"https:\/\/mercuri.be\/wp-content\/uploads\/sites\/23\/2018\/12\/istock-684803840-10.jpg\" alt=\"\"\/><\/figure><\/li><\/ul><\/figure>","protected":false},"excerpt":{"rendered":"<p>Aan het begin van het sales proces staat het maken van contact met je prospects, oftewel koude acquisitie. We zien<\/p>","protected":false},"author":10,"featured_media":0,"parent":0,"menu_order":0,"comment_status":"closed","ping_status":"closed","template":"","meta":{"_acf_changed":false,"_eb_attr":"","form_id":"","editor_notices":[],"footnotes":""},"class_list":["post-691","page","type-page","status-publish","hentry"],"acf":[],"yoast_head":"<!-- This site is optimized with the Yoast SEO plugin v26.6 - https:\/\/yoast.com\/wordpress\/plugins\/seo\/ -->\n<title>Afspraken maken - Mercuri International - Marktleider in sales ontwikkeling<\/title>\n<meta name=\"description\" content=\"Hoe kun je in de eerste seconden iemand triggeren om wat langer te luisteren naar je boodschap en te overtuigen om een afspraak te maken? Lees hier meer.\" \/>\n<meta name=\"robots\" content=\"index, follow, max-snippet:-1, max-image-preview:large, max-video-preview:-1\" \/>\n<link rel=\"canonical\" href=\"https:\/\/mercuri.be\/fr\/reussir-a-prendre-des-rendez-vous-par-telephone\/\" \/>\n<meta property=\"og:locale\" content=\"fr_FR\" \/>\n<meta property=\"og:type\" content=\"article\" \/>\n<meta property=\"og:title\" content=\"Afspraken maken - Mercuri International - Marktleider in sales ontwikkeling\" \/>\n<meta property=\"og:description\" content=\"Hoe kun je in de eerste seconden iemand triggeren om wat langer te luisteren naar je boodschap en te overtuigen om een afspraak te maken? Lees hier meer.\" \/>\n<meta property=\"og:url\" content=\"https:\/\/mercuri.be\/fr\/reussir-a-prendre-des-rendez-vous-par-telephone\/\" \/>\n<meta property=\"og:site_name\" content=\"Mercuri Belgium\" \/>\n<meta property=\"article:modified_time\" content=\"2021-09-24T12:17:27+00:00\" \/>\n<meta property=\"og:image\" content=\"https:\/\/mercuri.be\/wp-content\/uploads\/sites\/23\/2018\/12\/istock-904456558.jpg\" \/>\n<meta name=\"twitter:card\" content=\"summary_large_image\" \/>\n<meta name=\"twitter:label1\" content=\"Est. reading time\" \/>\n\t<meta name=\"twitter:data1\" content=\"3 minutes\" \/>\n<script type=\"application\/ld+json\" class=\"yoast-schema-graph\">{\"@context\":\"https:\/\/schema.org\",\"@graph\":[{\"@type\":\"WebPage\",\"@id\":\"https:\/\/mercuri.be\/succesvol-telefonisch-afspraken-maken\/\",\"url\":\"https:\/\/mercuri.be\/succesvol-telefonisch-afspraken-maken\/\",\"name\":\"Afspraken maken - Mercuri International - Marktleider in sales ontwikkeling\",\"isPartOf\":{\"@id\":\"https:\/\/mercuri.be\/#website\"},\"primaryImageOfPage\":{\"@id\":\"https:\/\/mercuri.be\/succesvol-telefonisch-afspraken-maken\/#primaryimage\"},\"image\":{\"@id\":\"https:\/\/mercuri.be\/succesvol-telefonisch-afspraken-maken\/#primaryimage\"},\"thumbnailUrl\":\"https:\/\/mercuri.be\/wp-content\/uploads\/sites\/23\/2018\/12\/istock-904456558.jpg\",\"datePublished\":\"2018-11-29T07:17:28+00:00\",\"dateModified\":\"2021-09-24T12:17:27+00:00\",\"description\":\"Hoe kun je in de eerste seconden iemand triggeren om wat langer te luisteren naar je boodschap en te overtuigen om een afspraak te maken? Lees hier meer.\",\"breadcrumb\":{\"@id\":\"https:\/\/mercuri.be\/succesvol-telefonisch-afspraken-maken\/#breadcrumb\"},\"inLanguage\":\"fr-BE\",\"potentialAction\":[{\"@type\":\"ReadAction\",\"target\":[\"https:\/\/mercuri.be\/succesvol-telefonisch-afspraken-maken\/\"]}]},{\"@type\":\"ImageObject\",\"inLanguage\":\"fr-BE\",\"@id\":\"https:\/\/mercuri.be\/succesvol-telefonisch-afspraken-maken\/#primaryimage\",\"url\":\"https:\/\/mercuri.be\/wp-content\/uploads\/sites\/23\/2018\/12\/istock-904456558.jpg\",\"contentUrl\":\"https:\/\/mercuri.be\/wp-content\/uploads\/sites\/23\/2018\/12\/istock-904456558.jpg\"},{\"@type\":\"BreadcrumbList\",\"@id\":\"https:\/\/mercuri.be\/succesvol-telefonisch-afspraken-maken\/#breadcrumb\",\"itemListElement\":[{\"@type\":\"ListItem\",\"position\":1,\"name\":\"Home\",\"item\":\"https:\/\/mercuri.be\/\"},{\"@type\":\"ListItem\",\"position\":2,\"name\":\"Succesvol Telefonisch Afspraken Maken\"}]},{\"@type\":\"WebSite\",\"@id\":\"https:\/\/mercuri.be\/#website\",\"url\":\"https:\/\/mercuri.be\/\",\"name\":\"Mercuri Belgium\",\"description\":\"Mercuri International Belgium site\",\"potentialAction\":[{\"@type\":\"SearchAction\",\"target\":{\"@type\":\"EntryPoint\",\"urlTemplate\":\"https:\/\/mercuri.be\/?s={search_term_string}\"},\"query-input\":{\"@type\":\"PropertyValueSpecification\",\"valueRequired\":true,\"valueName\":\"search_term_string\"}}],\"inLanguage\":\"fr-BE\"}]}<\/script>\n<!-- \/ Yoast SEO plugin. -->","yoast_head_json":{"title":"Afspraken maken - Mercuri International - Marktleider in sales ontwikkeling","description":"Hoe kun je in de eerste seconden iemand triggeren om wat langer te luisteren naar je boodschap en te overtuigen om een afspraak te maken? Lees hier meer.","robots":{"index":"index","follow":"follow","max-snippet":"max-snippet:-1","max-image-preview":"max-image-preview:large","max-video-preview":"max-video-preview:-1"},"canonical":"https:\/\/mercuri.be\/fr\/reussir-a-prendre-des-rendez-vous-par-telephone\/","og_locale":"fr_FR","og_type":"article","og_title":"Afspraken maken - Mercuri International - Marktleider in sales ontwikkeling","og_description":"Hoe kun je in de eerste seconden iemand triggeren om wat langer te luisteren naar je boodschap en te overtuigen om een afspraak te maken? Lees hier meer.","og_url":"https:\/\/mercuri.be\/fr\/reussir-a-prendre-des-rendez-vous-par-telephone\/","og_site_name":"Mercuri Belgium","article_modified_time":"2021-09-24T12:17:27+00:00","og_image":[{"url":"https:\/\/mercuri.be\/wp-content\/uploads\/sites\/23\/2018\/12\/istock-904456558.jpg","type":"","width":"","height":""}],"twitter_card":"summary_large_image","twitter_misc":{"Est. reading time":"3 minutes"},"schema":{"@context":"https:\/\/schema.org","@graph":[{"@type":"WebPage","@id":"https:\/\/mercuri.be\/succesvol-telefonisch-afspraken-maken\/","url":"https:\/\/mercuri.be\/succesvol-telefonisch-afspraken-maken\/","name":"Afspraken maken - Mercuri International - Marktleider in sales ontwikkeling","isPartOf":{"@id":"https:\/\/mercuri.be\/#website"},"primaryImageOfPage":{"@id":"https:\/\/mercuri.be\/succesvol-telefonisch-afspraken-maken\/#primaryimage"},"image":{"@id":"https:\/\/mercuri.be\/succesvol-telefonisch-afspraken-maken\/#primaryimage"},"thumbnailUrl":"https:\/\/mercuri.be\/wp-content\/uploads\/sites\/23\/2018\/12\/istock-904456558.jpg","datePublished":"2018-11-29T07:17:28+00:00","dateModified":"2021-09-24T12:17:27+00:00","description":"Hoe kun je in de eerste seconden iemand triggeren om wat langer te luisteren naar je boodschap en te overtuigen om een afspraak te maken? Lees hier meer.","breadcrumb":{"@id":"https:\/\/mercuri.be\/succesvol-telefonisch-afspraken-maken\/#breadcrumb"},"inLanguage":"fr-BE","potentialAction":[{"@type":"ReadAction","target":["https:\/\/mercuri.be\/succesvol-telefonisch-afspraken-maken\/"]}]},{"@type":"ImageObject","inLanguage":"fr-BE","@id":"https:\/\/mercuri.be\/succesvol-telefonisch-afspraken-maken\/#primaryimage","url":"https:\/\/mercuri.be\/wp-content\/uploads\/sites\/23\/2018\/12\/istock-904456558.jpg","contentUrl":"https:\/\/mercuri.be\/wp-content\/uploads\/sites\/23\/2018\/12\/istock-904456558.jpg"},{"@type":"BreadcrumbList","@id":"https:\/\/mercuri.be\/succesvol-telefonisch-afspraken-maken\/#breadcrumb","itemListElement":[{"@type":"ListItem","position":1,"name":"Home","item":"https:\/\/mercuri.be\/"},{"@type":"ListItem","position":2,"name":"Succesvol Telefonisch Afspraken Maken"}]},{"@type":"WebSite","@id":"https:\/\/mercuri.be\/#website","url":"https:\/\/mercuri.be\/","name":"Mercuri Belgique","description":"Site de Mercuri International Belgium","potentialAction":[{"@type":"SearchAction","target":{"@type":"EntryPoint","urlTemplate":"https:\/\/mercuri.be\/?s={search_term_string}"},"query-input":{"@type":"PropertyValueSpecification","valueRequired":true,"valueName":"search_term_string"}}],"inLanguage":"fr-BE"}]}},"_links":{"self":[{"href":"https:\/\/mercuri.be\/fr\/wp-json\/wp\/v2\/pages\/691","targetHints":{"allow":["GET"]}}],"collection":[{"href":"https:\/\/mercuri.be\/fr\/wp-json\/wp\/v2\/pages"}],"about":[{"href":"https:\/\/mercuri.be\/fr\/wp-json\/wp\/v2\/types\/page"}],"author":[{"embeddable":true,"href":"https:\/\/mercuri.be\/fr\/wp-json\/wp\/v2\/users\/10"}],"replies":[{"embeddable":true,"href":"https:\/\/mercuri.be\/fr\/wp-json\/wp\/v2\/comments?post=691"}],"version-history":[{"count":15,"href":"https:\/\/mercuri.be\/fr\/wp-json\/wp\/v2\/pages\/691\/revisions"}],"predecessor-version":[{"id":3103,"href":"https:\/\/mercuri.be\/fr\/wp-json\/wp\/v2\/pages\/691\/revisions\/3103"}],"wp:attachment":[{"href":"https:\/\/mercuri.be\/fr\/wp-json\/wp\/v2\/media?parent=691"}],"curies":[{"name":"wp","href":"https:\/\/api.w.org\/{rel}","templated":true}]}}