{"id":666,"date":"2018-11-28T14:59:41","date_gmt":"2018-11-28T14:59:41","guid":{"rendered":"https:\/\/mercuri.be\/?page_id=666"},"modified":"2018-12-20T10:10:04","modified_gmt":"2018-12-20T10:10:04","slug":"generation-de-leads-approche-pull-via-linkedin","status":"publish","type":"page","link":"https:\/\/mercuri.be\/fr\/generation-de-leads-approche-pull-via-linkedin\/","title":{"rendered":"Social selling - G\u00e9n\u00e9ration de leads LinkedIn"},"content":{"rendered":"<p><\/p>\n\n\n\n<p>Le monde a consid\u00e9rablement chang\u00e9 au cours de la derni\u00e8re d\u00e9cennie. Cela affecte la fa\u00e7on dont les organisations commerciales doivent travailler avec leurs clients et la fa\u00e7on dont elles \u201cvendent\u201d. Cette \u00e9volution a remis en question l'efficacit\u00e9 des m\u00e9thodes traditionnelles. Comme le d\u00e9marchage t\u00e9l\u00e9phonique, par exemple. Dans le m\u00eame temps, il a \u00e9galement ouvert la voie \u00e0 des possibilit\u00e9s d'optimisation de la productivit\u00e9 des ventes.<\/p>\n\n\n\n<p>L'outil LinkedIn.com et LinkedIn Sales Navigator est l'une des possibilit\u00e9s offertes aux vendeurs pour leur faciliter la t\u00e2che.<\/p>\n\n\n\n<ul class=\"wp-block-gallery alignright columns-1 is-cropped wp-block-gallery-1 is-layout-flex wp-block-gallery-is-layout-flex\"><li class=\"blocks-gallery-item\"><figure><img loading=\"lazy\" decoding=\"async\" width=\"504\" height=\"480\" src=\"https:\/\/mercuri.be\/wp-content\/uploads\/sites\/23\/2018\/12\/lss_approved_partner_logo-2_jpg.jpg\" alt=\"\" class=\"wp-image-861\" srcset=\"https:\/\/mercuri.be\/wp-content\/uploads\/sites\/23\/2018\/12\/lss_approved_partner_logo-2_jpg.jpg 504w, https:\/\/mercuri.be\/wp-content\/uploads\/sites\/23\/2018\/12\/lss_approved_partner_logo-2_jpg-300x286.jpg 300w\" sizes=\"(max-width: 504px) 100vw, 504px\" \/><\/figure><\/li><\/ul>\n\n\n\n<p>Mercuri International a conclu un partenariat strat\u00e9gique avec LinkedIn en 2015. Cela signifie que nos formateurs sont accr\u00e9dit\u00e9s et ont suivi le programme InStruct de LinkedIn pour dispenser la formation Sales Navigator au nom de LinkedIn. Bien entendu, nous proposons \u00e9galement des formations pour l'outil de base LinkedIn.com.<\/p>\n\n\n\n<h3 class=\"wp-block-heading\">Programme :<\/h3>\n\n\n\n<ul class=\"wp-block-list\"><li>Introduction : tendances des ventes<\/li><li>Qu'est-ce que la vente sociale : ce qu'il faut faire et ce qu'il ne faut pas faire<\/li><li>SSI (Social Selling Index)<\/li><li>Construire un profil solide<\/li><li>Contacts avec les clients et les prospects (construction d'un r\u00e9seau)<ul><li>Pourquoi ?<\/li><li>Qui ?<\/li><li>Comment ?<\/li><\/ul><\/li><li>Cr\u00e9er des recherches, sauvegarder des recherches dans le compte r\u00e9gulier LinkedIn<\/li><li>Communication avec les clients et les prospects<\/li><li>Partage<\/li><li>\u00c9dition<\/li><li>R\u00e9capitulation et pr\u00e9paration : Journ\u00e9e d'entra\u00eenement \u00e0 la pouss\u00e9e.<\/li><li>Affectation et plan d'action individuel SSI<\/li><\/ul>\n\n\n\n<h3 class=\"wp-block-heading\">Notre approche<\/h3>\n\n\n\n<p>Sur la base d'une m\u00e9thode qui a fait ses preuves <a href=\"https:\/\/mercuri.be\/fr\/le-modele-mercuri-en-5-etapes\/\">M\u00e9thode en 5 \u00e9tapes<\/a> nous nous concentrons sur l'impact et les r\u00e9sultats. Ce faisant, nous croyons en une approche adapt\u00e9e \u00e0 votre organisation, \u00e0 vos employ\u00e9s et \u00e0 votre environnement de march\u00e9. Notre objectif est de mettre en \u0153uvre ensemble votre strat\u00e9gie de vente et d'obtenir des r\u00e9sultats mesurables.\u00a0<\/p>\n\n\n\n<p style=\"text-align:center\"><a href=\"mailto:%20mercuri@mercuri.nl\">Courriel : info@mercuri.be<\/a><\/p>\n\n\n\n<p style=\"text-align:center\"><a href=\"tel:+32%20(0)2 245 02 40\">Tel : +32 (0)2 245 02 40<\/a><a href=\"tel:%20+31 88 63728 74\"><\/a><\/p>\n\n\n\n<div class=\"wp-block-button aligncenter\"><a class=\"wp-block-button__link\" href=\"https:\/\/mercuri.be\/fr\/contact\/\">Aidez-moi<\/a><\/div>\n\n\n\n<ul class=\"wp-block-gallery alignfull columns-1 is-cropped wp-block-gallery-2 is-layout-flex wp-block-gallery-is-layout-flex\"><li class=\"blocks-gallery-item\"><figure><img loading=\"lazy\" decoding=\"async\" width=\"1140\" height=\"350\" src=\"https:\/\/mercuri.be\/wp-content\/uploads\/sites\/23\/2018\/12\/mercuri_social_selling.gif\" alt=\"\" class=\"wp-image-860\" \/><\/figure><\/li><\/ul>","protected":false},"excerpt":{"rendered":"<p>De wereld is wezenlijk veranderd in het afgelopen decennium. Dit heeft effect op hoe commerci\u00eble organisaties met hun klanten moeten<\/p>","protected":false},"author":10,"featured_media":0,"parent":0,"menu_order":0,"comment_status":"closed","ping_status":"closed","template":"","meta":{"_acf_changed":false,"_eb_attr":"","form_id":"","editor_notices":[],"footnotes":""},"class_list":["post-666","page","type-page","status-publish","hentry"],"acf":[],"yoast_head":"<!-- This site is optimized with the Yoast SEO plugin v26.6 - https:\/\/yoast.com\/wordpress\/plugins\/seo\/ -->\n<title>Social selling - Lead generation LinkedIn - Mercuri Belgium<\/title>\n<meta name=\"robots\" content=\"index, follow, max-snippet:-1, max-image-preview:large, max-video-preview:-1\" \/>\n<link rel=\"canonical\" href=\"https:\/\/mercuri.be\/fr\/generation-de-leads-approche-pull-via-linkedin\/\" \/>\n<meta property=\"og:locale\" content=\"fr_FR\" \/>\n<meta property=\"og:type\" content=\"article\" \/>\n<meta property=\"og:title\" content=\"Social selling - Lead generation LinkedIn - Mercuri Belgium\" \/>\n<meta property=\"og:description\" content=\"De wereld is wezenlijk veranderd in het afgelopen decennium. Dit heeft effect op hoe commerci\u00eble organisaties met hun klanten moeten\" \/>\n<meta property=\"og:url\" content=\"https:\/\/mercuri.be\/fr\/generation-de-leads-approche-pull-via-linkedin\/\" \/>\n<meta property=\"og:site_name\" content=\"Mercuri Belgium\" \/>\n<meta property=\"article:modified_time\" content=\"2018-12-20T10:10:04+00:00\" \/>\n<meta property=\"og:image\" content=\"https:\/\/mercuri.be\/wp-content\/uploads\/sites\/23\/2018\/12\/lss_approved_partner_logo-2_jpg.jpg\" \/>\n<meta name=\"twitter:card\" content=\"summary_large_image\" \/>\n<meta name=\"twitter:label1\" content=\"Est. reading time\" \/>\n\t<meta name=\"twitter:data1\" content=\"1 minute\" \/>\n<script type=\"application\/ld+json\" class=\"yoast-schema-graph\">{\"@context\":\"https:\/\/schema.org\",\"@graph\":[{\"@type\":\"WebPage\",\"@id\":\"https:\/\/mercuri.be\/lead-generation-pull-approach-via-linkedin\/\",\"url\":\"https:\/\/mercuri.be\/lead-generation-pull-approach-via-linkedin\/\",\"name\":\"Social selling - Lead generation LinkedIn - Mercuri Belgium\",\"isPartOf\":{\"@id\":\"https:\/\/mercuri.be\/#website\"},\"primaryImageOfPage\":{\"@id\":\"https:\/\/mercuri.be\/lead-generation-pull-approach-via-linkedin\/#primaryimage\"},\"image\":{\"@id\":\"https:\/\/mercuri.be\/lead-generation-pull-approach-via-linkedin\/#primaryimage\"},\"thumbnailUrl\":\"https:\/\/mercuri.be\/wp-content\/uploads\/sites\/23\/2018\/12\/lss_approved_partner_logo-2_jpg.jpg\",\"datePublished\":\"2018-11-28T14:59:41+00:00\",\"dateModified\":\"2018-12-20T10:10:04+00:00\",\"breadcrumb\":{\"@id\":\"https:\/\/mercuri.be\/lead-generation-pull-approach-via-linkedin\/#breadcrumb\"},\"inLanguage\":\"fr-BE\",\"potentialAction\":[{\"@type\":\"ReadAction\",\"target\":[\"https:\/\/mercuri.be\/lead-generation-pull-approach-via-linkedin\/\"]}]},{\"@type\":\"ImageObject\",\"inLanguage\":\"fr-BE\",\"@id\":\"https:\/\/mercuri.be\/lead-generation-pull-approach-via-linkedin\/#primaryimage\",\"url\":\"https:\/\/mercuri.be\/wp-content\/uploads\/sites\/23\/2018\/12\/lss_approved_partner_logo-2_jpg.jpg\",\"contentUrl\":\"https:\/\/mercuri.be\/wp-content\/uploads\/sites\/23\/2018\/12\/lss_approved_partner_logo-2_jpg.jpg\"},{\"@type\":\"BreadcrumbList\",\"@id\":\"https:\/\/mercuri.be\/lead-generation-pull-approach-via-linkedin\/#breadcrumb\",\"itemListElement\":[{\"@type\":\"ListItem\",\"position\":1,\"name\":\"Home\",\"item\":\"https:\/\/mercuri.be\/\"},{\"@type\":\"ListItem\",\"position\":2,\"name\":\"Social selling &#8211; Lead generation LinkedIn\"}]},{\"@type\":\"WebSite\",\"@id\":\"https:\/\/mercuri.be\/#website\",\"url\":\"https:\/\/mercuri.be\/\",\"name\":\"Mercuri Belgium\",\"description\":\"Mercuri International Belgium site\",\"potentialAction\":[{\"@type\":\"SearchAction\",\"target\":{\"@type\":\"EntryPoint\",\"urlTemplate\":\"https:\/\/mercuri.be\/?s={search_term_string}\"},\"query-input\":{\"@type\":\"PropertyValueSpecification\",\"valueRequired\":true,\"valueName\":\"search_term_string\"}}],\"inLanguage\":\"fr-BE\"}]}<\/script>\n<!-- \/ Yoast SEO plugin. -->","yoast_head_json":{"title":"Social selling - Lead generation LinkedIn - Mercuri Belgium","robots":{"index":"index","follow":"follow","max-snippet":"max-snippet:-1","max-image-preview":"max-image-preview:large","max-video-preview":"max-video-preview:-1"},"canonical":"https:\/\/mercuri.be\/fr\/generation-de-leads-approche-pull-via-linkedin\/","og_locale":"fr_FR","og_type":"article","og_title":"Social selling - Lead generation LinkedIn - Mercuri Belgium","og_description":"De wereld is wezenlijk veranderd in het afgelopen decennium. Dit heeft effect op hoe commerci\u00eble organisaties met hun klanten moeten","og_url":"https:\/\/mercuri.be\/fr\/generation-de-leads-approche-pull-via-linkedin\/","og_site_name":"Mercuri Belgium","article_modified_time":"2018-12-20T10:10:04+00:00","og_image":[{"url":"https:\/\/mercuri.be\/wp-content\/uploads\/sites\/23\/2018\/12\/lss_approved_partner_logo-2_jpg.jpg","type":"","width":"","height":""}],"twitter_card":"summary_large_image","twitter_misc":{"Est. reading time":"1 minute"},"schema":{"@context":"https:\/\/schema.org","@graph":[{"@type":"WebPage","@id":"https:\/\/mercuri.be\/lead-generation-pull-approach-via-linkedin\/","url":"https:\/\/mercuri.be\/lead-generation-pull-approach-via-linkedin\/","name":"Social selling - Lead generation LinkedIn - Mercuri Belgium","isPartOf":{"@id":"https:\/\/mercuri.be\/#website"},"primaryImageOfPage":{"@id":"https:\/\/mercuri.be\/lead-generation-pull-approach-via-linkedin\/#primaryimage"},"image":{"@id":"https:\/\/mercuri.be\/lead-generation-pull-approach-via-linkedin\/#primaryimage"},"thumbnailUrl":"https:\/\/mercuri.be\/wp-content\/uploads\/sites\/23\/2018\/12\/lss_approved_partner_logo-2_jpg.jpg","datePublished":"2018-11-28T14:59:41+00:00","dateModified":"2018-12-20T10:10:04+00:00","breadcrumb":{"@id":"https:\/\/mercuri.be\/lead-generation-pull-approach-via-linkedin\/#breadcrumb"},"inLanguage":"fr-BE","potentialAction":[{"@type":"ReadAction","target":["https:\/\/mercuri.be\/lead-generation-pull-approach-via-linkedin\/"]}]},{"@type":"ImageObject","inLanguage":"fr-BE","@id":"https:\/\/mercuri.be\/lead-generation-pull-approach-via-linkedin\/#primaryimage","url":"https:\/\/mercuri.be\/wp-content\/uploads\/sites\/23\/2018\/12\/lss_approved_partner_logo-2_jpg.jpg","contentUrl":"https:\/\/mercuri.be\/wp-content\/uploads\/sites\/23\/2018\/12\/lss_approved_partner_logo-2_jpg.jpg"},{"@type":"BreadcrumbList","@id":"https:\/\/mercuri.be\/lead-generation-pull-approach-via-linkedin\/#breadcrumb","itemListElement":[{"@type":"ListItem","position":1,"name":"Home","item":"https:\/\/mercuri.be\/"},{"@type":"ListItem","position":2,"name":"Social selling &#8211; Lead generation LinkedIn"}]},{"@type":"WebSite","@id":"https:\/\/mercuri.be\/#website","url":"https:\/\/mercuri.be\/","name":"Mercuri Belgique","description":"Site de Mercuri International Belgium","potentialAction":[{"@type":"SearchAction","target":{"@type":"EntryPoint","urlTemplate":"https:\/\/mercuri.be\/?s={search_term_string}"},"query-input":{"@type":"PropertyValueSpecification","valueRequired":true,"valueName":"search_term_string"}}],"inLanguage":"fr-BE"}]}},"_links":{"self":[{"href":"https:\/\/mercuri.be\/fr\/wp-json\/wp\/v2\/pages\/666","targetHints":{"allow":["GET"]}}],"collection":[{"href":"https:\/\/mercuri.be\/fr\/wp-json\/wp\/v2\/pages"}],"about":[{"href":"https:\/\/mercuri.be\/fr\/wp-json\/wp\/v2\/types\/page"}],"author":[{"embeddable":true,"href":"https:\/\/mercuri.be\/fr\/wp-json\/wp\/v2\/users\/10"}],"replies":[{"embeddable":true,"href":"https:\/\/mercuri.be\/fr\/wp-json\/wp\/v2\/comments?post=666"}],"version-history":[{"count":14,"href":"https:\/\/mercuri.be\/fr\/wp-json\/wp\/v2\/pages\/666\/revisions"}],"predecessor-version":[{"id":1674,"href":"https:\/\/mercuri.be\/fr\/wp-json\/wp\/v2\/pages\/666\/revisions\/1674"}],"wp:attachment":[{"href":"https:\/\/mercuri.be\/fr\/wp-json\/wp\/v2\/media?parent=666"}],"curies":[{"name":"wp","href":"https:\/\/api.w.org\/{rel}","templated":true}]}}