{"id":620,"date":"2018-11-26T14:14:36","date_gmt":"2018-11-26T14:14:36","guid":{"rendered":"https:\/\/mercuri.be\/?page_id=620"},"modified":"2019-01-30T13:07:20","modified_gmt":"2019-01-30T13:07:20","slug":"le-modele-mercuri-en-5-etapes","status":"publish","type":"page","link":"https:\/\/mercuri.be\/fr\/le-modele-mercuri-en-5-etapes\/","title":{"rendered":"Le mod\u00e8le Mercuri en 5 \u00e9tapes"},"content":{"rendered":"<h3 class=\"wp-block-heading\">Impact sur vos r\u00e9sultats<\/h3>\n\n\n\n<h4 class=\"wp-block-heading\">Pour un impact durable sur les r\u00e9sultats de votre entreprise, nous utilisons notre mod\u00e8le en 5 \u00e9tapes pour structurer nos projets :<\/h4>\n\n\n\n<ol class=\"wp-block-list\"><li>Analyse pour d\u00e9terminer ce qui fonctionne bien et ce qui doit \u00eatre am\u00e9lior\u00e9 en priorit\u00e9<\/li><li>Conseil pour concevoir la bonne solution et d\u00e9finir des objectifs communs<\/li><li>Formation pour am\u00e9liorer les capacit\u00e9s, les comp\u00e9tences et les aptitudes<\/li><li>Mise en \u0153uvre pour changer les habitudes de vente<\/li><li>Consolidation pour garantir les r\u00e9sultats escompt\u00e9s<\/li><\/ol>\n\n\n\n<figure class=\"wp-block-image alignwide\"><img loading=\"lazy\" decoding=\"async\" width=\"3978\" height=\"928\" src=\"https:\/\/mercuri.be\/wp-content\/uploads\/sites\/23\/2018\/11\/mer-5-step_1.png\" alt=\"\" class=\"wp-image-623\" srcset=\"https:\/\/mercuri.be\/wp-content\/uploads\/sites\/23\/2018\/11\/mer-5-step_1.png 3978w, https:\/\/mercuri.be\/wp-content\/uploads\/sites\/23\/2018\/11\/mer-5-step_1-300x70.png 300w, https:\/\/mercuri.be\/wp-content\/uploads\/sites\/23\/2018\/11\/mer-5-step_1-768x179.png 768w, https:\/\/mercuri.be\/wp-content\/uploads\/sites\/23\/2018\/11\/mer-5-step_1-1024x239.png 1024w, https:\/\/mercuri.be\/wp-content\/uploads\/sites\/23\/2018\/11\/mer-5-step_1-600x140.png 600w\" sizes=\"(max-width: 3978px) 100vw, 3978px\" \/><\/figure>\n\n\n\n<p style=\"text-align:center\"><a href=\"mailto:%20info@mercuri.be\">Courriel : info@mercuri.be<\/a><\/p>\n\n\n\n<p style=\"text-align:center\"><a href=\"tel:%20+32%20(0)2 245 02 40\">Tel : +32 (0)2 245 02 40<\/a><\/p>\n\n\n\n<div class=\"wp-block-button aligncenter\"><a class=\"wp-block-button__link\" href=\"https:\/\/mercuri.be\/fr\/contact\/\">Aidez-moi<\/a><\/div>","protected":false},"excerpt":{"rendered":"<p>Impact op uw bedrijfsresultaten Voor blijvende impact op uw bedrijfsresultaten gebruiken we ons 5-STEP-model om onze projecten te structureren: Analyse<\/p>","protected":false},"author":10,"featured_media":0,"parent":0,"menu_order":0,"comment_status":"closed","ping_status":"closed","template":"","meta":{"_acf_changed":false,"_eb_attr":"","form_id":"","editor_notices":[],"footnotes":""},"class_list":["post-620","page","type-page","status-publish","hentry"],"acf":[],"yoast_head":"<!-- This site is optimized with the Yoast SEO plugin v26.6 - https:\/\/yoast.com\/wordpress\/plugins\/seo\/ -->\n<title>Het Mercuri 5 step model - Mercuri Belgium<\/title>\n<meta name=\"robots\" content=\"index, follow, max-snippet:-1, max-image-preview:large, max-video-preview:-1\" \/>\n<link rel=\"canonical\" href=\"https:\/\/mercuri.be\/fr\/le-modele-mercuri-en-5-etapes\/\" \/>\n<meta property=\"og:locale\" content=\"fr_FR\" \/>\n<meta property=\"og:type\" content=\"article\" \/>\n<meta property=\"og:title\" content=\"Het Mercuri 5 step model - Mercuri Belgium\" \/>\n<meta property=\"og:description\" content=\"Impact op uw bedrijfsresultaten Voor blijvende impact op uw bedrijfsresultaten gebruiken we ons 5-STEP-model om onze projecten te structureren: Analyse\" \/>\n<meta property=\"og:url\" content=\"https:\/\/mercuri.be\/fr\/le-modele-mercuri-en-5-etapes\/\" \/>\n<meta property=\"og:site_name\" content=\"Mercuri Belgium\" \/>\n<meta property=\"article:modified_time\" content=\"2019-01-30T13:07:20+00:00\" \/>\n<meta property=\"og:image\" content=\"https:\/\/mercuri.be\/wp-content\/uploads\/sites\/23\/2018\/11\/mer-5-step_1.png\" \/>\n<meta name=\"twitter:card\" content=\"summary_large_image\" \/>\n<script type=\"application\/ld+json\" class=\"yoast-schema-graph\">{\"@context\":\"https:\/\/schema.org\",\"@graph\":[{\"@type\":\"WebPage\",\"@id\":\"https:\/\/mercuri.be\/the-mercuri-5-step-model\/\",\"url\":\"https:\/\/mercuri.be\/the-mercuri-5-step-model\/\",\"name\":\"Het Mercuri 5 step model - Mercuri Belgium\",\"isPartOf\":{\"@id\":\"https:\/\/mercuri.be\/#website\"},\"primaryImageOfPage\":{\"@id\":\"https:\/\/mercuri.be\/the-mercuri-5-step-model\/#primaryimage\"},\"image\":{\"@id\":\"https:\/\/mercuri.be\/the-mercuri-5-step-model\/#primaryimage\"},\"thumbnailUrl\":\"https:\/\/mercuri.be\/wp-content\/uploads\/sites\/23\/2018\/11\/mer-5-step_1.png\",\"datePublished\":\"2018-11-26T14:14:36+00:00\",\"dateModified\":\"2019-01-30T13:07:20+00:00\",\"breadcrumb\":{\"@id\":\"https:\/\/mercuri.be\/the-mercuri-5-step-model\/#breadcrumb\"},\"inLanguage\":\"fr-BE\",\"potentialAction\":[{\"@type\":\"ReadAction\",\"target\":[\"https:\/\/mercuri.be\/the-mercuri-5-step-model\/\"]}]},{\"@type\":\"ImageObject\",\"inLanguage\":\"fr-BE\",\"@id\":\"https:\/\/mercuri.be\/the-mercuri-5-step-model\/#primaryimage\",\"url\":\"https:\/\/mercuri.be\/wp-content\/uploads\/sites\/23\/2018\/11\/mer-5-step_1.png\",\"contentUrl\":\"https:\/\/mercuri.be\/wp-content\/uploads\/sites\/23\/2018\/11\/mer-5-step_1.png\"},{\"@type\":\"BreadcrumbList\",\"@id\":\"https:\/\/mercuri.be\/the-mercuri-5-step-model\/#breadcrumb\",\"itemListElement\":[{\"@type\":\"ListItem\",\"position\":1,\"name\":\"Home\",\"item\":\"https:\/\/mercuri.be\/\"},{\"@type\":\"ListItem\",\"position\":2,\"name\":\"Het Mercuri 5 step model\"}]},{\"@type\":\"WebSite\",\"@id\":\"https:\/\/mercuri.be\/#website\",\"url\":\"https:\/\/mercuri.be\/\",\"name\":\"Mercuri Belgium\",\"description\":\"Mercuri International Belgium site\",\"potentialAction\":[{\"@type\":\"SearchAction\",\"target\":{\"@type\":\"EntryPoint\",\"urlTemplate\":\"https:\/\/mercuri.be\/?s={search_term_string}\"},\"query-input\":{\"@type\":\"PropertyValueSpecification\",\"valueRequired\":true,\"valueName\":\"search_term_string\"}}],\"inLanguage\":\"fr-BE\"}]}<\/script>\n<!-- \/ Yoast SEO plugin. -->","yoast_head_json":{"title":"Het Mercuri 5 step model - Mercuri Belgium","robots":{"index":"index","follow":"follow","max-snippet":"max-snippet:-1","max-image-preview":"max-image-preview:large","max-video-preview":"max-video-preview:-1"},"canonical":"https:\/\/mercuri.be\/fr\/le-modele-mercuri-en-5-etapes\/","og_locale":"fr_FR","og_type":"article","og_title":"Het Mercuri 5 step model - Mercuri Belgium","og_description":"Impact op uw bedrijfsresultaten Voor blijvende impact op uw bedrijfsresultaten gebruiken we ons 5-STEP-model om onze projecten te structureren: Analyse","og_url":"https:\/\/mercuri.be\/fr\/le-modele-mercuri-en-5-etapes\/","og_site_name":"Mercuri Belgium","article_modified_time":"2019-01-30T13:07:20+00:00","og_image":[{"url":"https:\/\/mercuri.be\/wp-content\/uploads\/sites\/23\/2018\/11\/mer-5-step_1.png","type":"","width":"","height":""}],"twitter_card":"summary_large_image","schema":{"@context":"https:\/\/schema.org","@graph":[{"@type":"WebPage","@id":"https:\/\/mercuri.be\/the-mercuri-5-step-model\/","url":"https:\/\/mercuri.be\/the-mercuri-5-step-model\/","name":"Het Mercuri 5 step model - Mercuri Belgium","isPartOf":{"@id":"https:\/\/mercuri.be\/#website"},"primaryImageOfPage":{"@id":"https:\/\/mercuri.be\/the-mercuri-5-step-model\/#primaryimage"},"image":{"@id":"https:\/\/mercuri.be\/the-mercuri-5-step-model\/#primaryimage"},"thumbnailUrl":"https:\/\/mercuri.be\/wp-content\/uploads\/sites\/23\/2018\/11\/mer-5-step_1.png","datePublished":"2018-11-26T14:14:36+00:00","dateModified":"2019-01-30T13:07:20+00:00","breadcrumb":{"@id":"https:\/\/mercuri.be\/the-mercuri-5-step-model\/#breadcrumb"},"inLanguage":"fr-BE","potentialAction":[{"@type":"ReadAction","target":["https:\/\/mercuri.be\/the-mercuri-5-step-model\/"]}]},{"@type":"ImageObject","inLanguage":"fr-BE","@id":"https:\/\/mercuri.be\/the-mercuri-5-step-model\/#primaryimage","url":"https:\/\/mercuri.be\/wp-content\/uploads\/sites\/23\/2018\/11\/mer-5-step_1.png","contentUrl":"https:\/\/mercuri.be\/wp-content\/uploads\/sites\/23\/2018\/11\/mer-5-step_1.png"},{"@type":"BreadcrumbList","@id":"https:\/\/mercuri.be\/the-mercuri-5-step-model\/#breadcrumb","itemListElement":[{"@type":"ListItem","position":1,"name":"Home","item":"https:\/\/mercuri.be\/"},{"@type":"ListItem","position":2,"name":"Het Mercuri 5 step model"}]},{"@type":"WebSite","@id":"https:\/\/mercuri.be\/#website","url":"https:\/\/mercuri.be\/","name":"Mercuri Belgique","description":"Site de Mercuri International Belgium","potentialAction":[{"@type":"SearchAction","target":{"@type":"EntryPoint","urlTemplate":"https:\/\/mercuri.be\/?s={search_term_string}"},"query-input":{"@type":"PropertyValueSpecification","valueRequired":true,"valueName":"search_term_string"}}],"inLanguage":"fr-BE"}]}},"_links":{"self":[{"href":"https:\/\/mercuri.be\/fr\/wp-json\/wp\/v2\/pages\/620","targetHints":{"allow":["GET"]}}],"collection":[{"href":"https:\/\/mercuri.be\/fr\/wp-json\/wp\/v2\/pages"}],"about":[{"href":"https:\/\/mercuri.be\/fr\/wp-json\/wp\/v2\/types\/page"}],"author":[{"embeddable":true,"href":"https:\/\/mercuri.be\/fr\/wp-json\/wp\/v2\/users\/10"}],"replies":[{"embeddable":true,"href":"https:\/\/mercuri.be\/fr\/wp-json\/wp\/v2\/comments?post=620"}],"version-history":[{"count":7,"href":"https:\/\/mercuri.be\/fr\/wp-json\/wp\/v2\/pages\/620\/revisions"}],"predecessor-version":[{"id":1898,"href":"https:\/\/mercuri.be\/fr\/wp-json\/wp\/v2\/pages\/620\/revisions\/1898"}],"wp:attachment":[{"href":"https:\/\/mercuri.be\/fr\/wp-json\/wp\/v2\/media?parent=620"}],"curies":[{"name":"wp","href":"https:\/\/api.w.org\/{rel}","templated":true}]}}