{"id":614,"date":"2019-01-02T14:11:01","date_gmt":"2019-01-02T14:11:01","guid":{"rendered":"https:\/\/mercuri.be\/?page_id=614"},"modified":"2019-05-22T07:30:41","modified_gmt":"2019-05-22T07:30:41","slug":"onze-oplossingen-om-te-leren","status":"publish","type":"page","link":"https:\/\/mercuri.be\/fr\/onze-oplossingen-om-te-leren\/","title":{"rendered":"Onze oplossingen op het gebied van leer"},"content":{"rendered":"<figure class=\"wp-block-image\"><img loading=\"lazy\" decoding=\"async\" width=\"1024\" height=\"319\" src=\"https:\/\/mercuri.be\/wp-content\/uploads\/sites\/23\/2019\/05\/learning-process-v2-1024x319-1024x319.png\" alt=\"\" class=\"wp-image-2086\" srcset=\"https:\/\/mercuri.be\/wp-content\/uploads\/sites\/23\/2019\/05\/learning-process-v2-1024x319.png 1024w, https:\/\/mercuri.be\/wp-content\/uploads\/sites\/23\/2019\/05\/learning-process-v2-1024x319-300x93.png 300w, https:\/\/mercuri.be\/wp-content\/uploads\/sites\/23\/2019\/05\/learning-process-v2-1024x319-768x239.png 768w, https:\/\/mercuri.be\/wp-content\/uploads\/sites\/23\/2019\/05\/learning-process-v2-1024x319-600x187.png 600w\" sizes=\"(max-width: 1024px) 100vw, 1024px\" \/><\/figure>\n\n\n\n<h3 class=\"wp-block-heading\">Nos onze solutions d'apprentissage sont con\u00e7ues pour suivre le processus d'apprentissage naturel<\/h3>\n\n\n\n<ul class=\"wp-block-list\"><li>Dans un processus de changement, il est crucial de cr\u00e9er d'abord une prise de conscience de la situation actuelle et de motiver les gens au changement en les aidant \u00e0 comprendre les avantages : le <strong>POURQUOI<\/strong>. Pour stimuler l'ambition et le d\u00e9sir d'atteindre le niveau sup\u00e9rieur, nous utilisons g\u00e9n\u00e9ralement des vid\u00e9os inspirantes, des r\u00e9flexions initiales et des auto-\u00e9valuations.<\/li><li>Apr\u00e8s avoir pris conscience du changement attendu, les gens doivent savoir quelles sont les comp\u00e9tences manquantes et <strong>QUELLE<\/strong> comp\u00e9tences qu'ils doivent am\u00e9liorer.<\/li><li>Une fois qu'il y a une pleine conscience des besoins d'apprentissage, les gens doivent <strong>Houe<\/strong> pour exp\u00e9rimenter l'am\u00e9lioration de ces comp\u00e9tences dans la pratique. C'est l\u00e0 qu'intervient une formation pertinente et op\u00e9rationnelle : quoi faire, comment le faire, par le biais de jeux de r\u00f4le, de sc\u00e9narios et de mises en situation.<\/li><li>Le changement est un processus \u00e0 long terme, il est donc crucial de suivre \u00e9tape par \u00e9tape et de surveiller la mani\u00e8re dont les gens mettent en \u0153uvre ce qu'ils ont appris dans leur travail quotidien. Pour garantir que les nouveaux comportements sont maintenus, il est important de mettre en \u00e9vidence les succ\u00e8s et de c\u00e9l\u00e9brer la r\u00e9ussite. \u00c0 ce stade, les gestionnaires jouent un r\u00f4le crucial, en soutenant les activit\u00e9s de mise en \u0153uvre ainsi que par des apports constants et des appels \u00e0 l'action.<\/li><\/ul>\n\n\n\n<p>Vous ne trouvez pas directement ce que vous cherchez ? Nous serons heureux de vous donner une explication personnalis\u00e9e.<\/p>\n\n\n\n<p style=\"text-align:center\"><a href=\"mailto:%20info@mercuri.be\">Courriel : info@mercuri.be<\/a><\/p>\n\n\n\n<p style=\"text-align:center\"><a href=\"tel:%20+32%20(0)2 245 02 40\">Tel : +32 (0)2 245 02 40<\/a><\/p>\n\n\n\n<div class=\"wp-block-button aligncenter\"><a class=\"wp-block-button__link\" href=\"https:\/\/mercuri.be\/fr\/contact\/\">Aidez-moi<\/a><\/div>","protected":false},"excerpt":{"rendered":"<p>Onze leeroplossingen zijn ontworpen om het natuurlijke leerproces te volgen In een veranderingsproces is het van cruciaal belang om eerst<\/p>","protected":false},"author":10,"featured_media":0,"parent":0,"menu_order":0,"comment_status":"closed","ping_status":"closed","template":"","meta":{"_acf_changed":false,"_eb_attr":"","form_id":"","editor_notices":[],"footnotes":""},"class_list":["post-614","page","type-page","status-publish","hentry"],"acf":[],"yoast_head":"<!-- This site is optimized with the Yoast SEO plugin v26.6 - https:\/\/yoast.com\/wordpress\/plugins\/seo\/ -->\n<title>Onze leer oplossingen - Mercuri Belgium<\/title>\n<meta name=\"robots\" content=\"index, follow, max-snippet:-1, max-image-preview:large, max-video-preview:-1\" \/>\n<link rel=\"canonical\" href=\"https:\/\/mercuri.be\/fr\/onze-oplossingen-om-te-leren\/\" \/>\n<meta property=\"og:locale\" content=\"fr_FR\" \/>\n<meta property=\"og:type\" content=\"article\" \/>\n<meta property=\"og:title\" content=\"Onze leer oplossingen - Mercuri Belgium\" \/>\n<meta property=\"og:description\" content=\"Onze leeroplossingen zijn ontworpen om het natuurlijke leerproces te volgen In een veranderingsproces is het van cruciaal belang om eerst\" \/>\n<meta property=\"og:url\" content=\"https:\/\/mercuri.be\/fr\/onze-oplossingen-om-te-leren\/\" \/>\n<meta property=\"og:site_name\" content=\"Mercuri Belgium\" \/>\n<meta property=\"article:modified_time\" content=\"2019-05-22T07:30:41+00:00\" \/>\n<meta property=\"og:image\" content=\"https:\/\/mercuri.be\/wp-content\/uploads\/sites\/23\/2019\/05\/learning-process-v2-1024x319-1024x319.png\" \/>\n<meta name=\"twitter:card\" content=\"summary_large_image\" \/>\n<meta name=\"twitter:label1\" content=\"Est. reading time\" \/>\n\t<meta name=\"twitter:data1\" content=\"1 minute\" \/>\n<script type=\"application\/ld+json\" class=\"yoast-schema-graph\">{\"@context\":\"https:\/\/schema.org\",\"@graph\":[{\"@type\":\"WebPage\",\"@id\":\"https:\/\/mercuri.be\/onze-leer-oplossingen\/\",\"url\":\"https:\/\/mercuri.be\/onze-leer-oplossingen\/\",\"name\":\"Onze leer oplossingen - Mercuri Belgium\",\"isPartOf\":{\"@id\":\"https:\/\/mercuri.be\/#website\"},\"primaryImageOfPage\":{\"@id\":\"https:\/\/mercuri.be\/onze-leer-oplossingen\/#primaryimage\"},\"image\":{\"@id\":\"https:\/\/mercuri.be\/onze-leer-oplossingen\/#primaryimage\"},\"thumbnailUrl\":\"https:\/\/mercuri.be\/wp-content\/uploads\/sites\/23\/2019\/05\/learning-process-v2-1024x319-1024x319.png\",\"datePublished\":\"2019-01-02T14:11:01+00:00\",\"dateModified\":\"2019-05-22T07:30:41+00:00\",\"breadcrumb\":{\"@id\":\"https:\/\/mercuri.be\/onze-leer-oplossingen\/#breadcrumb\"},\"inLanguage\":\"fr-BE\",\"potentialAction\":[{\"@type\":\"ReadAction\",\"target\":[\"https:\/\/mercuri.be\/onze-leer-oplossingen\/\"]}]},{\"@type\":\"ImageObject\",\"inLanguage\":\"fr-BE\",\"@id\":\"https:\/\/mercuri.be\/onze-leer-oplossingen\/#primaryimage\",\"url\":\"https:\/\/mercuri.be\/wp-content\/uploads\/sites\/23\/2019\/05\/learning-process-v2-1024x319-1024x319.png\",\"contentUrl\":\"https:\/\/mercuri.be\/wp-content\/uploads\/sites\/23\/2019\/05\/learning-process-v2-1024x319-1024x319.png\"},{\"@type\":\"BreadcrumbList\",\"@id\":\"https:\/\/mercuri.be\/onze-leer-oplossingen\/#breadcrumb\",\"itemListElement\":[{\"@type\":\"ListItem\",\"position\":1,\"name\":\"Home\",\"item\":\"https:\/\/mercuri.be\/\"},{\"@type\":\"ListItem\",\"position\":2,\"name\":\"Onze leer oplossingen\"}]},{\"@type\":\"WebSite\",\"@id\":\"https:\/\/mercuri.be\/#website\",\"url\":\"https:\/\/mercuri.be\/\",\"name\":\"Mercuri Belgium\",\"description\":\"Mercuri International Belgium site\",\"potentialAction\":[{\"@type\":\"SearchAction\",\"target\":{\"@type\":\"EntryPoint\",\"urlTemplate\":\"https:\/\/mercuri.be\/?s={search_term_string}\"},\"query-input\":{\"@type\":\"PropertyValueSpecification\",\"valueRequired\":true,\"valueName\":\"search_term_string\"}}],\"inLanguage\":\"fr-BE\"}]}<\/script>\n<!-- \/ Yoast SEO plugin. -->","yoast_head_json":{"title":"Onze leer oplossingen - Mercuri Belgium","robots":{"index":"index","follow":"follow","max-snippet":"max-snippet:-1","max-image-preview":"max-image-preview:large","max-video-preview":"max-video-preview:-1"},"canonical":"https:\/\/mercuri.be\/fr\/onze-oplossingen-om-te-leren\/","og_locale":"fr_FR","og_type":"article","og_title":"Onze leer oplossingen - Mercuri Belgium","og_description":"Onze leeroplossingen zijn ontworpen om het natuurlijke leerproces te volgen In een veranderingsproces is het van cruciaal belang om eerst","og_url":"https:\/\/mercuri.be\/fr\/onze-oplossingen-om-te-leren\/","og_site_name":"Mercuri Belgium","article_modified_time":"2019-05-22T07:30:41+00:00","og_image":[{"url":"https:\/\/mercuri.be\/wp-content\/uploads\/sites\/23\/2019\/05\/learning-process-v2-1024x319-1024x319.png","type":"","width":"","height":""}],"twitter_card":"summary_large_image","twitter_misc":{"Est. reading time":"1 minute"},"schema":{"@context":"https:\/\/schema.org","@graph":[{"@type":"WebPage","@id":"https:\/\/mercuri.be\/onze-leer-oplossingen\/","url":"https:\/\/mercuri.be\/onze-leer-oplossingen\/","name":"Onze leer oplossingen - Mercuri Belgium","isPartOf":{"@id":"https:\/\/mercuri.be\/#website"},"primaryImageOfPage":{"@id":"https:\/\/mercuri.be\/onze-leer-oplossingen\/#primaryimage"},"image":{"@id":"https:\/\/mercuri.be\/onze-leer-oplossingen\/#primaryimage"},"thumbnailUrl":"https:\/\/mercuri.be\/wp-content\/uploads\/sites\/23\/2019\/05\/learning-process-v2-1024x319-1024x319.png","datePublished":"2019-01-02T14:11:01+00:00","dateModified":"2019-05-22T07:30:41+00:00","breadcrumb":{"@id":"https:\/\/mercuri.be\/onze-leer-oplossingen\/#breadcrumb"},"inLanguage":"fr-BE","potentialAction":[{"@type":"ReadAction","target":["https:\/\/mercuri.be\/onze-leer-oplossingen\/"]}]},{"@type":"ImageObject","inLanguage":"fr-BE","@id":"https:\/\/mercuri.be\/onze-leer-oplossingen\/#primaryimage","url":"https:\/\/mercuri.be\/wp-content\/uploads\/sites\/23\/2019\/05\/learning-process-v2-1024x319-1024x319.png","contentUrl":"https:\/\/mercuri.be\/wp-content\/uploads\/sites\/23\/2019\/05\/learning-process-v2-1024x319-1024x319.png"},{"@type":"BreadcrumbList","@id":"https:\/\/mercuri.be\/onze-leer-oplossingen\/#breadcrumb","itemListElement":[{"@type":"ListItem","position":1,"name":"Home","item":"https:\/\/mercuri.be\/"},{"@type":"ListItem","position":2,"name":"Onze leer oplossingen"}]},{"@type":"WebSite","@id":"https:\/\/mercuri.be\/#website","url":"https:\/\/mercuri.be\/","name":"Mercuri Belgique","description":"Site de Mercuri International Belgium","potentialAction":[{"@type":"SearchAction","target":{"@type":"EntryPoint","urlTemplate":"https:\/\/mercuri.be\/?s={search_term_string}"},"query-input":{"@type":"PropertyValueSpecification","valueRequired":true,"valueName":"search_term_string"}}],"inLanguage":"fr-BE"}]}},"_links":{"self":[{"href":"https:\/\/mercuri.be\/fr\/wp-json\/wp\/v2\/pages\/614","targetHints":{"allow":["GET"]}}],"collection":[{"href":"https:\/\/mercuri.be\/fr\/wp-json\/wp\/v2\/pages"}],"about":[{"href":"https:\/\/mercuri.be\/fr\/wp-json\/wp\/v2\/types\/page"}],"author":[{"embeddable":true,"href":"https:\/\/mercuri.be\/fr\/wp-json\/wp\/v2\/users\/10"}],"replies":[{"embeddable":true,"href":"https:\/\/mercuri.be\/fr\/wp-json\/wp\/v2\/comments?post=614"}],"version-history":[{"count":13,"href":"https:\/\/mercuri.be\/fr\/wp-json\/wp\/v2\/pages\/614\/revisions"}],"predecessor-version":[{"id":2093,"href":"https:\/\/mercuri.be\/fr\/wp-json\/wp\/v2\/pages\/614\/revisions\/2093"}],"wp:attachment":[{"href":"https:\/\/mercuri.be\/fr\/wp-json\/wp\/v2\/media?parent=614"}],"curies":[{"name":"wp","href":"https:\/\/api.w.org\/{rel}","templated":true}]}}