{"id":610,"date":"2018-11-26T14:07:34","date_gmt":"2018-11-26T14:07:34","guid":{"rendered":"https:\/\/mercuri.be\/?page_id=610"},"modified":"2026-03-18T08:40:35","modified_gmt":"2026-03-18T08:40:35","slug":"cours-ouverts","status":"publish","type":"page","link":"https:\/\/mercuri.be\/fr\/cours-ouverts\/","title":{"rendered":"Formation personnelle pour les vendeurs"},"content":{"rendered":"<h3 class=\"wp-block-heading\">Vous trouverez ici plus d'informations sur nos formations personnelles pour les vendeurs.<\/h3>\n\n\n\n<div class=\"wp-block-columns is-layout-flex wp-container-core-columns-is-layout-9d6595d7 wp-block-columns-is-layout-flex\">\n<div class=\"wp-block-column is-layout-flow wp-block-column-is-layout-flow\">\n<h2 class=\"wp-block-heading\">Formation personnelle<\/h2>\n\n\n\n<p>Nos programmes de formation personnelle sont une combinaison de formation individuelle, de coaching et d'apprentissage num\u00e9rique. Vous pouvez apprendre quand et o\u00f9 cela vous convient, avec un mobile, un ordinateur portable et avec l'attention personnelle de nos formateurs en vente. Dans les programmes de formation Mercuri Personal, nous utilisons des modules de micro- et macro-apprentissage cibl\u00e9s, une mesure des connaissances en ligne, des conseils d'action et des ateliers en face-\u00e0-face avec un formateur en vente.<\/p>\n\n\n\n<h4 class=\"wp-block-heading\">Avantages :<\/h4>\n\n\n\n<ul id=\"block-10735ed2-5585-4178-b334-75fff41211fd\" class=\"wp-block-list\">\n<li>Rentabilit\u00e9 - Pas de frais de d\u00e9placement ni d'h\u00f4tel.<\/li>\n\n\n\n<li>Flexible - quand et o\u00f9 vous voulez (Pays-Bas et Belgique).<\/li>\n\n\n\n<li>Commencez tout de suite - rejoignez-nous \u00e0 tout moment.<\/li>\n\n\n\n<li>Gagner du temps - Augmenter les performances avec les clients et \u00e9viter les pertes de temps par rapport \u00e0 la formation traditionnelle en classe.<\/li>\n\n\n\n<li>Un retour sur investissement mesurable.<\/li>\n\n\n\n<li>Entra\u00eeneur personnel \u00e0 votre disposition.<\/li>\n\n\n\n<li>Complet - Choisissez parmi notre vaste biblioth\u00e8que de contenus multilingues.<\/li>\n<\/ul>\n<\/div>\n\n\n\n<div class=\"wp-block-column is-layout-flow wp-block-column-is-layout-flow\">\n<figure class=\"wp-block-image size-large\"><img decoding=\"async\" src=\"https:\/\/mercuri.net\/img-srv\/rgJTHFa9539-3XLngNrbARfMuPMbm6yZOQK7rq0h8Nw\/resizing_type:auto\/width:1024\/height:683\/gravity:sm\/enlarge:1\/ext:jpg\/strip_metadata:1\/quality:100\/dpr:1\/max_bytes:0\/bG9jYWw6Ly8vbWVyY3VyaS5uZXQvd3AtY29udGVudC91cGxvYWRzL3NpdGVzLzE1LzIwMjMvMDYvaXN0b2NrLTEzNTUxNTkzODEtMTAyNHg2ODMuanBn.jpg\" alt=\"\" class=\"wp-image-4902\"\/><\/figure>\n<\/div>\n<\/div>\n\n\n\n<div class=\"wp-block-columns is-layout-flex wp-container-core-columns-is-layout-9d6595d7 wp-block-columns-is-layout-flex\">\n<div class=\"wp-block-column is-layout-flow wp-block-column-is-layout-flow\" style=\"flex-basis:66.66%\">\n<h2 class=\"wp-block-heading\">Comment cela fonctionne-t-il ?<\/h2>\n\n\n\n<ol id=\"block-9f038317-a72f-464b-ae18-978743c646a7\" class=\"wp-block-list\">\n<li>R\u00e9union d'\u00e9quipe entre le participant et le formateur Mercuri<ol><li>Aligner les objectifs d'apprentissage<\/li><\/ol>\n<ul class=\"wp-block-list\">\n<li>Aligner les objectifs d'apprentissage.<\/li>\n\n\n\n<li>D\u00e9terminer le parcours d'apprentissage, les modules en ligne et les moments de formation personnelle.<\/li>\n<\/ul>\n<\/li>\n\n\n\n<li>Apprentissage micro et macro en ligne<\/li>\n\n\n\n<li>Coaching virtuel (2h) ou en pr\u00e9sentiel (4h) + Plan d'Action Individuel<\/li>\n\n\n\n<li>Apprentissage micro et macro en ligne<\/li>\n\n\n\n<li>Coaching virtuel (2h) ou en pr\u00e9sentiel (4h) + Plan d'Action Individuel<\/li>\n\n\n\n<li>Apprentissage micro et macro en ligne<\/li>\n\n\n\n<li>Coaching virtuel (2h)<\/li>\n\n\n\n<li>D\u00e9briefing et \u00e9valuation par le biais d'une r\u00e9union d'\u00e9quipe<\/li>\n<\/ol>\n<\/div>\n\n\n\n<div class=\"wp-block-column is-vertically-aligned-center is-layout-flow wp-block-column-is-layout-flow\" style=\"flex-basis:33.33%\">\n<p>Lors des rencontres en personne, nous combinons les s\u00e9ances de coaching avec une s\u00e9ance d'une demi-journ\u00e9e.<\/p>\n\n\n\n<p>Investissement de 2850 \u20ac \u2013 par personne HT<\/p>\n\n\n\n<div class=\"wp-block-qala-button\"><a class=\"btn btn-zest\" href=\"https:\/\/mercuri.nl\/contact\/\"><strong>JE SOUHAITE M'INSCRIRE<\/strong><\/a><\/div>\n<\/div>\n<\/div>\n\n\n\n<h3 class=\"wp-block-heading\">Vous pouvez vous inscrire \u00e0 un parcours de formation adapt\u00e9 \u00e0 votre r\u00f4le de vendeur et aux d\u00e9fis auxquels vous \u00eates confront\u00e9 :<\/h3>\n\n\n\n<div class=\"wp-block-columns is-layout-flex wp-container-core-columns-is-layout-9d6595d7 wp-block-columns-is-layout-flex\">\n<div class=\"wp-block-column is-layout-flow wp-block-column-is-layout-flow\">\n<h2 class=\"wp-block-heading\">Comp\u00e9tences essentielles en mati\u00e8re de vente<\/h2>\n\n\n\n<p>Un meilleur rendement gr\u00e2ce \u00e0 de meilleures comp\u00e9tences de base en mati\u00e8re de vente lors des visites de clients et de prospection. Comment obtenir les meilleurs r\u00e9sultats lors des visites de vente ? D\u00e9couvrez toutes les \u00e9tapes du processus de vente et obtenez des conseils utiles sur la mani\u00e8re d'appliquer les techniques de vente pertinentes dans ce parcours d'apprentissage.<\/p>\n\n\n\n<p>De nombreux clients utilisent cette formation dans le cadre du processus d'int\u00e9gration des nouveaux employ\u00e9s. Nous aidons ces vendeurs \u00e0 devenir rapidement productifs gr\u00e2ce \u00e0 une approche adapt\u00e9e \u00e0 l'\u00e8re num\u00e9rique dans laquelle nous vivons.<\/p>\n\n\n\n<div class=\"wp-block-qala-button\"><a class=\"btn btn-sky\" href=\"https:\/\/mercuri.be\/fr\/competences-essentielles-en-matiere-de-vente\/\"><strong>Plus d'informations sur cette formation<\/strong><\/a><\/div>\n\n\n\n<div class=\"wp-block-qala-button\"><a class=\"btn btn-zest\" href=\"https:\/\/mercuri.be\/fr\/contact\/\"><strong>Contact pour s'inscrire<\/strong><\/a><\/div>\n<\/div>\n\n\n\n<div class=\"wp-block-column is-layout-flow wp-block-column-is-layout-flow\">\n<figure class=\"wp-block-video\"><video controls poster=\"https:\/\/mercuri.nl\/wp-content\/uploads\/sites\/15\/2023\/06\/essentiele_verkoop_video_screenshot.png\" src=\"https:\/\/mercuri.nl\/wp-content\/uploads\/sites\/15\/2020\/04\/mercuri_presenting_mi_essential_skills_video_hd_v6.mp4\"><\/video><\/figure>\n<\/div>\n<\/div>\n\n\n\n<div class=\"wp-block-columns is-layout-flex wp-container-core-columns-is-layout-9d6595d7 wp-block-columns-is-layout-flex\">\n<div class=\"wp-block-column is-layout-flow wp-block-column-is-layout-flow\">\n<h2 class=\"wp-block-heading\">Direction des ventes<\/h2>\n\n\n\n<p>En tant que directeur commercial, souhaitez-vous disposer de davantage d'outils pour inspirer, motiver et d\u00e9velopper votre \u00e9quipe ? Pour diriger efficacement une \u00e9quipe, il faut veiller \u00e0 ce que ses membres restent concentr\u00e9s et motiv\u00e9s, ce qui a un impact positif sur leur productivit\u00e9. Mais comment y parvenir ? Dans cette formation, les participants d\u00e9couvrent comment diriger et coacher efficacement leur \u00e9quipe, en face \u00e0 face ou \u00e0 distance.<\/p>\n\n\n\n<div class=\"wp-block-qala-button\"><a class=\"btn btn-sky\" href=\"https:\/\/mercuri.be\/fr\/sales-leiderschap\/\"><strong>Plus d'informations sur cette formation<\/strong><\/a><\/div>\n\n\n\n<div class=\"wp-block-qala-button\"><a class=\"btn btn-zest\" href=\"https:\/\/mercuri.be\/fr\/contact\/\"><strong>Contact pour s'inscrire<\/strong><\/a><\/div>\n<\/div>\n\n\n\n<div class=\"wp-block-column is-layout-flow wp-block-column-is-layout-flow\">\n<figure class=\"wp-block-video\"><video controls poster=\"https:\/\/mercuri.nl\/wp-content\/uploads\/sites\/15\/2023\/06\/leiderschap_video_screenshot.png\" src=\"https:\/\/mercuri.nl\/wp-content\/uploads\/sites\/15\/2022\/03\/video_effective_leadership.mp4\"><\/video><\/figure>\n<\/div>\n<\/div>\n\n\n\n<div class=\"wp-block-columns is-layout-flex wp-container-core-columns-is-layout-9d6595d7 wp-block-columns-is-layout-flex\">\n<div class=\"wp-block-column is-layout-flow wp-block-column-is-layout-flow\">\n<h2 class=\"wp-block-heading\">Vente bas\u00e9e sur la valeur<\/h2>\n\n\n\n<p>Aujourd'hui, les clients attendent plus qu'un bon produit - ils attendent des solutions \u00e0 leurs d\u00e9fis commerciaux. Les techniques de vente bas\u00e9es sur la valeur peuvent vous aider \u00e0 rester comp\u00e9titif et pertinent sur un march\u00e9 exigeant.<\/p>\n\n\n\n<p>De la vente de produits \u00e0 la vente de solutions. Gr\u00e2ce \u00e0 cette formation, nous pouvons aider les vendeurs individuels sur mesure. <\/p>\n\n\n\n<div class=\"wp-block-qala-button\"><a class=\"btn btn-sky\" href=\"https:\/\/mercuri.be\/fr\/vente-de-valeur\/\"><strong>Plus d'informations sur cette formation<\/strong><\/a><\/div>\n\n\n\n<div class=\"wp-block-qala-button\"><a class=\"btn btn-zest\" href=\"https:\/\/mercuri.be\/fr\/contact\/\"><strong>Contact pour s'inscrire<\/strong><\/a><\/div>\n<\/div>\n\n\n\n<div class=\"wp-block-column is-layout-flow wp-block-column-is-layout-flow\">\n<figure class=\"wp-block-video\"><video controls poster=\"https:\/\/mercuri.nl\/wp-content\/uploads\/sites\/15\/2023\/06\/value_selling_video_screenshot.png\" src=\"https:\/\/mercuri.nl\/wp-content\/uploads\/sites\/15\/2022\/03\/value_based_selling_-_video_teaser.mp4\"><\/video><\/figure>\n<\/div>\n<\/div>\n\n\n\n<div class=\"wp-block-columns is-layout-flex wp-container-core-columns-is-layout-9d6595d7 wp-block-columns-is-layout-flex\">\n<div class=\"wp-block-column is-layout-flow wp-block-column-is-layout-flow\">\n<h2 class=\"wp-block-heading\">Plus de formation \u00e0 la vente<\/h2>\n\n\n\n<p>Explorez tous les th\u00e8mes de formation. Que vous soyez int\u00e9ress\u00e9 par un seul sujet ou par une combinaison de plusieurs, nous l'adaptons \u00e0 vos besoins afin de vous aider \u00e0 progresser dans la profession de vendeur.<\/p>\n<\/div>\n\n\n\n<div class=\"wp-block-column is-layout-flow wp-block-column-is-layout-flow\">\n<div class=\"wp-block-qala-button\"><a class=\"btn btn-sky\" href=\"https:\/\/mercuri.be\/fr\/themes-de-formation-a-la-vente\/\"><strong>Acc\u00e9der \u00e0 nos th\u00e8mes de formation<\/strong><\/a><\/div>\n\n\n\n<div class=\"wp-block-qala-button\"><a class=\"btn btn-zest\" href=\"https:\/\/mercuri.be\/fr\/contact\/\"><strong>Vous pr\u00e9f\u00e9rez \u00eatre contact\u00e9 pour un conseil personnalis\u00e9 ? Nous prendrons volontiers contact avec vous<\/strong><\/a><\/div>\n<\/div>\n<\/div>\n\n\n\n<div class=\"wp-block-columns is-layout-flex wp-container-core-columns-is-layout-9d6595d7 wp-block-columns-is-layout-flex\">\n<div class=\"wp-block-column is-layout-flow wp-block-column-is-layout-flow\">\n<h2 class=\"wp-block-heading has-text-align-center\">Pays-Bas<\/h2>\n\n\n\n<p class=\"has-text-align-center\"><a href=\"mailto:%20mercuri@mercuri.nl\">Courriel : mercuri@mercuri.nl<\/a><\/p>\n\n\n\n<div style=\"height:26px\" aria-hidden=\"true\" class=\"wp-block-spacer\"><\/div>\n\n\n\n<p class=\"has-text-align-center\"><a href=\"tel:%20+31 88 63728 74\">Tel : +31 88 63728 74&nbsp;<\/a><\/p>\n<\/div>\n\n\n\n<div class=\"wp-block-column is-layout-flow wp-block-column-is-layout-flow\">\n<h2 class=\"wp-block-heading has-text-align-center\">Belgique<\/h2>\n\n\n\n<p class=\"has-text-align-center\"><a href=\"mailto: info@mercuri.be\">Courriel : info@mercuri.be<\/a><\/p>\n\n\n\n<div style=\"height:27px\" aria-hidden=\"true\" class=\"wp-block-spacer\"><\/div>\n\n\n\n<p class=\"has-text-align-center\"><a href=\"tel:+3222450240\">T\u00e9l : +32 2 245 02 40<\/a><\/p>\n<\/div>\n<\/div>","protected":false},"excerpt":{"rendered":"<p>Hier tref je meer informatie over onze Personal trainingen voor verkopers. Personal Training Onze Personal trainingstrajecten zijn een combinatie van<\/p>","protected":false},"author":10,"featured_media":3443,"parent":0,"menu_order":0,"comment_status":"closed","ping_status":"closed","template":"","meta":{"_acf_changed":false,"_eb_attr":"","form_id":"","editor_notices":[],"footnotes":""},"class_list":["post-610","page","type-page","status-publish","has-post-thumbnail","hentry"],"acf":[],"yoast_head":"<!-- This site is optimized with the Yoast SEO plugin v26.6 - https:\/\/yoast.com\/wordpress\/plugins\/seo\/ -->\n<title>Personal Training voor verkopers - Mercuri Belgium<\/title>\n<meta name=\"description\" content=\"De Mercuri Business School for Sales is een combinatie van personal training en digital leren. Je kunt leren wanneer en waar het jou uitkomt, met mobiel, laptop en met persoonlijke aandacht van onze sales trainers.\" \/>\n<meta name=\"robots\" content=\"index, follow, max-snippet:-1, max-image-preview:large, max-video-preview:-1\" \/>\n<link rel=\"canonical\" href=\"https:\/\/mercuri.be\/fr\/cours-ouverts\/\" \/>\n<meta property=\"og:locale\" content=\"fr_FR\" \/>\n<meta property=\"og:type\" content=\"article\" \/>\n<meta property=\"og:title\" content=\"Personal Training voor verkopers - Mercuri Belgium\" \/>\n<meta property=\"og:description\" content=\"De Mercuri Business School for Sales is een combinatie van personal training en digital leren. Je kunt leren wanneer en waar het jou uitkomt, met mobiel, laptop en met persoonlijke aandacht van onze sales trainers.\" \/>\n<meta property=\"og:url\" content=\"https:\/\/mercuri.be\/fr\/cours-ouverts\/\" \/>\n<meta property=\"og:site_name\" content=\"Mercuri Belgium\" \/>\n<meta property=\"article:modified_time\" content=\"2026-03-18T08:40:35+00:00\" \/>\n<meta property=\"og:image\" content=\"https:\/\/mercuri.be\/wp-content\/uploads\/sites\/23\/2022\/08\/487750571-scaled.jpg\" \/>\n\t<meta property=\"og:image:width\" content=\"1200\" \/>\n\t<meta property=\"og:image:height\" content=\"630\" \/>\n\t<meta property=\"og:image:type\" content=\"image\/jpeg\" \/>\n<meta name=\"twitter:card\" content=\"summary_large_image\" \/>\n<meta name=\"twitter:label1\" content=\"Est. reading time\" \/>\n\t<meta name=\"twitter:data1\" content=\"3 minutes\" \/>\n<script type=\"application\/ld+json\" class=\"yoast-schema-graph\">{\"@context\":\"https:\/\/schema.org\",\"@graph\":[{\"@type\":\"WebPage\",\"@id\":\"https:\/\/mercuri.be\/open-courses\/\",\"url\":\"https:\/\/mercuri.be\/open-courses\/\",\"name\":\"Personal Training voor verkopers - Mercuri Belgium\",\"isPartOf\":{\"@id\":\"https:\/\/mercuri.be\/#website\"},\"primaryImageOfPage\":{\"@id\":\"https:\/\/mercuri.be\/open-courses\/#primaryimage\"},\"image\":{\"@id\":\"https:\/\/mercuri.be\/open-courses\/#primaryimage\"},\"thumbnailUrl\":\"https:\/\/mercuri.net\/img-srv\/MuahGf5OeLmIF6sigIL5_FoFpASNMX-dx4oA7GuyF9E\/resizing_type:auto\/width:0\/height:0\/gravity:sm\/enlarge:1\/ext:webp\/strip_metadata:1\/quality:100\/cachebuster:filesize-308920\/bG9jYWw6Ly8vbWVyY3VyaS5uZXQvd3AtY29udGVudC91cGxvYWRzL3NpdGVzLzIzLzIwMjIvMDgvNDg3NzUwNTcxLXNjYWxlZC5qcGc.webp\",\"datePublished\":\"2018-11-26T14:07:34+00:00\",\"dateModified\":\"2026-03-18T08:40:35+00:00\",\"description\":\"De Mercuri Business School for Sales is een combinatie van personal training en digital leren. Je kunt leren wanneer en waar het jou uitkomt, met mobiel, laptop en met persoonlijke aandacht van onze sales trainers.\",\"breadcrumb\":{\"@id\":\"https:\/\/mercuri.be\/open-courses\/#breadcrumb\"},\"inLanguage\":\"fr-BE\",\"potentialAction\":[{\"@type\":\"ReadAction\",\"target\":[\"https:\/\/mercuri.be\/open-courses\/\"]}]},{\"@type\":\"ImageObject\",\"inLanguage\":\"fr-BE\",\"@id\":\"https:\/\/mercuri.be\/open-courses\/#primaryimage\",\"url\":\"https:\/\/mercuri.net\/img-srv\/MuahGf5OeLmIF6sigIL5_FoFpASNMX-dx4oA7GuyF9E\/resizing_type:auto\/width:0\/height:0\/gravity:sm\/enlarge:1\/ext:webp\/strip_metadata:1\/quality:100\/cachebuster:filesize-308920\/bG9jYWw6Ly8vbWVyY3VyaS5uZXQvd3AtY29udGVudC91cGxvYWRzL3NpdGVzLzIzLzIwMjIvMDgvNDg3NzUwNTcxLXNjYWxlZC5qcGc.webp\",\"contentUrl\":\"https:\/\/mercuri.net\/img-srv\/MuahGf5OeLmIF6sigIL5_FoFpASNMX-dx4oA7GuyF9E\/resizing_type:auto\/width:0\/height:0\/gravity:sm\/enlarge:1\/ext:webp\/strip_metadata:1\/quality:100\/cachebuster:filesize-308920\/bG9jYWw6Ly8vbWVyY3VyaS5uZXQvd3AtY29udGVudC91cGxvYWRzL3NpdGVzLzIzLzIwMjIvMDgvNDg3NzUwNTcxLXNjYWxlZC5qcGc.webp\",\"width\":2560,\"height\":1707,\"caption\":\"Group of Multi Ethnic Business People Having a Meeting\"},{\"@type\":\"BreadcrumbList\",\"@id\":\"https:\/\/mercuri.be\/open-courses\/#breadcrumb\",\"itemListElement\":[{\"@type\":\"ListItem\",\"position\":1,\"name\":\"Home\",\"item\":\"https:\/\/mercuri.be\/\"},{\"@type\":\"ListItem\",\"position\":2,\"name\":\"Personal Training voor verkopers\"}]},{\"@type\":\"WebSite\",\"@id\":\"https:\/\/mercuri.be\/#website\",\"url\":\"https:\/\/mercuri.be\/\",\"name\":\"Mercuri Belgium\",\"description\":\"Mercuri International Belgium site\",\"potentialAction\":[{\"@type\":\"SearchAction\",\"target\":{\"@type\":\"EntryPoint\",\"urlTemplate\":\"https:\/\/mercuri.be\/?s={search_term_string}\"},\"query-input\":{\"@type\":\"PropertyValueSpecification\",\"valueRequired\":true,\"valueName\":\"search_term_string\"}}],\"inLanguage\":\"fr-BE\"}]}<\/script>\n<!-- \/ Yoast SEO plugin. -->","yoast_head_json":{"title":"Personal Training voor verkopers - Mercuri Belgium","description":"La Mercuri Business School for Sales est une combinaison de formation personnelle et d'apprentissage num\u00e9rique. Vous pouvez apprendre quand et o\u00f9 cela vous convient, avec un mobile, un ordinateur portable et avec l'attention personnelle de nos formateurs en vente.","robots":{"index":"index","follow":"follow","max-snippet":"max-snippet:-1","max-image-preview":"max-image-preview:large","max-video-preview":"max-video-preview:-1"},"canonical":"https:\/\/mercuri.be\/fr\/cours-ouverts\/","og_locale":"fr_FR","og_type":"article","og_title":"Personal Training voor verkopers - Mercuri Belgium","og_description":"De Mercuri Business School for Sales is een combinatie van personal training en digital leren. Je kunt leren wanneer en waar het jou uitkomt, met mobiel, laptop en met persoonlijke aandacht van onze sales trainers.","og_url":"https:\/\/mercuri.be\/fr\/cours-ouverts\/","og_site_name":"Mercuri Belgium","article_modified_time":"2026-03-18T08:40:35+00:00","og_image":[{"width":1200,"height":630,"url":"https:\/\/mercuri.be\/wp-content\/uploads\/sites\/23\/2022\/08\/487750571-scaled.jpg","type":"image\/jpeg"}],"twitter_card":"summary_large_image","twitter_misc":{"Est. reading time":"3 minutes"},"schema":{"@context":"https:\/\/schema.org","@graph":[{"@type":"WebPage","@id":"https:\/\/mercuri.be\/open-courses\/","url":"https:\/\/mercuri.be\/open-courses\/","name":"Personal Training voor verkopers - Mercuri Belgium","isPartOf":{"@id":"https:\/\/mercuri.be\/#website"},"primaryImageOfPage":{"@id":"https:\/\/mercuri.be\/open-courses\/#primaryimage"},"image":{"@id":"https:\/\/mercuri.be\/open-courses\/#primaryimage"},"thumbnailUrl":"https:\/\/mercuri.net\/img-srv\/MuahGf5OeLmIF6sigIL5_FoFpASNMX-dx4oA7GuyF9E\/resizing_type:auto\/width:0\/height:0\/gravity:sm\/enlarge:1\/ext:webp\/strip_metadata:1\/quality:100\/cachebuster:filesize-308920\/bG9jYWw6Ly8vbWVyY3VyaS5uZXQvd3AtY29udGVudC91cGxvYWRzL3NpdGVzLzIzLzIwMjIvMDgvNDg3NzUwNTcxLXNjYWxlZC5qcGc.webp","datePublished":"2018-11-26T14:07:34+00:00","dateModified":"2026-03-18T08:40:35+00:00","description":"La Mercuri Business School for Sales est une combinaison de formation personnelle et d'apprentissage num\u00e9rique. Vous pouvez apprendre quand et o\u00f9 cela vous convient, avec un mobile, un ordinateur portable et avec l'attention personnelle de nos formateurs en vente.","breadcrumb":{"@id":"https:\/\/mercuri.be\/open-courses\/#breadcrumb"},"inLanguage":"fr-BE","potentialAction":[{"@type":"ReadAction","target":["https:\/\/mercuri.be\/open-courses\/"]}]},{"@type":"ImageObject","inLanguage":"fr-BE","@id":"https:\/\/mercuri.be\/open-courses\/#primaryimage","url":"https:\/\/mercuri.net\/img-srv\/MuahGf5OeLmIF6sigIL5_FoFpASNMX-dx4oA7GuyF9E\/resizing_type:auto\/width:0\/height:0\/gravity:sm\/enlarge:1\/ext:webp\/strip_metadata:1\/quality:100\/cachebuster:filesize-308920\/bG9jYWw6Ly8vbWVyY3VyaS5uZXQvd3AtY29udGVudC91cGxvYWRzL3NpdGVzLzIzLzIwMjIvMDgvNDg3NzUwNTcxLXNjYWxlZC5qcGc.webp","contentUrl":"https:\/\/mercuri.net\/img-srv\/MuahGf5OeLmIF6sigIL5_FoFpASNMX-dx4oA7GuyF9E\/resizing_type:auto\/width:0\/height:0\/gravity:sm\/enlarge:1\/ext:webp\/strip_metadata:1\/quality:100\/cachebuster:filesize-308920\/bG9jYWw6Ly8vbWVyY3VyaS5uZXQvd3AtY29udGVudC91cGxvYWRzL3NpdGVzLzIzLzIwMjIvMDgvNDg3NzUwNTcxLXNjYWxlZC5qcGc.webp","width":2560,"height":1707,"caption":"Group of Multi Ethnic Business People Having a Meeting"},{"@type":"BreadcrumbList","@id":"https:\/\/mercuri.be\/open-courses\/#breadcrumb","itemListElement":[{"@type":"ListItem","position":1,"name":"Home","item":"https:\/\/mercuri.be\/"},{"@type":"ListItem","position":2,"name":"Personal Training voor verkopers"}]},{"@type":"WebSite","@id":"https:\/\/mercuri.be\/#website","url":"https:\/\/mercuri.be\/","name":"Mercuri Belgique","description":"Site de Mercuri International Belgium","potentialAction":[{"@type":"SearchAction","target":{"@type":"EntryPoint","urlTemplate":"https:\/\/mercuri.be\/?s={search_term_string}"},"query-input":{"@type":"PropertyValueSpecification","valueRequired":true,"valueName":"search_term_string"}}],"inLanguage":"fr-BE"}]}},"_links":{"self":[{"href":"https:\/\/mercuri.be\/fr\/wp-json\/wp\/v2\/pages\/610","targetHints":{"allow":["GET"]}}],"collection":[{"href":"https:\/\/mercuri.be\/fr\/wp-json\/wp\/v2\/pages"}],"about":[{"href":"https:\/\/mercuri.be\/fr\/wp-json\/wp\/v2\/types\/page"}],"author":[{"embeddable":true,"href":"https:\/\/mercuri.be\/fr\/wp-json\/wp\/v2\/users\/10"}],"replies":[{"embeddable":true,"href":"https:\/\/mercuri.be\/fr\/wp-json\/wp\/v2\/comments?post=610"}],"version-history":[{"count":4,"href":"https:\/\/mercuri.be\/fr\/wp-json\/wp\/v2\/pages\/610\/revisions"}],"predecessor-version":[{"id":4970,"href":"https:\/\/mercuri.be\/fr\/wp-json\/wp\/v2\/pages\/610\/revisions\/4970"}],"wp:featuredmedia":[{"embeddable":true,"href":"https:\/\/mercuri.be\/fr\/wp-json\/wp\/v2\/media\/3443"}],"wp:attachment":[{"href":"https:\/\/mercuri.be\/fr\/wp-json\/wp\/v2\/media?parent=610"}],"curies":[{"name":"wp","href":"https:\/\/api.w.org\/{rel}","templated":true}]}}