{"id":608,"date":"2018-11-26T14:06:46","date_gmt":"2018-11-26T14:06:46","guid":{"rendered":"https:\/\/mercuri.be\/?page_id=608"},"modified":"2019-04-23T15:51:04","modified_gmt":"2019-04-23T15:51:04","slug":"formation-a-la-gestion","status":"publish","type":"page","link":"https:\/\/mercuri.be\/fr\/formation-a-la-gestion\/","title":{"rendered":"Formation \u00e0 la gestion"},"content":{"rendered":"<h3 class=\"wp-block-heading\">\u00c9cole de commerce Mercuri pour la vente<\/h3>\n\n\n\n<p>La Mercuri Business School for Sales est une combinaison de formation personnelle et d'apprentissage num\u00e9rique. Vous pouvez apprendre quand et o\u00f9 cela vous convient, avec un mobile, un ordinateur portable et avec l'attention personnelle de nos formateurs en vente. <a href=\"https:\/\/mercuri.be\/fr\/cours-ouverts\/\">Pour en savoir plus sur les possibilit\u00e9s, cliquez ici.<\/a><\/p>\n\n\n\n<h3 class=\"wp-block-heading\">Cours en entreprise<\/h3>\n\n\n\n<p>Nous pouvons \u00e9galement proposer des formations sur mesure pour votre propre \u00e9quipe de vente. Nous serions heureux d'avoir un contact personnel pour explorer les possibilit\u00e9s avec vous. <a href=\"https:\/\/mercuri.be\/fr\/exemples-de-reussites\/\">Voici quelques clients qui vous ont pr\u00e9c\u00e9d\u00e9.<\/a><\/p>\n\n\n\n<div class=\"wp-block-button aligncenter\"><a class=\"wp-block-button__link\" href=\"https:\/\/mercuri.be\/fr\/contact\/\">Je souhaite \u00eatre contact\u00e9 pour un conseil personnalis\u00e9<\/a><\/div>","protected":false},"excerpt":{"rendered":"<p>Mercuri Business School for Sales De Mercuri Business School for Sales is een combinatie van personal training en digital leren.<\/p>","protected":false},"author":10,"featured_media":0,"parent":0,"menu_order":0,"comment_status":"closed","ping_status":"closed","template":"","meta":{"_acf_changed":false,"_eb_attr":"","form_id":"","editor_notices":[],"footnotes":""},"class_list":["post-608","page","type-page","status-publish","hentry"],"acf":[],"yoast_head":"<!-- This site is optimized with the Yoast SEO plugin v26.6 - https:\/\/yoast.com\/wordpress\/plugins\/seo\/ -->\n<title>Management training - Mercuri Belgium<\/title>\n<meta name=\"robots\" content=\"index, follow, max-snippet:-1, max-image-preview:large, max-video-preview:-1\" \/>\n<link rel=\"canonical\" href=\"https:\/\/mercuri.be\/fr\/formation-a-la-gestion\/\" \/>\n<meta property=\"og:locale\" content=\"fr_FR\" \/>\n<meta property=\"og:type\" content=\"article\" \/>\n<meta property=\"og:title\" content=\"Management training - Mercuri Belgium\" \/>\n<meta property=\"og:description\" content=\"Mercuri Business School for Sales De Mercuri Business School for Sales is een combinatie van personal training en digital leren.\" \/>\n<meta property=\"og:url\" content=\"https:\/\/mercuri.be\/fr\/formation-a-la-gestion\/\" \/>\n<meta property=\"og:site_name\" content=\"Mercuri Belgium\" \/>\n<meta property=\"article:modified_time\" content=\"2019-04-23T15:51:04+00:00\" \/>\n<meta name=\"twitter:card\" content=\"summary_large_image\" \/>\n<script type=\"application\/ld+json\" class=\"yoast-schema-graph\">{\"@context\":\"https:\/\/schema.org\",\"@graph\":[{\"@type\":\"WebPage\",\"@id\":\"https:\/\/mercuri.be\/management-training\/\",\"url\":\"https:\/\/mercuri.be\/management-training\/\",\"name\":\"Management training - Mercuri Belgium\",\"isPartOf\":{\"@id\":\"https:\/\/mercuri.be\/#website\"},\"datePublished\":\"2018-11-26T14:06:46+00:00\",\"dateModified\":\"2019-04-23T15:51:04+00:00\",\"breadcrumb\":{\"@id\":\"https:\/\/mercuri.be\/management-training\/#breadcrumb\"},\"inLanguage\":\"fr-BE\",\"potentialAction\":[{\"@type\":\"ReadAction\",\"target\":[\"https:\/\/mercuri.be\/management-training\/\"]}]},{\"@type\":\"BreadcrumbList\",\"@id\":\"https:\/\/mercuri.be\/management-training\/#breadcrumb\",\"itemListElement\":[{\"@type\":\"ListItem\",\"position\":1,\"name\":\"Home\",\"item\":\"https:\/\/mercuri.be\/\"},{\"@type\":\"ListItem\",\"position\":2,\"name\":\"Management training\"}]},{\"@type\":\"WebSite\",\"@id\":\"https:\/\/mercuri.be\/#website\",\"url\":\"https:\/\/mercuri.be\/\",\"name\":\"Mercuri Belgium\",\"description\":\"Mercuri International Belgium site\",\"potentialAction\":[{\"@type\":\"SearchAction\",\"target\":{\"@type\":\"EntryPoint\",\"urlTemplate\":\"https:\/\/mercuri.be\/?s={search_term_string}\"},\"query-input\":{\"@type\":\"PropertyValueSpecification\",\"valueRequired\":true,\"valueName\":\"search_term_string\"}}],\"inLanguage\":\"fr-BE\"}]}<\/script>\n<!-- \/ Yoast SEO plugin. -->","yoast_head_json":{"title":"Management training - Mercuri Belgium","robots":{"index":"index","follow":"follow","max-snippet":"max-snippet:-1","max-image-preview":"max-image-preview:large","max-video-preview":"max-video-preview:-1"},"canonical":"https:\/\/mercuri.be\/fr\/formation-a-la-gestion\/","og_locale":"fr_FR","og_type":"article","og_title":"Management training - Mercuri Belgium","og_description":"Mercuri Business School for Sales De Mercuri Business School for Sales is een combinatie van personal training en digital leren.","og_url":"https:\/\/mercuri.be\/fr\/formation-a-la-gestion\/","og_site_name":"Mercuri Belgium","article_modified_time":"2019-04-23T15:51:04+00:00","twitter_card":"summary_large_image","schema":{"@context":"https:\/\/schema.org","@graph":[{"@type":"WebPage","@id":"https:\/\/mercuri.be\/management-training\/","url":"https:\/\/mercuri.be\/management-training\/","name":"Management training - Mercuri Belgium","isPartOf":{"@id":"https:\/\/mercuri.be\/#website"},"datePublished":"2018-11-26T14:06:46+00:00","dateModified":"2019-04-23T15:51:04+00:00","breadcrumb":{"@id":"https:\/\/mercuri.be\/management-training\/#breadcrumb"},"inLanguage":"fr-BE","potentialAction":[{"@type":"ReadAction","target":["https:\/\/mercuri.be\/management-training\/"]}]},{"@type":"BreadcrumbList","@id":"https:\/\/mercuri.be\/management-training\/#breadcrumb","itemListElement":[{"@type":"ListItem","position":1,"name":"Home","item":"https:\/\/mercuri.be\/"},{"@type":"ListItem","position":2,"name":"Management training"}]},{"@type":"WebSite","@id":"https:\/\/mercuri.be\/#website","url":"https:\/\/mercuri.be\/","name":"Mercuri Belgique","description":"Site de Mercuri International Belgium","potentialAction":[{"@type":"SearchAction","target":{"@type":"EntryPoint","urlTemplate":"https:\/\/mercuri.be\/?s={search_term_string}"},"query-input":{"@type":"PropertyValueSpecification","valueRequired":true,"valueName":"search_term_string"}}],"inLanguage":"fr-BE"}]}},"_links":{"self":[{"href":"https:\/\/mercuri.be\/fr\/wp-json\/wp\/v2\/pages\/608","targetHints":{"allow":["GET"]}}],"collection":[{"href":"https:\/\/mercuri.be\/fr\/wp-json\/wp\/v2\/pages"}],"about":[{"href":"https:\/\/mercuri.be\/fr\/wp-json\/wp\/v2\/types\/page"}],"author":[{"embeddable":true,"href":"https:\/\/mercuri.be\/fr\/wp-json\/wp\/v2\/users\/10"}],"replies":[{"embeddable":true,"href":"https:\/\/mercuri.be\/fr\/wp-json\/wp\/v2\/comments?post=608"}],"version-history":[{"count":15,"href":"https:\/\/mercuri.be\/fr\/wp-json\/wp\/v2\/pages\/608\/revisions"}],"predecessor-version":[{"id":2023,"href":"https:\/\/mercuri.be\/fr\/wp-json\/wp\/v2\/pages\/608\/revisions\/2023"}],"wp:attachment":[{"href":"https:\/\/mercuri.be\/fr\/wp-json\/wp\/v2\/media?parent=608"}],"curies":[{"name":"wp","href":"https:\/\/api.w.org\/{rel}","templated":true}]}}