{"id":601,"date":"2018-11-26T10:49:45","date_gmt":"2018-11-26T10:49:45","guid":{"rendered":"https:\/\/mercuri.be\/?page_id=601"},"modified":"2018-12-20T09:36:26","modified_gmt":"2018-12-20T09:36:26","slug":"methodologies-and-tools","status":"publish","type":"page","link":"https:\/\/mercuri.be\/fr\/methodologies-and-tools\/","title":{"rendered":"Methodologi\u00ebn en tools"},"content":{"rendered":"<h4 class=\"wp-block-heading\">Pour un impact durable sur les r\u00e9sultats de votre entreprise, nous utilisons notre mod\u00e8le en 5 \u00e9tapes pour structurer nos projets :<\/h4>\n\n\n\n<ol class=\"wp-block-list\"><li>Analyse pour d\u00e9terminer ce qui fonctionne bien et ce qui doit \u00eatre am\u00e9lior\u00e9 en priorit\u00e9<\/li><li>Conseil pour concevoir la bonne solution et d\u00e9finir des objectifs communs<\/li><li>Formation pour am\u00e9liorer les capacit\u00e9s, les comp\u00e9tences et les aptitudes<\/li><li>Implementatie om de verkoopgewoontes te veranderen<\/li><li>Consolidation pour garantir les r\u00e9sultats escompt\u00e9s<\/li><\/ol>\n\n\n\n<figure class=\"wp-block-image\"><img decoding=\"async\" src=\"https:\/\/mercuri.net\/wp-content\/uploads\/2018\/06\/5-step_model.jpg\" alt=\"\" \/><\/figure>\n\n\n\n<figure class=\"wp-block-image alignwide\"><img decoding=\"async\" src=\"https:\/\/mercuri.net\/wp-content\/uploads\/2018\/11\/5-step_new.png\" alt=\"\" class=\"wp-image-3306\" \/><\/figure>\n\n\n\n<p style=\"text-align:center\"><a href=\"mailto:%20mercuri@mercuri.nl\">Courriel : info@mercuri.be<\/a><\/p>\n\n\n\n<p style=\"text-align:center\"><a href=\"tel:%20+31 88 63728 74\">Tel : +32 (0)2 245 02 40<\/a><\/p>\n\n\n\n<div class=\"wp-block-button aligncenter\"><a class=\"wp-block-button__link\" href=\"https:\/\/mercuri.be\/fr\/contact\/\">Aidez-moi<\/a><\/div>\n\n\n\n<ul class=\"wp-block-gallery alignfull columns-1 is-cropped wp-block-gallery-1 is-layout-flex wp-block-gallery-is-layout-flex\"><li class=\"blocks-gallery-item\"><figure><img loading=\"lazy\" decoding=\"async\" width=\"1258\" height=\"834\" src=\"https:\/\/mercuri.be\/wp-content\/uploads\/sites\/23\/2018\/12\/istock-684803840-6.jpg\" alt=\"\" class=\"wp-image-895\" srcset=\"https:\/\/mercuri.be\/wp-content\/uploads\/sites\/23\/2018\/12\/istock-684803840-6.jpg 1258w, https:\/\/mercuri.be\/wp-content\/uploads\/sites\/23\/2018\/12\/istock-684803840-6-300x199.jpg 300w, https:\/\/mercuri.be\/wp-content\/uploads\/sites\/23\/2018\/12\/istock-684803840-6-768x509.jpg 768w, https:\/\/mercuri.be\/wp-content\/uploads\/sites\/23\/2018\/12\/istock-684803840-6-1024x679.jpg 1024w, https:\/\/mercuri.be\/wp-content\/uploads\/sites\/23\/2018\/12\/istock-684803840-6-268x178.jpg 268w, https:\/\/mercuri.be\/wp-content\/uploads\/sites\/23\/2018\/12\/istock-684803840-6-600x398.jpg 600w\" sizes=\"(max-width: 1258px) 100vw, 1258px\" \/><figcaption>Businessman running fast upstairs. Horizontal outdoors shot.<\/figcaption><\/figure><\/li><\/ul>","protected":false},"excerpt":{"rendered":"<p>Voor blijvende impact op uw bedrijfsresultaten gebruiken we ons 5-STEP-model om onze projecten te structureren: Analyse om te bepalen wat<\/p>","protected":false},"author":43,"featured_media":0,"parent":0,"menu_order":0,"comment_status":"closed","ping_status":"closed","template":"","meta":{"_acf_changed":false,"_eb_attr":"","form_id":"","editor_notices":[],"footnotes":""},"class_list":["post-601","page","type-page","status-publish","hentry"],"acf":[],"yoast_head":"<!-- This site is optimized with the Yoast SEO plugin v26.6 - https:\/\/yoast.com\/wordpress\/plugins\/seo\/ -->\n<title>Methodologi\u00ebn en tools - Mercuri Belgium<\/title>\n<meta name=\"robots\" content=\"index, follow, max-snippet:-1, max-image-preview:large, max-video-preview:-1\" \/>\n<link rel=\"canonical\" href=\"https:\/\/mercuri.be\/fr\/methodologies-and-tools\/\" \/>\n<meta property=\"og:locale\" content=\"fr_FR\" \/>\n<meta property=\"og:type\" content=\"article\" \/>\n<meta property=\"og:title\" content=\"Methodologi\u00ebn en tools - Mercuri Belgium\" \/>\n<meta property=\"og:description\" content=\"Voor blijvende impact op uw bedrijfsresultaten gebruiken we ons 5-STEP-model om onze projecten te structureren: Analyse om te bepalen wat\" \/>\n<meta property=\"og:url\" content=\"https:\/\/mercuri.be\/fr\/methodologies-and-tools\/\" \/>\n<meta property=\"og:site_name\" content=\"Mercuri Belgium\" \/>\n<meta property=\"article:modified_time\" content=\"2018-12-20T09:36:26+00:00\" \/>\n<meta property=\"og:image\" content=\"https:\/\/mercuri.net\/wp-content\/uploads\/2018\/06\/5-step_model.jpg\" \/>\n<meta name=\"twitter:card\" content=\"summary_large_image\" \/>\n<script type=\"application\/ld+json\" class=\"yoast-schema-graph\">{\"@context\":\"https:\/\/schema.org\",\"@graph\":[{\"@type\":\"WebPage\",\"@id\":\"https:\/\/mercuri.be\/methodologies-and-tools\/\",\"url\":\"https:\/\/mercuri.be\/methodologies-and-tools\/\",\"name\":\"Methodologi\u00ebn en tools - Mercuri Belgium\",\"isPartOf\":{\"@id\":\"https:\/\/mercuri.be\/#website\"},\"primaryImageOfPage\":{\"@id\":\"https:\/\/mercuri.be\/methodologies-and-tools\/#primaryimage\"},\"image\":{\"@id\":\"https:\/\/mercuri.be\/methodologies-and-tools\/#primaryimage\"},\"thumbnailUrl\":\"https:\/\/mercuri.net\/wp-content\/uploads\/2018\/06\/5-step_model.jpg\",\"datePublished\":\"2018-11-26T10:49:45+00:00\",\"dateModified\":\"2018-12-20T09:36:26+00:00\",\"breadcrumb\":{\"@id\":\"https:\/\/mercuri.be\/methodologies-and-tools\/#breadcrumb\"},\"inLanguage\":\"fr-BE\",\"potentialAction\":[{\"@type\":\"ReadAction\",\"target\":[\"https:\/\/mercuri.be\/methodologies-and-tools\/\"]}]},{\"@type\":\"ImageObject\",\"inLanguage\":\"fr-BE\",\"@id\":\"https:\/\/mercuri.be\/methodologies-and-tools\/#primaryimage\",\"url\":\"https:\/\/mercuri.net\/wp-content\/uploads\/2018\/06\/5-step_model.jpg\",\"contentUrl\":\"https:\/\/mercuri.net\/wp-content\/uploads\/2018\/06\/5-step_model.jpg\"},{\"@type\":\"BreadcrumbList\",\"@id\":\"https:\/\/mercuri.be\/methodologies-and-tools\/#breadcrumb\",\"itemListElement\":[{\"@type\":\"ListItem\",\"position\":1,\"name\":\"Home\",\"item\":\"https:\/\/mercuri.be\/\"},{\"@type\":\"ListItem\",\"position\":2,\"name\":\"Methodologi\u00ebn en tools\"}]},{\"@type\":\"WebSite\",\"@id\":\"https:\/\/mercuri.be\/#website\",\"url\":\"https:\/\/mercuri.be\/\",\"name\":\"Mercuri Belgium\",\"description\":\"Mercuri International Belgium site\",\"potentialAction\":[{\"@type\":\"SearchAction\",\"target\":{\"@type\":\"EntryPoint\",\"urlTemplate\":\"https:\/\/mercuri.be\/?s={search_term_string}\"},\"query-input\":{\"@type\":\"PropertyValueSpecification\",\"valueRequired\":true,\"valueName\":\"search_term_string\"}}],\"inLanguage\":\"fr-BE\"}]}<\/script>\n<!-- \/ Yoast SEO plugin. -->","yoast_head_json":{"title":"Methodologi\u00ebn en tools - Mercuri Belgium","robots":{"index":"index","follow":"follow","max-snippet":"max-snippet:-1","max-image-preview":"max-image-preview:large","max-video-preview":"max-video-preview:-1"},"canonical":"https:\/\/mercuri.be\/fr\/methodologies-and-tools\/","og_locale":"fr_FR","og_type":"article","og_title":"Methodologi\u00ebn en tools - Mercuri Belgium","og_description":"Voor blijvende impact op uw bedrijfsresultaten gebruiken we ons 5-STEP-model om onze projecten te structureren: Analyse om te bepalen wat","og_url":"https:\/\/mercuri.be\/fr\/methodologies-and-tools\/","og_site_name":"Mercuri Belgium","article_modified_time":"2018-12-20T09:36:26+00:00","og_image":[{"url":"https:\/\/mercuri.net\/wp-content\/uploads\/2018\/06\/5-step_model.jpg","type":"","width":"","height":""}],"twitter_card":"summary_large_image","schema":{"@context":"https:\/\/schema.org","@graph":[{"@type":"WebPage","@id":"https:\/\/mercuri.be\/methodologies-and-tools\/","url":"https:\/\/mercuri.be\/methodologies-and-tools\/","name":"Methodologi\u00ebn en tools - Mercuri Belgium","isPartOf":{"@id":"https:\/\/mercuri.be\/#website"},"primaryImageOfPage":{"@id":"https:\/\/mercuri.be\/methodologies-and-tools\/#primaryimage"},"image":{"@id":"https:\/\/mercuri.be\/methodologies-and-tools\/#primaryimage"},"thumbnailUrl":"https:\/\/mercuri.net\/wp-content\/uploads\/2018\/06\/5-step_model.jpg","datePublished":"2018-11-26T10:49:45+00:00","dateModified":"2018-12-20T09:36:26+00:00","breadcrumb":{"@id":"https:\/\/mercuri.be\/methodologies-and-tools\/#breadcrumb"},"inLanguage":"fr-BE","potentialAction":[{"@type":"ReadAction","target":["https:\/\/mercuri.be\/methodologies-and-tools\/"]}]},{"@type":"ImageObject","inLanguage":"fr-BE","@id":"https:\/\/mercuri.be\/methodologies-and-tools\/#primaryimage","url":"https:\/\/mercuri.net\/wp-content\/uploads\/2018\/06\/5-step_model.jpg","contentUrl":"https:\/\/mercuri.net\/wp-content\/uploads\/2018\/06\/5-step_model.jpg"},{"@type":"BreadcrumbList","@id":"https:\/\/mercuri.be\/methodologies-and-tools\/#breadcrumb","itemListElement":[{"@type":"ListItem","position":1,"name":"Home","item":"https:\/\/mercuri.be\/"},{"@type":"ListItem","position":2,"name":"Methodologi\u00ebn en tools"}]},{"@type":"WebSite","@id":"https:\/\/mercuri.be\/#website","url":"https:\/\/mercuri.be\/","name":"Mercuri Belgique","description":"Site de Mercuri International Belgium","potentialAction":[{"@type":"SearchAction","target":{"@type":"EntryPoint","urlTemplate":"https:\/\/mercuri.be\/?s={search_term_string}"},"query-input":{"@type":"PropertyValueSpecification","valueRequired":true,"valueName":"search_term_string"}}],"inLanguage":"fr-BE"}]}},"_links":{"self":[{"href":"https:\/\/mercuri.be\/fr\/wp-json\/wp\/v2\/pages\/601","targetHints":{"allow":["GET"]}}],"collection":[{"href":"https:\/\/mercuri.be\/fr\/wp-json\/wp\/v2\/pages"}],"about":[{"href":"https:\/\/mercuri.be\/fr\/wp-json\/wp\/v2\/types\/page"}],"author":[{"embeddable":true,"href":"https:\/\/mercuri.be\/fr\/wp-json\/wp\/v2\/users\/43"}],"replies":[{"embeddable":true,"href":"https:\/\/mercuri.be\/fr\/wp-json\/wp\/v2\/comments?post=601"}],"version-history":[{"count":8,"href":"https:\/\/mercuri.be\/fr\/wp-json\/wp\/v2\/pages\/601\/revisions"}],"predecessor-version":[{"id":1631,"href":"https:\/\/mercuri.be\/fr\/wp-json\/wp\/v2\/pages\/601\/revisions\/1631"}],"wp:attachment":[{"href":"https:\/\/mercuri.be\/fr\/wp-json\/wp\/v2\/media?parent=601"}],"curies":[{"name":"wp","href":"https:\/\/api.w.org\/{rel}","templated":true}]}}