{"id":599,"date":"2018-11-26T10:48:20","date_gmt":"2018-11-26T10:48:20","guid":{"rendered":"https:\/\/mercuri.be\/?page_id=599"},"modified":"2019-01-15T14:49:05","modified_gmt":"2019-01-15T14:49:05","slug":"la-logistique","status":"publish","type":"page","link":"https:\/\/mercuri.be\/fr\/la-logistique\/","title":{"rendered":"Transport et logistique"},"content":{"rendered":"<p class=\"wp-block-subhead\">Le secteur logistique de Mercuri International comprend les transports maritimes, terrestres et a\u00e9riens, les compagnies a\u00e9riennes, les h\u00f4tels et l'industrie du voyage. Mercuri International a fait ses preuves en aidant les entreprises de ces secteurs \u00e0 mieux vendre.<\/p>\n\n\n\n<p>Qu'il s'agisse d'accro\u00eetre les b\u00e9n\u00e9fices, d'augmenter ou de renforcer la base de client\u00e8le, de vendre une gamme plus large de produits et de services ou d'augmenter le chiffre d'affaires, Mercuri International a de solides ant\u00e9c\u00e9dents. Notre capacit\u00e9 \u00e0 nous sp\u00e9cialiser signifie que :<\/p>\n\n\n\n<ul class=\"wp-block-list\"><li>Vous obtenez des solutions de vente et de gestion des ventes sp\u00e9cifiques \u00e0 votre secteur d'activit\u00e9.<\/li><li>Nos consultants en vente ont l'exp\u00e9rience de vos d\u00e9fis<\/li><li>Nous avons une connaissance approfondie de votre secteur d'activit\u00e9 et une large perspective d'activit\u00e9s plus vastes.<br \/><\/li><\/ul>\n\n\n\n<p>Qu'il s'agisse d'un programme international int\u00e9gr\u00e9 ou d'un projet local unique, vous pouvez \u00eatre assur\u00e9 que vous choisissez le m\u00eame partenaire que de nombreuses entreprises de premier ordre en travaillant avec Mercuri International.<\/p>\n\n\n\n<p style=\"text-align:center\"><a href=\"mailto:%20info@mercuri.be\">Courriel : info@mercuri.be<\/a><\/p>\n\n\n\n<p style=\"text-align:center\"><a href=\"tel:%20+32%20(0)2 245 02 40\">Tel : +32 (0)2 245 02 40<\/a><\/p>\n\n\n\n<div class=\"wp-block-button aligncenter\"><a class=\"wp-block-button__link\" href=\"https:\/\/mercuri.be\/fr\/contact\/\">Aidez-moi<\/a><\/div>\n\n\n\n<ul class=\"wp-block-gallery alignfull columns-1 is-cropped wp-block-gallery-1 is-layout-flex wp-block-gallery-is-layout-flex\"><li class=\"blocks-gallery-item\"><figure><img loading=\"lazy\" decoding=\"async\" width=\"3992\" height=\"2992\" src=\"https:\/\/mercuri.be\/wp-content\/uploads\/sites\/23\/2018\/12\/istock-636036276.jpg\" alt=\"\" class=\"wp-image-870\" srcset=\"https:\/\/mercuri.be\/wp-content\/uploads\/sites\/23\/2018\/12\/istock-636036276.jpg 3992w, https:\/\/mercuri.be\/wp-content\/uploads\/sites\/23\/2018\/12\/istock-636036276-300x225.jpg 300w, https:\/\/mercuri.be\/wp-content\/uploads\/sites\/23\/2018\/12\/istock-636036276-768x576.jpg 768w, https:\/\/mercuri.be\/wp-content\/uploads\/sites\/23\/2018\/12\/istock-636036276-1024x767.jpg 1024w, https:\/\/mercuri.be\/wp-content\/uploads\/sites\/23\/2018\/12\/istock-636036276-600x450.jpg 600w\" sizes=\"(max-width: 3992px) 100vw, 3992px\" \/><\/figure><\/li><\/ul>","protected":false},"excerpt":{"rendered":"<p>Of het nu gaat om het verhogen van de winst, het vergroten of versterken van het klantenbestand, het verkopen van<\/p>","protected":false},"author":43,"featured_media":0,"parent":0,"menu_order":0,"comment_status":"closed","ping_status":"closed","template":"","meta":{"_acf_changed":false,"_eb_attr":"","form_id":"","editor_notices":[],"footnotes":""},"class_list":["post-599","page","type-page","status-publish","hentry"],"acf":[],"yoast_head":"<!-- This site is optimized with the Yoast SEO plugin v26.6 - https:\/\/yoast.com\/wordpress\/plugins\/seo\/ -->\n<title>Transport en Logistiek - Mercuri Belgium<\/title>\n<meta name=\"robots\" content=\"index, follow, max-snippet:-1, max-image-preview:large, max-video-preview:-1\" \/>\n<link rel=\"canonical\" href=\"https:\/\/mercuri.be\/fr\/la-logistique\/\" \/>\n<meta property=\"og:locale\" content=\"fr_FR\" \/>\n<meta property=\"og:type\" content=\"article\" \/>\n<meta property=\"og:title\" content=\"Transport en Logistiek - Mercuri Belgium\" \/>\n<meta property=\"og:description\" content=\"Of het nu gaat om het verhogen van de winst, het vergroten of versterken van het klantenbestand, het verkopen van\" \/>\n<meta property=\"og:url\" content=\"https:\/\/mercuri.be\/fr\/la-logistique\/\" \/>\n<meta property=\"og:site_name\" content=\"Mercuri Belgium\" \/>\n<meta property=\"article:modified_time\" content=\"2019-01-15T14:49:05+00:00\" \/>\n<meta property=\"og:image\" content=\"https:\/\/mercuri.be\/wp-content\/uploads\/sites\/23\/2018\/12\/istock-636036276.jpg\" \/>\n<meta name=\"twitter:card\" content=\"summary_large_image\" \/>\n<meta name=\"twitter:label1\" content=\"Est. reading time\" \/>\n\t<meta name=\"twitter:data1\" content=\"1 minute\" \/>\n<script type=\"application\/ld+json\" class=\"yoast-schema-graph\">{\"@context\":\"https:\/\/schema.org\",\"@graph\":[{\"@type\":\"WebPage\",\"@id\":\"https:\/\/mercuri.be\/logistics\/\",\"url\":\"https:\/\/mercuri.be\/logistics\/\",\"name\":\"Transport en Logistiek - Mercuri Belgium\",\"isPartOf\":{\"@id\":\"https:\/\/mercuri.be\/#website\"},\"primaryImageOfPage\":{\"@id\":\"https:\/\/mercuri.be\/logistics\/#primaryimage\"},\"image\":{\"@id\":\"https:\/\/mercuri.be\/logistics\/#primaryimage\"},\"thumbnailUrl\":\"https:\/\/mercuri.be\/wp-content\/uploads\/sites\/23\/2018\/12\/istock-636036276.jpg\",\"datePublished\":\"2018-11-26T10:48:20+00:00\",\"dateModified\":\"2019-01-15T14:49:05+00:00\",\"breadcrumb\":{\"@id\":\"https:\/\/mercuri.be\/logistics\/#breadcrumb\"},\"inLanguage\":\"fr-BE\",\"potentialAction\":[{\"@type\":\"ReadAction\",\"target\":[\"https:\/\/mercuri.be\/logistics\/\"]}]},{\"@type\":\"ImageObject\",\"inLanguage\":\"fr-BE\",\"@id\":\"https:\/\/mercuri.be\/logistics\/#primaryimage\",\"url\":\"https:\/\/mercuri.be\/wp-content\/uploads\/sites\/23\/2018\/12\/istock-636036276.jpg\",\"contentUrl\":\"https:\/\/mercuri.be\/wp-content\/uploads\/sites\/23\/2018\/12\/istock-636036276.jpg\"},{\"@type\":\"BreadcrumbList\",\"@id\":\"https:\/\/mercuri.be\/logistics\/#breadcrumb\",\"itemListElement\":[{\"@type\":\"ListItem\",\"position\":1,\"name\":\"Home\",\"item\":\"https:\/\/mercuri.be\/\"},{\"@type\":\"ListItem\",\"position\":2,\"name\":\"Transport en Logistiek\"}]},{\"@type\":\"WebSite\",\"@id\":\"https:\/\/mercuri.be\/#website\",\"url\":\"https:\/\/mercuri.be\/\",\"name\":\"Mercuri Belgium\",\"description\":\"Mercuri International Belgium site\",\"potentialAction\":[{\"@type\":\"SearchAction\",\"target\":{\"@type\":\"EntryPoint\",\"urlTemplate\":\"https:\/\/mercuri.be\/?s={search_term_string}\"},\"query-input\":{\"@type\":\"PropertyValueSpecification\",\"valueRequired\":true,\"valueName\":\"search_term_string\"}}],\"inLanguage\":\"fr-BE\"}]}<\/script>\n<!-- \/ Yoast SEO plugin. -->","yoast_head_json":{"title":"Transport en Logistiek - Mercuri Belgium","robots":{"index":"index","follow":"follow","max-snippet":"max-snippet:-1","max-image-preview":"max-image-preview:large","max-video-preview":"max-video-preview:-1"},"canonical":"https:\/\/mercuri.be\/fr\/la-logistique\/","og_locale":"fr_FR","og_type":"article","og_title":"Transport en Logistiek - Mercuri Belgium","og_description":"Of het nu gaat om het verhogen van de winst, het vergroten of versterken van het klantenbestand, het verkopen van","og_url":"https:\/\/mercuri.be\/fr\/la-logistique\/","og_site_name":"Mercuri Belgium","article_modified_time":"2019-01-15T14:49:05+00:00","og_image":[{"url":"https:\/\/mercuri.be\/wp-content\/uploads\/sites\/23\/2018\/12\/istock-636036276.jpg","type":"","width":"","height":""}],"twitter_card":"summary_large_image","twitter_misc":{"Est. reading time":"1 minute"},"schema":{"@context":"https:\/\/schema.org","@graph":[{"@type":"WebPage","@id":"https:\/\/mercuri.be\/logistics\/","url":"https:\/\/mercuri.be\/logistics\/","name":"Transport en Logistiek - Mercuri Belgium","isPartOf":{"@id":"https:\/\/mercuri.be\/#website"},"primaryImageOfPage":{"@id":"https:\/\/mercuri.be\/logistics\/#primaryimage"},"image":{"@id":"https:\/\/mercuri.be\/logistics\/#primaryimage"},"thumbnailUrl":"https:\/\/mercuri.be\/wp-content\/uploads\/sites\/23\/2018\/12\/istock-636036276.jpg","datePublished":"2018-11-26T10:48:20+00:00","dateModified":"2019-01-15T14:49:05+00:00","breadcrumb":{"@id":"https:\/\/mercuri.be\/logistics\/#breadcrumb"},"inLanguage":"fr-BE","potentialAction":[{"@type":"ReadAction","target":["https:\/\/mercuri.be\/logistics\/"]}]},{"@type":"ImageObject","inLanguage":"fr-BE","@id":"https:\/\/mercuri.be\/logistics\/#primaryimage","url":"https:\/\/mercuri.be\/wp-content\/uploads\/sites\/23\/2018\/12\/istock-636036276.jpg","contentUrl":"https:\/\/mercuri.be\/wp-content\/uploads\/sites\/23\/2018\/12\/istock-636036276.jpg"},{"@type":"BreadcrumbList","@id":"https:\/\/mercuri.be\/logistics\/#breadcrumb","itemListElement":[{"@type":"ListItem","position":1,"name":"Home","item":"https:\/\/mercuri.be\/"},{"@type":"ListItem","position":2,"name":"Transport en Logistiek"}]},{"@type":"WebSite","@id":"https:\/\/mercuri.be\/#website","url":"https:\/\/mercuri.be\/","name":"Mercuri Belgique","description":"Site de Mercuri International Belgium","potentialAction":[{"@type":"SearchAction","target":{"@type":"EntryPoint","urlTemplate":"https:\/\/mercuri.be\/?s={search_term_string}"},"query-input":{"@type":"PropertyValueSpecification","valueRequired":true,"valueName":"search_term_string"}}],"inLanguage":"fr-BE"}]}},"_links":{"self":[{"href":"https:\/\/mercuri.be\/fr\/wp-json\/wp\/v2\/pages\/599","targetHints":{"allow":["GET"]}}],"collection":[{"href":"https:\/\/mercuri.be\/fr\/wp-json\/wp\/v2\/pages"}],"about":[{"href":"https:\/\/mercuri.be\/fr\/wp-json\/wp\/v2\/types\/page"}],"author":[{"embeddable":true,"href":"https:\/\/mercuri.be\/fr\/wp-json\/wp\/v2\/users\/43"}],"replies":[{"embeddable":true,"href":"https:\/\/mercuri.be\/fr\/wp-json\/wp\/v2\/comments?post=599"}],"version-history":[{"count":9,"href":"https:\/\/mercuri.be\/fr\/wp-json\/wp\/v2\/pages\/599\/revisions"}],"predecessor-version":[{"id":1874,"href":"https:\/\/mercuri.be\/fr\/wp-json\/wp\/v2\/pages\/599\/revisions\/1874"}],"wp:attachment":[{"href":"https:\/\/mercuri.be\/fr\/wp-json\/wp\/v2\/media?parent=599"}],"curies":[{"name":"wp","href":"https:\/\/api.w.org\/{rel}","templated":true}]}}