{"id":595,"date":"2018-11-26T10:42:10","date_gmt":"2018-11-26T10:42:10","guid":{"rendered":"https:\/\/mercuri.be\/?page_id=595"},"modified":"2019-01-15T14:37:34","modified_gmt":"2019-01-15T14:37:34","slug":"informatique-et-telecommunications","status":"publish","type":"page","link":"https:\/\/mercuri.be\/fr\/informatique-et-telecommunications\/","title":{"rendered":"Technologies de l'information et des t\u00e9l\u00e9communications"},"content":{"rendered":"<p class=\"wp-block-subhead\">De puissants facteurs influencent ce secteur en pleine \u00e9volution. Mercuri International propose des m\u00e9thodes innovantes et sp\u00e9cifiques \u00e0 l'industrie afin d'obtenir des performances de vente puissantes pour les acteurs cl\u00e9s de la technologie et des t\u00e9l\u00e9communications.<\/p>\n\n\n\n<p>Au cours des cinq derni\u00e8res ann\u00e9es, nous avons travaill\u00e9 avec plus de 80% des principaux acteurs et, depuis plus de 50 ans, nous aidons l'industrie \u00e0 relever les d\u00e9fis mondiaux.<\/p>\n\n\n\n<p>La technologie elle-m\u00eame n'offre plus de diff\u00e9renciation durable. Pour cr\u00e9er une perception diff\u00e9renci\u00e9e, nous devons prendre en compte toutes les ressources de l'entreprise au-del\u00e0 de la technologie du produit. Nous avons aid\u00e9 les \u00e9quipes de vente \u00e0 communiquer cette diff\u00e9rence \u00e0 leurs clients.<\/p>\n\n\n\n<ul class=\"wp-block-gallery columns-1 is-cropped wp-block-gallery-1 is-layout-flex wp-block-gallery-is-layout-flex\"><li class=\"blocks-gallery-item\"><figure><img loading=\"lazy\" decoding=\"async\" width=\"4200\" height=\"3010\" src=\"https:\/\/mercuri.be\/wp-content\/uploads\/sites\/23\/2018\/12\/istock-510564121.jpg\" alt=\"\" class=\"wp-image-843\" srcset=\"https:\/\/mercuri.be\/wp-content\/uploads\/sites\/23\/2018\/12\/istock-510564121.jpg 4200w, https:\/\/mercuri.be\/wp-content\/uploads\/sites\/23\/2018\/12\/istock-510564121-300x215.jpg 300w, https:\/\/mercuri.be\/wp-content\/uploads\/sites\/23\/2018\/12\/istock-510564121-768x550.jpg 768w, https:\/\/mercuri.be\/wp-content\/uploads\/sites\/23\/2018\/12\/istock-510564121-1024x734.jpg 1024w, https:\/\/mercuri.be\/wp-content\/uploads\/sites\/23\/2018\/12\/istock-510564121-600x430.jpg 600w\" sizes=\"(max-width: 4200px) 100vw, 4200px\" \/><\/figure><\/li><\/ul>\n\n\n\n<p>Avec la banalisation de nombreuses technologies et la protection des marges, nous avons aid\u00e9 nos clients \u00e0 communiquer la valeur que leurs actifs organisationnels peuvent apporter \u00e0 leurs clients. Pour la direction des ventes, nous avons d\u00e9velopp\u00e9 des programmes pour les aider \u00e0 d\u00e9finir et \u00e0 mettre en \u0153uvre des strat\u00e9gies de r\u00e9cup\u00e9ration des marges. Pour les vendeurs, nous avons contribu\u00e9 \u00e0 d\u00e9velopper les comp\u00e9tences n\u00e9cessaires pour n\u00e9gocier la meilleure offre initiale et vendre des produits et services \u00e0 forte marge.<\/p>\n\n\n\n<p>Nous avons aid\u00e9 les responsables de comptes globaux et strat\u00e9giques \u00e0 g\u00e9rer leurs \u00e9quipes virtuelles, \u00e0 faire de la vente crois\u00e9e et de la vente incitative pour leur permettre d'augmenter leur \"part de portefeuille\".<\/p>\n\n\n\n<p>Avec l'approvisionnement professionnel, nous avons d\u00e9velopp\u00e9 de plus en plus de strat\u00e9gies et de tactiques pour g\u00e9rer les besoins de nos clients en mati\u00e8re d'approvisionnement.<\/p>\n\n\n\n<h3 class=\"wp-block-heading\">Nos solutions d\u00e9pendent des d\u00e9fis sp\u00e9cifiques. Voici les plus courants :<\/h3>\n\n\n\n<ul class=\"wp-block-list\"><li>Analyse pour indiquer l'ordre des d\u00e9fis les plus critiques<\/li><li>D\u00e9velopper les comp\u00e9tences, les processus et les m\u00e9thodes pour r\u00e9soudre les probl\u00e8mes critiques<\/li><li>Gestion des comptes au niveau mondial<\/li><li>Recrutement de nouveaux vendeurs<\/li><li>Coaching de gestion<\/li><li>Planification et ex\u00e9cution de la gestion strat\u00e9gique<\/li><li>Gestion du processus de vente et du pipeline<\/li><li>D\u00e9velopper les comp\u00e9tences pour l'am\u00e9lioration du pipeline et des processus<\/li><li>Solutions par pays ou par march\u00e9<\/li><li>Des solutions globales dans la langue locale et avec des personnes issues de la culture locale<br \/><\/li><\/ul>\n\n\n\n<p style=\"text-align:center\"><a href=\"mailto:%20info@mercuri.be\">Courriel : info@mercuri.be<\/a><\/p>\n\n\n\n<p style=\"text-align:center\"><a href=\"tel:%20+32%20(0)2 245 02 40\">Tel : +32 (0)2 245 02 40<\/a><\/p>\n\n\n\n<div class=\"wp-block-button aligncenter\"><a class=\"wp-block-button__link\" href=\"https:\/\/mercuri.be\/fr\/contact\/\">Aidez-moi<\/a><\/div>\n\n\n\n<ul class=\"wp-block-gallery alignfull columns-1 is-cropped wp-block-gallery-2 is-layout-flex wp-block-gallery-is-layout-flex\"><li class=\"blocks-gallery-item\"><figure><img loading=\"lazy\" decoding=\"async\" width=\"1258\" height=\"834\" src=\"https:\/\/mercuri.be\/wp-content\/uploads\/sites\/23\/2018\/12\/istock-684803840-2.jpg\" alt=\"\" class=\"wp-image-845\" srcset=\"https:\/\/mercuri.be\/wp-content\/uploads\/sites\/23\/2018\/12\/istock-684803840-2.jpg 1258w, https:\/\/mercuri.be\/wp-content\/uploads\/sites\/23\/2018\/12\/istock-684803840-2-300x199.jpg 300w, https:\/\/mercuri.be\/wp-content\/uploads\/sites\/23\/2018\/12\/istock-684803840-2-768x509.jpg 768w, https:\/\/mercuri.be\/wp-content\/uploads\/sites\/23\/2018\/12\/istock-684803840-2-1024x679.jpg 1024w, https:\/\/mercuri.be\/wp-content\/uploads\/sites\/23\/2018\/12\/istock-684803840-2-268x178.jpg 268w, https:\/\/mercuri.be\/wp-content\/uploads\/sites\/23\/2018\/12\/istock-684803840-2-600x398.jpg 600w\" sizes=\"(max-width: 1258px) 100vw, 1258px\" \/><\/figure><\/li><\/ul>","protected":false},"excerpt":{"rendered":"<p>In de afgelopen 5 jaar hebben we met meer dan 80% van de belangrijkste spelers samengewerkt en al meer dan<\/p>","protected":false},"author":43,"featured_media":0,"parent":0,"menu_order":0,"comment_status":"closed","ping_status":"closed","template":"","meta":{"_acf_changed":false,"_eb_attr":"","form_id":"","editor_notices":[],"footnotes":""},"class_list":["post-595","page","type-page","status-publish","hentry"],"acf":[],"yoast_head":"<!-- This site is optimized with the Yoast SEO plugin v26.6 - https:\/\/yoast.com\/wordpress\/plugins\/seo\/ -->\n<title>IT en Telecom - Mercuri Belgium<\/title>\n<meta name=\"robots\" content=\"index, follow, max-snippet:-1, max-image-preview:large, max-video-preview:-1\" \/>\n<link rel=\"canonical\" href=\"https:\/\/mercuri.be\/fr\/informatique-et-telecommunications\/\" \/>\n<meta property=\"og:locale\" content=\"fr_FR\" \/>\n<meta property=\"og:type\" content=\"article\" \/>\n<meta property=\"og:title\" content=\"IT en Telecom - Mercuri Belgium\" \/>\n<meta property=\"og:description\" content=\"In de afgelopen 5 jaar hebben we met meer dan 80% van de belangrijkste spelers samengewerkt en al meer dan\" \/>\n<meta property=\"og:url\" content=\"https:\/\/mercuri.be\/fr\/informatique-et-telecommunications\/\" \/>\n<meta property=\"og:site_name\" content=\"Mercuri Belgium\" \/>\n<meta property=\"article:modified_time\" content=\"2019-01-15T14:37:34+00:00\" \/>\n<meta property=\"og:image\" content=\"https:\/\/mercuri.be\/wp-content\/uploads\/sites\/23\/2018\/12\/istock-510564121.jpg\" \/>\n<meta name=\"twitter:card\" content=\"summary_large_image\" \/>\n<meta name=\"twitter:label1\" content=\"Est. reading time\" \/>\n\t<meta name=\"twitter:data1\" content=\"2 minutes\" \/>\n<script type=\"application\/ld+json\" class=\"yoast-schema-graph\">{\"@context\":\"https:\/\/schema.org\",\"@graph\":[{\"@type\":\"WebPage\",\"@id\":\"https:\/\/mercuri.be\/it-and-telecoms\/\",\"url\":\"https:\/\/mercuri.be\/it-and-telecoms\/\",\"name\":\"IT en Telecom - Mercuri Belgium\",\"isPartOf\":{\"@id\":\"https:\/\/mercuri.be\/#website\"},\"primaryImageOfPage\":{\"@id\":\"https:\/\/mercuri.be\/it-and-telecoms\/#primaryimage\"},\"image\":{\"@id\":\"https:\/\/mercuri.be\/it-and-telecoms\/#primaryimage\"},\"thumbnailUrl\":\"https:\/\/mercuri.be\/wp-content\/uploads\/sites\/23\/2018\/12\/istock-510564121.jpg\",\"datePublished\":\"2018-11-26T10:42:10+00:00\",\"dateModified\":\"2019-01-15T14:37:34+00:00\",\"breadcrumb\":{\"@id\":\"https:\/\/mercuri.be\/it-and-telecoms\/#breadcrumb\"},\"inLanguage\":\"fr-BE\",\"potentialAction\":[{\"@type\":\"ReadAction\",\"target\":[\"https:\/\/mercuri.be\/it-and-telecoms\/\"]}]},{\"@type\":\"ImageObject\",\"inLanguage\":\"fr-BE\",\"@id\":\"https:\/\/mercuri.be\/it-and-telecoms\/#primaryimage\",\"url\":\"https:\/\/mercuri.be\/wp-content\/uploads\/sites\/23\/2018\/12\/istock-510564121.jpg\",\"contentUrl\":\"https:\/\/mercuri.be\/wp-content\/uploads\/sites\/23\/2018\/12\/istock-510564121.jpg\"},{\"@type\":\"BreadcrumbList\",\"@id\":\"https:\/\/mercuri.be\/it-and-telecoms\/#breadcrumb\",\"itemListElement\":[{\"@type\":\"ListItem\",\"position\":1,\"name\":\"Home\",\"item\":\"https:\/\/mercuri.be\/\"},{\"@type\":\"ListItem\",\"position\":2,\"name\":\"IT en Telecom\"}]},{\"@type\":\"WebSite\",\"@id\":\"https:\/\/mercuri.be\/#website\",\"url\":\"https:\/\/mercuri.be\/\",\"name\":\"Mercuri Belgium\",\"description\":\"Mercuri International Belgium site\",\"potentialAction\":[{\"@type\":\"SearchAction\",\"target\":{\"@type\":\"EntryPoint\",\"urlTemplate\":\"https:\/\/mercuri.be\/?s={search_term_string}\"},\"query-input\":{\"@type\":\"PropertyValueSpecification\",\"valueRequired\":true,\"valueName\":\"search_term_string\"}}],\"inLanguage\":\"fr-BE\"}]}<\/script>\n<!-- \/ Yoast SEO plugin. -->","yoast_head_json":{"title":"IT en Telecom - Mercuri Belgium","robots":{"index":"index","follow":"follow","max-snippet":"max-snippet:-1","max-image-preview":"max-image-preview:large","max-video-preview":"max-video-preview:-1"},"canonical":"https:\/\/mercuri.be\/fr\/informatique-et-telecommunications\/","og_locale":"fr_FR","og_type":"article","og_title":"IT en Telecom - Mercuri Belgium","og_description":"In de afgelopen 5 jaar hebben we met meer dan 80% van de belangrijkste spelers samengewerkt en al meer dan","og_url":"https:\/\/mercuri.be\/fr\/informatique-et-telecommunications\/","og_site_name":"Mercuri Belgium","article_modified_time":"2019-01-15T14:37:34+00:00","og_image":[{"url":"https:\/\/mercuri.be\/wp-content\/uploads\/sites\/23\/2018\/12\/istock-510564121.jpg","type":"","width":"","height":""}],"twitter_card":"summary_large_image","twitter_misc":{"Est. reading time":"2 minutes"},"schema":{"@context":"https:\/\/schema.org","@graph":[{"@type":"WebPage","@id":"https:\/\/mercuri.be\/it-and-telecoms\/","url":"https:\/\/mercuri.be\/it-and-telecoms\/","name":"IT en Telecom - Mercuri Belgium","isPartOf":{"@id":"https:\/\/mercuri.be\/#website"},"primaryImageOfPage":{"@id":"https:\/\/mercuri.be\/it-and-telecoms\/#primaryimage"},"image":{"@id":"https:\/\/mercuri.be\/it-and-telecoms\/#primaryimage"},"thumbnailUrl":"https:\/\/mercuri.be\/wp-content\/uploads\/sites\/23\/2018\/12\/istock-510564121.jpg","datePublished":"2018-11-26T10:42:10+00:00","dateModified":"2019-01-15T14:37:34+00:00","breadcrumb":{"@id":"https:\/\/mercuri.be\/it-and-telecoms\/#breadcrumb"},"inLanguage":"fr-BE","potentialAction":[{"@type":"ReadAction","target":["https:\/\/mercuri.be\/it-and-telecoms\/"]}]},{"@type":"ImageObject","inLanguage":"fr-BE","@id":"https:\/\/mercuri.be\/it-and-telecoms\/#primaryimage","url":"https:\/\/mercuri.be\/wp-content\/uploads\/sites\/23\/2018\/12\/istock-510564121.jpg","contentUrl":"https:\/\/mercuri.be\/wp-content\/uploads\/sites\/23\/2018\/12\/istock-510564121.jpg"},{"@type":"BreadcrumbList","@id":"https:\/\/mercuri.be\/it-and-telecoms\/#breadcrumb","itemListElement":[{"@type":"ListItem","position":1,"name":"Home","item":"https:\/\/mercuri.be\/"},{"@type":"ListItem","position":2,"name":"IT en Telecom"}]},{"@type":"WebSite","@id":"https:\/\/mercuri.be\/#website","url":"https:\/\/mercuri.be\/","name":"Mercuri Belgique","description":"Site de Mercuri International Belgium","potentialAction":[{"@type":"SearchAction","target":{"@type":"EntryPoint","urlTemplate":"https:\/\/mercuri.be\/?s={search_term_string}"},"query-input":{"@type":"PropertyValueSpecification","valueRequired":true,"valueName":"search_term_string"}}],"inLanguage":"fr-BE"}]}},"_links":{"self":[{"href":"https:\/\/mercuri.be\/fr\/wp-json\/wp\/v2\/pages\/595","targetHints":{"allow":["GET"]}}],"collection":[{"href":"https:\/\/mercuri.be\/fr\/wp-json\/wp\/v2\/pages"}],"about":[{"href":"https:\/\/mercuri.be\/fr\/wp-json\/wp\/v2\/types\/page"}],"author":[{"embeddable":true,"href":"https:\/\/mercuri.be\/fr\/wp-json\/wp\/v2\/users\/43"}],"replies":[{"embeddable":true,"href":"https:\/\/mercuri.be\/fr\/wp-json\/wp\/v2\/comments?post=595"}],"version-history":[{"count":12,"href":"https:\/\/mercuri.be\/fr\/wp-json\/wp\/v2\/pages\/595\/revisions"}],"predecessor-version":[{"id":1867,"href":"https:\/\/mercuri.be\/fr\/wp-json\/wp\/v2\/pages\/595\/revisions\/1867"}],"wp:attachment":[{"href":"https:\/\/mercuri.be\/fr\/wp-json\/wp\/v2\/media?parent=595"}],"curies":[{"name":"wp","href":"https:\/\/api.w.org\/{rel}","templated":true}]}}