{"id":593,"date":"2018-11-26T10:40:59","date_gmt":"2018-11-26T10:40:59","guid":{"rendered":"https:\/\/mercuri.be\/?page_id=593"},"modified":"2019-07-15T09:22:32","modified_gmt":"2019-07-15T09:22:32","slug":"services-financiers-et-professionnels","status":"publish","type":"page","link":"https:\/\/mercuri.be\/fr\/services-financiers-et-professionnels\/","title":{"rendered":"Services financiers et professionnels"},"content":{"rendered":"<p class=\"wp-block-subhead\">Mercuri International aide ses clients du secteur financier et des services \u00e0 gagner, \u00e0 d\u00e9velopper et \u00e0 maintenir des affaires rentables.<\/p>\n\n\n\n<p>Plus de 500 clients dans l'industrie ont choisi Mercuri pour d\u00e9velopper leur personnel orient\u00e9 client et leurs managers. Ces clients disent avoir choisi Mercuri pour les raisons suivantes<\/p>\n\n\n\n<ul class=\"wp-block-list\"><li>profondeur et diversit\u00e9<\/li><li>cr\u00e9dibilit\u00e9 et cr\u00e9ativit\u00e9<\/li><li>puissance et capacit\u00e9<\/li><li>flexibilit\u00e9 et concentration<\/li><li>performance et efficacit\u00e9<\/li><\/ul>\n\n\n\n<p>Ils nous utilisent pour :<\/p>\n\n\n\n<ul class=\"wp-block-list\"><li>analyser leur situation commerciale<\/li><li>concevoir des solutions efficaces<\/li><li>dispenser une formation qui fonctionne (\u00e0 la fois en face \u00e0 face et en ligne)<\/li><li>veiller \u00e0 ce que les connaissances acquises soient mises en pratique<\/li><li>consolider le processus dans le cadre du \"Business As Usual\" (fonctionnement normal)<\/li><\/ul>\n\n\n\n<p>Ces clients comprennent 50% des 50 plus grandes multinationales du monde, ainsi que des entreprises sp\u00e9cialis\u00e9es dans la finance, des ind\u00e9pendants et des acteurs de niche. Ils vont des grands comptables et des banques mondiales aux assureurs, en passant par les gestionnaires d'actifs et les conseillers en avantages sociaux.<\/p>\n\n\n\n<p>Vous voulez en savoir plus sur la formation \u00e0 la vente dans le secteur financier ?<\/p>\n\n\n\n<p style=\"text-align:center\"><a href=\"mailto:%20info@mercuri.be\">Courriel : info@mercuri.be<\/a><\/p>\n\n\n\n<p style=\"text-align:center\"><a href=\"tel:%20+32%20(0)2 245 02 40\">Tel : +32 (0)2 245 02 40<\/a><\/p>\n\n\n\n<div class=\"wp-block-button aligncenter\"><a class=\"wp-block-button__link\" href=\"https:\/\/mercuri.be\/fr\/contact\/\">Aidez-moi<\/a><\/div>\n\n\n\n<ul class=\"wp-block-gallery alignfull columns-1 is-cropped wp-block-gallery-1 is-layout-flex wp-block-gallery-is-layout-flex\"><li class=\"blocks-gallery-item\"><figure><img loading=\"lazy\" decoding=\"async\" width=\"5760\" height=\"3840\" src=\"https:\/\/mercuri.be\/wp-content\/uploads\/sites\/23\/2018\/12\/istock-612387410.jpg\" alt=\"\" class=\"wp-image-819\" srcset=\"https:\/\/mercuri.be\/wp-content\/uploads\/sites\/23\/2018\/12\/istock-612387410.jpg 5760w, https:\/\/mercuri.be\/wp-content\/uploads\/sites\/23\/2018\/12\/istock-612387410-266x178.jpg 266w, https:\/\/mercuri.be\/wp-content\/uploads\/sites\/23\/2018\/12\/istock-612387410-300x200.jpg 300w, https:\/\/mercuri.be\/wp-content\/uploads\/sites\/23\/2018\/12\/istock-612387410-768x512.jpg 768w, https:\/\/mercuri.be\/wp-content\/uploads\/sites\/23\/2018\/12\/istock-612387410-1024x683.jpg 1024w, https:\/\/mercuri.be\/wp-content\/uploads\/sites\/23\/2018\/12\/istock-612387410-268x178.jpg 268w, https:\/\/mercuri.be\/wp-content\/uploads\/sites\/23\/2018\/12\/istock-612387410-600x400.jpg 600w\" sizes=\"(max-width: 5760px) 100vw, 5760px\" \/><\/figure><\/li><\/ul>","protected":false},"excerpt":{"rendered":"<p>Meer dan 500 klanten uit de hele sector hebben Mercuri gekozen om hun klantgerichte mensen en hun managers te ontwikkelen.<\/p>","protected":false},"author":43,"featured_media":0,"parent":0,"menu_order":0,"comment_status":"closed","ping_status":"closed","template":"","meta":{"_acf_changed":false,"_eb_attr":"","form_id":"","editor_notices":[],"footnotes":""},"class_list":["post-593","page","type-page","status-publish","hentry"],"acf":[],"yoast_head":"<!-- This site is optimized with the Yoast SEO plugin v26.6 - https:\/\/yoast.com\/wordpress\/plugins\/seo\/ -->\n<title>Mercuri - Commerci\u00eble ontwikkeling - Financi\u00eble en professionele diensten<\/title>\n<meta name=\"description\" content=\"Wilt u meer weten over commerci\u00eble training in de financi\u00eble sector? Sales excellence - blended leren - verkoop training - Marktleider in sales ontwikkeling\" \/>\n<meta name=\"robots\" content=\"index, follow, max-snippet:-1, max-image-preview:large, max-video-preview:-1\" \/>\n<link rel=\"canonical\" href=\"https:\/\/mercuri.be\/fr\/services-financiers-et-professionnels\/\" \/>\n<meta property=\"og:locale\" content=\"fr_FR\" \/>\n<meta property=\"og:type\" content=\"article\" \/>\n<meta property=\"og:title\" content=\"Mercuri - Commerci\u00eble ontwikkeling - Financi\u00eble en professionele diensten\" \/>\n<meta property=\"og:description\" content=\"Wilt u meer weten over commerci\u00eble training in de financi\u00eble sector? Sales excellence - blended leren - verkoop training - Marktleider in sales ontwikkeling\" \/>\n<meta property=\"og:url\" content=\"https:\/\/mercuri.be\/fr\/services-financiers-et-professionnels\/\" \/>\n<meta property=\"og:site_name\" content=\"Mercuri Belgium\" \/>\n<meta property=\"article:modified_time\" content=\"2019-07-15T09:22:32+00:00\" \/>\n<meta property=\"og:image\" content=\"https:\/\/mercuri.be\/wp-content\/uploads\/sites\/23\/2018\/12\/istock-612387410.jpg\" \/>\n<meta name=\"twitter:card\" content=\"summary_large_image\" \/>\n<meta name=\"twitter:label1\" content=\"Est. reading time\" \/>\n\t<meta name=\"twitter:data1\" content=\"1 minute\" \/>\n<script type=\"application\/ld+json\" class=\"yoast-schema-graph\">{\"@context\":\"https:\/\/schema.org\",\"@graph\":[{\"@type\":\"WebPage\",\"@id\":\"https:\/\/mercuri.be\/financial-and-professional-services\/\",\"url\":\"https:\/\/mercuri.be\/financial-and-professional-services\/\",\"name\":\"Mercuri - Commerci\u00eble ontwikkeling - Financi\u00eble en professionele diensten\",\"isPartOf\":{\"@id\":\"https:\/\/mercuri.be\/#website\"},\"primaryImageOfPage\":{\"@id\":\"https:\/\/mercuri.be\/financial-and-professional-services\/#primaryimage\"},\"image\":{\"@id\":\"https:\/\/mercuri.be\/financial-and-professional-services\/#primaryimage\"},\"thumbnailUrl\":\"https:\/\/mercuri.be\/wp-content\/uploads\/sites\/23\/2018\/12\/istock-612387410.jpg\",\"datePublished\":\"2018-11-26T10:40:59+00:00\",\"dateModified\":\"2019-07-15T09:22:32+00:00\",\"description\":\"Wilt u meer weten over commerci\u00eble training in de financi\u00eble sector? Sales excellence - blended leren - verkoop training - Marktleider in sales ontwikkeling\",\"breadcrumb\":{\"@id\":\"https:\/\/mercuri.be\/financial-and-professional-services\/#breadcrumb\"},\"inLanguage\":\"fr-BE\",\"potentialAction\":[{\"@type\":\"ReadAction\",\"target\":[\"https:\/\/mercuri.be\/financial-and-professional-services\/\"]}]},{\"@type\":\"ImageObject\",\"inLanguage\":\"fr-BE\",\"@id\":\"https:\/\/mercuri.be\/financial-and-professional-services\/#primaryimage\",\"url\":\"https:\/\/mercuri.be\/wp-content\/uploads\/sites\/23\/2018\/12\/istock-612387410.jpg\",\"contentUrl\":\"https:\/\/mercuri.be\/wp-content\/uploads\/sites\/23\/2018\/12\/istock-612387410.jpg\"},{\"@type\":\"BreadcrumbList\",\"@id\":\"https:\/\/mercuri.be\/financial-and-professional-services\/#breadcrumb\",\"itemListElement\":[{\"@type\":\"ListItem\",\"position\":1,\"name\":\"Home\",\"item\":\"https:\/\/mercuri.be\/\"},{\"@type\":\"ListItem\",\"position\":2,\"name\":\"Financi\u00eble en professionele diensten\"}]},{\"@type\":\"WebSite\",\"@id\":\"https:\/\/mercuri.be\/#website\",\"url\":\"https:\/\/mercuri.be\/\",\"name\":\"Mercuri Belgium\",\"description\":\"Mercuri International Belgium site\",\"potentialAction\":[{\"@type\":\"SearchAction\",\"target\":{\"@type\":\"EntryPoint\",\"urlTemplate\":\"https:\/\/mercuri.be\/?s={search_term_string}\"},\"query-input\":{\"@type\":\"PropertyValueSpecification\",\"valueRequired\":true,\"valueName\":\"search_term_string\"}}],\"inLanguage\":\"fr-BE\"}]}<\/script>\n<!-- \/ Yoast SEO plugin. -->","yoast_head_json":{"title":"Mercuri - Commerci\u00eble ontwikkeling - Financi\u00eble en professionele diensten","description":"Wilt u meer weten over commerci\u00eble training in de financi\u00eble sector? Sales excellence - blended leren - verkoop training - Marktleider in sales ontwikkeling","robots":{"index":"index","follow":"follow","max-snippet":"max-snippet:-1","max-image-preview":"max-image-preview:large","max-video-preview":"max-video-preview:-1"},"canonical":"https:\/\/mercuri.be\/fr\/services-financiers-et-professionnels\/","og_locale":"fr_FR","og_type":"article","og_title":"Mercuri - Commerci\u00eble ontwikkeling - Financi\u00eble en professionele diensten","og_description":"Wilt u meer weten over commerci\u00eble training in de financi\u00eble sector? Sales excellence - blended leren - verkoop training - Marktleider in sales ontwikkeling","og_url":"https:\/\/mercuri.be\/fr\/services-financiers-et-professionnels\/","og_site_name":"Mercuri Belgium","article_modified_time":"2019-07-15T09:22:32+00:00","og_image":[{"url":"https:\/\/mercuri.be\/wp-content\/uploads\/sites\/23\/2018\/12\/istock-612387410.jpg","type":"","width":"","height":""}],"twitter_card":"summary_large_image","twitter_misc":{"Est. reading time":"1 minute"},"schema":{"@context":"https:\/\/schema.org","@graph":[{"@type":"WebPage","@id":"https:\/\/mercuri.be\/financial-and-professional-services\/","url":"https:\/\/mercuri.be\/financial-and-professional-services\/","name":"Mercuri - Commerci\u00eble ontwikkeling - Financi\u00eble en professionele diensten","isPartOf":{"@id":"https:\/\/mercuri.be\/#website"},"primaryImageOfPage":{"@id":"https:\/\/mercuri.be\/financial-and-professional-services\/#primaryimage"},"image":{"@id":"https:\/\/mercuri.be\/financial-and-professional-services\/#primaryimage"},"thumbnailUrl":"https:\/\/mercuri.be\/wp-content\/uploads\/sites\/23\/2018\/12\/istock-612387410.jpg","datePublished":"2018-11-26T10:40:59+00:00","dateModified":"2019-07-15T09:22:32+00:00","description":"Wilt u meer weten over commerci\u00eble training in de financi\u00eble sector? Sales excellence - blended leren - verkoop training - Marktleider in sales ontwikkeling","breadcrumb":{"@id":"https:\/\/mercuri.be\/financial-and-professional-services\/#breadcrumb"},"inLanguage":"fr-BE","potentialAction":[{"@type":"ReadAction","target":["https:\/\/mercuri.be\/financial-and-professional-services\/"]}]},{"@type":"ImageObject","inLanguage":"fr-BE","@id":"https:\/\/mercuri.be\/financial-and-professional-services\/#primaryimage","url":"https:\/\/mercuri.be\/wp-content\/uploads\/sites\/23\/2018\/12\/istock-612387410.jpg","contentUrl":"https:\/\/mercuri.be\/wp-content\/uploads\/sites\/23\/2018\/12\/istock-612387410.jpg"},{"@type":"BreadcrumbList","@id":"https:\/\/mercuri.be\/financial-and-professional-services\/#breadcrumb","itemListElement":[{"@type":"ListItem","position":1,"name":"Home","item":"https:\/\/mercuri.be\/"},{"@type":"ListItem","position":2,"name":"Financi\u00eble en professionele diensten"}]},{"@type":"WebSite","@id":"https:\/\/mercuri.be\/#website","url":"https:\/\/mercuri.be\/","name":"Mercuri Belgique","description":"Site de Mercuri International Belgium","potentialAction":[{"@type":"SearchAction","target":{"@type":"EntryPoint","urlTemplate":"https:\/\/mercuri.be\/?s={search_term_string}"},"query-input":{"@type":"PropertyValueSpecification","valueRequired":true,"valueName":"search_term_string"}}],"inLanguage":"fr-BE"}]}},"_links":{"self":[{"href":"https:\/\/mercuri.be\/fr\/wp-json\/wp\/v2\/pages\/593","targetHints":{"allow":["GET"]}}],"collection":[{"href":"https:\/\/mercuri.be\/fr\/wp-json\/wp\/v2\/pages"}],"about":[{"href":"https:\/\/mercuri.be\/fr\/wp-json\/wp\/v2\/types\/page"}],"author":[{"embeddable":true,"href":"https:\/\/mercuri.be\/fr\/wp-json\/wp\/v2\/users\/43"}],"replies":[{"embeddable":true,"href":"https:\/\/mercuri.be\/fr\/wp-json\/wp\/v2\/comments?post=593"}],"version-history":[{"count":12,"href":"https:\/\/mercuri.be\/fr\/wp-json\/wp\/v2\/pages\/593\/revisions"}],"predecessor-version":[{"id":2277,"href":"https:\/\/mercuri.be\/fr\/wp-json\/wp\/v2\/pages\/593\/revisions\/2277"}],"wp:attachment":[{"href":"https:\/\/mercuri.be\/fr\/wp-json\/wp\/v2\/media?parent=593"}],"curies":[{"name":"wp","href":"https:\/\/api.w.org\/{rel}","templated":true}]}}