{"id":591,"date":"2018-11-26T10:40:33","date_gmt":"2018-11-26T10:40:33","guid":{"rendered":"https:\/\/mercuri.be\/?page_id=591"},"modified":"2019-01-15T14:54:45","modified_gmt":"2019-01-15T14:54:45","slug":"soins-de-sante-et-produits-pharmaceutiques","status":"publish","type":"page","link":"https:\/\/mercuri.be\/fr\/soins-de-sante-et-produits-pharmaceutiques\/","title":{"rendered":"Soins de sant\u00e9 et produits pharmaceutiques"},"content":{"rendered":"<p class=\"wp-block-subhead\">Ce secteur complexe et comp\u00e9titif est confront\u00e9 \u00e0 des d\u00e9fis uniques. Mercuri International travaille avec des acteurs cl\u00e9s du secteur pour d\u00e9velopper des solutions pratiques et puissantes en mati\u00e8re de vente et de gestion des ventes qui permettent d'obtenir de meilleurs r\u00e9sultats commerciaux.<\/p>\n\n\n\n<p>Dans le secteur des soins de sant\u00e9, la professionnalisation des achats est en plein essor. Sous la pression de l'accessibilit\u00e9 financi\u00e8re des soins, il y a une recherche constante d'\u00e9conomies et d'efficacit\u00e9.<\/p>\n\n\n\n<p>Au troisi\u00e8me mill\u00e9naire, cela n\u00e9cessite une approche diff\u00e9rente de l'organisation des ventes.\u00a0<span id=\"mce_1_start\" style=\"overflow: hidden;line-height: 0px\"><\/span>Le repr\u00e9sentant n'est plus un expert de son produit et de ses applications, mais doit \u00eatre capable de convaincre les diff\u00e9rents acteurs de sa valeur ajout\u00e9e par une vision large (holistique) des soins et de l'efficacit\u00e9. Nous ne consid\u00e9rons plus cette approche comme une approche en face \u00e0 face, mais comme une approche multicanal qui utilise les nombreux r\u00e9seaux. En tant que partenaire\/fournisseur, il est donc pr\u00e9f\u00e9rable de rechercher une approche bas\u00e9e sur le projet, dans laquelle nous guidons l'organisation cliente vers la rentabilit\u00e9, la qualit\u00e9 des soins et la satisfaction optimale du patient\/client.<\/p>\n\n\n\n<h3 class=\"wp-block-heading\">Nos solutions<\/h3>\n\n\n\n<ul class=\"wp-block-list\"><li>Am\u00e9liorer l'efficacit\u00e9 du processus de vente<\/li><li>Professionnaliser et accro\u00eetre l'impact des r\u00e9unions de cycle<\/li><li>Am\u00e9liorer l'efficacit\u00e9 du soutien \u00e0 la gestion des ventes<\/li><li>Fournir les comp\u00e9tences et les m\u00e9thodes permettant de responsabiliser votre personnel sur les th\u00e8mes de la vente et de la gestion des ventes<br \/><\/li><\/ul>\n\n\n\n<ul class=\"wp-block-gallery aligncenter columns-1 is-cropped wp-block-gallery-1 is-layout-flex wp-block-gallery-is-layout-flex\"><li class=\"blocks-gallery-item\"><figure><img loading=\"lazy\" decoding=\"async\" width=\"1185\" height=\"885\" src=\"https:\/\/mercuri.be\/wp-content\/uploads\/sites\/23\/2018\/12\/istock-838164578.jpg\" alt=\"\" class=\"wp-image-833\" srcset=\"https:\/\/mercuri.be\/wp-content\/uploads\/sites\/23\/2018\/12\/istock-838164578.jpg 1185w, https:\/\/mercuri.be\/wp-content\/uploads\/sites\/23\/2018\/12\/istock-838164578-300x224.jpg 300w, https:\/\/mercuri.be\/wp-content\/uploads\/sites\/23\/2018\/12\/istock-838164578-768x574.jpg 768w, https:\/\/mercuri.be\/wp-content\/uploads\/sites\/23\/2018\/12\/istock-838164578-1024x765.jpg 1024w, https:\/\/mercuri.be\/wp-content\/uploads\/sites\/23\/2018\/12\/istock-838164578-600x448.jpg 600w\" sizes=\"(max-width: 1185px) 100vw, 1185px\" \/><\/figure><\/li><\/ul>\n\n\n\n<h3 class=\"wp-block-heading\">Nous soutenons les \u00e9quipes de soins de sant\u00e9 dans :<\/h3>\n\n\n\n<ul class=\"wp-block-list\"><li>Fournir des informations sur le positionnement des produits<\/li><li>\u00c9laboration et mise en \u0153uvre de la strat\u00e9gie en mati\u00e8re de produits et de contacts<\/li><li>Maximiser l'impact du temps de vente en face \u00e0 face<\/li><li>Renforcer la cr\u00e9dibilit\u00e9 aupr\u00e8s des principales parties prenantes<\/li><li>G\u00e9rer des campagnes de vente efficaces dans ce secteur<\/li><li>G\u00e9rer et motiver les \u00e9quipes de vente pour qu'elles r\u00e9ussissent<br \/><\/li><\/ul>\n\n\n\n<h3 class=\"wp-block-heading\">Gr\u00e2ce \u00e0 notre exp\u00e9rience, nous nous concentrons sur :<\/h3>\n\n\n\n<ul class=\"wp-block-list\"><li>M\u00e9decins, sp\u00e9cialistes, v\u00e9t\u00e9rinaires<\/li><li>H\u00f4pitaux et \u00e9tablissements de soins de sant\u00e9<\/li><li>Pharmaciens et pharmacies d'OTC<\/li><li>Groupements d'achat, grossistes<\/li><li>Payeurs, compagnies d'assurance, gouvernements et autres parties prenantes<br \/><\/li><\/ul>\n\n\n\n<p>Les consultants en vente de produits de sant\u00e9 de Mercuri International ont d\u00e9velopp\u00e9 l'expertise et les m\u00e9thodes n\u00e9cessaires pour augmenter vos ventes. En travaillant avec les principales entreprises du secteur de la sant\u00e9 (m\u00e9dicaments, g\u00e9n\u00e9riques, OTC, consommables, \u00e9quipements, services, etc.), nous avons acquis une compr\u00e9hension unique de l'efficacit\u00e9 et de l'avantage concurrentiel n\u00e9cessaires sur ce march\u00e9.<\/p>\n\n\n\n<p><strong>Contactez notre sp\u00e9cialiste des soins de sant\u00e9, <a href=\"mailto:claessens@mercuri.be\">Allard Claessens<\/a>.<\/strong><\/p>\n\n\n\n<p>Vous souhaitez en savoir plus sur nos capacit\u00e9s dans le secteur des soins de sant\u00e9 ?\u00a0<br \/><\/p>\n\n\n\n<p style=\"text-align:center\"><a href=\"mailto:%20info@mercuri.be\">Courriel : info@mercuri.be<\/a><\/p>\n\n\n\n<p style=\"text-align:center\"><a href=\"tel:%20+32%20(0)2 245 02 40\">Tel : +32 (0)2 245 02 40<\/a><\/p>\n\n\n\n<div class=\"wp-block-button aligncenter\"><a class=\"wp-block-button__link\" href=\"https:\/\/mercuri.be\/fr\/contact\/\">Aidez-moi<\/a><\/div>\n\n\n\n<ul class=\"wp-block-gallery alignfull columns-1 is-cropped wp-block-gallery-2 is-layout-flex wp-block-gallery-is-layout-flex\"><li class=\"blocks-gallery-item\"><figure><img loading=\"lazy\" decoding=\"async\" width=\"3888\" height=\"2592\" src=\"https:\/\/mercuri.be\/wp-content\/uploads\/sites\/23\/2018\/12\/istock-157423903.jpg\" alt=\"\" class=\"wp-image-828\" srcset=\"https:\/\/mercuri.be\/wp-content\/uploads\/sites\/23\/2018\/12\/istock-157423903.jpg 3888w, https:\/\/mercuri.be\/wp-content\/uploads\/sites\/23\/2018\/12\/istock-157423903-266x178.jpg 266w, https:\/\/mercuri.be\/wp-content\/uploads\/sites\/23\/2018\/12\/istock-157423903-300x200.jpg 300w, https:\/\/mercuri.be\/wp-content\/uploads\/sites\/23\/2018\/12\/istock-157423903-768x512.jpg 768w, https:\/\/mercuri.be\/wp-content\/uploads\/sites\/23\/2018\/12\/istock-157423903-1024x683.jpg 1024w, https:\/\/mercuri.be\/wp-content\/uploads\/sites\/23\/2018\/12\/istock-157423903-268x178.jpg 268w, https:\/\/mercuri.be\/wp-content\/uploads\/sites\/23\/2018\/12\/istock-157423903-600x400.jpg 600w\" sizes=\"(max-width: 3888px) 100vw, 3888px\" \/><\/figure><\/li><\/ul>","protected":false},"excerpt":{"rendered":"<p>We zien in de healthcare een zeer sterke ontwikkeling in de professionalisering van de aankoop. Onder druk van de \u2018betaalbaarheid<\/p>","protected":false},"author":43,"featured_media":0,"parent":0,"menu_order":0,"comment_status":"closed","ping_status":"closed","template":"","meta":{"_acf_changed":false,"_eb_attr":"","form_id":"","editor_notices":[],"footnotes":""},"class_list":["post-591","page","type-page","status-publish","hentry"],"acf":[],"yoast_head":"<!-- This site is optimized with the Yoast SEO plugin v26.6 - https:\/\/yoast.com\/wordpress\/plugins\/seo\/ -->\n<title>Healthcare en Pharmaceutical - Mercuri Belgium<\/title>\n<meta name=\"robots\" content=\"index, follow, max-snippet:-1, max-image-preview:large, max-video-preview:-1\" \/>\n<link rel=\"canonical\" href=\"https:\/\/mercuri.be\/fr\/soins-de-sante-et-produits-pharmaceutiques\/\" \/>\n<meta property=\"og:locale\" content=\"fr_FR\" \/>\n<meta property=\"og:type\" content=\"article\" \/>\n<meta property=\"og:title\" content=\"Healthcare en Pharmaceutical - Mercuri Belgium\" \/>\n<meta property=\"og:description\" content=\"We zien in de healthcare een zeer sterke ontwikkeling in de professionalisering van de aankoop. Onder druk van de \u2018betaalbaarheid\" \/>\n<meta property=\"og:url\" content=\"https:\/\/mercuri.be\/fr\/soins-de-sante-et-produits-pharmaceutiques\/\" \/>\n<meta property=\"og:site_name\" content=\"Mercuri Belgium\" \/>\n<meta property=\"article:modified_time\" content=\"2019-01-15T14:54:45+00:00\" \/>\n<meta property=\"og:image\" content=\"https:\/\/mercuri.be\/wp-content\/uploads\/sites\/23\/2018\/12\/istock-838164578.jpg\" \/>\n<meta name=\"twitter:card\" content=\"summary_large_image\" \/>\n<meta name=\"twitter:label1\" content=\"Est. reading time\" \/>\n\t<meta name=\"twitter:data1\" content=\"2 minutes\" \/>\n<script type=\"application\/ld+json\" class=\"yoast-schema-graph\">{\"@context\":\"https:\/\/schema.org\",\"@graph\":[{\"@type\":\"WebPage\",\"@id\":\"https:\/\/mercuri.be\/healthcare-and-pharmaceutical\/\",\"url\":\"https:\/\/mercuri.be\/healthcare-and-pharmaceutical\/\",\"name\":\"Healthcare en Pharmaceutical - Mercuri Belgium\",\"isPartOf\":{\"@id\":\"https:\/\/mercuri.be\/#website\"},\"primaryImageOfPage\":{\"@id\":\"https:\/\/mercuri.be\/healthcare-and-pharmaceutical\/#primaryimage\"},\"image\":{\"@id\":\"https:\/\/mercuri.be\/healthcare-and-pharmaceutical\/#primaryimage\"},\"thumbnailUrl\":\"https:\/\/mercuri.be\/wp-content\/uploads\/sites\/23\/2018\/12\/istock-838164578.jpg\",\"datePublished\":\"2018-11-26T10:40:33+00:00\",\"dateModified\":\"2019-01-15T14:54:45+00:00\",\"breadcrumb\":{\"@id\":\"https:\/\/mercuri.be\/healthcare-and-pharmaceutical\/#breadcrumb\"},\"inLanguage\":\"fr-BE\",\"potentialAction\":[{\"@type\":\"ReadAction\",\"target\":[\"https:\/\/mercuri.be\/healthcare-and-pharmaceutical\/\"]}]},{\"@type\":\"ImageObject\",\"inLanguage\":\"fr-BE\",\"@id\":\"https:\/\/mercuri.be\/healthcare-and-pharmaceutical\/#primaryimage\",\"url\":\"https:\/\/mercuri.be\/wp-content\/uploads\/sites\/23\/2018\/12\/istock-838164578.jpg\",\"contentUrl\":\"https:\/\/mercuri.be\/wp-content\/uploads\/sites\/23\/2018\/12\/istock-838164578.jpg\"},{\"@type\":\"BreadcrumbList\",\"@id\":\"https:\/\/mercuri.be\/healthcare-and-pharmaceutical\/#breadcrumb\",\"itemListElement\":[{\"@type\":\"ListItem\",\"position\":1,\"name\":\"Home\",\"item\":\"https:\/\/mercuri.be\/\"},{\"@type\":\"ListItem\",\"position\":2,\"name\":\"Healthcare en Pharmaceutical\"}]},{\"@type\":\"WebSite\",\"@id\":\"https:\/\/mercuri.be\/#website\",\"url\":\"https:\/\/mercuri.be\/\",\"name\":\"Mercuri Belgium\",\"description\":\"Mercuri International Belgium site\",\"potentialAction\":[{\"@type\":\"SearchAction\",\"target\":{\"@type\":\"EntryPoint\",\"urlTemplate\":\"https:\/\/mercuri.be\/?s={search_term_string}\"},\"query-input\":{\"@type\":\"PropertyValueSpecification\",\"valueRequired\":true,\"valueName\":\"search_term_string\"}}],\"inLanguage\":\"fr-BE\"}]}<\/script>\n<!-- \/ Yoast SEO plugin. -->","yoast_head_json":{"title":"Healthcare en Pharmaceutical - Mercuri Belgium","robots":{"index":"index","follow":"follow","max-snippet":"max-snippet:-1","max-image-preview":"max-image-preview:large","max-video-preview":"max-video-preview:-1"},"canonical":"https:\/\/mercuri.be\/fr\/soins-de-sante-et-produits-pharmaceutiques\/","og_locale":"fr_FR","og_type":"article","og_title":"Healthcare en Pharmaceutical - Mercuri Belgium","og_description":"We zien in de healthcare een zeer sterke ontwikkeling in de professionalisering van de aankoop. Onder druk van de \u2018betaalbaarheid","og_url":"https:\/\/mercuri.be\/fr\/soins-de-sante-et-produits-pharmaceutiques\/","og_site_name":"Mercuri Belgium","article_modified_time":"2019-01-15T14:54:45+00:00","og_image":[{"url":"https:\/\/mercuri.be\/wp-content\/uploads\/sites\/23\/2018\/12\/istock-838164578.jpg","type":"","width":"","height":""}],"twitter_card":"summary_large_image","twitter_misc":{"Est. reading time":"2 minutes"},"schema":{"@context":"https:\/\/schema.org","@graph":[{"@type":"WebPage","@id":"https:\/\/mercuri.be\/healthcare-and-pharmaceutical\/","url":"https:\/\/mercuri.be\/healthcare-and-pharmaceutical\/","name":"Healthcare en Pharmaceutical - Mercuri Belgium","isPartOf":{"@id":"https:\/\/mercuri.be\/#website"},"primaryImageOfPage":{"@id":"https:\/\/mercuri.be\/healthcare-and-pharmaceutical\/#primaryimage"},"image":{"@id":"https:\/\/mercuri.be\/healthcare-and-pharmaceutical\/#primaryimage"},"thumbnailUrl":"https:\/\/mercuri.be\/wp-content\/uploads\/sites\/23\/2018\/12\/istock-838164578.jpg","datePublished":"2018-11-26T10:40:33+00:00","dateModified":"2019-01-15T14:54:45+00:00","breadcrumb":{"@id":"https:\/\/mercuri.be\/healthcare-and-pharmaceutical\/#breadcrumb"},"inLanguage":"fr-BE","potentialAction":[{"@type":"ReadAction","target":["https:\/\/mercuri.be\/healthcare-and-pharmaceutical\/"]}]},{"@type":"ImageObject","inLanguage":"fr-BE","@id":"https:\/\/mercuri.be\/healthcare-and-pharmaceutical\/#primaryimage","url":"https:\/\/mercuri.be\/wp-content\/uploads\/sites\/23\/2018\/12\/istock-838164578.jpg","contentUrl":"https:\/\/mercuri.be\/wp-content\/uploads\/sites\/23\/2018\/12\/istock-838164578.jpg"},{"@type":"BreadcrumbList","@id":"https:\/\/mercuri.be\/healthcare-and-pharmaceutical\/#breadcrumb","itemListElement":[{"@type":"ListItem","position":1,"name":"Home","item":"https:\/\/mercuri.be\/"},{"@type":"ListItem","position":2,"name":"Healthcare en Pharmaceutical"}]},{"@type":"WebSite","@id":"https:\/\/mercuri.be\/#website","url":"https:\/\/mercuri.be\/","name":"Mercuri Belgique","description":"Site de Mercuri International Belgium","potentialAction":[{"@type":"SearchAction","target":{"@type":"EntryPoint","urlTemplate":"https:\/\/mercuri.be\/?s={search_term_string}"},"query-input":{"@type":"PropertyValueSpecification","valueRequired":true,"valueName":"search_term_string"}}],"inLanguage":"fr-BE"}]}},"_links":{"self":[{"href":"https:\/\/mercuri.be\/fr\/wp-json\/wp\/v2\/pages\/591","targetHints":{"allow":["GET"]}}],"collection":[{"href":"https:\/\/mercuri.be\/fr\/wp-json\/wp\/v2\/pages"}],"about":[{"href":"https:\/\/mercuri.be\/fr\/wp-json\/wp\/v2\/types\/page"}],"author":[{"embeddable":true,"href":"https:\/\/mercuri.be\/fr\/wp-json\/wp\/v2\/users\/43"}],"replies":[{"embeddable":true,"href":"https:\/\/mercuri.be\/fr\/wp-json\/wp\/v2\/comments?post=591"}],"version-history":[{"count":14,"href":"https:\/\/mercuri.be\/fr\/wp-json\/wp\/v2\/pages\/591\/revisions"}],"predecessor-version":[{"id":1878,"href":"https:\/\/mercuri.be\/fr\/wp-json\/wp\/v2\/pages\/591\/revisions\/1878"}],"wp:attachment":[{"href":"https:\/\/mercuri.be\/fr\/wp-json\/wp\/v2\/media?parent=591"}],"curies":[{"name":"wp","href":"https:\/\/api.w.org\/{rel}","templated":true}]}}