{"id":588,"date":"2018-11-26T10:37:24","date_gmt":"2018-11-26T10:37:24","guid":{"rendered":"https:\/\/mercuri.be\/?page_id=588"},"modified":"2019-01-15T14:51:25","modified_gmt":"2019-01-15T14:51:25","slug":"lingenierie-manufacturiere-et-la-construction","status":"publish","type":"page","link":"https:\/\/mercuri.be\/fr\/lingenierie-manufacturiere-et-la-construction\/","title":{"rendered":"Production, ing\u00e9nierie et construction"},"content":{"rendered":"<p class=\"wp-block-subhead\">Les consultants en vente de Mercuri International ont fait leurs preuves en mati\u00e8re de formation et de conseils professionnels dans ce secteur de march\u00e9 traditionnel mais exigeant.<\/p>\n\n\n\n<h3 class=\"wp-block-heading\">Notre expertise comprend la gestion de projets r\u00e9ussis dans le domaine des ventes et de la gestion des ventes dans :<\/h3>\n\n\n\n<ul class=\"wp-block-list\"><li>Organismes de construction et de logement<\/li><li>Industrie a\u00e9rospatiale et automobile<\/li><li>Soci\u00e9t\u00e9s de production et de transport d'\u00e9lectricit\u00e9<\/li><li>\u00c9lectronique et \u00e9lectrotechnique<\/li><li>Entreprises de granulats et d'asphalte<\/li><li>Min\u00e9raux et organisations mini\u00e8res<\/li><li>Vente de machines agricoles<\/li><li>Organisations du secteur de la p\u00e9trochimie et des plastiques<\/li><\/ul>\n\n\n\n<ul class=\"wp-block-gallery aligncenter columns-1 is-cropped wp-block-gallery-1 is-layout-flex wp-block-gallery-is-layout-flex\"><li class=\"blocks-gallery-item\"><figure><img loading=\"lazy\" decoding=\"async\" width=\"7304\" height=\"5135\" src=\"https:\/\/mercuri.be\/wp-content\/uploads\/sites\/23\/2018\/12\/istock-891418990.jpg\" alt=\"\" class=\"wp-image-883\" srcset=\"https:\/\/mercuri.be\/wp-content\/uploads\/sites\/23\/2018\/12\/istock-891418990.jpg 7304w, https:\/\/mercuri.be\/wp-content\/uploads\/sites\/23\/2018\/12\/istock-891418990-300x211.jpg 300w, https:\/\/mercuri.be\/wp-content\/uploads\/sites\/23\/2018\/12\/istock-891418990-768x540.jpg 768w, https:\/\/mercuri.be\/wp-content\/uploads\/sites\/23\/2018\/12\/istock-891418990-1024x720.jpg 1024w, https:\/\/mercuri.be\/wp-content\/uploads\/sites\/23\/2018\/12\/istock-891418990-600x422.jpg 600w\" sizes=\"(max-width: 7304px) 100vw, 7304px\" \/><\/figure><\/li><\/ul>\n\n\n\n<p>Nos consultants en vente travaillent avec des acteurs cl\u00e9s pour s'assurer que leurs \u00e9quipes de vente sont aussi comp\u00e9titives que possible dans cette p\u00e9riode \u00e9conomique exigeante. Notre objectif est de fournir la solution la plus efficace, enti\u00e8rement bas\u00e9e sur vos principaux d\u00e9fis. Notre travail dans ce secteur comprend<\/p>\n\n\n\n<ul class=\"wp-block-list\"><li>D\u00e9velopper des acad\u00e9mies de gestion des ventes<\/li><li>Mise en place de processus de vente internes et externes<\/li><li>Vente consultative<\/li><li>Direction des ventes<\/li><li>Coaching sur le terrain<\/li><li>Maximiser l'efficacit\u00e9 des ventes<\/li><li>Analyse de l'efficacit\u00e9 de la gestion des ventes<br \/><\/li><\/ul>\n\n\n\n<p style=\"text-align:center\"><a href=\"mailto:%20info@mercuri.be\">Courriel : info@mercuri.be<\/a><\/p>\n\n\n\n<p style=\"text-align:center\"><a href=\"tel:%20+32%20(0)2 245 02 40\">Tel : +32 (0)2 245 02 40<\/a><\/p>\n\n\n\n<div class=\"wp-block-button aligncenter\"><a class=\"wp-block-button__link\" href=\"https:\/\/mercuri.be\/fr\/contact\/\">Aidez-moi<\/a><\/div>\n\n\n\n<ul class=\"wp-block-gallery alignfull columns-1 is-cropped wp-block-gallery-2 is-layout-flex wp-block-gallery-is-layout-flex\"><li class=\"blocks-gallery-item\"><figure><img loading=\"lazy\" decoding=\"async\" width=\"5760\" height=\"3840\" src=\"https:\/\/mercuri.be\/wp-content\/uploads\/sites\/23\/2018\/12\/istock-595329312.jpg\" alt=\"\" class=\"wp-image-882\" srcset=\"https:\/\/mercuri.be\/wp-content\/uploads\/sites\/23\/2018\/12\/istock-595329312.jpg 5760w, https:\/\/mercuri.be\/wp-content\/uploads\/sites\/23\/2018\/12\/istock-595329312-266x178.jpg 266w, https:\/\/mercuri.be\/wp-content\/uploads\/sites\/23\/2018\/12\/istock-595329312-300x200.jpg 300w, https:\/\/mercuri.be\/wp-content\/uploads\/sites\/23\/2018\/12\/istock-595329312-768x512.jpg 768w, https:\/\/mercuri.be\/wp-content\/uploads\/sites\/23\/2018\/12\/istock-595329312-1024x683.jpg 1024w, https:\/\/mercuri.be\/wp-content\/uploads\/sites\/23\/2018\/12\/istock-595329312-268x178.jpg 268w, https:\/\/mercuri.be\/wp-content\/uploads\/sites\/23\/2018\/12\/istock-595329312-600x400.jpg 600w\" sizes=\"(max-width: 5760px) 100vw, 5760px\" \/><\/figure><\/li><\/ul>","protected":false},"excerpt":{"rendered":"<p>Onze expertise omvat het beheer van succesvolle Sales en Sales Management projecten in: Bouw- en woningbouw organisaties Lucht- en ruimtevaart<\/p>","protected":false},"author":43,"featured_media":0,"parent":0,"menu_order":0,"comment_status":"closed","ping_status":"closed","template":"","meta":{"_acf_changed":false,"_eb_attr":"","form_id":"","editor_notices":[],"footnotes":""},"class_list":["post-588","page","type-page","status-publish","hentry"],"acf":[],"yoast_head":"<!-- This site is optimized with the Yoast SEO plugin v26.6 - https:\/\/yoast.com\/wordpress\/plugins\/seo\/ -->\n<title>Productie, engineering en bouw - Mercuri Belgium<\/title>\n<meta name=\"robots\" content=\"index, follow, max-snippet:-1, max-image-preview:large, max-video-preview:-1\" \/>\n<link rel=\"canonical\" href=\"https:\/\/mercuri.be\/fr\/lingenierie-manufacturiere-et-la-construction\/\" \/>\n<meta property=\"og:locale\" content=\"fr_FR\" \/>\n<meta property=\"og:type\" content=\"article\" \/>\n<meta property=\"og:title\" content=\"Productie, engineering en bouw - Mercuri Belgium\" \/>\n<meta property=\"og:description\" content=\"Onze expertise omvat het beheer van succesvolle Sales en Sales Management projecten in: Bouw- en woningbouw organisaties Lucht- en ruimtevaart\" \/>\n<meta property=\"og:url\" content=\"https:\/\/mercuri.be\/fr\/lingenierie-manufacturiere-et-la-construction\/\" \/>\n<meta property=\"og:site_name\" content=\"Mercuri Belgium\" \/>\n<meta property=\"article:modified_time\" content=\"2019-01-15T14:51:25+00:00\" \/>\n<meta property=\"og:image\" content=\"https:\/\/mercuri.be\/wp-content\/uploads\/sites\/23\/2018\/12\/istock-891418990.jpg\" \/>\n<meta name=\"twitter:card\" content=\"summary_large_image\" \/>\n<meta name=\"twitter:label1\" content=\"Est. reading time\" \/>\n\t<meta name=\"twitter:data1\" content=\"1 minute\" \/>\n<script type=\"application\/ld+json\" class=\"yoast-schema-graph\">{\"@context\":\"https:\/\/schema.org\",\"@graph\":[{\"@type\":\"WebPage\",\"@id\":\"https:\/\/mercuri.be\/manufacturing-engineering-and-construction\/\",\"url\":\"https:\/\/mercuri.be\/manufacturing-engineering-and-construction\/\",\"name\":\"Productie, engineering en bouw - Mercuri Belgium\",\"isPartOf\":{\"@id\":\"https:\/\/mercuri.be\/#website\"},\"primaryImageOfPage\":{\"@id\":\"https:\/\/mercuri.be\/manufacturing-engineering-and-construction\/#primaryimage\"},\"image\":{\"@id\":\"https:\/\/mercuri.be\/manufacturing-engineering-and-construction\/#primaryimage\"},\"thumbnailUrl\":\"https:\/\/mercuri.be\/wp-content\/uploads\/sites\/23\/2018\/12\/istock-891418990.jpg\",\"datePublished\":\"2018-11-26T10:37:24+00:00\",\"dateModified\":\"2019-01-15T14:51:25+00:00\",\"breadcrumb\":{\"@id\":\"https:\/\/mercuri.be\/manufacturing-engineering-and-construction\/#breadcrumb\"},\"inLanguage\":\"fr-BE\",\"potentialAction\":[{\"@type\":\"ReadAction\",\"target\":[\"https:\/\/mercuri.be\/manufacturing-engineering-and-construction\/\"]}]},{\"@type\":\"ImageObject\",\"inLanguage\":\"fr-BE\",\"@id\":\"https:\/\/mercuri.be\/manufacturing-engineering-and-construction\/#primaryimage\",\"url\":\"https:\/\/mercuri.be\/wp-content\/uploads\/sites\/23\/2018\/12\/istock-891418990.jpg\",\"contentUrl\":\"https:\/\/mercuri.be\/wp-content\/uploads\/sites\/23\/2018\/12\/istock-891418990.jpg\"},{\"@type\":\"BreadcrumbList\",\"@id\":\"https:\/\/mercuri.be\/manufacturing-engineering-and-construction\/#breadcrumb\",\"itemListElement\":[{\"@type\":\"ListItem\",\"position\":1,\"name\":\"Home\",\"item\":\"https:\/\/mercuri.be\/\"},{\"@type\":\"ListItem\",\"position\":2,\"name\":\"Productie, engineering en bouw\"}]},{\"@type\":\"WebSite\",\"@id\":\"https:\/\/mercuri.be\/#website\",\"url\":\"https:\/\/mercuri.be\/\",\"name\":\"Mercuri Belgium\",\"description\":\"Mercuri International Belgium site\",\"potentialAction\":[{\"@type\":\"SearchAction\",\"target\":{\"@type\":\"EntryPoint\",\"urlTemplate\":\"https:\/\/mercuri.be\/?s={search_term_string}\"},\"query-input\":{\"@type\":\"PropertyValueSpecification\",\"valueRequired\":true,\"valueName\":\"search_term_string\"}}],\"inLanguage\":\"fr-BE\"}]}<\/script>\n<!-- \/ Yoast SEO plugin. -->","yoast_head_json":{"title":"Productie, engineering en bouw - Mercuri Belgium","robots":{"index":"index","follow":"follow","max-snippet":"max-snippet:-1","max-image-preview":"max-image-preview:large","max-video-preview":"max-video-preview:-1"},"canonical":"https:\/\/mercuri.be\/fr\/lingenierie-manufacturiere-et-la-construction\/","og_locale":"fr_FR","og_type":"article","og_title":"Productie, engineering en bouw - Mercuri Belgium","og_description":"Onze expertise omvat het beheer van succesvolle Sales en Sales Management projecten in: Bouw- en woningbouw organisaties Lucht- en ruimtevaart","og_url":"https:\/\/mercuri.be\/fr\/lingenierie-manufacturiere-et-la-construction\/","og_site_name":"Mercuri Belgium","article_modified_time":"2019-01-15T14:51:25+00:00","og_image":[{"url":"https:\/\/mercuri.be\/wp-content\/uploads\/sites\/23\/2018\/12\/istock-891418990.jpg","type":"","width":"","height":""}],"twitter_card":"summary_large_image","twitter_misc":{"Est. reading time":"1 minute"},"schema":{"@context":"https:\/\/schema.org","@graph":[{"@type":"WebPage","@id":"https:\/\/mercuri.be\/manufacturing-engineering-and-construction\/","url":"https:\/\/mercuri.be\/manufacturing-engineering-and-construction\/","name":"Productie, engineering en bouw - Mercuri Belgium","isPartOf":{"@id":"https:\/\/mercuri.be\/#website"},"primaryImageOfPage":{"@id":"https:\/\/mercuri.be\/manufacturing-engineering-and-construction\/#primaryimage"},"image":{"@id":"https:\/\/mercuri.be\/manufacturing-engineering-and-construction\/#primaryimage"},"thumbnailUrl":"https:\/\/mercuri.be\/wp-content\/uploads\/sites\/23\/2018\/12\/istock-891418990.jpg","datePublished":"2018-11-26T10:37:24+00:00","dateModified":"2019-01-15T14:51:25+00:00","breadcrumb":{"@id":"https:\/\/mercuri.be\/manufacturing-engineering-and-construction\/#breadcrumb"},"inLanguage":"fr-BE","potentialAction":[{"@type":"ReadAction","target":["https:\/\/mercuri.be\/manufacturing-engineering-and-construction\/"]}]},{"@type":"ImageObject","inLanguage":"fr-BE","@id":"https:\/\/mercuri.be\/manufacturing-engineering-and-construction\/#primaryimage","url":"https:\/\/mercuri.be\/wp-content\/uploads\/sites\/23\/2018\/12\/istock-891418990.jpg","contentUrl":"https:\/\/mercuri.be\/wp-content\/uploads\/sites\/23\/2018\/12\/istock-891418990.jpg"},{"@type":"BreadcrumbList","@id":"https:\/\/mercuri.be\/manufacturing-engineering-and-construction\/#breadcrumb","itemListElement":[{"@type":"ListItem","position":1,"name":"Home","item":"https:\/\/mercuri.be\/"},{"@type":"ListItem","position":2,"name":"Productie, engineering en bouw"}]},{"@type":"WebSite","@id":"https:\/\/mercuri.be\/#website","url":"https:\/\/mercuri.be\/","name":"Mercuri Belgique","description":"Site de Mercuri International Belgium","potentialAction":[{"@type":"SearchAction","target":{"@type":"EntryPoint","urlTemplate":"https:\/\/mercuri.be\/?s={search_term_string}"},"query-input":{"@type":"PropertyValueSpecification","valueRequired":true,"valueName":"search_term_string"}}],"inLanguage":"fr-BE"}]}},"_links":{"self":[{"href":"https:\/\/mercuri.be\/fr\/wp-json\/wp\/v2\/pages\/588","targetHints":{"allow":["GET"]}}],"collection":[{"href":"https:\/\/mercuri.be\/fr\/wp-json\/wp\/v2\/pages"}],"about":[{"href":"https:\/\/mercuri.be\/fr\/wp-json\/wp\/v2\/types\/page"}],"author":[{"embeddable":true,"href":"https:\/\/mercuri.be\/fr\/wp-json\/wp\/v2\/users\/43"}],"replies":[{"embeddable":true,"href":"https:\/\/mercuri.be\/fr\/wp-json\/wp\/v2\/comments?post=588"}],"version-history":[{"count":11,"href":"https:\/\/mercuri.be\/fr\/wp-json\/wp\/v2\/pages\/588\/revisions"}],"predecessor-version":[{"id":1876,"href":"https:\/\/mercuri.be\/fr\/wp-json\/wp\/v2\/pages\/588\/revisions\/1876"}],"wp:attachment":[{"href":"https:\/\/mercuri.be\/fr\/wp-json\/wp\/v2\/media?parent=588"}],"curies":[{"name":"wp","href":"https:\/\/api.w.org\/{rel}","templated":true}]}}