{"id":583,"date":"2018-11-23T13:35:03","date_gmt":"2018-11-23T13:35:03","guid":{"rendered":"https:\/\/mercuri.be\/?page_id=583"},"modified":"2021-09-24T12:36:12","modified_gmt":"2021-09-24T12:36:12","slug":"acquisition-assertive","status":"publish","type":"page","link":"https:\/\/mercuri.be\/fr\/acquisition-assertive\/","title":{"rendered":"Acquisition assertive"},"content":{"rendered":"<p>De nombreux vendeurs en font parfois l'exp\u00e9rience : vous entamez une conversation avec un prospect qui n'est pas du tout ouvert \u00e0 ce que vous avez \u00e0 lui proposer et qui est persuad\u00e9 que vous ne le ferez pas changer d'avis. Chaque question ouverte que vous posez semble susciter encore plus d'irritation..... Comment r\u00e9agissez-vous \u00e0 cette situation ?<\/p>\n\n\n\n<p>Vous reconnaissez cela ? Alors lisez la suite....<\/p>\n\n\n\n<figure class=\"wp-block-gallery columns-1 is-cropped wp-block-gallery-1 is-layout-flex wp-block-gallery-is-layout-flex\"><ul class=\"blocks-gallery-grid\"><li class=\"blocks-gallery-item\"><figure><img decoding=\"async\" src=\"https:\/\/mercuri.be\/wp-content\/uploads\/sites\/23\/2018\/12\/istock-8003955302-1.jpg\" alt=\"\"\/><\/figure><\/li><\/ul><\/figure>\n\n\n\n<h3 class=\"wp-block-heading\">La situation<\/h3>\n\n\n\n<p>Le client sait ce qu'il veut acheter ou non, il attend du vendeur qu'il fasse son travail, mais il est initialement oppos\u00e9 \u00e0 toute offre. Le d\u00e9fi pour le vendeur est de faire changer radicalement l'avis du client. Pour ce faire, il devra faire preuve de beaucoup d'influence. <\/p>\n\n\n\n<h3 class=\"wp-block-heading\">Quels r\u00e9sultats obtiendrez-vous gr\u00e2ce \u00e0 cette formation ?<\/h3>\n\n\n\n<ul class=\"wp-block-list\"><li>Vous apprenez \u00e0 vous affirmer face \u00e0 votre interlocuteur dans des situations de vente difficiles. Cela peut \u00eatre le cas lorsque le client oppose une forte r\u00e9sistance, qu'il attend peu de valeur ajout\u00e9e de votre part en tant que vendeur ou qu'un autre partenaire a d\u00e9j\u00e0 \u00e9t\u00e9 choisi.<\/li><li>Apr\u00e8s avoir suivi ce cours, vous serez en mesure de changer l'opinion existante gr\u00e2ce \u00e0 un message puissant et de conclure des appels de vente avec succ\u00e8s.<\/li><\/ul>\n\n\n\n<h3 class=\"wp-block-heading\">Th\u00e8mes abord\u00e9s<\/h3>\n\n\n\n<ul class=\"wp-block-list\"><li>La fa\u00e7on d'obtenir et de rester \u00e0 la table dans une situation de vente \u00e0 froid<\/li><li>Formuler une offre attrayante pour le client\/prospect.<\/li><li>Se positionner avec force en tant qu'interlocuteur valable et assertif<\/li><li>Surmonter les obstacles dans la conversation et \u00e9viter les blocages.<\/li><li>Se d\u00e9marquer de la concurrence par une approche affirm\u00e9e et personnelle.<\/li><li>Conclure avec assurance.<\/li><\/ul>\n\n\n\n<h3 class=\"wp-block-heading\">Apprentissage mixte<\/h3>\n\n\n\n<p>Les programmes mixtes garantissent que l'effet d'apprentissage de la formation est renforc\u00e9. En utilisant diff\u00e9rents formats d'apprentissage (formation num\u00e9rique et formation en classe), la formation a un impact plus important.<\/p>\n\n\n\n<h2 class=\"wp-block-heading\"><strong>Les possibilit\u00e9s<\/strong> <\/h2>\n\n\n\n<h3 class=\"wp-block-heading\">Parcours d'apprentissage de la formation ouverte personnelle <\/h3>\n\n\n\n<p>Le parcours d'apprentissage Personal Open Training est une combinaison de formation personnelle et d'apprentissage num\u00e9rique. Vous pouvez apprendre quand et o\u00f9 cela vous convient, avec un t\u00e9l\u00e9phone portable, un ordinateur portable et avec l'attention personnelle de nos formateurs commerciaux. Nous utilisons des modules d'apprentissage micro et macro cibl\u00e9s,&nbsp;<br>une mesure des connaissances en ligne, des conseils d'action et des ateliers en face \u00e0 face avec un formateur en vente. Vous convenez donc des dates, des heures et du lieu avec votre formateur personnel.<\/p>\n\n\n\n<h4 class=\"wp-block-heading\">Comment cela fonctionne-t-il ?<\/h4>\n\n\n\n<div class=\"wp-block-image\"><figure class=\"alignright is-resized\"><img loading=\"lazy\" decoding=\"async\" src=\"https:\/\/mercuri.nl\/wp-content\/uploads\/sites\/15\/2019\/04\/digital_mercuri5.jpg\" alt=\"\" class=\"wp-image-1769\" width=\"266\" height=\"267\"\/><\/figure><\/div>\n\n\n\n<ol class=\"wp-block-list\"><li>R\u00e9union Skype entre le participant et le formateur Mercuri <ul><li>Aligner les objectifs d'apprentissage<\/li><li>D\u00e9terminer le parcours d'apprentissage modules en ligne et moments de contact en face \u00e0 face<\/li><\/ul><\/li><li>Apprentissage micro et macro en ligne<\/li><li>Coaching en face \u00e0 face 2 heures + Plan d'action individuel<\/li><li>Apprentissage micro et macro en ligne<\/li><li>Coaching en face \u00e0 face 2 heures + Plan d'action individuel<\/li><li>Apprentissage micro et macro en ligne<\/li><li>D\u00e9briefing et \u00e9valuation par Skype<\/li><\/ol>\n\n\n\n<p>Investissement 1790 \u20ac par personne hors TVA<\/p>\n\n\n\n<div class=\"wp-block-button\"><a class=\"wp-block-button__link\" href=\"https:\/\/mercuri.be\/fr\/contact\/\">Je souhaite m'inscrire \u00e0 cette formation individuelle<\/a><\/div>\n\n\n\n<p><\/p>\n\n\n\n<h3 class=\"wp-block-heading\">Une entreprise sur mesure pour votre organisation<\/h3>\n\n\n\n<div class=\"wp-block-image\"><figure class=\"alignright\"><img decoding=\"async\" src=\"https:\/\/mercuri.nl\/wp-content\/uploads\/sites\/15\/2019\/04\/sales-300x200.jpg\" alt=\"\" class=\"wp-image-1809\"\/><\/figure><\/div>\n\n\n\n<p>Nous pouvons \u00e9galement dispenser cette formation en entreprise et les options sont nombreuses. Nous serions heureux d'avoir un contact personnel pour explorer les possibilit\u00e9s avec vous. <a href=\"https:\/\/mercuri.be\/fr\/exemples-de-reussites\/\">Voici quelques clients qui vous ont pr\u00e9c\u00e9d\u00e9.<\/a><\/p>\n\n\n\n<div class=\"wp-block-button\"><a class=\"wp-block-button__link\" href=\"https:\/\/mercuri.be\/fr\/contact\/\">Je souhaite \u00eatre contact\u00e9(e) pour un cours en entreprise<\/a><\/div>\n\n\n\n<h3 class=\"wp-block-heading\">Notre approche<\/h3>\n\n\n\n<p>Sur la base d'une m\u00e9thode qui a fait ses preuves <a href=\"https:\/\/mercuri.be\/fr\/le-modele-mercuri-en-5-etapes\/\">M\u00e9thode en 5 \u00e9tapes<\/a> nous nous concentrons sur l'impact et les r\u00e9sultats. Ce faisant, nous croyons en une approche adapt\u00e9e \u00e0 votre organisation, \u00e0 vos employ\u00e9s et \u00e0 votre environnement de march\u00e9. Notre objectif est de mettre en \u0153uvre ensemble votre strat\u00e9gie de vente et d'obtenir des r\u00e9sultats mesurables.&nbsp;<\/p>\n\n\n\n\n\n<p style=\"text-align:center\"><a href=\"tel:+32 2 245 02 40\">Tel : +32 (0)2 245 02 40<\/a><\/p>\n\n\n\n<div class=\"wp-block-button aligncenter\"><a class=\"wp-block-button__link\" href=\"https:\/\/mercuri.be\/fr\/contact\/\">Aidez-moi<\/a><\/div>\n\n\n\n<figure class=\"wp-block-gallery alignwide columns-1 is-cropped wp-block-gallery-2 is-layout-flex wp-block-gallery-is-layout-flex\"><ul class=\"blocks-gallery-grid\"><li class=\"blocks-gallery-item\"><figure><img decoding=\"async\" src=\"https:\/\/mercuri.be\/wp-content\/uploads\/sites\/23\/2018\/12\/istock-684803840.jpg\" alt=\"\"\/><\/figure><\/li><\/ul><\/figure>\n\n\n\n<p><strong>Programme d'acquisition assertive<br><\/strong>Jour 1<\/p>\n\n\n\n<ul class=\"wp-block-list\"><li>Vente diff\u00e9renci\u00e9e, reconnaissance des diff\u00e9rentes situations de vente<\/li><li>Les 4 principes de l'acquisition assertive : prendre le leadership, \u00eatre un gagnant, utiliser son influence personnelle et offrir une proposition d'ouverture attrayante.<\/li><li>Prendre contact dans une situation d'assertivit\u00e9 : s'entra\u00eener \u00e0 l'elevator pitch, comment prendre de l'avance dans la premi\u00e8re partie froide de la conversation d'acquisition ou de l'appel t\u00e9l\u00e9phonique ?<\/li><li>Testez votre propre style de communication. \u00cates-vous empathique ou pro- jectif ?<\/li><li>D\u00e9finition de l'affirmation de soi par opposition \u00e0 la passivit\u00e9, \u00e0 l'agressivit\u00e9 et \u00e0 la manipulation. Pratique de vos propres limites et de celles du client sous pression ou dans des moments de contact \"froid\".<\/li><\/ul>\n\n\n\n<p>Jour 2<\/p>\n\n\n\n<ul class=\"wp-block-list\"><li>La structure conversationnelle dans la vente assertive : APPEAL, en discutant d'une meilleure pratique,<\/li><li>Pratiquer avec la structure<\/li><li>Comment pr\u00e9parer un entretien d'acquisition assertif en utilisant la structure APPEAL ?<\/li><li>Qu'est-ce qui fera en sorte que votre client potentiel s'assoira sur le bord de son si\u00e8ge pendant votre conversation ?<\/li><li>Le processus de persuasion : \u00e9l\u00e9ments d'une argumentation efficace.<\/li><li>Quelle est votre force en tant que personnalit\u00e9 ? Comment pouvez-vous la renforcer ?<\/li><li>Quels sont vos doutes et les obstacles qui vous emp\u00eachent de vous affirmer ?<\/li><li>Exercices pour devenir un gagnant.<\/li><li>Discuter du travail \u00e0 domicile : la pratique en pratique.<\/li><li>Parade assertive : comment faire face \u00e0 la r\u00e9sistance de votre interlocuteur ?<\/li><li>Cl\u00f4turer une conversation d'acquisition assertive : pourquoi votre prospect retarde-t-il la d\u00e9cision alors que le fer peut \u00eatre forg\u00e9 maintenant ?<\/li><li>Pratiquer une conversation d'acquisition totalement assertive dans des jeux de r\u00f4le.<\/li><li>Pr\u00eatez attention \u00e0 votre pr\u00e9sentation non verbale.<\/li><li>R\u00e9daction d'un plan d'action pour une pratique assertive.<\/li><\/ul>\n\n\n\n<div class=\"wp-block-button\"><a class=\"wp-block-button__link\" href=\"https:\/\/mercuri.be\/fr\/contact\/\">Aidez-moi<\/a><\/div>","protected":false},"excerpt":{"rendered":"<p>Veel mensen in sales maken het weleens mee; je komt in gesprek met een prospect maar hij staat totaal niet<\/p>","protected":false},"author":10,"featured_media":0,"parent":0,"menu_order":0,"comment_status":"closed","ping_status":"closed","template":"","meta":{"_acf_changed":false,"_eb_attr":"","form_id":"","editor_notices":[],"footnotes":""},"class_list":["post-583","page","type-page","status-publish","hentry"],"acf":[],"yoast_head":"<!-- This site is optimized with the Yoast SEO plugin v26.6 - https:\/\/yoast.com\/wordpress\/plugins\/seo\/ -->\n<title>Assertieve Acquisitie Mercuri International Marktleider in sales ontwikkeling<\/title>\n<meta name=\"description\" content=\"In moeilijke verkoopsituaties op een assertieve manier omgaan met het gesprek. Wanneer de klant veel weerstand biedt en weinig toegevoegde waarde verwacht.\" \/>\n<meta name=\"robots\" content=\"index, follow, max-snippet:-1, max-image-preview:large, max-video-preview:-1\" \/>\n<link rel=\"canonical\" href=\"https:\/\/mercuri.be\/fr\/acquisition-assertive\/\" \/>\n<meta property=\"og:locale\" content=\"fr_FR\" \/>\n<meta property=\"og:type\" content=\"article\" \/>\n<meta property=\"og:title\" content=\"Assertieve Acquisitie Mercuri International Marktleider in sales ontwikkeling\" \/>\n<meta property=\"og:description\" content=\"In moeilijke verkoopsituaties op een assertieve manier omgaan met het gesprek. Wanneer de klant veel weerstand biedt en weinig toegevoegde waarde verwacht.\" \/>\n<meta property=\"og:url\" content=\"https:\/\/mercuri.be\/fr\/acquisition-assertive\/\" \/>\n<meta property=\"og:site_name\" content=\"Mercuri Belgium\" \/>\n<meta property=\"article:modified_time\" content=\"2021-09-24T12:36:12+00:00\" \/>\n<meta property=\"og:image\" content=\"https:\/\/mercuri.be\/wp-content\/uploads\/sites\/23\/2018\/12\/istock-8003955302-1.jpg\" \/>\n<meta name=\"twitter:card\" content=\"summary_large_image\" \/>\n<meta name=\"twitter:label1\" content=\"Est. reading time\" \/>\n\t<meta name=\"twitter:data1\" content=\"5 minutes\" \/>\n<script type=\"application\/ld+json\" class=\"yoast-schema-graph\">{\"@context\":\"https:\/\/schema.org\",\"@graph\":[{\"@type\":\"WebPage\",\"@id\":\"https:\/\/mercuri.be\/assertieve-acquisitie\/\",\"url\":\"https:\/\/mercuri.be\/assertieve-acquisitie\/\",\"name\":\"Assertieve Acquisitie Mercuri International Marktleider in sales ontwikkeling\",\"isPartOf\":{\"@id\":\"https:\/\/mercuri.be\/#website\"},\"primaryImageOfPage\":{\"@id\":\"https:\/\/mercuri.be\/assertieve-acquisitie\/#primaryimage\"},\"image\":{\"@id\":\"https:\/\/mercuri.be\/assertieve-acquisitie\/#primaryimage\"},\"thumbnailUrl\":\"https:\/\/mercuri.be\/wp-content\/uploads\/sites\/23\/2018\/12\/istock-8003955302-1.jpg\",\"datePublished\":\"2018-11-23T13:35:03+00:00\",\"dateModified\":\"2021-09-24T12:36:12+00:00\",\"description\":\"In moeilijke verkoopsituaties op een assertieve manier omgaan met het gesprek. Wanneer de klant veel weerstand biedt en weinig toegevoegde waarde verwacht.\",\"breadcrumb\":{\"@id\":\"https:\/\/mercuri.be\/assertieve-acquisitie\/#breadcrumb\"},\"inLanguage\":\"fr-BE\",\"potentialAction\":[{\"@type\":\"ReadAction\",\"target\":[\"https:\/\/mercuri.be\/assertieve-acquisitie\/\"]}]},{\"@type\":\"ImageObject\",\"inLanguage\":\"fr-BE\",\"@id\":\"https:\/\/mercuri.be\/assertieve-acquisitie\/#primaryimage\",\"url\":\"https:\/\/mercuri.be\/wp-content\/uploads\/sites\/23\/2018\/12\/istock-8003955302-1.jpg\",\"contentUrl\":\"https:\/\/mercuri.be\/wp-content\/uploads\/sites\/23\/2018\/12\/istock-8003955302-1.jpg\"},{\"@type\":\"BreadcrumbList\",\"@id\":\"https:\/\/mercuri.be\/assertieve-acquisitie\/#breadcrumb\",\"itemListElement\":[{\"@type\":\"ListItem\",\"position\":1,\"name\":\"Home\",\"item\":\"https:\/\/mercuri.be\/\"},{\"@type\":\"ListItem\",\"position\":2,\"name\":\"Assertieve Acquisitie\"}]},{\"@type\":\"WebSite\",\"@id\":\"https:\/\/mercuri.be\/#website\",\"url\":\"https:\/\/mercuri.be\/\",\"name\":\"Mercuri Belgium\",\"description\":\"Mercuri International Belgium site\",\"potentialAction\":[{\"@type\":\"SearchAction\",\"target\":{\"@type\":\"EntryPoint\",\"urlTemplate\":\"https:\/\/mercuri.be\/?s={search_term_string}\"},\"query-input\":{\"@type\":\"PropertyValueSpecification\",\"valueRequired\":true,\"valueName\":\"search_term_string\"}}],\"inLanguage\":\"fr-BE\"}]}<\/script>\n<!-- \/ Yoast SEO plugin. -->","yoast_head_json":{"title":"Assertieve Acquisitie Mercuri International Marktleider in sales ontwikkeling","description":"In moeilijke verkoopsituaties op een assertieve manier omgaan met het gesprek. Wanneer de klant veel weerstand biedt en weinig toegevoegde waarde verwacht.","robots":{"index":"index","follow":"follow","max-snippet":"max-snippet:-1","max-image-preview":"max-image-preview:large","max-video-preview":"max-video-preview:-1"},"canonical":"https:\/\/mercuri.be\/fr\/acquisition-assertive\/","og_locale":"fr_FR","og_type":"article","og_title":"Assertieve Acquisitie Mercuri International Marktleider in sales ontwikkeling","og_description":"In moeilijke verkoopsituaties op een assertieve manier omgaan met het gesprek. Wanneer de klant veel weerstand biedt en weinig toegevoegde waarde verwacht.","og_url":"https:\/\/mercuri.be\/fr\/acquisition-assertive\/","og_site_name":"Mercuri Belgium","article_modified_time":"2021-09-24T12:36:12+00:00","og_image":[{"url":"https:\/\/mercuri.be\/wp-content\/uploads\/sites\/23\/2018\/12\/istock-8003955302-1.jpg","type":"","width":"","height":""}],"twitter_card":"summary_large_image","twitter_misc":{"Est. reading time":"5 minutes"},"schema":{"@context":"https:\/\/schema.org","@graph":[{"@type":"WebPage","@id":"https:\/\/mercuri.be\/assertieve-acquisitie\/","url":"https:\/\/mercuri.be\/assertieve-acquisitie\/","name":"Assertieve Acquisitie Mercuri International Marktleider in sales ontwikkeling","isPartOf":{"@id":"https:\/\/mercuri.be\/#website"},"primaryImageOfPage":{"@id":"https:\/\/mercuri.be\/assertieve-acquisitie\/#primaryimage"},"image":{"@id":"https:\/\/mercuri.be\/assertieve-acquisitie\/#primaryimage"},"thumbnailUrl":"https:\/\/mercuri.be\/wp-content\/uploads\/sites\/23\/2018\/12\/istock-8003955302-1.jpg","datePublished":"2018-11-23T13:35:03+00:00","dateModified":"2021-09-24T12:36:12+00:00","description":"In moeilijke verkoopsituaties op een assertieve manier omgaan met het gesprek. Wanneer de klant veel weerstand biedt en weinig toegevoegde waarde verwacht.","breadcrumb":{"@id":"https:\/\/mercuri.be\/assertieve-acquisitie\/#breadcrumb"},"inLanguage":"fr-BE","potentialAction":[{"@type":"ReadAction","target":["https:\/\/mercuri.be\/assertieve-acquisitie\/"]}]},{"@type":"ImageObject","inLanguage":"fr-BE","@id":"https:\/\/mercuri.be\/assertieve-acquisitie\/#primaryimage","url":"https:\/\/mercuri.be\/wp-content\/uploads\/sites\/23\/2018\/12\/istock-8003955302-1.jpg","contentUrl":"https:\/\/mercuri.be\/wp-content\/uploads\/sites\/23\/2018\/12\/istock-8003955302-1.jpg"},{"@type":"BreadcrumbList","@id":"https:\/\/mercuri.be\/assertieve-acquisitie\/#breadcrumb","itemListElement":[{"@type":"ListItem","position":1,"name":"Home","item":"https:\/\/mercuri.be\/"},{"@type":"ListItem","position":2,"name":"Assertieve Acquisitie"}]},{"@type":"WebSite","@id":"https:\/\/mercuri.be\/#website","url":"https:\/\/mercuri.be\/","name":"Mercuri Belgique","description":"Site de Mercuri International Belgium","potentialAction":[{"@type":"SearchAction","target":{"@type":"EntryPoint","urlTemplate":"https:\/\/mercuri.be\/?s={search_term_string}"},"query-input":{"@type":"PropertyValueSpecification","valueRequired":true,"valueName":"search_term_string"}}],"inLanguage":"fr-BE"}]}},"_links":{"self":[{"href":"https:\/\/mercuri.be\/fr\/wp-json\/wp\/v2\/pages\/583","targetHints":{"allow":["GET"]}}],"collection":[{"href":"https:\/\/mercuri.be\/fr\/wp-json\/wp\/v2\/pages"}],"about":[{"href":"https:\/\/mercuri.be\/fr\/wp-json\/wp\/v2\/types\/page"}],"author":[{"embeddable":true,"href":"https:\/\/mercuri.be\/fr\/wp-json\/wp\/v2\/users\/10"}],"replies":[{"embeddable":true,"href":"https:\/\/mercuri.be\/fr\/wp-json\/wp\/v2\/comments?post=583"}],"version-history":[{"count":18,"href":"https:\/\/mercuri.be\/fr\/wp-json\/wp\/v2\/pages\/583\/revisions"}],"predecessor-version":[{"id":3125,"href":"https:\/\/mercuri.be\/fr\/wp-json\/wp\/v2\/pages\/583\/revisions\/3125"}],"wp:attachment":[{"href":"https:\/\/mercuri.be\/fr\/wp-json\/wp\/v2\/media?parent=583"}],"curies":[{"name":"wp","href":"https:\/\/api.w.org\/{rel}","templated":true}]}}