{"id":580,"date":"2018-11-23T13:14:53","date_gmt":"2018-11-23T13:14:53","guid":{"rendered":"https:\/\/mercuri.be\/?page_id=580"},"modified":"2021-09-24T12:47:19","modified_gmt":"2021-09-24T12:47:19","slug":"pommes-ou-oranges-business-financial-insight-for-all","status":"publish","type":"page","link":"https:\/\/mercuri.be\/fr\/pommes-ou-oranges-business-financial-insight-for-all\/","title":{"rendered":"Pommes et oranges"},"content":{"rendered":"<h2 class=\"wp-block-heading\">Le financement des entreprises pour tous<\/h2>\n\n\n\n<p>Donnez \u00e0 vos employ\u00e9s les moyens de penser comme des entrepreneurs gr\u00e2ce au pouvoir du jeu. Faites l'exp\u00e9rience des r\u00e9sultats d'un sens aigu des affaires.<\/p>\n\n\n\n<p>Les participants ont une vue d'ensemble du fonctionnement de leur organisation et peuvent \u00e9tablir un lien entre leurs actions et d\u00e9cisions quotidiennes et le compte de r\u00e9sultat, le bilan et le tableau des flux de tr\u00e9sorerie de l'entreprise. Les participants sont regroup\u00e9s en \u00e9quipes qui g\u00e8rent chacune une entreprise et se mesurent aux autres \u00e9quipes. Pour savoir s'ils gagnent ou s'ils perdent, ils doivent remplir des \u00e9tats financiers pour chaque ann\u00e9e simul\u00e9e. La courbe d'apprentissage est profonde et, gr\u00e2ce \u00e0 leurs nouvelles connaissances, les participants proposent des id\u00e9es pour am\u00e9liorer la rentabilit\u00e9.<\/p>\n\n\n\n<figure class=\"wp-block-embed is-type-video is-provider-youtube wp-block-embed-youtube wp-embed-aspect-16-9 wp-has-aspect-ratio\"><div class=\"wp-block-embed__wrapper\">\n<iframe loading=\"lazy\" title=\"Celemi Apples &amp; Oranges\u2122 - Un meilleur sens des affaires pour tous\" width=\"500\" height=\"281\" src=\"https:\/\/www.youtube-nocookie.com\/embed\/QJV5Uk0NZXU?feature=oembed\" frameborder=\"0\" allow=\"accelerometer; autoplay; clipboard-write; encrypted-media; gyroscope; picture-in-picture; web-share\" referrerpolicy=\"strict-origin-when-cross-origin\" allowfullscreen><\/iframe>\n<\/div><\/figure>\n\n\n\n<h3 class=\"wp-block-heading\">Contenu<\/h3>\n\n\n\n<p>Les organisations qui utilisent Apples &amp; Oranges peuvent b\u00e9n\u00e9ficier des avantages suivants :<\/p>\n\n\n\n<ul class=\"wp-block-list\"><li>Cr\u00e9er une vision commune \u00e0 l'ensemble de l'organisation.<\/li><li>Cr\u00e9er un socle commun de connaissances relatives aux concepts financiers et de gestion.<\/li><li>Communiquer le message principal \u00e0 l'heure d'une organisation en mutation<\/li><li>M\u00e9canismes de profits et pertes<\/li><li>Le \"flux\" financier au sein de l'organisation<\/li><li>Terminologie financi\u00e8re contemporaine<\/li><li>Processus de tr\u00e9sorerie<\/li><li>Le lien entre la strat\u00e9gie et l'impact financier<\/li><li>Compte de r\u00e9sultat et bilan<\/li><li>Indicateurs de performance financi\u00e8re<\/li><li>\u00c9valuation d'une entreprise<\/li><\/ul>\n\n\n\n<h3 class=\"wp-block-heading\">Pour les participants au programme Apples &amp; Oranges, la valeur ajout\u00e9e est la suivante<\/h3>\n\n\n\n<div class=\"wp-block-image\"><figure class=\"alignright\"><img loading=\"lazy\" decoding=\"async\" width=\"323\" height=\"193\" src=\"https:\/\/mercuri.be\/wp-content\/uploads\/sites\/23\/2018\/11\/apples_and_oranges.jpg\" alt=\"\" class=\"wp-image-581\" srcset=\"https:\/\/mercuri.be\/wp-content\/uploads\/sites\/23\/2018\/11\/apples_and_oranges.jpg 323w, https:\/\/mercuri.be\/wp-content\/uploads\/sites\/23\/2018\/11\/apples_and_oranges-300x179.jpg 300w\" sizes=\"(max-width: 323px) 100vw, 323px\" \/><\/figure><\/div>\n\n\n\n<ul class=\"wp-block-list\"><li>Savoir comment l'entreprise pour laquelle ils travaillent g\u00e9n\u00e8re des profits aujourd'hui et ce qui est n\u00e9cessaire pour g\u00e9n\u00e9rer des profits \u00e0 l'avenir.<\/li><li>Comprendre comment les d\u00e9cisions quotidiennes affectent l'organisation, tant sur le plan strat\u00e9gique que financier. &nbsp;&nbsp;&nbsp;&nbsp;&nbsp;&nbsp;&nbsp;&nbsp;&nbsp;&nbsp;&nbsp;&nbsp;&nbsp;&nbsp;<\/li><li>Capacit\u00e9 \u00e0 identifier les domaines d'am\u00e9lioration des op\u00e9rations dans le cadre d'un processus continu<\/li><\/ul>\n\n\n\n<h3 class=\"wp-block-heading\">Apprentissage mixte<\/h3>\n\n\n\n<p>Les programmes mixtes garantissent que l'effet d'apprentissage de la formation est renforc\u00e9. En utilisant diff\u00e9rents formats d'apprentissage (formation num\u00e9rique et formation en classe), la formation a un impact plus important.<br><\/p>\n\n\n\n<h2 class=\"wp-block-heading\"><strong>Les possibilit\u00e9s<\/strong> <\/h2>\n\n\n\n<h3 class=\"wp-block-heading\">Une entreprise sur mesure pour votre organisation<\/h3>\n\n\n\n<div class=\"wp-block-image\"><figure class=\"alignright\"><img decoding=\"async\" src=\"https:\/\/mercuri.nl\/wp-content\/uploads\/sites\/15\/2019\/04\/sales-300x200.jpg\" alt=\"\" class=\"wp-image-1809\"\/><\/figure><\/div>\n\n\n\n<p>Nous pouvons \u00e9galement dispenser cette formation en entreprise et les options sont nombreuses. Nous serions heureux d'avoir un contact personnel pour explorer les possibilit\u00e9s avec vous. <a href=\"https:\/\/mercuri.be\/fr\/exemples-de-reussites\/\">Voici quelques clients qui vous ont pr\u00e9c\u00e9d\u00e9.<\/a><\/p>\n\n\n\n<div class=\"wp-block-button\"><a class=\"wp-block-button__link\" href=\"https:\/\/mercuri.be\/fr\/contact\/\">Je souhaite \u00eatre contact\u00e9(e) pour un cours en entreprise<\/a><\/div>\n\n\n\n<h3 class=\"wp-block-heading\">Notre approche<\/h3>\n\n\n\n<p>Sur la base d'une m\u00e9thode qui a fait ses preuves <a href=\"https:\/\/mercuri.be\/fr\/le-modele-mercuri-en-5-etapes\/\">M\u00e9thode en 5 \u00e9tapes<\/a> nous nous concentrons sur l'impact et les r\u00e9sultats. Ce faisant, nous croyons en une approche adapt\u00e9e \u00e0 votre organisation, \u00e0 vos employ\u00e9s et \u00e0 votre environnement de march\u00e9. Notre objectif est de mettre en \u0153uvre ensemble votre strat\u00e9gie de vente et d'obtenir des r\u00e9sultats mesurables.&nbsp;<\/p>\n\n\n<p><!--EndFragment--><\/p>\n\n\n<p class=\"has-text-align-center\"><a href=\"mailto:%20info@mercuri.be\">Courriel : info@mercuri.be<\/a><\/p>\n\n\n\n<p class=\"has-text-align-center\"><a href=\"tel:%20+32%20(0)2 245 02 40\">Tel : +32 (0)2 245 02 40<\/a><\/p>\n\n\n\n<div class=\"wp-block-button aligncenter\"><a class=\"wp-block-button__link\" href=\"https:\/\/mercuri.be\/fr\/contact\/\">Aidez-moi<\/a><\/div>\n\n\n\n<ul class=\"wp-block-gallery alignfull columns-1 is-cropped wp-block-gallery-1 is-layout-flex wp-block-gallery-is-layout-flex\"><li class=\"blocks-gallery-item\"><figure><img loading=\"lazy\" decoding=\"async\" width=\"5420\" height=\"4467\" src=\"https:\/\/mercuri.be\/wp-content\/uploads\/sites\/23\/2018\/12\/istock-637237498-1.jpg\" alt=\"\" class=\"wp-image-1121\" srcset=\"https:\/\/mercuri.be\/wp-content\/uploads\/sites\/23\/2018\/12\/istock-637237498-1.jpg 5420w, https:\/\/mercuri.be\/wp-content\/uploads\/sites\/23\/2018\/12\/istock-637237498-1-300x247.jpg 300w, https:\/\/mercuri.be\/wp-content\/uploads\/sites\/23\/2018\/12\/istock-637237498-1-768x633.jpg 768w, https:\/\/mercuri.be\/wp-content\/uploads\/sites\/23\/2018\/12\/istock-637237498-1-1024x844.jpg 1024w, https:\/\/mercuri.be\/wp-content\/uploads\/sites\/23\/2018\/12\/istock-637237498-1-600x495.jpg 600w\" sizes=\"(max-width: 5420px) 100vw, 5420px\" \/><\/figure><\/li><\/ul>","protected":false},"excerpt":{"rendered":"<p>Business Finance for everyone Geef uw medewerkers de kracht om te denken als ondernemers door de kracht van het spel.<\/p>","protected":false},"author":10,"featured_media":0,"parent":0,"menu_order":0,"comment_status":"closed","ping_status":"closed","template":"","meta":{"_acf_changed":false,"_eb_attr":"","form_id":"","editor_notices":[],"footnotes":""},"class_list":["post-580","page","type-page","status-publish","hentry"],"acf":[],"yoast_head":"<!-- This site is optimized with the Yoast SEO plugin v26.6 - https:\/\/yoast.com\/wordpress\/plugins\/seo\/ -->\n<title>Apples &amp; Oranges - Mercuri International Marktleider in sales ontwikkeling<\/title>\n<meta name=\"description\" content=\"Business Finance for everyone - Geef uw medewerkers de kracht om te denken als ondernemers door de kracht van het spel. Zakelijk inzicht geeft resultaat.\" \/>\n<meta name=\"robots\" content=\"index, follow, max-snippet:-1, max-image-preview:large, max-video-preview:-1\" \/>\n<link rel=\"canonical\" href=\"https:\/\/mercuri.be\/fr\/pommes-ou-oranges-business-financial-insight-for-all\/\" \/>\n<meta property=\"og:locale\" content=\"fr_FR\" \/>\n<meta property=\"og:type\" content=\"article\" \/>\n<meta property=\"og:title\" content=\"Apples &amp; Oranges - Mercuri International Marktleider in sales ontwikkeling\" \/>\n<meta property=\"og:description\" content=\"Business Finance for everyone - Geef uw medewerkers de kracht om te denken als ondernemers door de kracht van het spel. Zakelijk inzicht geeft resultaat.\" \/>\n<meta property=\"og:url\" content=\"https:\/\/mercuri.be\/fr\/pommes-ou-oranges-business-financial-insight-for-all\/\" \/>\n<meta property=\"og:site_name\" content=\"Mercuri Belgium\" \/>\n<meta property=\"article:modified_time\" content=\"2021-09-24T12:47:19+00:00\" \/>\n<meta property=\"og:image\" content=\"https:\/\/mercuri.be\/wp-content\/uploads\/sites\/23\/2018\/11\/apples_and_oranges.jpg\" \/>\n<meta name=\"twitter:card\" content=\"summary_large_image\" \/>\n<meta name=\"twitter:label1\" content=\"Est. reading time\" \/>\n\t<meta name=\"twitter:data1\" content=\"3 minutes\" \/>\n<script type=\"application\/ld+json\" class=\"yoast-schema-graph\">{\"@context\":\"https:\/\/schema.org\",\"@graph\":[{\"@type\":\"WebPage\",\"@id\":\"https:\/\/mercuri.be\/apples-oranges-zakelijk-financieel-inzicht-voor-iedereen\/\",\"url\":\"https:\/\/mercuri.be\/apples-oranges-zakelijk-financieel-inzicht-voor-iedereen\/\",\"name\":\"Apples & Oranges - Mercuri International Marktleider in sales ontwikkeling\",\"isPartOf\":{\"@id\":\"https:\/\/mercuri.be\/#website\"},\"primaryImageOfPage\":{\"@id\":\"https:\/\/mercuri.be\/apples-oranges-zakelijk-financieel-inzicht-voor-iedereen\/#primaryimage\"},\"image\":{\"@id\":\"https:\/\/mercuri.be\/apples-oranges-zakelijk-financieel-inzicht-voor-iedereen\/#primaryimage\"},\"thumbnailUrl\":\"https:\/\/mercuri.be\/wp-content\/uploads\/sites\/23\/2018\/11\/apples_and_oranges.jpg\",\"datePublished\":\"2018-11-23T13:14:53+00:00\",\"dateModified\":\"2021-09-24T12:47:19+00:00\",\"description\":\"Business Finance for everyone - Geef uw medewerkers de kracht om te denken als ondernemers door de kracht van het spel. Zakelijk inzicht geeft resultaat.\",\"breadcrumb\":{\"@id\":\"https:\/\/mercuri.be\/apples-oranges-zakelijk-financieel-inzicht-voor-iedereen\/#breadcrumb\"},\"inLanguage\":\"fr-BE\",\"potentialAction\":[{\"@type\":\"ReadAction\",\"target\":[\"https:\/\/mercuri.be\/apples-oranges-zakelijk-financieel-inzicht-voor-iedereen\/\"]}]},{\"@type\":\"ImageObject\",\"inLanguage\":\"fr-BE\",\"@id\":\"https:\/\/mercuri.be\/apples-oranges-zakelijk-financieel-inzicht-voor-iedereen\/#primaryimage\",\"url\":\"https:\/\/mercuri.be\/wp-content\/uploads\/sites\/23\/2018\/11\/apples_and_oranges.jpg\",\"contentUrl\":\"https:\/\/mercuri.be\/wp-content\/uploads\/sites\/23\/2018\/11\/apples_and_oranges.jpg\"},{\"@type\":\"BreadcrumbList\",\"@id\":\"https:\/\/mercuri.be\/apples-oranges-zakelijk-financieel-inzicht-voor-iedereen\/#breadcrumb\",\"itemListElement\":[{\"@type\":\"ListItem\",\"position\":1,\"name\":\"Home\",\"item\":\"https:\/\/mercuri.be\/\"},{\"@type\":\"ListItem\",\"position\":2,\"name\":\"Apples &#038; Oranges\"}]},{\"@type\":\"WebSite\",\"@id\":\"https:\/\/mercuri.be\/#website\",\"url\":\"https:\/\/mercuri.be\/\",\"name\":\"Mercuri Belgium\",\"description\":\"Mercuri International Belgium site\",\"potentialAction\":[{\"@type\":\"SearchAction\",\"target\":{\"@type\":\"EntryPoint\",\"urlTemplate\":\"https:\/\/mercuri.be\/?s={search_term_string}\"},\"query-input\":{\"@type\":\"PropertyValueSpecification\",\"valueRequired\":true,\"valueName\":\"search_term_string\"}}],\"inLanguage\":\"fr-BE\"}]}<\/script>\n<!-- \/ Yoast SEO plugin. -->","yoast_head_json":{"title":"Apples & Oranges - Mercuri International Marktleider in sales ontwikkeling","description":"Business Finance for everyone - Geef uw medewerkers de kracht om te denken als ondernemers door de kracht van het spel. Zakelijk inzicht geeft resultaat.","robots":{"index":"index","follow":"follow","max-snippet":"max-snippet:-1","max-image-preview":"max-image-preview:large","max-video-preview":"max-video-preview:-1"},"canonical":"https:\/\/mercuri.be\/fr\/pommes-ou-oranges-business-financial-insight-for-all\/","og_locale":"fr_FR","og_type":"article","og_title":"Apples & Oranges - Mercuri International Marktleider in sales ontwikkeling","og_description":"Business Finance for everyone - Geef uw medewerkers de kracht om te denken als ondernemers door de kracht van het spel. Zakelijk inzicht geeft resultaat.","og_url":"https:\/\/mercuri.be\/fr\/pommes-ou-oranges-business-financial-insight-for-all\/","og_site_name":"Mercuri Belgium","article_modified_time":"2021-09-24T12:47:19+00:00","og_image":[{"url":"https:\/\/mercuri.be\/wp-content\/uploads\/sites\/23\/2018\/11\/apples_and_oranges.jpg","type":"","width":"","height":""}],"twitter_card":"summary_large_image","twitter_misc":{"Est. reading time":"3 minutes"},"schema":{"@context":"https:\/\/schema.org","@graph":[{"@type":"WebPage","@id":"https:\/\/mercuri.be\/apples-oranges-zakelijk-financieel-inzicht-voor-iedereen\/","url":"https:\/\/mercuri.be\/apples-oranges-zakelijk-financieel-inzicht-voor-iedereen\/","name":"Apples & Oranges - Mercuri International Marktleider in sales ontwikkeling","isPartOf":{"@id":"https:\/\/mercuri.be\/#website"},"primaryImageOfPage":{"@id":"https:\/\/mercuri.be\/apples-oranges-zakelijk-financieel-inzicht-voor-iedereen\/#primaryimage"},"image":{"@id":"https:\/\/mercuri.be\/apples-oranges-zakelijk-financieel-inzicht-voor-iedereen\/#primaryimage"},"thumbnailUrl":"https:\/\/mercuri.be\/wp-content\/uploads\/sites\/23\/2018\/11\/apples_and_oranges.jpg","datePublished":"2018-11-23T13:14:53+00:00","dateModified":"2021-09-24T12:47:19+00:00","description":"Business Finance for everyone - Geef uw medewerkers de kracht om te denken als ondernemers door de kracht van het spel. Zakelijk inzicht geeft resultaat.","breadcrumb":{"@id":"https:\/\/mercuri.be\/apples-oranges-zakelijk-financieel-inzicht-voor-iedereen\/#breadcrumb"},"inLanguage":"fr-BE","potentialAction":[{"@type":"ReadAction","target":["https:\/\/mercuri.be\/apples-oranges-zakelijk-financieel-inzicht-voor-iedereen\/"]}]},{"@type":"ImageObject","inLanguage":"fr-BE","@id":"https:\/\/mercuri.be\/apples-oranges-zakelijk-financieel-inzicht-voor-iedereen\/#primaryimage","url":"https:\/\/mercuri.be\/wp-content\/uploads\/sites\/23\/2018\/11\/apples_and_oranges.jpg","contentUrl":"https:\/\/mercuri.be\/wp-content\/uploads\/sites\/23\/2018\/11\/apples_and_oranges.jpg"},{"@type":"BreadcrumbList","@id":"https:\/\/mercuri.be\/apples-oranges-zakelijk-financieel-inzicht-voor-iedereen\/#breadcrumb","itemListElement":[{"@type":"ListItem","position":1,"name":"Home","item":"https:\/\/mercuri.be\/"},{"@type":"ListItem","position":2,"name":"Apples &#038; Oranges"}]},{"@type":"WebSite","@id":"https:\/\/mercuri.be\/#website","url":"https:\/\/mercuri.be\/","name":"Mercuri Belgique","description":"Site de Mercuri International Belgium","potentialAction":[{"@type":"SearchAction","target":{"@type":"EntryPoint","urlTemplate":"https:\/\/mercuri.be\/?s={search_term_string}"},"query-input":{"@type":"PropertyValueSpecification","valueRequired":true,"valueName":"search_term_string"}}],"inLanguage":"fr-BE"}]}},"_links":{"self":[{"href":"https:\/\/mercuri.be\/fr\/wp-json\/wp\/v2\/pages\/580","targetHints":{"allow":["GET"]}}],"collection":[{"href":"https:\/\/mercuri.be\/fr\/wp-json\/wp\/v2\/pages"}],"about":[{"href":"https:\/\/mercuri.be\/fr\/wp-json\/wp\/v2\/types\/page"}],"author":[{"embeddable":true,"href":"https:\/\/mercuri.be\/fr\/wp-json\/wp\/v2\/users\/10"}],"replies":[{"embeddable":true,"href":"https:\/\/mercuri.be\/fr\/wp-json\/wp\/v2\/comments?post=580"}],"version-history":[{"count":19,"href":"https:\/\/mercuri.be\/fr\/wp-json\/wp\/v2\/pages\/580\/revisions"}],"predecessor-version":[{"id":3133,"href":"https:\/\/mercuri.be\/fr\/wp-json\/wp\/v2\/pages\/580\/revisions\/3133"}],"wp:attachment":[{"href":"https:\/\/mercuri.be\/fr\/wp-json\/wp\/v2\/media?parent=580"}],"curies":[{"name":"wp","href":"https:\/\/api.w.org\/{rel}","templated":true}]}}