{"id":4951,"date":"2026-03-04T07:54:27","date_gmt":"2026-03-04T07:54:27","guid":{"rendered":"https:\/\/mercuri.be\/?page_id=4951"},"modified":"2026-03-04T07:54:28","modified_gmt":"2026-03-04T07:54:28","slug":"telecharger-le-rapport-sur-la-vente-hybride-en-neerlandais","status":"publish","type":"page","link":"https:\/\/mercuri.be\/fr\/telecharger-le-rapport-sur-la-vente-hybride-en-neerlandais\/","title":{"rendered":"DOWNLOAD HET HYBRID SELLING REPORT DUTCH"},"content":{"rendered":"<section class=\"wp-block-qala-uniform-dynamics-text g-uniform-block l-block-padding alignfull\"><div class=\"g-uniform__wrap g-uniform__wrap--equal\">\n\n<div class=\"wp-block-qala-content g-uniform__content has-sky-background-color\"><div class=\"g-uniform__caption text-left\">\n<h2 class=\"wp-block-heading has-text-align-center g-uniform__title\">T\u00c9L\u00c9CHARGER LE RAPPORT SUR LA VENTE DE PRODUITS HYBRIDES<\/h2>\n\n\n\n<p class=\"has-text-align-center g-uniform__text\">Le nouveau \u2018 Rapport des Ventes Hybrides \u2019 de Mercuri International explore en profondeur comment la strat\u00e9gie de vente a \u00e9volu\u00e9 dans le paysage commercial pendant la p\u00e9riode r\u00e9cente et mouvement\u00e9e, et interroge des leaders du secteur sur leurs exp\u00e9riences r\u00e9centes. Il examine les avantages et les inconv\u00e9nients du pr\u00e9sentiel par rapport au virtuel \u2013 et pose la question : \u201c Et maintenant ? \u201d<\/p>\n<\/div><\/div>\n\n\n\n\n\n<div class=\"wp-block-qala-content g-uniform__content has-navy-background-color\"><div class=\"g-uniform__caption text-left\">\t<div class=\"c-contact-block\">\n\t\t<div class=\"c-contact__form-wrap wpdynamics-form  text-left\">\n\t\t\t<div \n\t\t\t\t\tdata-form-id='a42fc06a-5d12-f111-8407-000d3ab84c87' \n\t\t\t\t\tdata-form-api-url='https:\/\/public-eur.mkt.dynamics.com\/api\/v1.0\/orgs\/381be67e-3b1c-4a2f-b701-bfbb06ba7fe8\/landingpageforms' \n\t\t\t\t\tdata-cached-form-url='https:\/\/assets-eur.mkt.dynamics.com\/381be67e-3b1c-4a2f-b701-bfbb06ba7fe8\/digitalassets\/forms\/a42fc06a-5d12-f111-8407-000d3ab84c87'>\n\t\t\t\t<\/div>\n\t\t\t\t<script src='https:\/\/cxppusa1formui01cdnsa01-endpoint.azureedge.net\/eur\/FormLoader\/FormLoader.bundle.js'><\/script>\t\t<\/div>\n\t<\/div>\n<\/div><\/div>\n\n<\/div><\/section>","protected":false},"excerpt":{"rendered":"","protected":false},"author":179,"featured_media":0,"parent":0,"menu_order":0,"comment_status":"closed","ping_status":"closed","template":"","meta":{"_acf_changed":false,"_eb_attr":"","form_id":"","editor_notices":[],"footnotes":""},"class_list":["post-4951","page","type-page","status-publish","hentry"],"acf":[],"yoast_head":"<!-- This site is optimized with the Yoast SEO plugin v26.6 - https:\/\/yoast.com\/wordpress\/plugins\/seo\/ -->\n<title>DOWNLOAD HET HYBRID SELLING REPORT DUTCH - Mercuri Belgium<\/title>\n<meta name=\"description\" content=\"Download Page for the Hybrid selling report in dutch\" \/>\n<meta name=\"robots\" content=\"index, follow, max-snippet:-1, max-image-preview:large, max-video-preview:-1\" \/>\n<link rel=\"canonical\" href=\"https:\/\/mercuri.be\/fr\/telecharger-le-rapport-sur-la-vente-hybride-en-neerlandais\/\" \/>\n<meta property=\"og:locale\" content=\"fr_FR\" \/>\n<meta property=\"og:type\" content=\"article\" \/>\n<meta property=\"og:title\" content=\"DOWNLOAD HET HYBRID SELLING REPORT DUTCH - Mercuri Belgium\" \/>\n<meta property=\"og:description\" content=\"Download Page for the Hybrid selling report in dutch\" \/>\n<meta property=\"og:url\" content=\"https:\/\/mercuri.be\/fr\/telecharger-le-rapport-sur-la-vente-hybride-en-neerlandais\/\" \/>\n<meta property=\"og:site_name\" content=\"Mercuri Belgium\" \/>\n<meta property=\"article:modified_time\" content=\"2026-03-04T07:54:28+00:00\" \/>\n<meta name=\"twitter:card\" content=\"summary_large_image\" \/>\n<script type=\"application\/ld+json\" class=\"yoast-schema-graph\">{\"@context\":\"https:\/\/schema.org\",\"@graph\":[{\"@type\":\"WebPage\",\"@id\":\"https:\/\/mercuri.be\/download-het-hybrid-selling-report-dutch\/\",\"url\":\"https:\/\/mercuri.be\/download-het-hybrid-selling-report-dutch\/\",\"name\":\"DOWNLOAD HET HYBRID SELLING REPORT DUTCH - Mercuri Belgium\",\"isPartOf\":{\"@id\":\"https:\/\/mercuri.be\/#website\"},\"datePublished\":\"2026-03-04T07:54:27+00:00\",\"dateModified\":\"2026-03-04T07:54:28+00:00\",\"description\":\"Download Page for the Hybrid selling report in dutch\",\"breadcrumb\":{\"@id\":\"https:\/\/mercuri.be\/download-het-hybrid-selling-report-dutch\/#breadcrumb\"},\"inLanguage\":\"fr-BE\",\"potentialAction\":[{\"@type\":\"ReadAction\",\"target\":[\"https:\/\/mercuri.be\/download-het-hybrid-selling-report-dutch\/\"]}]},{\"@type\":\"BreadcrumbList\",\"@id\":\"https:\/\/mercuri.be\/download-het-hybrid-selling-report-dutch\/#breadcrumb\",\"itemListElement\":[{\"@type\":\"ListItem\",\"position\":1,\"name\":\"Home\",\"item\":\"https:\/\/mercuri.be\/\"},{\"@type\":\"ListItem\",\"position\":2,\"name\":\"DOWNLOAD HET HYBRID SELLING REPORT DUTCH\"}]},{\"@type\":\"WebSite\",\"@id\":\"https:\/\/mercuri.be\/#website\",\"url\":\"https:\/\/mercuri.be\/\",\"name\":\"Mercuri Belgium\",\"description\":\"Mercuri International Belgium site\",\"potentialAction\":[{\"@type\":\"SearchAction\",\"target\":{\"@type\":\"EntryPoint\",\"urlTemplate\":\"https:\/\/mercuri.be\/?s={search_term_string}\"},\"query-input\":{\"@type\":\"PropertyValueSpecification\",\"valueRequired\":true,\"valueName\":\"search_term_string\"}}],\"inLanguage\":\"fr-BE\"}]}<\/script>\n<!-- \/ Yoast SEO plugin. -->","yoast_head_json":{"title":"DOWNLOAD HET HYBRID SELLING REPORT DUTCH - Mercuri Belgium","description":"Download Page for the Hybrid selling report in dutch","robots":{"index":"index","follow":"follow","max-snippet":"max-snippet:-1","max-image-preview":"max-image-preview:large","max-video-preview":"max-video-preview:-1"},"canonical":"https:\/\/mercuri.be\/fr\/telecharger-le-rapport-sur-la-vente-hybride-en-neerlandais\/","og_locale":"fr_FR","og_type":"article","og_title":"DOWNLOAD HET HYBRID SELLING REPORT DUTCH - Mercuri Belgium","og_description":"Download Page for the Hybrid selling report in dutch","og_url":"https:\/\/mercuri.be\/fr\/telecharger-le-rapport-sur-la-vente-hybride-en-neerlandais\/","og_site_name":"Mercuri Belgium","article_modified_time":"2026-03-04T07:54:28+00:00","twitter_card":"summary_large_image","schema":{"@context":"https:\/\/schema.org","@graph":[{"@type":"WebPage","@id":"https:\/\/mercuri.be\/download-het-hybrid-selling-report-dutch\/","url":"https:\/\/mercuri.be\/download-het-hybrid-selling-report-dutch\/","name":"DOWNLOAD HET HYBRID SELLING REPORT DUTCH - Mercuri Belgium","isPartOf":{"@id":"https:\/\/mercuri.be\/#website"},"datePublished":"2026-03-04T07:54:27+00:00","dateModified":"2026-03-04T07:54:28+00:00","description":"Download Page for the Hybrid selling report in dutch","breadcrumb":{"@id":"https:\/\/mercuri.be\/download-het-hybrid-selling-report-dutch\/#breadcrumb"},"inLanguage":"fr-BE","potentialAction":[{"@type":"ReadAction","target":["https:\/\/mercuri.be\/download-het-hybrid-selling-report-dutch\/"]}]},{"@type":"BreadcrumbList","@id":"https:\/\/mercuri.be\/download-het-hybrid-selling-report-dutch\/#breadcrumb","itemListElement":[{"@type":"ListItem","position":1,"name":"Home","item":"https:\/\/mercuri.be\/"},{"@type":"ListItem","position":2,"name":"DOWNLOAD HET HYBRID SELLING REPORT DUTCH"}]},{"@type":"WebSite","@id":"https:\/\/mercuri.be\/#website","url":"https:\/\/mercuri.be\/","name":"Mercuri Belgique","description":"Site de Mercuri International Belgium","potentialAction":[{"@type":"SearchAction","target":{"@type":"EntryPoint","urlTemplate":"https:\/\/mercuri.be\/?s={search_term_string}"},"query-input":{"@type":"PropertyValueSpecification","valueRequired":true,"valueName":"search_term_string"}}],"inLanguage":"fr-BE"}]}},"_links":{"self":[{"href":"https:\/\/mercuri.be\/fr\/wp-json\/wp\/v2\/pages\/4951","targetHints":{"allow":["GET"]}}],"collection":[{"href":"https:\/\/mercuri.be\/fr\/wp-json\/wp\/v2\/pages"}],"about":[{"href":"https:\/\/mercuri.be\/fr\/wp-json\/wp\/v2\/types\/page"}],"author":[{"embeddable":true,"href":"https:\/\/mercuri.be\/fr\/wp-json\/wp\/v2\/users\/179"}],"replies":[{"embeddable":true,"href":"https:\/\/mercuri.be\/fr\/wp-json\/wp\/v2\/comments?post=4951"}],"version-history":[{"count":3,"href":"https:\/\/mercuri.be\/fr\/wp-json\/wp\/v2\/pages\/4951\/revisions"}],"predecessor-version":[{"id":4954,"href":"https:\/\/mercuri.be\/fr\/wp-json\/wp\/v2\/pages\/4951\/revisions\/4954"}],"wp:attachment":[{"href":"https:\/\/mercuri.be\/fr\/wp-json\/wp\/v2\/media?parent=4951"}],"curies":[{"name":"wp","href":"https:\/\/api.w.org\/{rel}","templated":true}]}}