{"id":4933,"date":"2026-02-23T10:51:45","date_gmt":"2026-02-23T10:51:45","guid":{"rendered":"https:\/\/mercuri.be\/?page_id=4933"},"modified":"2026-02-23T10:51:45","modified_gmt":"2026-02-23T10:51:45","slug":"value-based-selling-e-book-download-french","status":"publish","type":"page","link":"https:\/\/mercuri.be\/fr\/value-based-selling-e-book-download-french\/","title":{"rendered":"Value Based Selling E-Book Download French"},"content":{"rendered":"<section class=\"wp-block-qala-uniform-dynamics-text g-uniform-block l-block-padding alignfull\"><div class=\"g-uniform__wrap g-uniform__wrap--equal\">\n\n<div class=\"wp-block-qala-content g-uniform__content has-sky-background-color\"><div class=\"g-uniform__caption text-left\">\n<h2 class=\"wp-block-heading g-uniform__title\">LES VENTES EN MOUVEMENT<\/h2>\n\n\n\n<p class=\"g-uniform__text\">En mati\u00e8re de croissance durable \u00e0 long terme, l'orientation vers la valeur client est la tendance num\u00e9ro un. Dans notre livre \u00e9lectronique \u00ab Sales in Motion \u00bb, nous examinons la nature changeante de la \u00ab valeur \u00bb elle-m\u00eame, en nous demandant comment mieux r\u00e9pondre aux besoins les plus urgents de nos clients.<\/p>\n<\/div><\/div>\n\n\n\n\n\n<div class=\"wp-block-qala-content g-uniform__content has-navy-background-color\"><div class=\"g-uniform__caption text-left\">\t<div class=\"c-contact-block\">\n\t\t<div class=\"c-contact__form-wrap wpdynamics-form  text-left\">\n\t\t\t<div \n\t\t\t\t\tdata-form-id='adc95008-5ad0-f011-bbd3-000d3ab45e6a' \n\t\t\t\t\tdata-form-api-url='https:\/\/public-eur.mkt.dynamics.com\/api\/v1.0\/orgs\/381be67e-3b1c-4a2f-b701-bfbb06ba7fe8\/landingpageforms' \n\t\t\t\t\tdata-cached-form-url='https:\/\/assets-eur.mkt.dynamics.com\/381be67e-3b1c-4a2f-b701-bfbb06ba7fe8\/digitalassets\/forms\/adc95008-5ad0-f011-bbd3-000d3ab45e6a'>\n\t\t\t\t<\/div>\n\t\t\t\t<script src='https:\/\/cxppusa1formui01cdnsa01-endpoint.azureedge.net\/eur\/FormLoader\/FormLoader.bundle.js'><\/script>\t\t<\/div>\n\t<\/div>\n<\/div><\/div>\n\n<\/div><\/section>","protected":false},"excerpt":{"rendered":"","protected":false},"author":179,"featured_media":0,"parent":0,"menu_order":0,"comment_status":"closed","ping_status":"closed","template":"","meta":{"_acf_changed":false,"_eb_attr":"","form_id":"","editor_notices":[],"footnotes":""},"class_list":["post-4933","page","type-page","status-publish","hentry"],"acf":[],"yoast_head":"<!-- This site is optimized with the Yoast SEO plugin v26.6 - https:\/\/yoast.com\/wordpress\/plugins\/seo\/ -->\n<title>Value Based Selling E-Book Download French - Mercuri Belgium<\/title>\n<meta name=\"description\" content=\"Download Page for the French Version of the Value Based Selling E-Book.\" \/>\n<meta name=\"robots\" content=\"index, follow, max-snippet:-1, max-image-preview:large, max-video-preview:-1\" \/>\n<link rel=\"canonical\" href=\"https:\/\/mercuri.be\/fr\/value-based-selling-e-book-download-french\/\" \/>\n<meta property=\"og:locale\" content=\"fr_FR\" \/>\n<meta property=\"og:type\" content=\"article\" \/>\n<meta property=\"og:title\" content=\"Value Based Selling E-Book Download French - Mercuri Belgium\" \/>\n<meta property=\"og:description\" content=\"Download Page for the French Version of the Value Based Selling E-Book.\" \/>\n<meta property=\"og:url\" content=\"https:\/\/mercuri.be\/fr\/value-based-selling-e-book-download-french\/\" \/>\n<meta property=\"og:site_name\" content=\"Mercuri Belgium\" \/>\n<meta name=\"twitter:card\" content=\"summary_large_image\" \/>\n<script type=\"application\/ld+json\" class=\"yoast-schema-graph\">{\"@context\":\"https:\/\/schema.org\",\"@graph\":[{\"@type\":\"WebPage\",\"@id\":\"https:\/\/mercuri.be\/value-based-selling-e-book-download-french\/\",\"url\":\"https:\/\/mercuri.be\/value-based-selling-e-book-download-french\/\",\"name\":\"Value Based Selling E-Book Download French - Mercuri Belgium\",\"isPartOf\":{\"@id\":\"https:\/\/mercuri.be\/#website\"},\"datePublished\":\"2026-02-23T10:51:45+00:00\",\"description\":\"Download Page for the French Version of the Value Based Selling E-Book.\",\"breadcrumb\":{\"@id\":\"https:\/\/mercuri.be\/value-based-selling-e-book-download-french\/#breadcrumb\"},\"inLanguage\":\"fr-BE\",\"potentialAction\":[{\"@type\":\"ReadAction\",\"target\":[\"https:\/\/mercuri.be\/value-based-selling-e-book-download-french\/\"]}]},{\"@type\":\"BreadcrumbList\",\"@id\":\"https:\/\/mercuri.be\/value-based-selling-e-book-download-french\/#breadcrumb\",\"itemListElement\":[{\"@type\":\"ListItem\",\"position\":1,\"name\":\"Home\",\"item\":\"https:\/\/mercuri.be\/\"},{\"@type\":\"ListItem\",\"position\":2,\"name\":\"Value Based Selling E-Book Download French\"}]},{\"@type\":\"WebSite\",\"@id\":\"https:\/\/mercuri.be\/#website\",\"url\":\"https:\/\/mercuri.be\/\",\"name\":\"Mercuri Belgium\",\"description\":\"Mercuri International Belgium site\",\"potentialAction\":[{\"@type\":\"SearchAction\",\"target\":{\"@type\":\"EntryPoint\",\"urlTemplate\":\"https:\/\/mercuri.be\/?s={search_term_string}\"},\"query-input\":{\"@type\":\"PropertyValueSpecification\",\"valueRequired\":true,\"valueName\":\"search_term_string\"}}],\"inLanguage\":\"fr-BE\"}]}<\/script>\n<!-- \/ Yoast SEO plugin. -->","yoast_head_json":{"title":"Value Based Selling E-Book Download French - Mercuri Belgium","description":"Download Page for the French Version of the Value Based Selling E-Book.","robots":{"index":"index","follow":"follow","max-snippet":"max-snippet:-1","max-image-preview":"max-image-preview:large","max-video-preview":"max-video-preview:-1"},"canonical":"https:\/\/mercuri.be\/fr\/value-based-selling-e-book-download-french\/","og_locale":"fr_FR","og_type":"article","og_title":"Value Based Selling E-Book Download French - Mercuri Belgium","og_description":"Download Page for the French Version of the Value Based Selling E-Book.","og_url":"https:\/\/mercuri.be\/fr\/value-based-selling-e-book-download-french\/","og_site_name":"Mercuri Belgium","twitter_card":"summary_large_image","schema":{"@context":"https:\/\/schema.org","@graph":[{"@type":"WebPage","@id":"https:\/\/mercuri.be\/value-based-selling-e-book-download-french\/","url":"https:\/\/mercuri.be\/value-based-selling-e-book-download-french\/","name":"Value Based Selling E-Book Download French - Mercuri Belgium","isPartOf":{"@id":"https:\/\/mercuri.be\/#website"},"datePublished":"2026-02-23T10:51:45+00:00","description":"Download Page for the French Version of the Value Based Selling E-Book.","breadcrumb":{"@id":"https:\/\/mercuri.be\/value-based-selling-e-book-download-french\/#breadcrumb"},"inLanguage":"fr-BE","potentialAction":[{"@type":"ReadAction","target":["https:\/\/mercuri.be\/value-based-selling-e-book-download-french\/"]}]},{"@type":"BreadcrumbList","@id":"https:\/\/mercuri.be\/value-based-selling-e-book-download-french\/#breadcrumb","itemListElement":[{"@type":"ListItem","position":1,"name":"Home","item":"https:\/\/mercuri.be\/"},{"@type":"ListItem","position":2,"name":"Value Based Selling E-Book Download French"}]},{"@type":"WebSite","@id":"https:\/\/mercuri.be\/#website","url":"https:\/\/mercuri.be\/","name":"Mercuri Belgique","description":"Site de Mercuri International Belgium","potentialAction":[{"@type":"SearchAction","target":{"@type":"EntryPoint","urlTemplate":"https:\/\/mercuri.be\/?s={search_term_string}"},"query-input":{"@type":"PropertyValueSpecification","valueRequired":true,"valueName":"search_term_string"}}],"inLanguage":"fr-BE"}]}},"_links":{"self":[{"href":"https:\/\/mercuri.be\/fr\/wp-json\/wp\/v2\/pages\/4933","targetHints":{"allow":["GET"]}}],"collection":[{"href":"https:\/\/mercuri.be\/fr\/wp-json\/wp\/v2\/pages"}],"about":[{"href":"https:\/\/mercuri.be\/fr\/wp-json\/wp\/v2\/types\/page"}],"author":[{"embeddable":true,"href":"https:\/\/mercuri.be\/fr\/wp-json\/wp\/v2\/users\/179"}],"replies":[{"embeddable":true,"href":"https:\/\/mercuri.be\/fr\/wp-json\/wp\/v2\/comments?post=4933"}],"version-history":[{"count":1,"href":"https:\/\/mercuri.be\/fr\/wp-json\/wp\/v2\/pages\/4933\/revisions"}],"predecessor-version":[{"id":4934,"href":"https:\/\/mercuri.be\/fr\/wp-json\/wp\/v2\/pages\/4933\/revisions\/4934"}],"wp:attachment":[{"href":"https:\/\/mercuri.be\/fr\/wp-json\/wp\/v2\/media?parent=4933"}],"curies":[{"name":"wp","href":"https:\/\/api.w.org\/{rel}","templated":true}]}}