{"id":4116,"date":"2024-04-18T10:36:20","date_gmt":"2024-04-18T10:36:20","guid":{"rendered":"https:\/\/mercuri.be\/?page_id=4116"},"modified":"2024-04-29T13:32:31","modified_gmt":"2024-04-29T13:32:31","slug":"ai-pour-les-professionnels-de-la-vente","status":"publish","type":"page","link":"https:\/\/mercuri.be\/fr\/ai-pour-les-professionnels-de-la-vente\/","title":{"rendered":"L'IA pour les professionnels de la vente"},"content":{"rendered":"","protected":false},"excerpt":{"rendered":"","protected":false},"author":111,"featured_media":3963,"parent":0,"menu_order":0,"comment_status":"closed","ping_status":"closed","template":"template-campaign.php","meta":{"_acf_changed":false,"_eb_attr":"","form_id":"","editor_notices":[],"footnotes":""},"class_list":["post-4116","page","type-page","status-publish","has-post-thumbnail","hentry"],"acf":[],"yoast_head":"<!-- This site is optimized with the Yoast SEO plugin v26.6 - https:\/\/yoast.com\/wordpress\/plugins\/seo\/ -->\n<title>AI for Sales Professionals - Chat your way to success - Mercuri Belgium<\/title>\n<meta name=\"description\" content=\"Chat jezelf naar succes met het nieuwe AI-leerpad voor verkoopprofessionals. Pas AI toe in je verkoopproces en verander je manier van werken.\" \/>\n<meta name=\"robots\" content=\"index, follow, max-snippet:-1, max-image-preview:large, max-video-preview:-1\" \/>\n<link rel=\"canonical\" href=\"https:\/\/mercuri.be\/fr\/ai-pour-les-professionnels-de-la-vente\/\" \/>\n<meta property=\"og:locale\" content=\"fr_FR\" \/>\n<meta property=\"og:type\" content=\"article\" \/>\n<meta property=\"og:title\" content=\"AI for Sales Professionals - Chat your way to success - Mercuri Belgium\" \/>\n<meta property=\"og:description\" content=\"Chat jezelf naar succes met het nieuwe AI-leerpad voor verkoopprofessionals. Pas AI toe in je verkoopproces en verander je manier van werken.\" \/>\n<meta property=\"og:url\" content=\"https:\/\/mercuri.be\/fr\/ai-pour-les-professionnels-de-la-vente\/\" \/>\n<meta property=\"og:site_name\" content=\"Mercuri Belgium\" \/>\n<meta property=\"article:modified_time\" content=\"2024-04-29T13:32:31+00:00\" \/>\n<meta property=\"og:image\" content=\"https:\/\/mercuri.be\/wp-content\/uploads\/sites\/23\/2023\/06\/shutterstock_748258660_landing_page_header.png\" \/>\n\t<meta property=\"og:image:width\" content=\"1200\" \/>\n\t<meta property=\"og:image:height\" content=\"630\" \/>\n\t<meta property=\"og:image:type\" content=\"image\/png\" \/>\n<meta name=\"twitter:card\" content=\"summary_large_image\" \/>\n<script type=\"application\/ld+json\" class=\"yoast-schema-graph\">{\"@context\":\"https:\/\/schema.org\",\"@graph\":[{\"@type\":\"WebPage\",\"@id\":\"https:\/\/mercuri.be\/ai-voor-sales-professionals\/\",\"url\":\"https:\/\/mercuri.be\/ai-voor-sales-professionals\/\",\"name\":\"AI for Sales Professionals - Chat your way to success - Mercuri Belgium\",\"isPartOf\":{\"@id\":\"https:\/\/mercuri.be\/#website\"},\"primaryImageOfPage\":{\"@id\":\"https:\/\/mercuri.be\/ai-voor-sales-professionals\/#primaryimage\"},\"image\":{\"@id\":\"https:\/\/mercuri.be\/ai-voor-sales-professionals\/#primaryimage\"},\"thumbnailUrl\":\"https:\/\/mercuri.net\/img-srv\/KLPOmn-AO67zVSTIW_mkNVhadKbZw63ftr7ArpifgAg\/resizing_type:auto\/width:0\/height:0\/gravity:sm\/enlarge:1\/ext:webp\/strip_metadata:1\/quality:100\/cachebuster:filesize-10680574\/bG9jYWw6Ly8vbWVyY3VyaS5uZXQvd3AtY29udGVudC91cGxvYWRzL3NpdGVzLzIzLzIwMjMvMDYvc2h1dHRlcnN0b2NrXzc0ODI1ODY2MF9sYW5kaW5nX3BhZ2VfaGVhZGVyLnBuZw.webp\",\"datePublished\":\"2024-04-18T10:36:20+00:00\",\"dateModified\":\"2024-04-29T13:32:31+00:00\",\"description\":\"Chat jezelf naar succes met het nieuwe AI-leerpad voor verkoopprofessionals. Pas AI toe in je verkoopproces en verander je manier van werken.\",\"breadcrumb\":{\"@id\":\"https:\/\/mercuri.be\/ai-voor-sales-professionals\/#breadcrumb\"},\"inLanguage\":\"fr-BE\",\"potentialAction\":[{\"@type\":\"ReadAction\",\"target\":[\"https:\/\/mercuri.be\/ai-voor-sales-professionals\/\"]}]},{\"@type\":\"ImageObject\",\"inLanguage\":\"fr-BE\",\"@id\":\"https:\/\/mercuri.be\/ai-voor-sales-professionals\/#primaryimage\",\"url\":\"https:\/\/mercuri.net\/img-srv\/KLPOmn-AO67zVSTIW_mkNVhadKbZw63ftr7ArpifgAg\/resizing_type:auto\/width:0\/height:0\/gravity:sm\/enlarge:1\/ext:webp\/strip_metadata:1\/quality:100\/cachebuster:filesize-10680574\/bG9jYWw6Ly8vbWVyY3VyaS5uZXQvd3AtY29udGVudC91cGxvYWRzL3NpdGVzLzIzLzIwMjMvMDYvc2h1dHRlcnN0b2NrXzc0ODI1ODY2MF9sYW5kaW5nX3BhZ2VfaGVhZGVyLnBuZw.webp\",\"contentUrl\":\"https:\/\/mercuri.net\/img-srv\/KLPOmn-AO67zVSTIW_mkNVhadKbZw63ftr7ArpifgAg\/resizing_type:auto\/width:0\/height:0\/gravity:sm\/enlarge:1\/ext:webp\/strip_metadata:1\/quality:100\/cachebuster:filesize-10680574\/bG9jYWw6Ly8vbWVyY3VyaS5uZXQvd3AtY29udGVudC91cGxvYWRzL3NpdGVzLzIzLzIwMjMvMDYvc2h1dHRlcnN0b2NrXzc0ODI1ODY2MF9sYW5kaW5nX3BhZ2VfaGVhZGVyLnBuZw.webp\",\"width\":5000,\"height\":2062},{\"@type\":\"BreadcrumbList\",\"@id\":\"https:\/\/mercuri.be\/ai-voor-sales-professionals\/#breadcrumb\",\"itemListElement\":[{\"@type\":\"ListItem\",\"position\":1,\"name\":\"Home\",\"item\":\"https:\/\/mercuri.be\/\"},{\"@type\":\"ListItem\",\"position\":2,\"name\":\"AI for Sales Professionals\"}]},{\"@type\":\"WebSite\",\"@id\":\"https:\/\/mercuri.be\/#website\",\"url\":\"https:\/\/mercuri.be\/\",\"name\":\"Mercuri Belgium\",\"description\":\"Mercuri International Belgium site\",\"potentialAction\":[{\"@type\":\"SearchAction\",\"target\":{\"@type\":\"EntryPoint\",\"urlTemplate\":\"https:\/\/mercuri.be\/?s={search_term_string}\"},\"query-input\":{\"@type\":\"PropertyValueSpecification\",\"valueRequired\":true,\"valueName\":\"search_term_string\"}}],\"inLanguage\":\"fr-BE\"}]}<\/script>\n<!-- \/ Yoast SEO plugin. -->","yoast_head_json":{"title":"AI for Sales Professionals - Chat your way to success - Mercuri Belgium","description":"Chattez vers le succ\u00e8s avec le nouveau parcours d'apprentissage de l'IA pour les professionnels de la vente. Appliquez l'IA \u00e0 votre processus de vente et changez votre fa\u00e7on de travailler.","robots":{"index":"index","follow":"follow","max-snippet":"max-snippet:-1","max-image-preview":"max-image-preview:large","max-video-preview":"max-video-preview:-1"},"canonical":"https:\/\/mercuri.be\/fr\/ai-pour-les-professionnels-de-la-vente\/","og_locale":"fr_FR","og_type":"article","og_title":"AI for Sales Professionals - Chat your way to success - Mercuri Belgium","og_description":"Chat jezelf naar succes met het nieuwe AI-leerpad voor verkoopprofessionals. Pas AI toe in je verkoopproces en verander je manier van werken.","og_url":"https:\/\/mercuri.be\/fr\/ai-pour-les-professionnels-de-la-vente\/","og_site_name":"Mercuri Belgium","article_modified_time":"2024-04-29T13:32:31+00:00","og_image":[{"width":1200,"height":630,"url":"https:\/\/mercuri.be\/wp-content\/uploads\/sites\/23\/2023\/06\/shutterstock_748258660_landing_page_header.png","type":"image\/png"}],"twitter_card":"summary_large_image","schema":{"@context":"https:\/\/schema.org","@graph":[{"@type":"WebPage","@id":"https:\/\/mercuri.be\/ai-voor-sales-professionals\/","url":"https:\/\/mercuri.be\/ai-voor-sales-professionals\/","name":"AI for Sales Professionals - Chat your way to success - Mercuri Belgium","isPartOf":{"@id":"https:\/\/mercuri.be\/#website"},"primaryImageOfPage":{"@id":"https:\/\/mercuri.be\/ai-voor-sales-professionals\/#primaryimage"},"image":{"@id":"https:\/\/mercuri.be\/ai-voor-sales-professionals\/#primaryimage"},"thumbnailUrl":"https:\/\/mercuri.net\/img-srv\/KLPOmn-AO67zVSTIW_mkNVhadKbZw63ftr7ArpifgAg\/resizing_type:auto\/width:0\/height:0\/gravity:sm\/enlarge:1\/ext:webp\/strip_metadata:1\/quality:100\/cachebuster:filesize-10680574\/bG9jYWw6Ly8vbWVyY3VyaS5uZXQvd3AtY29udGVudC91cGxvYWRzL3NpdGVzLzIzLzIwMjMvMDYvc2h1dHRlcnN0b2NrXzc0ODI1ODY2MF9sYW5kaW5nX3BhZ2VfaGVhZGVyLnBuZw.webp","datePublished":"2024-04-18T10:36:20+00:00","dateModified":"2024-04-29T13:32:31+00:00","description":"Chattez vers le succ\u00e8s avec le nouveau parcours d'apprentissage de l'IA pour les professionnels de la vente. Appliquez l'IA \u00e0 votre processus de vente et changez votre fa\u00e7on de travailler.","breadcrumb":{"@id":"https:\/\/mercuri.be\/ai-voor-sales-professionals\/#breadcrumb"},"inLanguage":"fr-BE","potentialAction":[{"@type":"ReadAction","target":["https:\/\/mercuri.be\/ai-voor-sales-professionals\/"]}]},{"@type":"ImageObject","inLanguage":"fr-BE","@id":"https:\/\/mercuri.be\/ai-voor-sales-professionals\/#primaryimage","url":"https:\/\/mercuri.net\/img-srv\/KLPOmn-AO67zVSTIW_mkNVhadKbZw63ftr7ArpifgAg\/resizing_type:auto\/width:0\/height:0\/gravity:sm\/enlarge:1\/ext:webp\/strip_metadata:1\/quality:100\/cachebuster:filesize-10680574\/bG9jYWw6Ly8vbWVyY3VyaS5uZXQvd3AtY29udGVudC91cGxvYWRzL3NpdGVzLzIzLzIwMjMvMDYvc2h1dHRlcnN0b2NrXzc0ODI1ODY2MF9sYW5kaW5nX3BhZ2VfaGVhZGVyLnBuZw.webp","contentUrl":"https:\/\/mercuri.net\/img-srv\/KLPOmn-AO67zVSTIW_mkNVhadKbZw63ftr7ArpifgAg\/resizing_type:auto\/width:0\/height:0\/gravity:sm\/enlarge:1\/ext:webp\/strip_metadata:1\/quality:100\/cachebuster:filesize-10680574\/bG9jYWw6Ly8vbWVyY3VyaS5uZXQvd3AtY29udGVudC91cGxvYWRzL3NpdGVzLzIzLzIwMjMvMDYvc2h1dHRlcnN0b2NrXzc0ODI1ODY2MF9sYW5kaW5nX3BhZ2VfaGVhZGVyLnBuZw.webp","width":5000,"height":2062},{"@type":"BreadcrumbList","@id":"https:\/\/mercuri.be\/ai-voor-sales-professionals\/#breadcrumb","itemListElement":[{"@type":"ListItem","position":1,"name":"Home","item":"https:\/\/mercuri.be\/"},{"@type":"ListItem","position":2,"name":"AI for Sales Professionals"}]},{"@type":"WebSite","@id":"https:\/\/mercuri.be\/#website","url":"https:\/\/mercuri.be\/","name":"Mercuri Belgique","description":"Site de Mercuri International Belgium","potentialAction":[{"@type":"SearchAction","target":{"@type":"EntryPoint","urlTemplate":"https:\/\/mercuri.be\/?s={search_term_string}"},"query-input":{"@type":"PropertyValueSpecification","valueRequired":true,"valueName":"search_term_string"}}],"inLanguage":"fr-BE"}]}},"_links":{"self":[{"href":"https:\/\/mercuri.be\/fr\/wp-json\/wp\/v2\/pages\/4116","targetHints":{"allow":["GET"]}}],"collection":[{"href":"https:\/\/mercuri.be\/fr\/wp-json\/wp\/v2\/pages"}],"about":[{"href":"https:\/\/mercuri.be\/fr\/wp-json\/wp\/v2\/types\/page"}],"author":[{"embeddable":true,"href":"https:\/\/mercuri.be\/fr\/wp-json\/wp\/v2\/users\/111"}],"replies":[{"embeddable":true,"href":"https:\/\/mercuri.be\/fr\/wp-json\/wp\/v2\/comments?post=4116"}],"version-history":[{"count":9,"href":"https:\/\/mercuri.be\/fr\/wp-json\/wp\/v2\/pages\/4116\/revisions"}],"predecessor-version":[{"id":4140,"href":"https:\/\/mercuri.be\/fr\/wp-json\/wp\/v2\/pages\/4116\/revisions\/4140"}],"wp:featuredmedia":[{"embeddable":true,"href":"https:\/\/mercuri.be\/fr\/wp-json\/wp\/v2\/media\/3963"}],"wp:attachment":[{"href":"https:\/\/mercuri.be\/fr\/wp-json\/wp\/v2\/media?parent=4116"}],"curies":[{"name":"wp","href":"https:\/\/api.w.org\/{rel}","templated":true}]}}