{"id":3802,"date":"2023-05-02T10:58:42","date_gmt":"2023-05-02T10:58:42","guid":{"rendered":"https:\/\/mercuri.be\/?page_id=3802"},"modified":"2023-05-02T12:32:03","modified_gmt":"2023-05-02T12:32:03","slug":"formation-a-la-vente-internationale","status":"publish","type":"page","link":"https:\/\/mercuri.be\/fr\/formation-commerciale-mercuri-international\/formation-a-la-vente-internationale\/","title":{"rendered":"International sales training"},"content":{"rendered":"<div class=\"wp-block-cover alignfull has-background-dim-80 has-navy-background-color has-background-dim\"><video class=\"wp-block-cover__video-background intrinsic-ignore\" autoplay muted loop playsinline src=\"https:\/\/mercuri.net\/wp-content\/uploads\/2023\/02\/namnlos_video__gjord_med_clipchamp_2.mp4\" data-object-fit=\"cover\"><\/video><div class=\"wp-block-cover__inner-container is-layout-flow wp-block-cover-is-layout-flow\">\n<p><\/p>\n\n\n\n<div class=\"wp-block-columns is-layout-flex wp-container-core-columns-is-layout-9d6595d7 wp-block-columns-is-layout-flex\">\n<div class=\"wp-block-column is-layout-flow wp-block-column-is-layout-flow\" style=\"flex-basis:25%\"><\/div>\n\n\n\n<div class=\"wp-block-column is-layout-flow wp-block-column-is-layout-flow\">\n<h1 class=\"has-text-align-center wp-block-heading\">Formation \u00e0 la vente internationale<\/h1>\n\n\n\n<p class=\"has-text-align-center has-medium-font-size\">Chez Mercuri International, nous disposons d'une vaste exp\u00e9rience et d'un palmar\u00e8s \u00e9prouv\u00e9 en mati\u00e8re de formation \u00e0 la vente internationale. Pour g\u00e9n\u00e9rer une croissance internationale, il ne suffit pas d'avoir de bonnes intentions. Mercuri International aide vos \u00e9quipes de vente \u00e0 aller dans la bonne direction au niveau international et local.<\/p>\n<\/div>\n\n\n\n<div class=\"wp-block-column is-layout-flow wp-block-column-is-layout-flow\" style=\"flex-basis:25%\"><\/div>\n<\/div>\n<\/div><\/div>\n\n\n\n<div style=\"height:38px\" aria-hidden=\"true\" class=\"wp-block-spacer\"><\/div>\n\n\n\n<div class=\"wp-block-columns is-layout-flex wp-container-core-columns-is-layout-9d6595d7 wp-block-columns-is-layout-flex\">\n<div class=\"wp-block-column is-vertically-aligned-center is-layout-flow wp-block-column-is-layout-flow\">\n<h2 class=\"wp-block-heading\">Impact des ventes internationales<\/h2>\n\n\n\n<div style=\"height:20px\" aria-hidden=\"true\" class=\"wp-block-spacer\"><\/div>\n\n\n\n<p>Nous vous fournissons les outils ad\u00e9quats pour mettre en \u0153uvre votre strat\u00e9gie de vente internationale simultan\u00e9ment, dans plusieurs langues et \u00e0 l'\u00e9chelle internationale, afin de maximiser la collaboration et les \u00e9conomies d'\u00e9chelle.<\/p>\n\n\n\n<p>Nous sommes conscients des d\u00e9fis (et des opportunit\u00e9s) li\u00e9s au d\u00e9veloppement d'une culture de vente internationale, tout en tenant compte des exigences sp\u00e9cifiques des diff\u00e9rents pays du monde. Notre objectif ultime est de cr\u00e9er de la valeur pour nos clients en leur fournissant le plus haut niveau de service et de soutien en optimisant le potentiel de vente de votre organisation internationale.<\/p>\n\n\n\n<p>Des projets internationaux efficaces et harmonis\u00e9s ne se r\u00e9sument pas \u00e0 une s\u00e9rie de formations standardis\u00e9es dans diff\u00e9rentes langues. La situation\/strat\u00e9gie de vente sp\u00e9cifique et les \u00e9ventuels niveaux de performance locaux diff\u00e9rents doivent \u00eatre pris en compte. Pour r\u00e9ussir, il est essentiel d'obtenir le soutien et l'engagement de la population locale. Pour ce faire, les filiales doivent \u00eatre impliqu\u00e9es dans le projet \u00e9tape par \u00e9tape. Enfin, une gestion de projet et une communication structur\u00e9es seront essentielles pour assurer le d\u00e9ploiement de l'approche harmonis\u00e9e, la mise en \u0153uvre et les r\u00e9sultats.<\/p>\n\n\n\n<div style=\"height:30px\" aria-hidden=\"true\" class=\"wp-block-spacer\"><\/div>\n\n\n\n<div class=\"wp-block-qala-button is-style-btn-outline\"><a class=\"btn btn-outline-navy\" href=\"https:\/\/mercuri.be\/fr\/contact\/\">CONTACTEZ-NOUS<\/a><\/div>\n<\/div>\n\n\n\n<div class=\"wp-block-column is-layout-flow wp-block-column-is-layout-flow\" style=\"flex-basis:5%\"><\/div>\n\n\n\n<div class=\"wp-block-column is-layout-flow wp-block-column-is-layout-flow\">\n<figure class=\"wp-block-image size-large\"><img decoding=\"async\" src=\"https:\/\/mercuri.net\/wp-content\/uploads\/2023\/02\/woman_and_man_with_computer-810x1024.png\" alt=\"\" class=\"wp-image-13524\"\/><\/figure>\n<\/div>\n<\/div>\n\n\n\n<div class=\"wp-block-columns alignfull are-vertically-aligned-top columns-without-margin has-black-color has-text-color is-layout-flex wp-container-core-columns-is-layout-9d6595d7 wp-block-columns-is-layout-flex\">\n<div class=\"wp-block-column is-vertically-aligned-top is-layout-flow wp-block-column-is-layout-flow\" style=\"flex-basis:7%\"><\/div>\n\n\n\n<div class=\"wp-block-column is-vertically-aligned-top is-layout-flow wp-block-column-is-layout-flow\">\n<div class=\"wp-block-columns is-layout-flex wp-container-core-columns-is-layout-9d6595d7 wp-block-columns-is-layout-flex\">\n<div class=\"wp-block-column is-layout-flow wp-block-column-is-layout-flow\" style=\"flex-basis:10%\"><\/div>\n\n\n\n<div class=\"wp-block-column is-layout-flow wp-block-column-is-layout-flow\">\n<div class=\"wp-block-image\"><figure class=\"aligncenter size-large is-resized\"><img loading=\"lazy\" decoding=\"async\" src=\"https:\/\/mercuri.net\/wp-content\/uploads\/2023\/02\/chart_circle.png\" alt=\"\" class=\"wp-image-13718\" width=\"169\" height=\"169\"\/><\/figure><\/div>\n\n\n\n<p class=\"has-text-align-center has-navy-color has-text-color has-medium-font-size\">Gestion structur\u00e9e des projets<\/p>\n\n\n\n<p class=\"has-text-align-center\">Nous assurons le succ\u00e8s du d\u00e9ploiement, de la mise en \u0153uvre et des r\u00e9sultats d'une approche harmonis\u00e9e gr\u00e2ce \u00e0 une gestion de projet structur\u00e9e et \u00e0 une communication efficace.<\/p>\n<\/div>\n\n\n\n<div class=\"wp-block-column is-layout-flow wp-block-column-is-layout-flow\" style=\"flex-basis:10%\"><\/div>\n<\/div>\n<\/div>\n\n\n\n<div class=\"wp-block-column is-vertically-aligned-top is-layout-flow wp-block-column-is-layout-flow\">\n<div class=\"wp-block-columns is-layout-flex wp-container-core-columns-is-layout-9d6595d7 wp-block-columns-is-layout-flex\">\n<div class=\"wp-block-column is-layout-flow wp-block-column-is-layout-flow\" style=\"flex-basis:10%\"><\/div>\n\n\n\n<div class=\"wp-block-column is-layout-flow wp-block-column-is-layout-flow\">\n<div class=\"wp-block-image\"><figure class=\"aligncenter size-large is-resized\"><img loading=\"lazy\" decoding=\"async\" src=\"https:\/\/mercuri.net\/wp-content\/uploads\/2023\/02\/user_circle.png\" alt=\"\" class=\"wp-image-13714\" width=\"172\" height=\"171\"\/><\/figure><\/div>\n\n\n\n<p class=\"has-text-align-center has-navy-color has-text-color has-medium-font-size\">Augmenter l'efficacit\u00e9 de l'\u00e9quipe de vente<\/p>\n\n\n\n<p class=\"has-text-align-center\">En utilisant des mesures de r\u00e9sultats avec des indicateurs de performance cl\u00e9s accept\u00e9s localement, nous garantissons un changement durable dans toute votre organisation.<\/p>\n<\/div>\n\n\n\n<div class=\"wp-block-column is-layout-flow wp-block-column-is-layout-flow\" style=\"flex-basis:10%\"><\/div>\n<\/div>\n<\/div>\n\n\n\n<div class=\"wp-block-column is-vertically-aligned-top is-layout-flow wp-block-column-is-layout-flow\">\n<div class=\"wp-block-columns is-layout-flex wp-container-core-columns-is-layout-9d6595d7 wp-block-columns-is-layout-flex\">\n<div class=\"wp-block-column is-layout-flow wp-block-column-is-layout-flow\" style=\"flex-basis:10%\"><\/div>\n\n\n\n<div class=\"wp-block-column is-vertically-aligned-top is-layout-flow wp-block-column-is-layout-flow\">\n<div class=\"wp-block-image\"><figure class=\"aligncenter size-large is-resized\"><img loading=\"lazy\" decoding=\"async\" src=\"https:\/\/mercuri.net\/wp-content\/uploads\/2023\/02\/reload_circle.png\" alt=\"\" class=\"wp-image-13713\" width=\"173\" height=\"173\"\/><\/figure><\/div>\n\n\n\n<p class=\"has-text-align-center has-navy-color has-text-color has-medium-font-size\">Accro\u00eetre la fid\u00e9lit\u00e9 des clients<\/p>\n\n\n\n<p class=\"has-text-align-center\">Avec les comp\u00e9tences et les connaissances n\u00e9cessaires, les \u00e9quipes internationales peuvent entrer efficacement en contact avec les clients, r\u00e9pondre \u00e0 leurs besoins et \u00e9tablir des relations \u00e0 long terme.<\/p>\n<\/div>\n\n\n\n<div class=\"wp-block-column is-layout-flow wp-block-column-is-layout-flow\" style=\"flex-basis:10%\"><\/div>\n<\/div>\n\n\n\n<p><\/p>\n<\/div>\n\n\n\n<div class=\"wp-block-column is-vertically-aligned-top is-layout-flow wp-block-column-is-layout-flow\" style=\"flex-basis:7%\"><\/div>\n<\/div>\n\n\n\n<div style=\"height:97px\" aria-hidden=\"true\" class=\"wp-block-spacer\"><\/div>\n\n\n\n<div class=\"wp-block-columns alignfull columns-without-margin equal-column-heights is-layout-flex wp-container-core-columns-is-layout-9d6595d7 wp-block-columns-is-layout-flex\">\n<div class=\"wp-block-column is-layout-flow wp-block-column-is-layout-flow\">\n<div class=\"wp-block-cover\"><img decoding=\"async\" class=\"wp-block-cover__image-background wp-image-13586\" alt=\"\" src=\"https:\/\/mercuri.net\/wp-content\/uploads\/2023\/02\/woman_picture_1_full.png\" data-object-fit=\"cover\"\/><div class=\"wp-block-cover__inner-container is-layout-flow wp-block-cover-is-layout-flow\">\n<p class=\"has-text-align-center has-large-font-size\"><\/p>\n<\/div><\/div>\n<\/div>\n\n\n\n<div class=\"wp-block-column is-layout-flow wp-block-column-is-layout-flow\">\n<div class=\"wp-block-cover has-navy-background-color has-background-dim\"><div class=\"wp-block-cover__inner-container is-layout-flow wp-block-cover-is-layout-flow\">\n<div class=\"wp-block-columns is-layout-flex wp-container-core-columns-is-layout-9d6595d7 wp-block-columns-is-layout-flex\">\n<div class=\"wp-block-column is-layout-flow wp-block-column-is-layout-flow\" style=\"flex-basis:10%\"><\/div>\n\n\n\n<div class=\"wp-block-column is-layout-flow wp-block-column-is-layout-flow\">\n<div style=\"height:37px\" aria-hidden=\"true\" class=\"wp-block-spacer\"><\/div>\n\n\n\n<div style=\"height:23px\" aria-hidden=\"true\" class=\"wp-block-spacer\"><\/div>\n\n\n\n<h2 class=\"wp-block-heading\">Nous assurons l'excellence des ventes \u00e0 l'\u00e9chelle internationale<\/h2>\n\n\n\n<div style=\"height:16px\" aria-hidden=\"true\" class=\"wp-block-spacer\"><\/div>\n\n\n\n<p>Avec plus de 50 ans d'exp\u00e9rience dans les projets internationaux, notre r\u00e9seau mondial de gestionnaires de projets internationaux travaille ensemble pour assurer le succ\u00e8s de nos clients. En outre, nous proposons des solutions avanc\u00e9es de d\u00e9veloppement des ventes, dans plus de 20 langues, num\u00e9riques et en classe, \u00e0 la fois personnalis\u00e9es et standardis\u00e9es, ainsi que la conception de concepts internationaux pour \u00e9tablir une collaboration.<\/p>\n\n\n\n<div style=\"height:32px\" aria-hidden=\"true\" class=\"wp-block-spacer\"><\/div>\n\n\n\n<div class=\"wp-block-qala-button is-style-btn-outline\"><a class=\"btn btn-outline-zest\" href=\"https:\/\/mercuri.be\/fr\/exemples-de-reussites\/\">DES CLIENTS QUI R\u00c9USSISSENT \u00c0 L'INTERNATIONAL<\/a><\/div>\n\n\n\n<div style=\"height:37px\" aria-hidden=\"true\" class=\"wp-block-spacer\"><\/div>\n\n\n\n<div style=\"height:23px\" aria-hidden=\"true\" class=\"wp-block-spacer\"><\/div>\n<\/div>\n\n\n\n<div class=\"wp-block-column is-layout-flow wp-block-column-is-layout-flow\" style=\"flex-basis:15%\"><\/div>\n<\/div>\n<\/div><\/div>\n<\/div>\n<\/div>\n\n\n\n<p><\/p>\n\n\n\n<div class=\"wp-block-columns is-layout-flex wp-container-core-columns-is-layout-9d6595d7 wp-block-columns-is-layout-flex\">\n<div class=\"wp-block-column is-layout-flow wp-block-column-is-layout-flow\">\n<h2 class=\"wp-block-heading\">Qu'est-ce qui est important lorsque l'on commence une formation \u00e0 la vente internationale ?<\/h2>\n\n\n\n<ul class=\"wp-block-list\" id=\"block-abe49392-913e-41de-ac8c-11ed81b5fb8c\"><li>Mettre en \u0153uvre votre strat\u00e9gie simultan\u00e9ment, dans plusieurs langues et \u00e0 l'\u00e9chelle internationale<\/li><li>D\u00e9velopper une culture de vente internationale, tout en pr\u00e9servant les besoins individuels des diff\u00e9rents pays du monde.<\/li><li>Optimisez le pouvoir de vente de votre organisation de vente internationale<\/li><li>\u00c9laborer un programme d'\u00e9tudes sur les ventes mondiales\/internationales<\/li><li>Encourager les initiatives internationales et la transformation des ventes<\/li><li>\u00c9tablir une philosophie et une culture de vente communes \u00e0 l'\u00e9chelle mondiale<\/li><li>Garantir un \u00e9change d'informations coh\u00e9rent sur tous les march\u00e9s<\/li><li>Partage des meilleures pratiques entre les pays<\/li><li>Aligner les strat\u00e9gies et les processus relatifs aux clients internationaux<\/li><li>Maximiser les synergies et les \u00e9conomies d'\u00e9chelle<\/li><li>Cr\u00e9er de la valeur pour vos clients<\/li><\/ul>\n<\/div>\n\n\n\n<div class=\"wp-block-column is-layout-flow wp-block-column-is-layout-flow\" style=\"flex-basis:10%\"><\/div>\n\n\n\n<div class=\"wp-block-column is-layout-flow wp-block-column-is-layout-flow\">\n<div class=\"wp-block-cover has-background-dim-80 has-grape-background-color has-background-dim\" style=\"min-height:665px;aspect-ratio:unset;\"><img loading=\"lazy\" decoding=\"async\" width=\"2560\" height=\"1707\" class=\"wp-block-cover__image-background wp-image-3822\" alt=\"\" src=\"https:\/\/mercuri.be\/wp-content\/uploads\/sites\/23\/2023\/05\/istock-1367899893-scaled.jpg\" data-object-fit=\"cover\" srcset=\"https:\/\/mercuri.be\/wp-content\/uploads\/sites\/23\/2023\/05\/istock-1367899893-scaled.jpg 2560w, https:\/\/mercuri.be\/wp-content\/uploads\/sites\/23\/2023\/05\/istock-1367899893-300x200.jpg 300w, https:\/\/mercuri.be\/wp-content\/uploads\/sites\/23\/2023\/05\/istock-1367899893-1024x683.jpg 1024w, https:\/\/mercuri.be\/wp-content\/uploads\/sites\/23\/2023\/05\/istock-1367899893-266x178.jpg 266w, https:\/\/mercuri.be\/wp-content\/uploads\/sites\/23\/2023\/05\/istock-1367899893-768x512.jpg 768w, https:\/\/mercuri.be\/wp-content\/uploads\/sites\/23\/2023\/05\/istock-1367899893-1536x1024.jpg 1536w, https:\/\/mercuri.be\/wp-content\/uploads\/sites\/23\/2023\/05\/istock-1367899893-2048x1365.jpg 2048w, https:\/\/mercuri.be\/wp-content\/uploads\/sites\/23\/2023\/05\/istock-1367899893-268x178.jpg 268w, https:\/\/mercuri.be\/wp-content\/uploads\/sites\/23\/2023\/05\/istock-1367899893-600x400.jpg 600w\" sizes=\"(max-width: 2560px) 100vw, 2560px\" \/><div class=\"wp-block-cover__inner-container is-layout-flow wp-block-cover-is-layout-flow\">\n<p><\/p>\n\n\n\n<div class=\"wp-block-qala-button aligncenter\"><a class=\"btn btn-zest\" href=\"https:\/\/mercuri.be\/fr\/contact\/\"><strong>CONTACTEZ-NOUS<\/strong><\/a><\/div>\n\n\n\n<div style=\"height:72px\" aria-hidden=\"true\" class=\"wp-block-spacer\"><\/div>\n\n\n\n<p class=\"has-text-align-center has-medium-font-size\"><a href=\"mailto:%20info@mercuri.be\"><span class=\"has-zest-color\"><strong>Courriel : info@mercuri.be<\/strong><\/span><\/a><\/p>\n\n\n\n<p class=\"has-text-align-center has-medium-font-size\"><a href=\"tel:+3222450240\"><span class=\"has-zest-color\"><strong>T\u00e9l : +32 2 245 02 40<\/strong><\/span><\/a><\/p>\n<\/div><\/div>\n<\/div>\n<\/div>","protected":false},"excerpt":{"rendered":"<p>Internationale sales impact Wij zorgen ervoor dat u de juiste hulpmiddelen krijgt om uw internationale verkoopstrategie gelijktijdig, in meerdere talen<\/p>","protected":false},"author":1,"featured_media":0,"parent":2397,"menu_order":0,"comment_status":"closed","ping_status":"closed","template":"","meta":{"_acf_changed":false,"_eb_attr":"","form_id":"","editor_notices":[],"footnotes":""},"class_list":["post-3802","page","type-page","status-publish","hentry"],"acf":[],"yoast_head":"<!-- This site is optimized with the Yoast SEO plugin v26.6 - https:\/\/yoast.com\/wordpress\/plugins\/seo\/ -->\n<title>International Sales Training | Mercuri Global<\/title>\n<meta name=\"description\" content=\"Working internationally and need to improve global sales? We make international sales growth a reality with international sales training.\" \/>\n<meta name=\"robots\" content=\"index, follow, max-snippet:-1, max-image-preview:large, max-video-preview:-1\" \/>\n<link rel=\"canonical\" href=\"https:\/\/mercuri.be\/fr\/formation-commerciale-mercuri-international\/formation-a-la-vente-internationale\/\" \/>\n<meta property=\"og:locale\" content=\"fr_FR\" \/>\n<meta property=\"og:type\" content=\"article\" \/>\n<meta property=\"og:title\" content=\"International Sales Training | Mercuri Global\" \/>\n<meta property=\"og:description\" content=\"Working internationally and need to improve global sales? We make international sales growth a reality with international sales training.\" \/>\n<meta property=\"og:url\" content=\"https:\/\/mercuri.be\/fr\/formation-commerciale-mercuri-international\/formation-a-la-vente-internationale\/\" \/>\n<meta property=\"og:site_name\" content=\"Mercuri Belgium\" \/>\n<meta property=\"article:modified_time\" content=\"2023-05-02T12:32:03+00:00\" \/>\n<meta property=\"og:image\" content=\"https:\/\/mercuri.net\/wp-content\/uploads\/2023\/02\/woman_and_man_with_computer-810x1024.png\" \/>\n<meta name=\"twitter:card\" content=\"summary_large_image\" \/>\n<meta name=\"twitter:label1\" content=\"Est. reading time\" \/>\n\t<meta name=\"twitter:data1\" content=\"4 minutes\" \/>\n<script type=\"application\/ld+json\" class=\"yoast-schema-graph\">{\"@context\":\"https:\/\/schema.org\",\"@graph\":[{\"@type\":\"WebPage\",\"@id\":\"https:\/\/mercuri.be\/sales-training-mercuri-international\/international-sales-training\/\",\"url\":\"https:\/\/mercuri.be\/sales-training-mercuri-international\/international-sales-training\/\",\"name\":\"International Sales Training | Mercuri Global\",\"isPartOf\":{\"@id\":\"https:\/\/mercuri.be\/#website\"},\"primaryImageOfPage\":{\"@id\":\"https:\/\/mercuri.be\/sales-training-mercuri-international\/international-sales-training\/#primaryimage\"},\"image\":{\"@id\":\"https:\/\/mercuri.be\/sales-training-mercuri-international\/international-sales-training\/#primaryimage\"},\"thumbnailUrl\":\"https:\/\/mercuri.net\/wp-content\/uploads\/2023\/02\/woman_and_man_with_computer-810x1024.png\",\"datePublished\":\"2023-05-02T10:58:42+00:00\",\"dateModified\":\"2023-05-02T12:32:03+00:00\",\"description\":\"Working internationally and need to improve global sales? We make international sales growth a reality with international sales training.\",\"breadcrumb\":{\"@id\":\"https:\/\/mercuri.be\/sales-training-mercuri-international\/international-sales-training\/#breadcrumb\"},\"inLanguage\":\"fr-BE\",\"potentialAction\":[{\"@type\":\"ReadAction\",\"target\":[\"https:\/\/mercuri.be\/sales-training-mercuri-international\/international-sales-training\/\"]}]},{\"@type\":\"ImageObject\",\"inLanguage\":\"fr-BE\",\"@id\":\"https:\/\/mercuri.be\/sales-training-mercuri-international\/international-sales-training\/#primaryimage\",\"url\":\"https:\/\/mercuri.net\/wp-content\/uploads\/2023\/02\/woman_and_man_with_computer-810x1024.png\",\"contentUrl\":\"https:\/\/mercuri.net\/wp-content\/uploads\/2023\/02\/woman_and_man_with_computer-810x1024.png\"},{\"@type\":\"BreadcrumbList\",\"@id\":\"https:\/\/mercuri.be\/sales-training-mercuri-international\/international-sales-training\/#breadcrumb\",\"itemListElement\":[{\"@type\":\"ListItem\",\"position\":1,\"name\":\"Home\",\"item\":\"https:\/\/mercuri.be\/\"},{\"@type\":\"ListItem\",\"position\":2,\"name\":\"Sales training Mercuri International\",\"item\":\"https:\/\/mercuri.be\/sales-training-mercuri-international\/\"},{\"@type\":\"ListItem\",\"position\":3,\"name\":\"International sales training\"}]},{\"@type\":\"WebSite\",\"@id\":\"https:\/\/mercuri.be\/#website\",\"url\":\"https:\/\/mercuri.be\/\",\"name\":\"Mercuri Belgium\",\"description\":\"Mercuri International Belgium site\",\"potentialAction\":[{\"@type\":\"SearchAction\",\"target\":{\"@type\":\"EntryPoint\",\"urlTemplate\":\"https:\/\/mercuri.be\/?s={search_term_string}\"},\"query-input\":{\"@type\":\"PropertyValueSpecification\",\"valueRequired\":true,\"valueName\":\"search_term_string\"}}],\"inLanguage\":\"fr-BE\"}]}<\/script>\n<!-- \/ Yoast SEO plugin. -->","yoast_head_json":{"title":"International Sales Training | Mercuri Global","description":"Working internationally and need to improve global sales? We make international sales growth a reality with international sales training.","robots":{"index":"index","follow":"follow","max-snippet":"max-snippet:-1","max-image-preview":"max-image-preview:large","max-video-preview":"max-video-preview:-1"},"canonical":"https:\/\/mercuri.be\/fr\/formation-commerciale-mercuri-international\/formation-a-la-vente-internationale\/","og_locale":"fr_FR","og_type":"article","og_title":"International Sales Training | Mercuri Global","og_description":"Working internationally and need to improve global sales? We make international sales growth a reality with international sales training.","og_url":"https:\/\/mercuri.be\/fr\/formation-commerciale-mercuri-international\/formation-a-la-vente-internationale\/","og_site_name":"Mercuri Belgium","article_modified_time":"2023-05-02T12:32:03+00:00","og_image":[{"url":"https:\/\/mercuri.net\/wp-content\/uploads\/2023\/02\/woman_and_man_with_computer-810x1024.png","type":"","width":"","height":""}],"twitter_card":"summary_large_image","twitter_misc":{"Est. reading time":"4 minutes"},"schema":{"@context":"https:\/\/schema.org","@graph":[{"@type":"WebPage","@id":"https:\/\/mercuri.be\/sales-training-mercuri-international\/international-sales-training\/","url":"https:\/\/mercuri.be\/sales-training-mercuri-international\/international-sales-training\/","name":"International Sales Training | Mercuri Global","isPartOf":{"@id":"https:\/\/mercuri.be\/#website"},"primaryImageOfPage":{"@id":"https:\/\/mercuri.be\/sales-training-mercuri-international\/international-sales-training\/#primaryimage"},"image":{"@id":"https:\/\/mercuri.be\/sales-training-mercuri-international\/international-sales-training\/#primaryimage"},"thumbnailUrl":"https:\/\/mercuri.net\/wp-content\/uploads\/2023\/02\/woman_and_man_with_computer-810x1024.png","datePublished":"2023-05-02T10:58:42+00:00","dateModified":"2023-05-02T12:32:03+00:00","description":"Working internationally and need to improve global sales? We make international sales growth a reality with international sales training.","breadcrumb":{"@id":"https:\/\/mercuri.be\/sales-training-mercuri-international\/international-sales-training\/#breadcrumb"},"inLanguage":"fr-BE","potentialAction":[{"@type":"ReadAction","target":["https:\/\/mercuri.be\/sales-training-mercuri-international\/international-sales-training\/"]}]},{"@type":"ImageObject","inLanguage":"fr-BE","@id":"https:\/\/mercuri.be\/sales-training-mercuri-international\/international-sales-training\/#primaryimage","url":"https:\/\/mercuri.net\/wp-content\/uploads\/2023\/02\/woman_and_man_with_computer-810x1024.png","contentUrl":"https:\/\/mercuri.net\/wp-content\/uploads\/2023\/02\/woman_and_man_with_computer-810x1024.png"},{"@type":"BreadcrumbList","@id":"https:\/\/mercuri.be\/sales-training-mercuri-international\/international-sales-training\/#breadcrumb","itemListElement":[{"@type":"ListItem","position":1,"name":"Home","item":"https:\/\/mercuri.be\/"},{"@type":"ListItem","position":2,"name":"Sales training Mercuri International","item":"https:\/\/mercuri.be\/sales-training-mercuri-international\/"},{"@type":"ListItem","position":3,"name":"International sales training"}]},{"@type":"WebSite","@id":"https:\/\/mercuri.be\/#website","url":"https:\/\/mercuri.be\/","name":"Mercuri Belgique","description":"Site de Mercuri International Belgium","potentialAction":[{"@type":"SearchAction","target":{"@type":"EntryPoint","urlTemplate":"https:\/\/mercuri.be\/?s={search_term_string}"},"query-input":{"@type":"PropertyValueSpecification","valueRequired":true,"valueName":"search_term_string"}}],"inLanguage":"fr-BE"}]}},"_links":{"self":[{"href":"https:\/\/mercuri.be\/fr\/wp-json\/wp\/v2\/pages\/3802","targetHints":{"allow":["GET"]}}],"collection":[{"href":"https:\/\/mercuri.be\/fr\/wp-json\/wp\/v2\/pages"}],"about":[{"href":"https:\/\/mercuri.be\/fr\/wp-json\/wp\/v2\/types\/page"}],"author":[{"embeddable":true,"href":"https:\/\/mercuri.be\/fr\/wp-json\/wp\/v2\/users\/1"}],"replies":[{"embeddable":true,"href":"https:\/\/mercuri.be\/fr\/wp-json\/wp\/v2\/comments?post=3802"}],"version-history":[{"count":12,"href":"https:\/\/mercuri.be\/fr\/wp-json\/wp\/v2\/pages\/3802\/revisions"}],"predecessor-version":[{"id":3825,"href":"https:\/\/mercuri.be\/fr\/wp-json\/wp\/v2\/pages\/3802\/revisions\/3825"}],"up":[{"embeddable":true,"href":"https:\/\/mercuri.be\/fr\/wp-json\/wp\/v2\/pages\/2397"}],"wp:attachment":[{"href":"https:\/\/mercuri.be\/fr\/wp-json\/wp\/v2\/media?parent=3802"}],"curies":[{"name":"wp","href":"https:\/\/api.w.org\/{rel}","templated":true}]}}