{"id":3703,"date":"2023-02-06T14:52:15","date_gmt":"2023-02-06T14:52:15","guid":{"rendered":"https:\/\/mercuri.be\/?page_id=3703"},"modified":"2023-02-08T13:13:26","modified_gmt":"2023-02-08T13:13:26","slug":"sales-enablement-ameliorer-les-resultats-de-vente","status":"publish","type":"page","link":"https:\/\/mercuri.be\/fr\/sales-enablement-ameliorer-les-resultats-de-vente\/","title":{"rendered":"Sales Enablement : Am\u00e9liorer les r\u00e9sultats des ventes"},"content":{"rendered":"<p><\/p>\n\n\n\n<h3 class=\"wp-block-heading\">Qu'est-ce que le Sales Enablement ?<\/h3>\n\n\n\n<p>L'objectif du Sales Enablement est de soutenir les \u00e9quipes de vente dans l'atteinte de leurs objectifs commerciaux. Cela comporte trois volets : <\/p>\n\n\n\n<ol class=\"wp-block-list\"><li>l'am\u00e9lioration des comp\u00e9tences de vente, <\/li><li>l'augmentation de la productivit\u00e9 <\/li><li>et acc\u00e9l\u00e9rer le processus de vente. <\/li><\/ol>\n\n\n\n<p>Un \u00e9l\u00e9ment important de cela est de fournir les bons outils et la bonne formation aux \u00e9quipes de vente.<\/p>\n\n\n\n<h3 class=\"wp-block-heading\">Liste de contr\u00f4le pour un Sales Enablement r\u00e9ussi<\/h3>\n\n\n\n<p>Pour r\u00e9ussir la mise en \u0153uvre du Sales Enablement, il est important de suivre une checklist. Ci-dessous, quelques \u00e9tapes que vous pouvez suivre :<\/p>\n\n\n\n<ol class=\"wp-block-list\"><li>Fixez des objectifs de vente clairs \u2013 C'est le point culminant de toutes les \u00e9tapes ult\u00e9rieures. La fixation d'objectifs de vente clairs garantit que vous savez ce que vous voulez atteindre et comment vous voulez l'atteindre. Il est important de vous assurer qu'ils sont r\u00e9ellement mesurables et r\u00e9alistes.<\/li><li>Impliquez la direction \u2013 Impliquez votre direction et votre comit\u00e9 de direction dans le processus d'aide \u00e0 la vente. Ils peuvent apporter une contribution pr\u00e9cieuse \u00e0 la d\u00e9finition des objectifs de vente et \u00e0 l'\u00e9laboration d'une strat\u00e9gie. Attention, ne pensez pas seulement \u00e0 la direction des ventes, mais aussi \u00e0 la direction d'autres d\u00e9partements tels que le marketing, la finance, les ressources humaines, l'exploitation et la haute direction. <\/li><li>D\u00e9terminer les bons outils \u2013 D\u00e9terminez quels outils sont n\u00e9cessaires pour aider les \u00e9quipes de vente \u00e0 atteindre leurs objectifs de vente. Cela peut inclure des formations de vente, des outils de vente, un CRM et la g\u00e9n\u00e9ration de prospects marketing.<\/li><li>Collaborez avec un sp\u00e9cialiste de l'accompagnement commercial \u2013 Un strat\u00e8ge en accompagnement commercial peut vous aider \u00e0 d\u00e9terminer les bonnes ressources et \u00e0 \u00e9laborer un plan pour atteindre vos objectifs de vente. Souvent, ces sp\u00e9cialistes en accompagnement commercial ont d\u00e9j\u00e0 aid\u00e9 d'autres organisations et savent exactement comment lancer le processus et o\u00f9 des am\u00e9liorations sont r\u00e9ellement possibles.<\/li><li>\u00c9valuation et am\u00e9lioration \u2013 Enfin, il est important d'\u00e9valuer r\u00e9guli\u00e8rement en cours de route si les \u00e9quipes de vente atteignent les objectifs de vente. Sur cette base, vous pouvez am\u00e9liorer et adapter votre strat\u00e9gie de Sales Enablement. Ne faites donc pas un plan qui finira ensuite dans un tiroir, mais pr\u00e9voyez des moments d'\u00e9valuation dans votre agenda. Impliquez \u00e9galement la gestion de projet.<\/li><\/ol>\n\n\n\n<h3 class=\"wp-block-heading\">Conclusion<\/h3>\n\n\n\n<p>Le Sales Enablement est un moyen efficace de soutenir les \u00e9quipes de vente dans l'atteinte de leurs objectifs commerciaux. Il est important d'\u00e9tablir une strat\u00e9gie claire et de fournir les bons outils. En collaborant avec les dirigeants (autant que possible) au sein de l'organisation et un strat\u00e8ge Sales Enablement, vous pouvez acc\u00e9l\u00e9rer le processus de vente et am\u00e9liorer les r\u00e9sultats commerciaux.<\/p>\n\n\n\n<h3 class=\"wp-block-heading\">Encore une \u00e9tape de plus\u2026 \u00c9valuation de l'excellence commerciale<\/h3>\n\n\n\n<p>Mercuri International a identifi\u00e9 9 facteurs cl\u00e9s de succ\u00e8s pour atteindre l'excellence commerciale. Notre enqu\u00eate de 10 minutes \u00e9limine les approximations lors de l'\u00e9valuation de l'excellence commerciale \u2013 c'est un instantan\u00e9 de l\u00e0 o\u00f9 une entreprise poss\u00e8de de bons processus de vente et o\u00f9 ils peuvent \u00eatre am\u00e9lior\u00e9s.<\/p>\n\n\n\n<figure class=\"wp-block-video alignright\"><video controls src=\"https:\/\/mercuri.be\/wp-content\/uploads\/sites\/23\/2023\/02\/sales_excellence_assessment_-_mercuri_international_original.mp4\"><\/video><\/figure>\n\n\n\n<div class=\"wp-block-qala-button\"><a class=\"btn btn-sky\" href=\"https:\/\/sales-excellence.mercuri.net\/\">Curieux de conna\u00eetre votre propre niveau d'Excellence Commerciale ? Cliquez ici<\/a><\/div>","protected":false},"excerpt":{"rendered":"<p>Wat is Sales Enablement? Het doel van Sales Enablement is om de verkoopteams te ondersteunen bij het realiseren van hun<\/p>","protected":false},"author":43,"featured_media":0,"parent":0,"menu_order":0,"comment_status":"closed","ping_status":"closed","template":"","meta":{"_acf_changed":false,"_eb_attr":"","form_id":"","editor_notices":[],"footnotes":""},"class_list":["post-3703","page","type-page","status-publish","hentry"],"acf":[],"yoast_head":"<!-- This site is optimized with the Yoast SEO plugin v26.6 - https:\/\/yoast.com\/wordpress\/plugins\/seo\/ -->\n<title>Sales Enablement: Het verbeteren van verkoopresultaten - Mercuri International<\/title>\n<meta name=\"description\" content=\"Het doel van Sales Enablement is om de verkoopteams te ondersteunen bij het realiseren van hun verkoopdoelen. Het gaat hierbij om drie.....\" \/>\n<meta name=\"robots\" content=\"index, follow, max-snippet:-1, max-image-preview:large, max-video-preview:-1\" \/>\n<link rel=\"canonical\" href=\"https:\/\/mercuri.be\/fr\/sales-enablement-ameliorer-les-resultats-de-vente\/\" \/>\n<meta property=\"og:locale\" content=\"fr_FR\" \/>\n<meta property=\"og:type\" content=\"article\" \/>\n<meta property=\"og:title\" content=\"Sales Enablement: Het verbeteren van verkoopresultaten - Mercuri International\" \/>\n<meta property=\"og:description\" content=\"Het doel van Sales Enablement is om de verkoopteams te ondersteunen bij het realiseren van hun verkoopdoelen. Het gaat hierbij om drie.....\" \/>\n<meta property=\"og:url\" content=\"https:\/\/mercuri.be\/fr\/sales-enablement-ameliorer-les-resultats-de-vente\/\" \/>\n<meta property=\"og:site_name\" content=\"Mercuri Belgium\" \/>\n<meta property=\"article:modified_time\" content=\"2023-02-08T13:13:26+00:00\" \/>\n<meta name=\"twitter:card\" content=\"summary_large_image\" \/>\n<meta name=\"twitter:label1\" content=\"Est. reading time\" \/>\n\t<meta name=\"twitter:data1\" content=\"2 minutes\" \/>\n<script type=\"application\/ld+json\" class=\"yoast-schema-graph\">{\"@context\":\"https:\/\/schema.org\",\"@graph\":[{\"@type\":\"WebPage\",\"@id\":\"https:\/\/mercuri.be\/sales-enablement-het-verbeteren-van-verkoopresultaten\/\",\"url\":\"https:\/\/mercuri.be\/sales-enablement-het-verbeteren-van-verkoopresultaten\/\",\"name\":\"Sales Enablement: Het verbeteren van verkoopresultaten - Mercuri International\",\"isPartOf\":{\"@id\":\"https:\/\/mercuri.be\/#website\"},\"datePublished\":\"2023-02-06T14:52:15+00:00\",\"dateModified\":\"2023-02-08T13:13:26+00:00\",\"description\":\"Het doel van Sales Enablement is om de verkoopteams te ondersteunen bij het realiseren van hun verkoopdoelen. Het gaat hierbij om drie.....\",\"breadcrumb\":{\"@id\":\"https:\/\/mercuri.be\/sales-enablement-het-verbeteren-van-verkoopresultaten\/#breadcrumb\"},\"inLanguage\":\"fr-BE\",\"potentialAction\":[{\"@type\":\"ReadAction\",\"target\":[\"https:\/\/mercuri.be\/sales-enablement-het-verbeteren-van-verkoopresultaten\/\"]}]},{\"@type\":\"BreadcrumbList\",\"@id\":\"https:\/\/mercuri.be\/sales-enablement-het-verbeteren-van-verkoopresultaten\/#breadcrumb\",\"itemListElement\":[{\"@type\":\"ListItem\",\"position\":1,\"name\":\"Home\",\"item\":\"https:\/\/mercuri.be\/\"},{\"@type\":\"ListItem\",\"position\":2,\"name\":\"Sales Enablement: Het verbeteren van verkoopresultaten\"}]},{\"@type\":\"WebSite\",\"@id\":\"https:\/\/mercuri.be\/#website\",\"url\":\"https:\/\/mercuri.be\/\",\"name\":\"Mercuri Belgium\",\"description\":\"Mercuri International Belgium site\",\"potentialAction\":[{\"@type\":\"SearchAction\",\"target\":{\"@type\":\"EntryPoint\",\"urlTemplate\":\"https:\/\/mercuri.be\/?s={search_term_string}\"},\"query-input\":{\"@type\":\"PropertyValueSpecification\",\"valueRequired\":true,\"valueName\":\"search_term_string\"}}],\"inLanguage\":\"fr-BE\"}]}<\/script>\n<!-- \/ Yoast SEO plugin. -->","yoast_head_json":{"title":"Sales Enablement: Het verbeteren van verkoopresultaten - Mercuri International","description":"Het doel van Sales Enablement is om de verkoopteams te ondersteunen bij het realiseren van hun verkoopdoelen. Het gaat hierbij om drie.....","robots":{"index":"index","follow":"follow","max-snippet":"max-snippet:-1","max-image-preview":"max-image-preview:large","max-video-preview":"max-video-preview:-1"},"canonical":"https:\/\/mercuri.be\/fr\/sales-enablement-ameliorer-les-resultats-de-vente\/","og_locale":"fr_FR","og_type":"article","og_title":"Sales Enablement: Het verbeteren van verkoopresultaten - Mercuri International","og_description":"Het doel van Sales Enablement is om de verkoopteams te ondersteunen bij het realiseren van hun verkoopdoelen. Het gaat hierbij om drie.....","og_url":"https:\/\/mercuri.be\/fr\/sales-enablement-ameliorer-les-resultats-de-vente\/","og_site_name":"Mercuri Belgium","article_modified_time":"2023-02-08T13:13:26+00:00","twitter_card":"summary_large_image","twitter_misc":{"Est. reading time":"2 minutes"},"schema":{"@context":"https:\/\/schema.org","@graph":[{"@type":"WebPage","@id":"https:\/\/mercuri.be\/sales-enablement-het-verbeteren-van-verkoopresultaten\/","url":"https:\/\/mercuri.be\/sales-enablement-het-verbeteren-van-verkoopresultaten\/","name":"Sales Enablement: Het verbeteren van verkoopresultaten - Mercuri International","isPartOf":{"@id":"https:\/\/mercuri.be\/#website"},"datePublished":"2023-02-06T14:52:15+00:00","dateModified":"2023-02-08T13:13:26+00:00","description":"Het doel van Sales Enablement is om de verkoopteams te ondersteunen bij het realiseren van hun verkoopdoelen. Het gaat hierbij om drie.....","breadcrumb":{"@id":"https:\/\/mercuri.be\/sales-enablement-het-verbeteren-van-verkoopresultaten\/#breadcrumb"},"inLanguage":"fr-BE","potentialAction":[{"@type":"ReadAction","target":["https:\/\/mercuri.be\/sales-enablement-het-verbeteren-van-verkoopresultaten\/"]}]},{"@type":"BreadcrumbList","@id":"https:\/\/mercuri.be\/sales-enablement-het-verbeteren-van-verkoopresultaten\/#breadcrumb","itemListElement":[{"@type":"ListItem","position":1,"name":"Home","item":"https:\/\/mercuri.be\/"},{"@type":"ListItem","position":2,"name":"Sales Enablement: Het verbeteren van verkoopresultaten"}]},{"@type":"WebSite","@id":"https:\/\/mercuri.be\/#website","url":"https:\/\/mercuri.be\/","name":"Mercuri Belgique","description":"Site de Mercuri International Belgium","potentialAction":[{"@type":"SearchAction","target":{"@type":"EntryPoint","urlTemplate":"https:\/\/mercuri.be\/?s={search_term_string}"},"query-input":{"@type":"PropertyValueSpecification","valueRequired":true,"valueName":"search_term_string"}}],"inLanguage":"fr-BE"}]}},"_links":{"self":[{"href":"https:\/\/mercuri.be\/fr\/wp-json\/wp\/v2\/pages\/3703","targetHints":{"allow":["GET"]}}],"collection":[{"href":"https:\/\/mercuri.be\/fr\/wp-json\/wp\/v2\/pages"}],"about":[{"href":"https:\/\/mercuri.be\/fr\/wp-json\/wp\/v2\/types\/page"}],"author":[{"embeddable":true,"href":"https:\/\/mercuri.be\/fr\/wp-json\/wp\/v2\/users\/43"}],"replies":[{"embeddable":true,"href":"https:\/\/mercuri.be\/fr\/wp-json\/wp\/v2\/comments?post=3703"}],"version-history":[{"count":4,"href":"https:\/\/mercuri.be\/fr\/wp-json\/wp\/v2\/pages\/3703\/revisions"}],"predecessor-version":[{"id":3710,"href":"https:\/\/mercuri.be\/fr\/wp-json\/wp\/v2\/pages\/3703\/revisions\/3710"}],"wp:attachment":[{"href":"https:\/\/mercuri.be\/fr\/wp-json\/wp\/v2\/media?parent=3703"}],"curies":[{"name":"wp","href":"https:\/\/api.w.org\/{rel}","templated":true}]}}