{"id":356,"date":"2018-11-16T11:32:02","date_gmt":"2018-11-16T11:32:02","guid":{"rendered":"https:\/\/mercuri.be\/ons-aanbod\/"},"modified":"2019-08-30T14:27:14","modified_gmt":"2019-08-30T14:27:14","slug":"notre-offre","status":"publish","type":"page","link":"https:\/\/mercuri.be\/fr\/notre-offre\/","title":{"rendered":"Notre offre"},"content":{"rendered":"<h3 class=\"wp-block-heading\">FORMATION \u00c0 LA VENTE SUR MESURE<\/h3>\n\n\n\n<p>Quel est le potentiel de votre \u00e9quipe, de votre march\u00e9 ou de votre organisation ? Obtenir un rendement maximal des personnes et des activit\u00e9s de vente gr\u00e2ce \u00e0 la formation et au coaching. <\/p>\n\n\n\n<p>Nous concevons et fournissons des solutions personnalis\u00e9es \u00e0 l'\u00e9chelle nationale et mondiale, avec des centaines de consultants qui ont tous une solide exp\u00e9rience de la vente. <br><a href=\"https:\/\/mercuri.be\/fr\/contact\/\">Nous serions ravis de vous rendre visite ! Contactez-nous directement et d\u00e9couvrez comment nous pouvons aider votre \u00e9quipe de vente \u00e0 aller plus loin ! <\/a><br><\/p>\n\n\n\n<figure class=\"wp-block-embed-vimeo wp-block-embed is-type-video is-provider-vimeo wp-embed-aspect-16-9 wp-has-aspect-ratio\"><div class=\"wp-block-embed__wrapper\">\n<iframe data-cookieconsent=\"marketing\" title=\"Vid\u00e9o d&#039;entreprise de Mercuri International\" data-cookieblock-src=\"https:\/\/player.vimeo.com\/video\/356874769?dnt=1&amp;app_id=122963\" width=\"500\" height=\"281\" frameborder=\"0\" allow=\"autoplay; fullscreen; picture-in-picture; clipboard-write\"><\/iframe>\n<\/div><\/figure>\n\n\n\n<p style=\"text-align:center\"><a href=\"mailto:%20info@mercuri.be\">Courriel : info@mercuri.be<\/a><\/p>\n\n\n\n<p style=\"text-align:center\"><a href=\"tel:+3222450240\">T\u00e9l : +32 2 245 02 40<\/a><\/p>\n\n\n\n<div class=\"wp-block-button aligncenter\"><a class=\"wp-block-button__link\" href=\"https:\/\/mercuri.be\/fr\/contact\/\">Aidez-moi<\/a><\/div>\n\n\n\n<h3 class=\"wp-block-heading\">\u00c9cole de commerce Mercuri pour la vente<\/h3>\n\n\n\n<p>La Mercuri Business School for Sales est une combinaison de formation personnelle et d'apprentissage num\u00e9rique. Vous pouvez apprendre quand et o\u00f9 cela vous convient, avec un mobile, un ordinateur portable et avec l'attention personnelle de nos formateurs en vente. <a href=\"https:\/\/mercuri.nl\/open-courses\/\">Pour en savoir plus sur les possibilit\u00e9s, cliquez ici.<\/a><\/p>\n\n\n\n<h3 class=\"wp-block-heading\">Cours en entreprise<\/h3>\n\n\n\n<p>Nous pouvons \u00e9galement proposer des formations sur mesure pour votre propre \u00e9quipe de vente. Nous serions heureux d'avoir un contact personnel pour explorer les possibilit\u00e9s avec vous. <a href=\"https:\/\/mercuri.be\/fr\/exemples-de-reussites\/\">Voici quelques clients qui vous ont pr\u00e9c\u00e9d\u00e9.<\/a><\/p>\n\n\n\n<div class=\"wp-block-button aligncenter\"><a class=\"wp-block-button__link\" href=\"https:\/\/mercuri.be\/fr\/contact\/\">Je souhaite \u00eatre contact\u00e9 pour un conseil personnalis\u00e9<\/a><\/div>\n\n\n\n<h3 class=\"wp-block-heading\">Qui sommes-nous ?<\/h3>\n\n\n\n<p>Experts en performance commerciale qui favorisent l'excellence commerciale en transformant les organisations et en permettant aux personnes d'atteindre leur plein potentiel.<\/p>\n\n\n\n<h3 class=\"wp-block-heading\">Ce que nous croyons<\/h3>\n\n\n\n<p>Vos r\u00e9sultats commerciaux sont le r\u00e9sultat direct des performances de vos vendeurs. En alignant l'\u00e9quipe de vente sur les m\u00eames objectifs, nous veillons \u00e0 ce que votre message et votre vision soient transmis de mani\u00e8re \u00e0 ce que la strat\u00e9gie soit ex\u00e9cut\u00e9e.<\/p>\n\n\n\n<p><br>Nous formons vos \u00e9quipes de vente gr\u00e2ce \u00e0 nos solutions d'apprentissage int\u00e9gr\u00e9es, qui fournissent les outils et les processus n\u00e9cessaires pour relever tous les d\u00e9fis. Nous innovons constamment et partageons notre expertise.<\/p>\n\n\n\n<h3 class=\"wp-block-heading\">La fa\u00e7on dont nous vendons a chang\u00e9<\/h3>\n\n\n\n<p>Le parcours d'achat a chang\u00e9, les exigences des clients et l'exp\u00e9rience de tous les moments de contact exigent que les organisations de vente changent et s'adaptent \u00e0 la nouvelle fa\u00e7on de travailler.<\/p>\n\n\n\n<h3 class=\"wp-block-heading\">Cela pose des probl\u00e8mes<\/h3>\n\n\n\n<p>Il n'y a jamais eu autant de fa\u00e7ons d'acheter. La num\u00e9risation a ouvert de nouveaux canaux de vente. La mondialisation a stimul\u00e9 les ventes transfrontali\u00e8res. L'approche \"taille unique\" de la vente est d\u00e9sormais d\u00e9pass\u00e9e.<\/p>\n\n\n\n<h3 class=\"wp-block-heading\">Mais aussi des opportunit\u00e9s<\/h3>\n\n\n\n<p>Pour exceller, les vendeurs doivent s'adapter \u00e0 la nouvelle r\u00e9alit\u00e9. Pour r\u00e9ussir, ils doivent \u00eatre des champions de la vente charismatiques, \u00e0 l'aise avec la technologie et orient\u00e9s vers les solutions.<\/p>\n\n\n\n<p style=\"text-align:center\"><a href=\"mailto:%20info@mercuri.be\">Courriel : info@mercuri.be<\/a><\/p>\n\n\n\n<p style=\"text-align:center\"><a href=\"tel:+3222450240\">T\u00e9l : +32 2 245 02 40<\/a><\/p>\n\n\n\n<div class=\"wp-block-button aligncenter\"><a class=\"wp-block-button__link\" href=\"https:\/\/mercuri.be\/fr\/contact\/\">Formulaire de contact<\/a><\/div>\n\n\n\n<p><\/p>","protected":false},"excerpt":{"rendered":"<p>OP MAAT SALES TRAINING Welke potentieel ziet er in je team, markt of organisatie? Haal maximaal rendement uit mensen en<\/p>","protected":false},"author":1,"featured_media":0,"parent":0,"menu_order":0,"comment_status":"closed","ping_status":"closed","template":"","meta":{"_acf_changed":false,"_eb_attr":"","form_id":"","editor_notices":[],"footnotes":""},"class_list":["post-356","page","type-page","status-publish","hentry"],"acf":[],"yoast_head":"<!-- This site is optimized with the Yoast SEO plugin v26.6 - https:\/\/yoast.com\/wordpress\/plugins\/seo\/ -->\n<title>Ons aanbod - Mercuri Belgium<\/title>\n<meta name=\"robots\" content=\"index, follow, max-snippet:-1, max-image-preview:large, max-video-preview:-1\" \/>\n<link rel=\"canonical\" href=\"https:\/\/mercuri.be\/fr\/notre-offre\/\" \/>\n<meta property=\"og:locale\" content=\"fr_FR\" \/>\n<meta property=\"og:type\" content=\"article\" \/>\n<meta property=\"og:title\" content=\"Ons aanbod - Mercuri Belgium\" \/>\n<meta property=\"og:description\" content=\"OP MAAT SALES TRAINING Welke potentieel ziet er in je team, markt of organisatie? Haal maximaal rendement uit mensen en\" \/>\n<meta property=\"og:url\" content=\"https:\/\/mercuri.be\/fr\/notre-offre\/\" \/>\n<meta property=\"og:site_name\" content=\"Mercuri Belgium\" \/>\n<meta property=\"article:modified_time\" content=\"2019-08-30T14:27:14+00:00\" \/>\n<meta name=\"twitter:card\" content=\"summary_large_image\" \/>\n<meta name=\"twitter:label1\" content=\"Est. reading time\" \/>\n\t<meta name=\"twitter:data1\" content=\"2 minutes\" \/>\n<script type=\"application\/ld+json\" class=\"yoast-schema-graph\">{\"@context\":\"https:\/\/schema.org\",\"@graph\":[{\"@type\":\"WebPage\",\"@id\":\"https:\/\/mercuri.be\/ons-aanbod\/\",\"url\":\"https:\/\/mercuri.be\/ons-aanbod\/\",\"name\":\"Ons aanbod - Mercuri Belgium\",\"isPartOf\":{\"@id\":\"https:\/\/mercuri.be\/#website\"},\"datePublished\":\"2018-11-16T11:32:02+00:00\",\"dateModified\":\"2019-08-30T14:27:14+00:00\",\"breadcrumb\":{\"@id\":\"https:\/\/mercuri.be\/ons-aanbod\/#breadcrumb\"},\"inLanguage\":\"fr-BE\",\"potentialAction\":[{\"@type\":\"ReadAction\",\"target\":[\"https:\/\/mercuri.be\/ons-aanbod\/\"]}]},{\"@type\":\"BreadcrumbList\",\"@id\":\"https:\/\/mercuri.be\/ons-aanbod\/#breadcrumb\",\"itemListElement\":[{\"@type\":\"ListItem\",\"position\":1,\"name\":\"Home\",\"item\":\"https:\/\/mercuri.be\/\"},{\"@type\":\"ListItem\",\"position\":2,\"name\":\"Ons aanbod\"}]},{\"@type\":\"WebSite\",\"@id\":\"https:\/\/mercuri.be\/#website\",\"url\":\"https:\/\/mercuri.be\/\",\"name\":\"Mercuri Belgium\",\"description\":\"Mercuri International Belgium site\",\"potentialAction\":[{\"@type\":\"SearchAction\",\"target\":{\"@type\":\"EntryPoint\",\"urlTemplate\":\"https:\/\/mercuri.be\/?s={search_term_string}\"},\"query-input\":{\"@type\":\"PropertyValueSpecification\",\"valueRequired\":true,\"valueName\":\"search_term_string\"}}],\"inLanguage\":\"fr-BE\"}]}<\/script>\n<!-- \/ Yoast SEO plugin. -->","yoast_head_json":{"title":"Ons aanbod - Mercuri Belgium","robots":{"index":"index","follow":"follow","max-snippet":"max-snippet:-1","max-image-preview":"max-image-preview:large","max-video-preview":"max-video-preview:-1"},"canonical":"https:\/\/mercuri.be\/fr\/notre-offre\/","og_locale":"fr_FR","og_type":"article","og_title":"Ons aanbod - Mercuri Belgium","og_description":"OP MAAT SALES TRAINING Welke potentieel ziet er in je team, markt of organisatie? Haal maximaal rendement uit mensen en","og_url":"https:\/\/mercuri.be\/fr\/notre-offre\/","og_site_name":"Mercuri Belgium","article_modified_time":"2019-08-30T14:27:14+00:00","twitter_card":"summary_large_image","twitter_misc":{"Est. reading time":"2 minutes"},"schema":{"@context":"https:\/\/schema.org","@graph":[{"@type":"WebPage","@id":"https:\/\/mercuri.be\/ons-aanbod\/","url":"https:\/\/mercuri.be\/ons-aanbod\/","name":"Ons aanbod - Mercuri Belgium","isPartOf":{"@id":"https:\/\/mercuri.be\/#website"},"datePublished":"2018-11-16T11:32:02+00:00","dateModified":"2019-08-30T14:27:14+00:00","breadcrumb":{"@id":"https:\/\/mercuri.be\/ons-aanbod\/#breadcrumb"},"inLanguage":"fr-BE","potentialAction":[{"@type":"ReadAction","target":["https:\/\/mercuri.be\/ons-aanbod\/"]}]},{"@type":"BreadcrumbList","@id":"https:\/\/mercuri.be\/ons-aanbod\/#breadcrumb","itemListElement":[{"@type":"ListItem","position":1,"name":"Home","item":"https:\/\/mercuri.be\/"},{"@type":"ListItem","position":2,"name":"Ons aanbod"}]},{"@type":"WebSite","@id":"https:\/\/mercuri.be\/#website","url":"https:\/\/mercuri.be\/","name":"Mercuri Belgique","description":"Site de Mercuri International Belgium","potentialAction":[{"@type":"SearchAction","target":{"@type":"EntryPoint","urlTemplate":"https:\/\/mercuri.be\/?s={search_term_string}"},"query-input":{"@type":"PropertyValueSpecification","valueRequired":true,"valueName":"search_term_string"}}],"inLanguage":"fr-BE"}]}},"_links":{"self":[{"href":"https:\/\/mercuri.be\/fr\/wp-json\/wp\/v2\/pages\/356","targetHints":{"allow":["GET"]}}],"collection":[{"href":"https:\/\/mercuri.be\/fr\/wp-json\/wp\/v2\/pages"}],"about":[{"href":"https:\/\/mercuri.be\/fr\/wp-json\/wp\/v2\/types\/page"}],"author":[{"embeddable":true,"href":"https:\/\/mercuri.be\/fr\/wp-json\/wp\/v2\/users\/1"}],"replies":[{"embeddable":true,"href":"https:\/\/mercuri.be\/fr\/wp-json\/wp\/v2\/comments?post=356"}],"version-history":[{"count":17,"href":"https:\/\/mercuri.be\/fr\/wp-json\/wp\/v2\/pages\/356\/revisions"}],"predecessor-version":[{"id":2326,"href":"https:\/\/mercuri.be\/fr\/wp-json\/wp\/v2\/pages\/356\/revisions\/2326"}],"wp:attachment":[{"href":"https:\/\/mercuri.be\/fr\/wp-json\/wp\/v2\/media?parent=356"}],"curies":[{"name":"wp","href":"https:\/\/api.w.org\/{rel}","templated":true}]}}