{"id":2767,"date":"2020-03-23T16:43:02","date_gmt":"2020-03-23T16:43:02","guid":{"rendered":"https:\/\/mercuri.be\/?page_id=2767"},"modified":"2021-03-08T09:43:32","modified_gmt":"2021-03-08T09:43:32","slug":"vente-a-distance-3","status":"publish","type":"page","link":"https:\/\/mercuri.be\/fr\/vente-a-distance-3\/","title":{"rendered":"Vente virtuelle"},"content":{"rendered":"<div class=\"wp-block-group alignwide is-layout-flow wp-block-group-is-layout-flow\"><div class=\"wp-block-group__inner-container\"><\/div><\/div>\n\n\n\n<div class=\"wp-block-columns alignwide is-layout-flex wp-container-core-columns-is-layout-9d6595d7 wp-block-columns-is-layout-flex\">\n<div class=\"wp-block-column is-layout-flow wp-block-column-is-layout-flow\">\n<h3 class=\"wp-block-heading\">Pourquoi la vente virtuelle ?<\/h3>\n\n\n\n<p>Les nouvelles technologies ont consid\u00e9rablement \u00e9largi les possibilit\u00e9s d'interaction avec les clients. D\u00e9couvrez comment vous pouvez tirer profit de la vente \u00e0 distance et faire de chaque r\u00e9union un succ\u00e8s ! Pour en savoir plus sur le parcours de formation \u00e0 la vente \u00e0 distance, consultez la fiche produit ou t\u00e9l\u00e9chargez notre liste de contr\u00f4le pour des r\u00e9unions virtuelles r\u00e9ussies.<\/p>\n\n\n\n<div class=\"wp-block-qala-button\"><a class=\"btn btn-berry\" href=\"https:\/\/mercuri.net\/wp-content\/uploads\/2021\/01\/remote-selling.pdf\">En savoir plus sur le parcours d'apprentissage<\/a><\/div>\n\n\n\n<figure class=\"wp-block-embed-vimeo wp-block-embed is-type-video is-provider-vimeo wp-embed-aspect-16-9 wp-has-aspect-ratio\"><div class=\"wp-block-embed__wrapper\">\n<iframe data-cookieconsent=\"marketing\" title=\"La nouvelle normalit\u00e9\" data-cookieblock-src=\"https:\/\/player.vimeo.com\/video\/454302811?dnt=1&amp;app_id=122963\" width=\"500\" height=\"281\" frameborder=\"0\" allow=\"autoplay; fullscreen; picture-in-picture; clipboard-write\"><\/iframe>\n<\/div><\/figure>\n<\/div>\n\n\n\n<div class=\"wp-block-column is-layout-flow wp-block-column-is-layout-flow\">\n<h4 class=\"wp-block-heading\">La reconversion ne pourrait pas \u00eatre plus facile<\/h4>\n\n\n\n<p>...en proposant des licences pour chacun de nos parcours d'apprentissage, sur une base individuelle ou avec une s\u00e9lection de type \"choose-and-mix\". Voici comment cela fonctionne :<\/p>\n\n\n\n<p><strong>1. D\u00c9COUVREZ NOS PARCOURS D'APPRENTISSAGE<\/strong><br>Parcourez les parcours d'apprentissage, qu'est-ce qui vous convient, \u00e0 vous ou \u00e0 votre \u00e9quipe ?<\/p>\n\n\n\n<p><strong>2. CHOISIR UN OU PLUSIEURS<\/strong><br>Une ou plusieurs d'entre elles vous semblent int\u00e9ressantes ? Bien !<\/p>\n\n\n\n<p><strong>3. ORGANISER VOTRE ACC\u00c8S<\/strong><br>Contactez-nous pour y acc\u00e9der ! Nous nous ferons un plaisir de vous conseiller sur la meilleure formule - sp\u00e9cialement pour vous.<\/p>\n\n\n\n<div class=\"wp-block-qala-button\"><a class=\"btn btn-sky\" href=\"https:\/\/mercuri.be\/fr\/contact\/\">ACC\u00c9DER MAINTENANT - PRENDRE CONTACT<\/a><\/div>\n\n\n\n<div style=\"height:20px\" aria-hidden=\"true\" class=\"wp-block-spacer\"><\/div>\n\n\n\n<div class=\"wp-block-buttons is-layout-flex wp-block-buttons-is-layout-flex\">\n<div class=\"wp-block-button\"><a class=\"wp-block-button__link has-background has-iron-background-color\" href=\"https:\/\/mercuri.be\/fr\/decouvrez-votre-chemin-vers-le-succes-commercial\/\" style=\"border-radius:50px\">TOUS LES PARCOURS D'APPRENTISSAGE NUM\u00c9RIQUES<\/a><\/div>\n<\/div>\n<\/div>\n<\/div>\n\n\n\n<hr class=\"wp-block-separator\"\/>\n\n\n\n<div style=\"height:36px\" aria-hidden=\"true\" class=\"wp-block-spacer\"><\/div>\n\n\n\n<div class=\"wp-block-media-text alignwide is-stacked-on-mobile is-vertically-aligned-top\" style=\"grid-template-columns:51% auto\"><figure class=\"wp-block-media-text__media\"><img decoding=\"async\" src=\"https:\/\/mercuri.net\/wp-content\/uploads\/2021\/01\/shutterstock_453644554-1024x681.jpg\" alt=\"\" class=\"wp-image-6927\"\/><\/figure><div class=\"wp-block-media-text__content\">\n<h4 class=\"wp-block-heading\">Nos meilleurs conseils<\/h4>\n\n\n\n<p>Consultez notre fiche de conseils et d\u00e9couvrez 10 fa\u00e7ons de faire de la vente \u00e0 distance un succ\u00e8s.<\/p>\n\n\n\n<div class=\"wp-block-qala-button\"><a class=\"btn btn-poppy\" href=\"https:\/\/mercuri.be\/wp-content\/uploads\/2020\/05\/remote_selling_tip_sheet-1.pdf\">FICHE CONSEIL POUR LA VENTE \u00c0 DISTANCE<\/a><\/div>\n\n\n\n<h4 class=\"wp-block-heading\">Plus d'informations ?<\/h4>\n\n\n\n<p>Quel que soit le d\u00e9fi \u00e0 relever, Mercuri International a un parcours de formation pour vous. D\u00e9couvrez nos autres parcours d'apprentissage qui vous permettent de suivre une formation o\u00f9 que vous soyez et \u00e0 votre convenance. Besoin d'une solution personnalis\u00e9e ? Contactez-nous pour la r\u00e9aliser !<a href=\"https:\/\/mercuri.nl\/contact\/\">CONTACTEZ-NOUS<\/a><\/p>\n\n\n\n<div class=\"wp-block-qala-button\"><a class=\"btn btn-sky\" href=\"https:\/\/mercuri.net\/contact-us\/#contact\">Contactez nous !<\/a><\/div>\n<\/div><\/div>\n\n\n\n<div class=\"wp-block-group alignwide\"><div class=\"wp-block-group__inner-container is-layout-flow wp-block-group-is-layout-flow\">\n<h4 class=\"wp-block-heading\" id=\"checklist\">Une liste de contr\u00f4le qui pourrait vous \u00eatre utile...<\/h4>\n\n\n\n<p>D\u00e9marrez vos rendez-vous virtuels avec une liste de contr\u00f4le suppl\u00e9mentaire qui vous aidera \u00e0 garder en m\u00e9moire les points cl\u00e9s de la pr\u00e9paration et de la tenue d'un rendez-vous virtuel.<\/p>\n<\/div><\/div>","protected":false},"excerpt":{"rendered":"<p>Waarom Virtueel verkopen? Nieuwe technologie\u00ebn hebben de mogelijkheden voor interactie met klanten aanzienlijk uitgebreid. Ontdek hoe u kunt profiteren van<\/p>","protected":false},"author":2,"featured_media":2768,"parent":0,"menu_order":0,"comment_status":"closed","ping_status":"closed","template":"","meta":{"_acf_changed":false,"_eb_attr":"","form_id":"","editor_notices":[],"footnotes":""},"class_list":["post-2767","page","type-page","status-publish","has-post-thumbnail","hentry"],"acf":[],"yoast_head":"<!-- This site is optimized with the Yoast SEO plugin v26.6 - https:\/\/yoast.com\/wordpress\/plugins\/seo\/ -->\n<title>Virtueel verkopen - Mercuri Belgium<\/title>\n<meta name=\"robots\" content=\"index, follow, max-snippet:-1, max-image-preview:large, max-video-preview:-1\" \/>\n<link rel=\"canonical\" href=\"https:\/\/mercuri.be\/fr\/vente-a-distance-3\/\" \/>\n<meta property=\"og:locale\" content=\"fr_FR\" \/>\n<meta property=\"og:type\" content=\"article\" \/>\n<meta property=\"og:title\" content=\"Virtueel verkopen - Mercuri Belgium\" \/>\n<meta property=\"og:description\" content=\"Waarom Virtueel verkopen? Nieuwe technologie\u00ebn hebben de mogelijkheden voor interactie met klanten aanzienlijk uitgebreid. Ontdek hoe u kunt profiteren van\" \/>\n<meta property=\"og:url\" content=\"https:\/\/mercuri.be\/fr\/vente-a-distance-3\/\" \/>\n<meta property=\"og:site_name\" content=\"Mercuri Belgium\" \/>\n<meta property=\"article:modified_time\" content=\"2021-03-08T09:43:32+00:00\" \/>\n<meta property=\"og:image\" content=\"https:\/\/mercuri.be\/wp-content\/uploads\/sites\/23\/2020\/03\/dlc_1.png\" \/>\n\t<meta property=\"og:image:width\" content=\"1200\" \/>\n\t<meta property=\"og:image:height\" content=\"630\" \/>\n\t<meta property=\"og:image:type\" content=\"image\/png\" \/>\n<meta name=\"twitter:card\" content=\"summary_large_image\" \/>\n<meta name=\"twitter:label1\" content=\"Est. reading time\" \/>\n\t<meta name=\"twitter:data1\" content=\"1 minute\" \/>\n<script type=\"application\/ld+json\" class=\"yoast-schema-graph\">{\"@context\":\"https:\/\/schema.org\",\"@graph\":[{\"@type\":\"WebPage\",\"@id\":\"https:\/\/mercuri.be\/remote-selling-3\/\",\"url\":\"https:\/\/mercuri.be\/remote-selling-3\/\",\"name\":\"Virtueel verkopen - Mercuri Belgium\",\"isPartOf\":{\"@id\":\"https:\/\/mercuri.be\/#website\"},\"primaryImageOfPage\":{\"@id\":\"https:\/\/mercuri.be\/remote-selling-3\/#primaryimage\"},\"image\":{\"@id\":\"https:\/\/mercuri.be\/remote-selling-3\/#primaryimage\"},\"thumbnailUrl\":\"https:\/\/mercuri.net\/img-srv\/3Hw2IBWyf1GgxiZEhUBn9alGWkuQuhy_oZlCM1ScV5M\/resizing_type:auto\/width:0\/height:0\/gravity:sm\/enlarge:1\/ext:webp\/strip_metadata:1\/quality:100\/cachebuster:filesize-7543906\/bG9jYWw6Ly8vbWVyY3VyaS5uZXQvd3AtY29udGVudC91cGxvYWRzL3NpdGVzLzIzLzIwMjAvMDMvZGxjXzEucG5n.webp\",\"datePublished\":\"2020-03-23T16:43:02+00:00\",\"dateModified\":\"2021-03-08T09:43:32+00:00\",\"breadcrumb\":{\"@id\":\"https:\/\/mercuri.be\/remote-selling-3\/#breadcrumb\"},\"inLanguage\":\"fr-BE\",\"potentialAction\":[{\"@type\":\"ReadAction\",\"target\":[\"https:\/\/mercuri.be\/remote-selling-3\/\"]}]},{\"@type\":\"ImageObject\",\"inLanguage\":\"fr-BE\",\"@id\":\"https:\/\/mercuri.be\/remote-selling-3\/#primaryimage\",\"url\":\"https:\/\/mercuri.net\/img-srv\/3Hw2IBWyf1GgxiZEhUBn9alGWkuQuhy_oZlCM1ScV5M\/resizing_type:auto\/width:0\/height:0\/gravity:sm\/enlarge:1\/ext:webp\/strip_metadata:1\/quality:100\/cachebuster:filesize-7543906\/bG9jYWw6Ly8vbWVyY3VyaS5uZXQvd3AtY29udGVudC91cGxvYWRzL3NpdGVzLzIzLzIwMjAvMDMvZGxjXzEucG5n.webp\",\"contentUrl\":\"https:\/\/mercuri.net\/img-srv\/3Hw2IBWyf1GgxiZEhUBn9alGWkuQuhy_oZlCM1ScV5M\/resizing_type:auto\/width:0\/height:0\/gravity:sm\/enlarge:1\/ext:webp\/strip_metadata:1\/quality:100\/cachebuster:filesize-7543906\/bG9jYWw6Ly8vbWVyY3VyaS5uZXQvd3AtY29udGVudC91cGxvYWRzL3NpdGVzLzIzLzIwMjAvMDMvZGxjXzEucG5n.webp\",\"width\":5760,\"height\":3840},{\"@type\":\"BreadcrumbList\",\"@id\":\"https:\/\/mercuri.be\/remote-selling-3\/#breadcrumb\",\"itemListElement\":[{\"@type\":\"ListItem\",\"position\":1,\"name\":\"Home\",\"item\":\"https:\/\/mercuri.be\/\"},{\"@type\":\"ListItem\",\"position\":2,\"name\":\"Virtueel verkopen\"}]},{\"@type\":\"WebSite\",\"@id\":\"https:\/\/mercuri.be\/#website\",\"url\":\"https:\/\/mercuri.be\/\",\"name\":\"Mercuri Belgium\",\"description\":\"Mercuri International Belgium site\",\"potentialAction\":[{\"@type\":\"SearchAction\",\"target\":{\"@type\":\"EntryPoint\",\"urlTemplate\":\"https:\/\/mercuri.be\/?s={search_term_string}\"},\"query-input\":{\"@type\":\"PropertyValueSpecification\",\"valueRequired\":true,\"valueName\":\"search_term_string\"}}],\"inLanguage\":\"fr-BE\"}]}<\/script>\n<!-- \/ Yoast SEO plugin. -->","yoast_head_json":{"title":"Virtueel verkopen - Mercuri Belgium","robots":{"index":"index","follow":"follow","max-snippet":"max-snippet:-1","max-image-preview":"max-image-preview:large","max-video-preview":"max-video-preview:-1"},"canonical":"https:\/\/mercuri.be\/fr\/vente-a-distance-3\/","og_locale":"fr_FR","og_type":"article","og_title":"Virtueel verkopen - Mercuri Belgium","og_description":"Waarom Virtueel verkopen? Nieuwe technologie\u00ebn hebben de mogelijkheden voor interactie met klanten aanzienlijk uitgebreid. Ontdek hoe u kunt profiteren van","og_url":"https:\/\/mercuri.be\/fr\/vente-a-distance-3\/","og_site_name":"Mercuri Belgium","article_modified_time":"2021-03-08T09:43:32+00:00","og_image":[{"width":1200,"height":630,"url":"https:\/\/mercuri.be\/wp-content\/uploads\/sites\/23\/2020\/03\/dlc_1.png","type":"image\/png"}],"twitter_card":"summary_large_image","twitter_misc":{"Est. reading time":"1 minute"},"schema":{"@context":"https:\/\/schema.org","@graph":[{"@type":"WebPage","@id":"https:\/\/mercuri.be\/remote-selling-3\/","url":"https:\/\/mercuri.be\/remote-selling-3\/","name":"Virtueel verkopen - Mercuri Belgium","isPartOf":{"@id":"https:\/\/mercuri.be\/#website"},"primaryImageOfPage":{"@id":"https:\/\/mercuri.be\/remote-selling-3\/#primaryimage"},"image":{"@id":"https:\/\/mercuri.be\/remote-selling-3\/#primaryimage"},"thumbnailUrl":"https:\/\/mercuri.net\/img-srv\/3Hw2IBWyf1GgxiZEhUBn9alGWkuQuhy_oZlCM1ScV5M\/resizing_type:auto\/width:0\/height:0\/gravity:sm\/enlarge:1\/ext:webp\/strip_metadata:1\/quality:100\/cachebuster:filesize-7543906\/bG9jYWw6Ly8vbWVyY3VyaS5uZXQvd3AtY29udGVudC91cGxvYWRzL3NpdGVzLzIzLzIwMjAvMDMvZGxjXzEucG5n.webp","datePublished":"2020-03-23T16:43:02+00:00","dateModified":"2021-03-08T09:43:32+00:00","breadcrumb":{"@id":"https:\/\/mercuri.be\/remote-selling-3\/#breadcrumb"},"inLanguage":"fr-BE","potentialAction":[{"@type":"ReadAction","target":["https:\/\/mercuri.be\/remote-selling-3\/"]}]},{"@type":"ImageObject","inLanguage":"fr-BE","@id":"https:\/\/mercuri.be\/remote-selling-3\/#primaryimage","url":"https:\/\/mercuri.net\/img-srv\/3Hw2IBWyf1GgxiZEhUBn9alGWkuQuhy_oZlCM1ScV5M\/resizing_type:auto\/width:0\/height:0\/gravity:sm\/enlarge:1\/ext:webp\/strip_metadata:1\/quality:100\/cachebuster:filesize-7543906\/bG9jYWw6Ly8vbWVyY3VyaS5uZXQvd3AtY29udGVudC91cGxvYWRzL3NpdGVzLzIzLzIwMjAvMDMvZGxjXzEucG5n.webp","contentUrl":"https:\/\/mercuri.net\/img-srv\/3Hw2IBWyf1GgxiZEhUBn9alGWkuQuhy_oZlCM1ScV5M\/resizing_type:auto\/width:0\/height:0\/gravity:sm\/enlarge:1\/ext:webp\/strip_metadata:1\/quality:100\/cachebuster:filesize-7543906\/bG9jYWw6Ly8vbWVyY3VyaS5uZXQvd3AtY29udGVudC91cGxvYWRzL3NpdGVzLzIzLzIwMjAvMDMvZGxjXzEucG5n.webp","width":5760,"height":3840},{"@type":"BreadcrumbList","@id":"https:\/\/mercuri.be\/remote-selling-3\/#breadcrumb","itemListElement":[{"@type":"ListItem","position":1,"name":"Home","item":"https:\/\/mercuri.be\/"},{"@type":"ListItem","position":2,"name":"Virtueel verkopen"}]},{"@type":"WebSite","@id":"https:\/\/mercuri.be\/#website","url":"https:\/\/mercuri.be\/","name":"Mercuri Belgique","description":"Site de Mercuri International Belgium","potentialAction":[{"@type":"SearchAction","target":{"@type":"EntryPoint","urlTemplate":"https:\/\/mercuri.be\/?s={search_term_string}"},"query-input":{"@type":"PropertyValueSpecification","valueRequired":true,"valueName":"search_term_string"}}],"inLanguage":"fr-BE"}]}},"_links":{"self":[{"href":"https:\/\/mercuri.be\/fr\/wp-json\/wp\/v2\/pages\/2767","targetHints":{"allow":["GET"]}}],"collection":[{"href":"https:\/\/mercuri.be\/fr\/wp-json\/wp\/v2\/pages"}],"about":[{"href":"https:\/\/mercuri.be\/fr\/wp-json\/wp\/v2\/types\/page"}],"author":[{"embeddable":true,"href":"https:\/\/mercuri.be\/fr\/wp-json\/wp\/v2\/users\/2"}],"replies":[{"embeddable":true,"href":"https:\/\/mercuri.be\/fr\/wp-json\/wp\/v2\/comments?post=2767"}],"version-history":[{"count":2,"href":"https:\/\/mercuri.be\/fr\/wp-json\/wp\/v2\/pages\/2767\/revisions"}],"predecessor-version":[{"id":2852,"href":"https:\/\/mercuri.be\/fr\/wp-json\/wp\/v2\/pages\/2767\/revisions\/2852"}],"wp:featuredmedia":[{"embeddable":true,"href":"https:\/\/mercuri.be\/fr\/wp-json\/wp\/v2\/media\/2768"}],"wp:attachment":[{"href":"https:\/\/mercuri.be\/fr\/wp-json\/wp\/v2\/media?parent=2767"}],"curies":[{"name":"wp","href":"https:\/\/api.w.org\/{rel}","templated":true}]}}