{"id":2757,"date":"2020-03-23T16:54:32","date_gmt":"2020-03-23T16:54:32","guid":{"rendered":"https:\/\/mercuri.be\/?page_id=2757"},"modified":"2021-03-08T09:47:59","modified_gmt":"2021-03-08T09:47:59","slug":"mi-les-competences-essentielles-en-matiere-de-vente","status":"publish","type":"page","link":"https:\/\/mercuri.be\/fr\/mi-les-competences-essentielles-en-matiere-de-vente\/","title":{"rendered":"COMP\u00c9TENCES ESSENTIELLES EN MATI\u00c8RE DE VENTE"},"content":{"rendered":"<div class=\"wp-block-columns alignwide is-layout-flex wp-container-core-columns-is-layout-9d6595d7 wp-block-columns-is-layout-flex\">\n<div class=\"wp-block-column is-layout-flow wp-block-column-is-layout-flow\">\n<h3 class=\"wp-block-heading\">Vous souhaitez am\u00e9liorer votre performance commerciale ?<\/h3>\n\n\n\n<p>Vos comp\u00e9tences en mati\u00e8re de vente sont toujours \u00e0 la base d'un entretien de vente r\u00e9ussi. D\u00e9couvrez toutes les \u00e9tapes du processus de vente et obtenez des conseils utiles sur la mani\u00e8re d'appliquer les techniques de vente pertinentes dans ce parcours d'apprentissage. Regardez la vid\u00e9o ou lisez la brochure pour en savoir plus.<\/p>\n\n\n\n<div class=\"wp-block-qala-button\"><a class=\"btn btn-berry\" href=\"https:\/\/mercuri.be\/wp-content\/uploads\/2021\/01\/essential-selling-skills.pdf\">EN SAVOIR PLUS SUR LE PARCOURS DE FORMATION<\/a><\/div>\n\n\n\n<div style=\"height:20px\" aria-hidden=\"true\" class=\"wp-block-spacer\"><\/div>\n\n\n\n<figure><iframe loading=\"lazy\" src=\"https:\/\/player.vimeo.com\/video\/399919413?title=0&amp;byline=0&amp;portrait=0\" width=\"100%\" height=\"360\" allowfullscreen=\"\" style=\"border: none;\"><\/iframe><\/figure>\n<\/div>\n\n\n\n<div class=\"wp-block-column is-layout-flow wp-block-column-is-layout-flow\">\n<h4 class=\"has-sky-color has-text-color wp-block-heading\">La reconversion ne pourrait pas \u00eatre plus facile<\/h4>\n\n\n\n<p>...en proposant des licences pour chacun de nos parcours d'apprentissage, sur une base individuelle ou avec une s\u00e9lection de type \"choose-and-mix\". Voici comment cela fonctionne :<\/p>\n\n\n\n<p><strong>1. D\u00c9COUVREZ NOS PARCOURS D'APPRENTISSAGE<\/strong><br>Parcourez les parcours d'apprentissage, qu'est-ce qui vous convient, \u00e0 vous ou \u00e0 votre \u00e9quipe ?<\/p>\n\n\n\n<p><strong>2. CHOISIR UN OU PLUSIEURS<\/strong><br>Une ou plusieurs d'entre elles vous semblent int\u00e9ressantes ? Bien !<\/p>\n\n\n\n<p><strong>3. ORGANISER VOTRE ACC\u00c8S<\/strong><br>Contactez-nous pour y acc\u00e9der ! Nous nous ferons un plaisir de vous conseiller sur la meilleure formule - sp\u00e9cialement pour vous.<\/p>\n\n\n\n<div class=\"wp-block-qala-button\"><a class=\"btn btn-sky\" href=\"https:\/\/mercuri.be\/fr\/contact\/\">ACC\u00c9DER MAINTENANT - PRENDRE CONTACT<\/a><\/div>\n\n\n\n<div style=\"height:20px\" aria-hidden=\"true\" class=\"wp-block-spacer\"><\/div>\n\n\n\n<div class=\"wp-block-buttons is-layout-flex wp-block-buttons-is-layout-flex\">\n<div class=\"wp-block-button\"><a class=\"wp-block-button__link has-background has-iron-background-color\" href=\"https:\/\/mercuri.be\/fr\/decouvrez-votre-chemin-vers-le-succes-commercial\/\" style=\"border-radius:50px\">TOUS LES PARCOURS D'APPRENTISSAGE NUM\u00c9RIQUES<\/a><\/div>\n<\/div>\n<\/div>\n<\/div>\n\n\n\n<hr class=\"wp-block-separator\"\/>\n\n\n\n<div class=\"wp-block-group alignwide\"><div class=\"wp-block-group__inner-container is-layout-flow wp-block-group-is-layout-flow\">\n<h3 class=\"wp-block-heading\">Plus d'informations ?<\/h3>\n\n\n\n<p>Quel que soit le d\u00e9fi \u00e0 relever, Mercuri International a un parcours de formation pour vous. D\u00e9couvrez nos autres parcours de formation qui vous permettent de suivre une formation o\u00f9 que vous soyez et quand cela vous convient. Besoin d'une solution sur mesure ? Contactez-nous pour la r\u00e9aliser !<\/p>\n\n\n\n<div class=\"wp-block-qala-button\"><a class=\"btn btn-sky\" href=\"https:\/\/mercuri.be\/fr\/contact\/\">Contactez nous<\/a><\/div>\n<\/div><\/div>\n\n\n\n<p><\/p>","protected":false},"excerpt":{"rendered":"<p>Wilt u uw verkoopprestaties verbeteren? Uw verkoopvaardigheden zijn altijd de basis van elk succesvol verkoopgesprek. Ontdek alle stappen van het<\/p>","protected":false},"author":69,"featured_media":0,"parent":0,"menu_order":0,"comment_status":"closed","ping_status":"closed","template":"","meta":{"_acf_changed":false,"_eb_attr":"","form_id":"","editor_notices":[],"footnotes":""},"class_list":["post-2757","page","type-page","status-publish","hentry"],"acf":[],"yoast_head":"<!-- This site is optimized with the Yoast SEO plugin v26.6 - https:\/\/yoast.com\/wordpress\/plugins\/seo\/ -->\n<title>ESSENTI\u00cbLE VERKOOP VAARDIGHEDEN - Mercuri Belgium<\/title>\n<meta name=\"robots\" content=\"index, follow, max-snippet:-1, max-image-preview:large, max-video-preview:-1\" \/>\n<link rel=\"canonical\" href=\"https:\/\/mercuri.be\/fr\/mi-les-competences-essentielles-en-matiere-de-vente\/\" \/>\n<meta property=\"og:locale\" content=\"fr_FR\" \/>\n<meta property=\"og:type\" content=\"article\" \/>\n<meta property=\"og:title\" content=\"ESSENTI\u00cbLE VERKOOP VAARDIGHEDEN - Mercuri Belgium\" \/>\n<meta property=\"og:description\" content=\"Wilt u uw verkoopprestaties verbeteren? Uw verkoopvaardigheden zijn altijd de basis van elk succesvol verkoopgesprek. Ontdek alle stappen van het\" \/>\n<meta property=\"og:url\" content=\"https:\/\/mercuri.be\/fr\/mi-les-competences-essentielles-en-matiere-de-vente\/\" \/>\n<meta property=\"og:site_name\" content=\"Mercuri Belgium\" \/>\n<meta property=\"article:modified_time\" content=\"2021-03-08T09:47:59+00:00\" \/>\n<meta name=\"twitter:card\" content=\"summary_large_image\" \/>\n<meta name=\"twitter:label1\" content=\"Est. reading time\" \/>\n\t<meta name=\"twitter:data1\" content=\"1 minute\" \/>\n<script type=\"application\/ld+json\" class=\"yoast-schema-graph\">{\"@context\":\"https:\/\/schema.org\",\"@graph\":[{\"@type\":\"WebPage\",\"@id\":\"https:\/\/mercuri.be\/mi-essential-selling-skills\/\",\"url\":\"https:\/\/mercuri.be\/mi-essential-selling-skills\/\",\"name\":\"ESSENTI\u00cbLE VERKOOP VAARDIGHEDEN - Mercuri Belgium\",\"isPartOf\":{\"@id\":\"https:\/\/mercuri.be\/#website\"},\"datePublished\":\"2020-03-23T16:54:32+00:00\",\"dateModified\":\"2021-03-08T09:47:59+00:00\",\"breadcrumb\":{\"@id\":\"https:\/\/mercuri.be\/mi-essential-selling-skills\/#breadcrumb\"},\"inLanguage\":\"fr-BE\",\"potentialAction\":[{\"@type\":\"ReadAction\",\"target\":[\"https:\/\/mercuri.be\/mi-essential-selling-skills\/\"]}]},{\"@type\":\"BreadcrumbList\",\"@id\":\"https:\/\/mercuri.be\/mi-essential-selling-skills\/#breadcrumb\",\"itemListElement\":[{\"@type\":\"ListItem\",\"position\":1,\"name\":\"Home\",\"item\":\"https:\/\/mercuri.be\/\"},{\"@type\":\"ListItem\",\"position\":2,\"name\":\"ESSENTI\u00cbLE VERKOOP VAARDIGHEDEN\"}]},{\"@type\":\"WebSite\",\"@id\":\"https:\/\/mercuri.be\/#website\",\"url\":\"https:\/\/mercuri.be\/\",\"name\":\"Mercuri Belgium\",\"description\":\"Mercuri International Belgium site\",\"potentialAction\":[{\"@type\":\"SearchAction\",\"target\":{\"@type\":\"EntryPoint\",\"urlTemplate\":\"https:\/\/mercuri.be\/?s={search_term_string}\"},\"query-input\":{\"@type\":\"PropertyValueSpecification\",\"valueRequired\":true,\"valueName\":\"search_term_string\"}}],\"inLanguage\":\"fr-BE\"}]}<\/script>\n<!-- \/ Yoast SEO plugin. -->","yoast_head_json":{"title":"ESSENTI\u00cbLE VERKOOP VAARDIGHEDEN - Mercuri Belgium","robots":{"index":"index","follow":"follow","max-snippet":"max-snippet:-1","max-image-preview":"max-image-preview:large","max-video-preview":"max-video-preview:-1"},"canonical":"https:\/\/mercuri.be\/fr\/mi-les-competences-essentielles-en-matiere-de-vente\/","og_locale":"fr_FR","og_type":"article","og_title":"ESSENTI\u00cbLE VERKOOP VAARDIGHEDEN - Mercuri Belgium","og_description":"Wilt u uw verkoopprestaties verbeteren? Uw verkoopvaardigheden zijn altijd de basis van elk succesvol verkoopgesprek. Ontdek alle stappen van het","og_url":"https:\/\/mercuri.be\/fr\/mi-les-competences-essentielles-en-matiere-de-vente\/","og_site_name":"Mercuri Belgium","article_modified_time":"2021-03-08T09:47:59+00:00","twitter_card":"summary_large_image","twitter_misc":{"Est. reading time":"1 minute"},"schema":{"@context":"https:\/\/schema.org","@graph":[{"@type":"WebPage","@id":"https:\/\/mercuri.be\/mi-essential-selling-skills\/","url":"https:\/\/mercuri.be\/mi-essential-selling-skills\/","name":"ESSENTI\u00cbLE VERKOOP VAARDIGHEDEN - Mercuri Belgium","isPartOf":{"@id":"https:\/\/mercuri.be\/#website"},"datePublished":"2020-03-23T16:54:32+00:00","dateModified":"2021-03-08T09:47:59+00:00","breadcrumb":{"@id":"https:\/\/mercuri.be\/mi-essential-selling-skills\/#breadcrumb"},"inLanguage":"fr-BE","potentialAction":[{"@type":"ReadAction","target":["https:\/\/mercuri.be\/mi-essential-selling-skills\/"]}]},{"@type":"BreadcrumbList","@id":"https:\/\/mercuri.be\/mi-essential-selling-skills\/#breadcrumb","itemListElement":[{"@type":"ListItem","position":1,"name":"Home","item":"https:\/\/mercuri.be\/"},{"@type":"ListItem","position":2,"name":"ESSENTI\u00cbLE VERKOOP VAARDIGHEDEN"}]},{"@type":"WebSite","@id":"https:\/\/mercuri.be\/#website","url":"https:\/\/mercuri.be\/","name":"Mercuri Belgique","description":"Site de Mercuri International Belgium","potentialAction":[{"@type":"SearchAction","target":{"@type":"EntryPoint","urlTemplate":"https:\/\/mercuri.be\/?s={search_term_string}"},"query-input":{"@type":"PropertyValueSpecification","valueRequired":true,"valueName":"search_term_string"}}],"inLanguage":"fr-BE"}]}},"_links":{"self":[{"href":"https:\/\/mercuri.be\/fr\/wp-json\/wp\/v2\/pages\/2757","targetHints":{"allow":["GET"]}}],"collection":[{"href":"https:\/\/mercuri.be\/fr\/wp-json\/wp\/v2\/pages"}],"about":[{"href":"https:\/\/mercuri.be\/fr\/wp-json\/wp\/v2\/types\/page"}],"author":[{"embeddable":true,"href":"https:\/\/mercuri.be\/fr\/wp-json\/wp\/v2\/users\/69"}],"replies":[{"embeddable":true,"href":"https:\/\/mercuri.be\/fr\/wp-json\/wp\/v2\/comments?post=2757"}],"version-history":[{"count":2,"href":"https:\/\/mercuri.be\/fr\/wp-json\/wp\/v2\/pages\/2757\/revisions"}],"predecessor-version":[{"id":2855,"href":"https:\/\/mercuri.be\/fr\/wp-json\/wp\/v2\/pages\/2757\/revisions\/2855"}],"wp:attachment":[{"href":"https:\/\/mercuri.be\/fr\/wp-json\/wp\/v2\/media?parent=2757"}],"curies":[{"name":"wp","href":"https:\/\/api.w.org\/{rel}","templated":true}]}}