{"id":2753,"date":"2020-03-23T16:53:36","date_gmt":"2020-03-23T16:53:36","guid":{"rendered":"https:\/\/mercuri.be\/?page_id=2753"},"modified":"2021-03-08T09:50:02","modified_gmt":"2021-03-08T09:50:02","slug":"comment-devenir-un-meilleur-negociateur","status":"publish","type":"page","link":"https:\/\/mercuri.be\/fr\/comment-devenir-un-meilleur-negociateur\/","title":{"rendered":"MIEUX N\u00c9GOCIER"},"content":{"rendered":"<div class=\"wp-block-columns alignwide is-layout-flex wp-container-core-columns-is-layout-9d6595d7 wp-block-columns-is-layout-flex\">\n<div class=\"wp-block-column is-layout-flow wp-block-column-is-layout-flow\">\n<h3 class=\"wp-block-heading\">Quelles sont les caract\u00e9ristiques d'un bon n\u00e9gociateur ?<\/h3>\n\n\n\n<p>Ce parcours d'apprentissage vous donnera les r\u00e9ponses et bien plus encore. Am\u00e9liorez vos comp\u00e9tences en mati\u00e8re de n\u00e9gociation en comprenant les diff\u00e9rentes \u00e9tapes d'un processus de n\u00e9gociation et comment les g\u00e9rer. D\u00e9couvrez ce parcours d'apprentissage interactif pour g\u00e9rer efficacement l'ensemble du processus de n\u00e9gociation. Regardez la vid\u00e9o ou lisez la fiche produit pour plus d'informations.<\/p>\n\n\n\n<div class=\"wp-block-qala-button\"><a class=\"btn btn-berry\" href=\"https:\/\/mercuri.be\/wp-content\/uploads\/2021\/01\/how-to-become-a-better-negotiator.pdf\">EN SAVOIR PLUS SUR LE PARCOURS DE FORMATION<\/a><\/div>\n\n\n\n<div style=\"height:20px\" aria-hidden=\"true\" class=\"wp-block-spacer\"><\/div>\n\n\n\n<figure><iframe loading=\"lazy\" src=\"https:\/\/player.vimeo.com\/video\/399917703?title=0&amp;byline=0&amp;portrait=0\" width=\"100%\" height=\"360\" allowfullscreen=\"\" style=\"border: none;\"><\/iframe><\/figure>\n\n\n\n<p><\/p>\n<\/div>\n\n\n\n<div class=\"wp-block-column is-layout-flow wp-block-column-is-layout-flow\">\n<h4 class=\"has-sky-color has-text-color wp-block-heading\">La reconversion ne pourrait pas \u00eatre plus facile<\/h4>\n\n\n\n<p>...en proposant des licences pour chacun de nos parcours d'apprentissage, sur une base individuelle ou avec une s\u00e9lection de type \"choose-and-mix\". Voici comment cela fonctionne :<\/p>\n\n\n\n<p><strong>1. D\u00c9COUVREZ NOS PARCOURS D'APPRENTISSAGE<\/strong><br>Parcourez les parcours d'apprentissage, qu'est-ce qui vous convient, \u00e0 vous ou \u00e0 votre \u00e9quipe ?<\/p>\n\n\n\n<p><strong>2. CHOISIR UN OU PLUSIEURS<\/strong><br>Une ou plusieurs d'entre elles vous semblent int\u00e9ressantes ? Bien !<\/p>\n\n\n\n<p><strong>3. ORGANISER VOTRE ACC\u00c8S<\/strong><br>Contactez-nous pour y acc\u00e9der ! Nous nous ferons un plaisir de vous conseiller sur la meilleure formule - sp\u00e9cialement pour vous.<\/p>\n\n\n\n<div class=\"wp-block-qala-button\"><a class=\"btn btn-sky\" href=\"https:\/\/mercuri.be\/fr\/contact\/\">ACC\u00c9DER MAINTENANT - PRENDRE CONTACT<\/a><\/div>\n\n\n\n<div style=\"height:20px\" aria-hidden=\"true\" class=\"wp-block-spacer\"><\/div>\n\n\n\n<div class=\"wp-block-buttons is-layout-flex wp-block-buttons-is-layout-flex\">\n<div class=\"wp-block-button\"><a class=\"wp-block-button__link has-background has-iron-background-color\" href=\"https:\/\/mercuri.be\/fr\/decouvrez-votre-chemin-vers-le-succes-commercial\/\" style=\"border-radius:50px\">TOUS LES PARCOURS D'APPRENTISSAGE NUM\u00c9RIQUES<\/a><\/div>\n<\/div>\n<\/div>\n<\/div>\n\n\n\n<div class=\"wp-block-group alignwide\"><div class=\"wp-block-group__inner-container is-layout-flow wp-block-group-is-layout-flow\">\n<h3 class=\"wp-block-heading\">Plus d'informations ?<\/h3>\n\n\n\n<p>Quel que soit le d\u00e9fi \u00e0 relever, Mercuri International a un parcours de formation pour vous. D\u00e9couvrez nos autres parcours de formation qui vous permettent de suivre une formation o\u00f9 que vous soyez et quand cela vous convient. Besoin d'une solution sur mesure ? Contactez-nous pour la r\u00e9aliser !<\/p>\n\n\n\n<div class=\"wp-block-qala-button\"><a class=\"btn btn-sky\" href=\"https:\/\/mercuri.be\/fr\/contact\/\">CONTACTEZ-NOUS<\/a><\/div>\n<\/div><\/div>","protected":false},"excerpt":{"rendered":"<p>Wat zijn de eigenschappen van een goede onderhandelaar? Dit leertraject geeft u de antwoorden en nog veel meer. Verbeter uw<\/p>","protected":false},"author":69,"featured_media":0,"parent":0,"menu_order":0,"comment_status":"closed","ping_status":"closed","template":"","meta":{"_acf_changed":false,"_eb_attr":"","form_id":"","editor_notices":[],"footnotes":""},"class_list":["post-2753","page","type-page","status-publish","hentry"],"acf":[],"yoast_head":"<!-- This site is optimized with the Yoast SEO plugin v26.6 - https:\/\/yoast.com\/wordpress\/plugins\/seo\/ -->\n<title>BETER ONDERHANDELEN - Mercuri Belgium<\/title>\n<meta name=\"robots\" content=\"index, follow, max-snippet:-1, max-image-preview:large, max-video-preview:-1\" \/>\n<link rel=\"canonical\" href=\"https:\/\/mercuri.be\/fr\/comment-devenir-un-meilleur-negociateur\/\" \/>\n<meta property=\"og:locale\" content=\"fr_FR\" \/>\n<meta property=\"og:type\" content=\"article\" \/>\n<meta property=\"og:title\" content=\"BETER ONDERHANDELEN - Mercuri Belgium\" \/>\n<meta property=\"og:description\" content=\"Wat zijn de eigenschappen van een goede onderhandelaar? Dit leertraject geeft u de antwoorden en nog veel meer. Verbeter uw\" \/>\n<meta property=\"og:url\" content=\"https:\/\/mercuri.be\/fr\/comment-devenir-un-meilleur-negociateur\/\" \/>\n<meta property=\"og:site_name\" content=\"Mercuri Belgium\" \/>\n<meta property=\"article:modified_time\" content=\"2021-03-08T09:50:02+00:00\" \/>\n<meta name=\"twitter:card\" content=\"summary_large_image\" \/>\n<meta name=\"twitter:label1\" content=\"Est. reading time\" \/>\n\t<meta name=\"twitter:data1\" content=\"1 minute\" \/>\n<script type=\"application\/ld+json\" class=\"yoast-schema-graph\">{\"@context\":\"https:\/\/schema.org\",\"@graph\":[{\"@type\":\"WebPage\",\"@id\":\"https:\/\/mercuri.be\/how-to-become-a-better-negotiator\/\",\"url\":\"https:\/\/mercuri.be\/how-to-become-a-better-negotiator\/\",\"name\":\"BETER ONDERHANDELEN - Mercuri Belgium\",\"isPartOf\":{\"@id\":\"https:\/\/mercuri.be\/#website\"},\"datePublished\":\"2020-03-23T16:53:36+00:00\",\"dateModified\":\"2021-03-08T09:50:02+00:00\",\"breadcrumb\":{\"@id\":\"https:\/\/mercuri.be\/how-to-become-a-better-negotiator\/#breadcrumb\"},\"inLanguage\":\"fr-BE\",\"potentialAction\":[{\"@type\":\"ReadAction\",\"target\":[\"https:\/\/mercuri.be\/how-to-become-a-better-negotiator\/\"]}]},{\"@type\":\"BreadcrumbList\",\"@id\":\"https:\/\/mercuri.be\/how-to-become-a-better-negotiator\/#breadcrumb\",\"itemListElement\":[{\"@type\":\"ListItem\",\"position\":1,\"name\":\"Home\",\"item\":\"https:\/\/mercuri.be\/\"},{\"@type\":\"ListItem\",\"position\":2,\"name\":\"BETER ONDERHANDELEN\"}]},{\"@type\":\"WebSite\",\"@id\":\"https:\/\/mercuri.be\/#website\",\"url\":\"https:\/\/mercuri.be\/\",\"name\":\"Mercuri Belgium\",\"description\":\"Mercuri International Belgium site\",\"potentialAction\":[{\"@type\":\"SearchAction\",\"target\":{\"@type\":\"EntryPoint\",\"urlTemplate\":\"https:\/\/mercuri.be\/?s={search_term_string}\"},\"query-input\":{\"@type\":\"PropertyValueSpecification\",\"valueRequired\":true,\"valueName\":\"search_term_string\"}}],\"inLanguage\":\"fr-BE\"}]}<\/script>\n<!-- \/ Yoast SEO plugin. -->","yoast_head_json":{"title":"BETER ONDERHANDELEN - Mercuri Belgium","robots":{"index":"index","follow":"follow","max-snippet":"max-snippet:-1","max-image-preview":"max-image-preview:large","max-video-preview":"max-video-preview:-1"},"canonical":"https:\/\/mercuri.be\/fr\/comment-devenir-un-meilleur-negociateur\/","og_locale":"fr_FR","og_type":"article","og_title":"BETER ONDERHANDELEN - Mercuri Belgium","og_description":"Wat zijn de eigenschappen van een goede onderhandelaar? Dit leertraject geeft u de antwoorden en nog veel meer. Verbeter uw","og_url":"https:\/\/mercuri.be\/fr\/comment-devenir-un-meilleur-negociateur\/","og_site_name":"Mercuri Belgium","article_modified_time":"2021-03-08T09:50:02+00:00","twitter_card":"summary_large_image","twitter_misc":{"Est. reading time":"1 minute"},"schema":{"@context":"https:\/\/schema.org","@graph":[{"@type":"WebPage","@id":"https:\/\/mercuri.be\/how-to-become-a-better-negotiator\/","url":"https:\/\/mercuri.be\/how-to-become-a-better-negotiator\/","name":"BETER ONDERHANDELEN - Mercuri Belgium","isPartOf":{"@id":"https:\/\/mercuri.be\/#website"},"datePublished":"2020-03-23T16:53:36+00:00","dateModified":"2021-03-08T09:50:02+00:00","breadcrumb":{"@id":"https:\/\/mercuri.be\/how-to-become-a-better-negotiator\/#breadcrumb"},"inLanguage":"fr-BE","potentialAction":[{"@type":"ReadAction","target":["https:\/\/mercuri.be\/how-to-become-a-better-negotiator\/"]}]},{"@type":"BreadcrumbList","@id":"https:\/\/mercuri.be\/how-to-become-a-better-negotiator\/#breadcrumb","itemListElement":[{"@type":"ListItem","position":1,"name":"Home","item":"https:\/\/mercuri.be\/"},{"@type":"ListItem","position":2,"name":"BETER ONDERHANDELEN"}]},{"@type":"WebSite","@id":"https:\/\/mercuri.be\/#website","url":"https:\/\/mercuri.be\/","name":"Mercuri Belgique","description":"Site de Mercuri International Belgium","potentialAction":[{"@type":"SearchAction","target":{"@type":"EntryPoint","urlTemplate":"https:\/\/mercuri.be\/?s={search_term_string}"},"query-input":{"@type":"PropertyValueSpecification","valueRequired":true,"valueName":"search_term_string"}}],"inLanguage":"fr-BE"}]}},"_links":{"self":[{"href":"https:\/\/mercuri.be\/fr\/wp-json\/wp\/v2\/pages\/2753","targetHints":{"allow":["GET"]}}],"collection":[{"href":"https:\/\/mercuri.be\/fr\/wp-json\/wp\/v2\/pages"}],"about":[{"href":"https:\/\/mercuri.be\/fr\/wp-json\/wp\/v2\/types\/page"}],"author":[{"embeddable":true,"href":"https:\/\/mercuri.be\/fr\/wp-json\/wp\/v2\/users\/69"}],"replies":[{"embeddable":true,"href":"https:\/\/mercuri.be\/fr\/wp-json\/wp\/v2\/comments?post=2753"}],"version-history":[{"count":3,"href":"https:\/\/mercuri.be\/fr\/wp-json\/wp\/v2\/pages\/2753\/revisions"}],"predecessor-version":[{"id":2856,"href":"https:\/\/mercuri.be\/fr\/wp-json\/wp\/v2\/pages\/2753\/revisions\/2856"}],"wp:attachment":[{"href":"https:\/\/mercuri.be\/fr\/wp-json\/wp\/v2\/media?parent=2753"}],"curies":[{"name":"wp","href":"https:\/\/api.w.org\/{rel}","templated":true}]}}