{"id":2750,"date":"2020-12-09T15:47:42","date_gmt":"2020-12-09T15:47:42","guid":{"rendered":"https:\/\/mercuri.be\/?page_id=2750"},"modified":"2021-03-02T10:44:39","modified_gmt":"2021-03-02T10:44:39","slug":"possibilite-de-commander-o2o","status":"publish","type":"page","link":"https:\/\/mercuri.be\/fr\/possibilite-de-commander-o2o\/","title":{"rendered":"Opportunit\u00e9 de commande - O2O"},"content":{"rendered":"<div class=\"wp-block-group alignwide\"><div class=\"wp-block-group__inner-container is-layout-flow wp-block-group-is-layout-flow\">\n<div class=\"wp-block-columns is-layout-flex wp-container-core-columns-is-layout-9d6595d7 wp-block-columns-is-layout-flex\">\n<div class=\"wp-block-column is-layout-flow wp-block-column-is-layout-flow\">\n<h3 class=\"wp-block-heading\">Transformer une opportunit\u00e9 en commande<\/h3>\n\n\n\n<p class=\"has-normal-font-size\">En tant que vendeur, vous pouvez \u00eatre confront\u00e9 \u00e0 plusieurs opportunit\u00e9s. Cependant, toutes les opportunit\u00e9s ne se valent pas et il est essentiel d'apprendre \u00e0 les distinguer.<\/p>\n\n\n\n<p>Nous savons \u00e0 quel point il peut \u00eatre difficile d'identifier vos opportunit\u00e9s et d'analyser de mani\u00e8re r\u00e9aliste la meilleure fa\u00e7on de proc\u00e9der. C'est pourquoi Opportunity to Order vous aide \u00e0 analyser et \u00e0 g\u00e9rer une opportunit\u00e9 et \u00e0 la transformer en une vente r\u00e9ussie !<\/p>\n\n\n\n<div class=\"wp-block-qala-button\"><a class=\"btn btn-berry\" href=\"https:\/\/mercuri.be\/wp-content\/uploads\/2021\/01\/opportunity-to-order.pdf\">EN SAVOIR PLUS SUR LE PARCOURS DE FORMATION <\/a><\/div>\n<\/div>\n\n\n\n<div class=\"wp-block-column is-layout-flow wp-block-column-is-layout-flow\">\n<h4 class=\"has-sky-color has-text-color wp-block-heading\">La reconversion ne pourrait pas \u00eatre plus facile<\/h4>\n\n\n\n<p>...en proposant des licences pour chacun de nos parcours d'apprentissage, sur une base individuelle ou avec une s\u00e9lection de type \"choose-and-mix\". Voici comment cela fonctionne :<\/p>\n\n\n\n<p><strong>1. D\u00c9COUVREZ NOS PARCOURS D'APPRENTISSAGE<\/strong><br>Parcourez les parcours d'apprentissage, qu'est-ce qui vous convient, \u00e0 vous ou \u00e0 votre \u00e9quipe ?<\/p>\n\n\n\n<p><strong>2. CHOISIR UN OU PLUSIEURS<\/strong><br>Une ou plusieurs d'entre elles vous semblent int\u00e9ressantes ? Bien !<\/p>\n\n\n\n<p><strong>3. ORGANISER VOTRE ACC\u00c8S<\/strong><br>Contactez-nous pour y acc\u00e9der ! Nous nous ferons un plaisir de vous conseiller sur la meilleure formule - sp\u00e9cialement pour vous.<\/p>\n\n\n\n<div class=\"wp-block-qala-button\"><a class=\"btn btn-sky\" href=\"https:\/\/mercuri.be\/fr\/contact\/\">ACC\u00c9DER MAINTENANT - PRENDRE CONTACT<\/a><\/div>\n\n\n\n<div style=\"height:20px\" aria-hidden=\"true\" class=\"wp-block-spacer\"><\/div>\n\n\n\n<div class=\"wp-block-buttons is-layout-flex wp-block-buttons-is-layout-flex\">\n<div class=\"wp-block-button\"><a class=\"wp-block-button__link has-background has-iron-background-color\" href=\"https:\/\/mercuri.be\/fr\/decouvrez-votre-chemin-vers-le-succes-commercial\/\" style=\"border-radius:50px\">tous les parcours d'apprentissage num\u00e9riques<\/a><\/div>\n<\/div>\n<\/div>\n<\/div>\n<\/div><\/div>\n\n\n\n<div class=\"wp-block-group alignwide\"><div class=\"wp-block-group__inner-container is-layout-flow wp-block-group-is-layout-flow\">\n<div class=\"wp-block-group alignwide is-layout-flow wp-block-group-is-layout-flow\"><div class=\"wp-block-group__inner-container\"><\/div><\/div>\n<\/div><\/div>\n\n\n\n<div class=\"wp-block-group\"><div class=\"wp-block-group__inner-container is-layout-flow wp-block-group-is-layout-flow\">\n<div class=\"wp-block-group\"><div class=\"wp-block-group__inner-container is-layout-flow wp-block-group-is-layout-flow\">\n<div class=\"wp-block-group\"><div class=\"wp-block-group__inner-container is-layout-flow wp-block-group-is-layout-flow\">\n<div class=\"wp-block-group\"><div class=\"wp-block-group__inner-container is-layout-flow wp-block-group-is-layout-flow\">\n<div style=\"height:20px\" aria-hidden=\"true\" class=\"wp-block-spacer\"><\/div>\n<\/div><\/div>\n<\/div><\/div>\n<\/div><\/div>\n<\/div><\/div>\n\n\n\n<div class=\"wp-block-group alignwide\"><div class=\"wp-block-group__inner-container is-layout-flow wp-block-group-is-layout-flow\">\n<hr class=\"wp-block-separator has-text-color has-background has-iron-background-color has-iron-color\"\/>\n<\/div><\/div>\n\n\n\n<div class=\"wp-block-group alignwide\"><div class=\"wp-block-group__inner-container is-layout-flow wp-block-group-is-layout-flow\">\n<div class=\"wp-block-group alignwide is-layout-flow wp-block-group-is-layout-flow\"><div class=\"wp-block-group__inner-container\"><\/div><\/div>\n<\/div><\/div>\n\n\n\n<div class=\"wp-block-media-text alignwide is-stacked-on-mobile\" style=\"grid-template-columns:38% auto\"><figure class=\"wp-block-media-text__media\"><img decoding=\"async\" src=\"https:\/\/mercuri.net\/wp-content\/uploads\/2020\/12\/istock-1205383970_cirkel_-1024x1024.png\" alt=\"\" class=\"wp-image-6377\"\/><\/figure><div class=\"wp-block-media-text__content\">\n<h3 class=\"wp-block-heading\">Aper\u00e7u de la formation<\/h3>\n\n\n\n<p class=\"has-text-color has-navy-color\"><strong>\u00c9VALUER L'OPPORTUNIT\u00c9<\/strong> - Cherchez \u00e0 obtenir des informations compl\u00e8tes sur l'opportunit\u00e9 : existe-t-il un besoin, un budget et une \u00e9ch\u00e9ance ? Les marges et les activit\u00e9s futures sont-elles int\u00e9ressantes ? En bref, voyez-vous une chance de gagner ?<\/p>\n\n\n\n<p class=\"has-text-color has-navy-color\"><strong>STRAT\u00c9GIE DE SOLUTION <\/strong>- Explorez diff\u00e9rentes situations de vente afin de clarifier la place de votre opportunit\u00e9 sp\u00e9cifique. Une fois l'analyse termin\u00e9e, il est possible d'\u00e9laborer des tactiques adapt\u00e9es \u00e0 votre situation. <\/p>\n\n\n\n<p><strong>ALIGNEMENT DES CONTACTS<\/strong> - Cartographier les d\u00e9cideurs en mati\u00e8re d'opportunit\u00e9s. D\u00e9couvrir les diff\u00e9rents types de profils et comment augmenter ou diminuer leur influence dans le processus.<\/p>\n\n\n\n<p><strong>PR\u00c9SENTATION R\u00c9USSIE <\/strong>- Apprenez \u00e0 construire une bonne ouverture et une bonne cl\u00f4ture et \u00e0 inclure tous les \u00e9l\u00e9ments pertinents. Enfin, vous pouvez vous adapter \u00e0 la situation de vente dans laquelle vous vous trouvez et appliquer les bonnes tactiques.<\/p>\n\n\n\n<div style=\"height:20px\" aria-hidden=\"true\" class=\"wp-block-spacer\"><\/div>\n\n\n\n<div class=\"wp-block-qala-button\"><a class=\"btn btn-sky\" href=\"https:\/\/mercuri.be\/fr\/contact\/\">Pour plus d'informations, n'h\u00e9sitez pas \u00e0 nous contacter !<\/a><\/div>\n\n\n\n<p><\/p>\n<\/div><\/div>","protected":false},"excerpt":{"rendered":"<p>Verander een opportuniteit in een order Als verkoper hebt u misschien verschillende mogelijkheden om te overwegen. Niet alle kansen zijn<\/p>","protected":false},"author":69,"featured_media":0,"parent":0,"menu_order":0,"comment_status":"closed","ping_status":"closed","template":"","meta":{"_acf_changed":false,"_eb_attr":"","form_id":"","editor_notices":[],"footnotes":""},"class_list":["post-2750","page","type-page","status-publish","hentry"],"acf":[],"yoast_head":"<!-- This site is optimized with the Yoast SEO plugin v26.6 - https:\/\/yoast.com\/wordpress\/plugins\/seo\/ -->\n<title>Opportunity to Order - O2O - Mercuri Belgium<\/title>\n<meta name=\"robots\" content=\"index, follow, max-snippet:-1, max-image-preview:large, max-video-preview:-1\" \/>\n<link rel=\"canonical\" href=\"https:\/\/mercuri.be\/fr\/possibilite-de-commander-o2o\/\" \/>\n<meta property=\"og:locale\" content=\"fr_FR\" \/>\n<meta property=\"og:type\" content=\"article\" \/>\n<meta property=\"og:title\" content=\"Opportunity to Order - O2O - Mercuri Belgium\" \/>\n<meta property=\"og:description\" content=\"Verander een opportuniteit in een order Als verkoper hebt u misschien verschillende mogelijkheden om te overwegen. Niet alle kansen zijn\" \/>\n<meta property=\"og:url\" content=\"https:\/\/mercuri.be\/fr\/possibilite-de-commander-o2o\/\" \/>\n<meta property=\"og:site_name\" content=\"Mercuri Belgium\" \/>\n<meta property=\"article:modified_time\" content=\"2021-03-02T10:44:39+00:00\" \/>\n<meta property=\"og:image\" content=\"https:\/\/mercuri.net\/wp-content\/uploads\/2020\/12\/istock-1205383970_cirkel_-1024x1024.png\" \/>\n<meta name=\"twitter:card\" content=\"summary_large_image\" \/>\n<meta name=\"twitter:label1\" content=\"Est. reading time\" \/>\n\t<meta name=\"twitter:data1\" content=\"2 minutes\" \/>\n<script type=\"application\/ld+json\" class=\"yoast-schema-graph\">{\"@context\":\"https:\/\/schema.org\",\"@graph\":[{\"@type\":\"WebPage\",\"@id\":\"https:\/\/mercuri.be\/opportunity-to-order-o2o\/\",\"url\":\"https:\/\/mercuri.be\/opportunity-to-order-o2o\/\",\"name\":\"Opportunity to Order - O2O - Mercuri Belgium\",\"isPartOf\":{\"@id\":\"https:\/\/mercuri.be\/#website\"},\"primaryImageOfPage\":{\"@id\":\"https:\/\/mercuri.be\/opportunity-to-order-o2o\/#primaryimage\"},\"image\":{\"@id\":\"https:\/\/mercuri.be\/opportunity-to-order-o2o\/#primaryimage\"},\"thumbnailUrl\":\"https:\/\/mercuri.net\/wp-content\/uploads\/2020\/12\/istock-1205383970_cirkel_-1024x1024.png\",\"datePublished\":\"2020-12-09T15:47:42+00:00\",\"dateModified\":\"2021-03-02T10:44:39+00:00\",\"breadcrumb\":{\"@id\":\"https:\/\/mercuri.be\/opportunity-to-order-o2o\/#breadcrumb\"},\"inLanguage\":\"fr-BE\",\"potentialAction\":[{\"@type\":\"ReadAction\",\"target\":[\"https:\/\/mercuri.be\/opportunity-to-order-o2o\/\"]}]},{\"@type\":\"ImageObject\",\"inLanguage\":\"fr-BE\",\"@id\":\"https:\/\/mercuri.be\/opportunity-to-order-o2o\/#primaryimage\",\"url\":\"https:\/\/mercuri.net\/wp-content\/uploads\/2020\/12\/istock-1205383970_cirkel_-1024x1024.png\",\"contentUrl\":\"https:\/\/mercuri.net\/wp-content\/uploads\/2020\/12\/istock-1205383970_cirkel_-1024x1024.png\"},{\"@type\":\"BreadcrumbList\",\"@id\":\"https:\/\/mercuri.be\/opportunity-to-order-o2o\/#breadcrumb\",\"itemListElement\":[{\"@type\":\"ListItem\",\"position\":1,\"name\":\"Home\",\"item\":\"https:\/\/mercuri.be\/\"},{\"@type\":\"ListItem\",\"position\":2,\"name\":\"Opportunity to Order &#8211; O2O\"}]},{\"@type\":\"WebSite\",\"@id\":\"https:\/\/mercuri.be\/#website\",\"url\":\"https:\/\/mercuri.be\/\",\"name\":\"Mercuri Belgium\",\"description\":\"Mercuri International Belgium site\",\"potentialAction\":[{\"@type\":\"SearchAction\",\"target\":{\"@type\":\"EntryPoint\",\"urlTemplate\":\"https:\/\/mercuri.be\/?s={search_term_string}\"},\"query-input\":{\"@type\":\"PropertyValueSpecification\",\"valueRequired\":true,\"valueName\":\"search_term_string\"}}],\"inLanguage\":\"fr-BE\"}]}<\/script>\n<!-- \/ Yoast SEO plugin. -->","yoast_head_json":{"title":"Opportunity to Order - O2O - Mercuri Belgium","robots":{"index":"index","follow":"follow","max-snippet":"max-snippet:-1","max-image-preview":"max-image-preview:large","max-video-preview":"max-video-preview:-1"},"canonical":"https:\/\/mercuri.be\/fr\/possibilite-de-commander-o2o\/","og_locale":"fr_FR","og_type":"article","og_title":"Opportunity to Order - O2O - Mercuri Belgium","og_description":"Verander een opportuniteit in een order Als verkoper hebt u misschien verschillende mogelijkheden om te overwegen. Niet alle kansen zijn","og_url":"https:\/\/mercuri.be\/fr\/possibilite-de-commander-o2o\/","og_site_name":"Mercuri Belgium","article_modified_time":"2021-03-02T10:44:39+00:00","og_image":[{"url":"https:\/\/mercuri.net\/wp-content\/uploads\/2020\/12\/istock-1205383970_cirkel_-1024x1024.png","type":"","width":"","height":""}],"twitter_card":"summary_large_image","twitter_misc":{"Est. reading time":"2 minutes"},"schema":{"@context":"https:\/\/schema.org","@graph":[{"@type":"WebPage","@id":"https:\/\/mercuri.be\/opportunity-to-order-o2o\/","url":"https:\/\/mercuri.be\/opportunity-to-order-o2o\/","name":"Opportunity to Order - O2O - Mercuri Belgium","isPartOf":{"@id":"https:\/\/mercuri.be\/#website"},"primaryImageOfPage":{"@id":"https:\/\/mercuri.be\/opportunity-to-order-o2o\/#primaryimage"},"image":{"@id":"https:\/\/mercuri.be\/opportunity-to-order-o2o\/#primaryimage"},"thumbnailUrl":"https:\/\/mercuri.net\/wp-content\/uploads\/2020\/12\/istock-1205383970_cirkel_-1024x1024.png","datePublished":"2020-12-09T15:47:42+00:00","dateModified":"2021-03-02T10:44:39+00:00","breadcrumb":{"@id":"https:\/\/mercuri.be\/opportunity-to-order-o2o\/#breadcrumb"},"inLanguage":"fr-BE","potentialAction":[{"@type":"ReadAction","target":["https:\/\/mercuri.be\/opportunity-to-order-o2o\/"]}]},{"@type":"ImageObject","inLanguage":"fr-BE","@id":"https:\/\/mercuri.be\/opportunity-to-order-o2o\/#primaryimage","url":"https:\/\/mercuri.net\/wp-content\/uploads\/2020\/12\/istock-1205383970_cirkel_-1024x1024.png","contentUrl":"https:\/\/mercuri.net\/wp-content\/uploads\/2020\/12\/istock-1205383970_cirkel_-1024x1024.png"},{"@type":"BreadcrumbList","@id":"https:\/\/mercuri.be\/opportunity-to-order-o2o\/#breadcrumb","itemListElement":[{"@type":"ListItem","position":1,"name":"Home","item":"https:\/\/mercuri.be\/"},{"@type":"ListItem","position":2,"name":"Opportunity to Order &#8211; O2O"}]},{"@type":"WebSite","@id":"https:\/\/mercuri.be\/#website","url":"https:\/\/mercuri.be\/","name":"Mercuri Belgique","description":"Site de Mercuri International Belgium","potentialAction":[{"@type":"SearchAction","target":{"@type":"EntryPoint","urlTemplate":"https:\/\/mercuri.be\/?s={search_term_string}"},"query-input":{"@type":"PropertyValueSpecification","valueRequired":true,"valueName":"search_term_string"}}],"inLanguage":"fr-BE"}]}},"_links":{"self":[{"href":"https:\/\/mercuri.be\/fr\/wp-json\/wp\/v2\/pages\/2750","targetHints":{"allow":["GET"]}}],"collection":[{"href":"https:\/\/mercuri.be\/fr\/wp-json\/wp\/v2\/pages"}],"about":[{"href":"https:\/\/mercuri.be\/fr\/wp-json\/wp\/v2\/types\/page"}],"author":[{"embeddable":true,"href":"https:\/\/mercuri.be\/fr\/wp-json\/wp\/v2\/users\/69"}],"replies":[{"embeddable":true,"href":"https:\/\/mercuri.be\/fr\/wp-json\/wp\/v2\/comments?post=2750"}],"version-history":[{"count":2,"href":"https:\/\/mercuri.be\/fr\/wp-json\/wp\/v2\/pages\/2750\/revisions"}],"predecessor-version":[{"id":2836,"href":"https:\/\/mercuri.be\/fr\/wp-json\/wp\/v2\/pages\/2750\/revisions\/2836"}],"wp:attachment":[{"href":"https:\/\/mercuri.be\/fr\/wp-json\/wp\/v2\/media?parent=2750"}],"curies":[{"name":"wp","href":"https:\/\/api.w.org\/{rel}","templated":true}]}}