{"id":2747,"date":"2021-01-12T15:11:42","date_gmt":"2021-01-12T15:11:42","guid":{"rendered":"https:\/\/mercuri.be\/?page_id=2747"},"modified":"2021-03-08T09:46:44","modified_gmt":"2021-03-08T09:46:44","slug":"decouvrez-votre-chemin-vers-le-succes-commercial","status":"publish","type":"page","link":"https:\/\/mercuri.be\/fr\/decouvrez-votre-chemin-vers-le-succes-commercial\/","title":{"rendered":"D\u00e9couvrez votre chemin vers le succ\u00e8s commercial"},"content":{"rendered":"<div class=\"wp-block-group alignwide\"><div class=\"wp-block-group__inner-container is-layout-flow wp-block-group-is-layout-flow\">\n<h3 class=\"has-text-align-center wp-block-heading\">Les parcours d'apprentissage de Mercuri International<\/h3>\n\n\n\n<p class=\"has-text-align-center has-medium-font-size\">Quel que soit le d\u00e9fi \u00e0 relever, Mercuri International a un parcours d'apprentissage pour vous. Aujourd'hui plus que jamais, il est temps d'am\u00e9liorer les comp\u00e9tences des \u00e9quipes de vente afin qu'elles puissent s'engager efficacement aupr\u00e8s des clients. Mercuri International dispose d\u00e9sormais d'une gamme compl\u00e8te de parcours de formation pour doter le personnel des comp\u00e9tences n\u00e9cessaires pour atteindre l'excellence en mati\u00e8re de vente.<\/p>\n\n\n\n<p class=\"has-text-align-center has-medium-font-size\">Notre catalogue de modules num\u00e9riques pr\u00eats \u00e0 l'emploi est le moyen le plus rapide et le plus facile de b\u00e9n\u00e9ficier de la formation commerciale innovante de Mercuri - vos \u00e9quipes peuvent commencer d\u00e8s aujourd'hui \u00e0 se lancer sur la voie de la vente r\u00e9ussie.<\/p>\n\n\n\n<div class=\"wp-block-group alignwide\"><div class=\"wp-block-group__inner-container is-layout-flow wp-block-group-is-layout-flow\">\n<div class=\"wp-block-group is-layout-flow wp-block-group-is-layout-flow\"><div class=\"wp-block-group__inner-container\"><\/div><\/div>\n<\/div><\/div>\n\n\n\n<div style=\"height:20px\" aria-hidden=\"true\" class=\"wp-block-spacer\"><\/div>\n\n\n\n<div class=\"wp-block-columns is-layout-flex wp-container-core-columns-is-layout-9d6595d7 wp-block-columns-is-layout-flex\">\n<div class=\"wp-block-column is-layout-flow wp-block-column-is-layout-flow\">\n<p class=\"has-text-color has-background has-text-align-center has-small-font-size has-white-color has-sky-background-color\"><strong><a href=\"https:\/\/mercuri.be\/fr\/decouvrez-votre-chemin-vers-le-succes-commercial\/#opportunity-to-order\">POSSIBILIT\u00c9 DE COMMANDER<\/a><\/strong><\/p>\n\n\n\n<p class=\"has-text-color has-background has-text-align-center has-small-font-size has-white-color has-sky-background-color\"><strong><a href=\"https:\/\/mercuri.be\/fr\/decouvrez-votre-chemin-vers-le-succes-commercial\/#essential-selling-skills\">COMP\u00c9TENCES ESSENTIELLES EN MATI\u00c8RE DE VENTE<\/a><\/strong><\/p>\n\n\n\n<p><\/p>\n<\/div>\n\n\n\n<div class=\"wp-block-column is-layout-flow wp-block-column-is-layout-flow\">\n<p class=\"has-text-color has-background has-text-align-center has-small-font-size has-white-color has-sky-background-color\"><strong><a href=\"https:\/\/mercuri.be\/fr\/decouvrez-votre-chemin-vers-le-succes-commercial\/#remote-selling\">VENTE VIRTUELLE<\/a><\/strong><\/p>\n\n\n\n<p class=\"has-text-color has-background has-text-align-center has-small-font-size has-white-color has-sky-background-color\"><strong><a href=\"https:\/\/mercuri.be\/fr\/decouvrez-votre-chemin-vers-le-succes-commercial\/#effective-leadership\">UN LEADERSHIP EFFICACE<\/a><\/strong><\/p>\n\n\n\n<p><\/p>\n<\/div>\n\n\n\n<div class=\"wp-block-column is-layout-flow wp-block-column-is-layout-flow\">\n<p class=\"has-text-color has-background has-text-align-center has-small-font-size has-white-color has-sky-background-color\"><strong><a href=\"https:\/\/mercuri.be\/fr\/decouvrez-votre-chemin-vers-le-succes-commercial\/#better-negotiation\">MIEUX N\u00c9GOCIER<\/a><\/strong><\/p>\n<\/div>\n<\/div>\n\n\n\n<hr class=\"wp-block-separator\"\/>\n<\/div><\/div>\n\n\n\n<div class=\"wp-block-group alignwide\"><div class=\"wp-block-group__inner-container is-layout-flow wp-block-group-is-layout-flow\">\n<div class=\"wp-block-columns is-layout-flex wp-container-core-columns-is-layout-9d6595d7 wp-block-columns-is-layout-flex\">\n<div class=\"wp-block-column is-layout-flow wp-block-column-is-layout-flow\" style=\"flex-basis:50%\">\n<h4 class=\"has-sky-color has-text-color wp-block-heading\">Comment am\u00e9liorer les performances de votre \u00e9quipe de vente ?<\/h4>\n\n\n\n<p>Et comment faire en sorte que vos collaborateurs aient envie d'apprendre et que ce qu'ils apprennent soit appliqu\u00e9 par la suite ? Nous vous montrons comment.<\/p>\n\n\n\n<figure class=\"wp-block-embed-youtube wp-block-embed is-type-video is-provider-youtube wp-embed-aspect-16-9 wp-has-aspect-ratio\"><div class=\"wp-block-embed__wrapper\">\n<iframe loading=\"lazy\" title=\"Exp\u00e9rience d&#039;apprentissage hybride de Mercuri International\" width=\"500\" height=\"281\" src=\"https:\/\/www.youtube-nocookie.com\/embed\/Opqua6rvvsE?feature=oembed\" frameborder=\"0\" allow=\"accelerometer; autoplay; clipboard-write; encrypted-media; gyroscope; picture-in-picture; web-share\" referrerpolicy=\"strict-origin-when-cross-origin\" allowfullscreen><\/iframe>\n<\/div><\/figure>\n<\/div>\n\n\n\n<div class=\"wp-block-column is-layout-flow wp-block-column-is-layout-flow\">\n<h4 class=\"has-sky-color has-text-color wp-block-heading\">La reconversion ne pourrait pas \u00eatre plus facile<\/h4>\n\n\n\n<p>...avec des licences pour chacun de nos chemins disponibles \u00e0 l'achat sur une base individuelle ou \u00e0 choisir et \u00e0 m\u00e9langer. Voici comment cela fonctionne :<\/p>\n\n\n\n<div style=\"height:36px\" aria-hidden=\"true\" class=\"wp-block-spacer\"><\/div>\n\n\n\n<p>1. <strong>D\u00c9COUVREZ NOS CHEMINS<\/strong><br>Parcourez les parcours d'apprentissage, qu'est-ce qui vous convient, \u00e0 vous ou \u00e0 votre \u00e9quipe ?<\/p>\n\n\n\n<p><strong>2. CHOISIR UN OU PLUSIEURS<\/strong><br>Vous en avez trouv\u00e9 un ou plusieurs qui vous semblent int\u00e9ressants ? C'est bien !<\/p>\n\n\n\n<p><strong>3. ORGANISER VOTRE ACC\u00c8S<\/strong><br>Contactez-nous pour organiser votre acc\u00e8s ! Nous nous ferons un plaisir de vous conseiller sur la formule la mieux adapt\u00e9e \u00e0 vos besoins.<\/p>\n\n\n\n<div class=\"wp-block-qala-button alignleft\"><a class=\"btn btn-navy\" href=\"https:\/\/mercuri.be\/fr\/contact\/\">OBTENIR L'ACC\u00c8S MAINTENANT - NOUS CONTACTER<\/a><\/div>\n\n\n\n<p><\/p>\n<\/div>\n<\/div>\n<\/div><\/div>\n\n\n\n<hr class=\"wp-block-separator\"\/>\n\n\n\n<div class=\"wp-block-group alignwide\"><div class=\"wp-block-group__inner-container is-layout-flow wp-block-group-is-layout-flow\">\n<h3 class=\"has-sky-color has-text-color has-text-align-center wp-block-heading\">Comment les programmes d'apprentissage Mercuri peuvent-ils vous aider ?<\/h3>\n<\/div><\/div>\n\n\n\n<div class=\"wp-block-group alignwide\"><div class=\"wp-block-group__inner-container is-layout-flow wp-block-group-is-layout-flow\">\n<p class=\"has-text-align-center has-medium-font-size\">Le monde de la vente est en constante \u00e9volution, les d\u00e9veloppements technologiques acc\u00e9l\u00e9rant le rythme du changement et exigeant de nouvelles comp\u00e9tences et techniques. Pour rester comp\u00e9titives, les entreprises doivent s'adapter, devenir plus agiles et doter leur personnel des comp\u00e9tences dont il a besoin pour rester \u00e0 la pointe du progr\u00e8s. Pour ce faire, elles ont besoin d'un partenaire d'un genre particulier.<\/p>\n\n\n\n<p class=\"has-text-align-center has-medium-font-size\">Mercuri International propose des solutions de formation \u00e0 la vente flexibles, pr\u00eates \u00e0 l'emploi ou personnalis\u00e9es. Des formations adapt\u00e9es \u00e0 la pratique qui incitent le personnel \u00e0 apprendre et \u00e0 obtenir davantage.<\/p>\n<\/div><\/div>\n\n\n\n<hr class=\"wp-block-separator\"\/>\n\n\n\n<div class=\"wp-block-media-text alignwide is-stacked-on-mobile is-vertically-aligned-bottom\" style=\"grid-template-columns:30% auto\"><figure class=\"wp-block-media-text__media\"><img decoding=\"async\" src=\"https:\/\/mercuri.net\/wp-content\/uploads\/2021\/01\/effective_leadership_rund-1-1024x1024.jpg\" alt=\"\" class=\"wp-image-6653\"\/><\/figure><div class=\"wp-block-media-text__content\">\n<h4 class=\"has-white-color has-text-color wp-block-heading\" id=\"effective-leadership\">.<\/h4>\n\n\n\n<h4 class=\"has-sky-color has-text-color wp-block-heading\" id=\"effective_leadership\">UN LEADERSHIP EFFICACE<\/h4>\n\n\n\n<p>Garder vos collaborateurs concentr\u00e9s, motiv\u00e9s et heureux au travail contribue \u00e0 une meilleure productivit\u00e9 dans l'ensemble de l'entreprise, en particulier lorsqu'il s'agit de s'adapter aux nouveaux d\u00e9fis du travail \u00e0 distance.<\/p>\n\n\n\n<p class=\"has-medium-font-size\">D\u00e9couvrir :<\/p>\n\n\n\n<ul class=\"wp-block-list\"><li>Comment le leadership adaptatif peut contribuer \u00e0 cr\u00e9er des liens au sein des \u00e9quipes afin d'am\u00e9liorer la productivit\u00e9<\/li><li>Pourquoi l'\u00e9coute active est une comp\u00e9tence professionnelle essentielle<\/li><li>Comment un bon coaching peut motiver les \u00e9quipes \u00e0 atteindre l'excellence dans la vente<\/li><\/ul>\n\n\n\n<div class=\"wp-block-qala-button\"><a class=\"btn btn-sky\" href=\"https:\/\/mercuri.be\/fr\/effective-leadership\/\">En savoir plus<\/a><\/div>\n\n\n\n<p><\/p>\n<\/div><\/div>\n\n\n\n<div class=\"wp-block-media-text alignwide is-stacked-on-mobile is-vertically-aligned-bottom\" style=\"grid-template-columns:31% auto\"><figure class=\"wp-block-media-text__media\"><img decoding=\"async\" src=\"https:\/\/mercuri.net\/wp-content\/uploads\/2021\/01\/remote_selling_rund_space-1-1024x1024.jpg\" alt=\"\" class=\"wp-image-6637\"\/><\/figure><div class=\"wp-block-media-text__content\">\n<h4 class=\"has-white-color has-text-color wp-block-heading\" id=\"remote-selling\">.<\/h4>\n\n\n\n<h4 class=\"has-sky-color has-text-color wp-block-heading\" id=\"remote-selling\">VENTE VIRTUELLE<\/h4>\n\n\n\n<p>Les nouvelles technologies ont consid\u00e9rablement \u00e9largi les possibilit\u00e9s d'interaction avec les clients. Apprenez \u00e0 tirer parti de la vente \u00e0 distance et \u00e0 faire de chaque rendez-vous un succ\u00e8s.<\/p>\n\n\n\n<p class=\"has-medium-font-size\">D\u00e9couvrir :<\/p>\n\n\n\n<ul class=\"wp-block-list\"><li>Les diff\u00e9rentes techniques qui peuvent \u00eatre utilis\u00e9es pour les rendez-vous en face \u00e0 face et les rendez-vous virtuels<\/li><li>Pourquoi la pr\u00e9paration est essentielle pour obtenir de bons r\u00e9sultats<\/li><li>Comment maximiser le potentiel des technologies disponibles<\/li><\/ul>\n\n\n\n<div class=\"wp-block-qala-button\"><a class=\"btn btn-sky\" href=\"https:\/\/mercuri.be\/fr\/vente-a-distance-3\/\">En savoir plus<\/a><\/div>\n\n\n\n<p><\/p>\n<\/div><\/div>\n\n\n\n<div class=\"wp-block-media-text alignwide is-stacked-on-mobile is-vertically-aligned-bottom\" style=\"grid-template-columns:31% auto\"><figure class=\"wp-block-media-text__media\"><img decoding=\"async\" src=\"https:\/\/mercuri.net\/wp-content\/uploads\/2021\/01\/essential_selling_skills_rund-1-1024x1024.jpg\" alt=\"\" class=\"wp-image-6814\"\/><\/figure><div class=\"wp-block-media-text__content\">\n<h4 class=\"has-white-color has-text-color wp-block-heading\" id=\"essential-selling-skills\">.<\/h4>\n\n\n\n<h4 class=\"has-sky-color has-text-color wp-block-heading\" id=\"essential_selling_skills\">COMP\u00c9TENCES ESSENTIELLES EN MATI\u00c8RE DE VENTE<\/h4>\n\n\n\n<p>Les comp\u00e9tences essentielles en mati\u00e8re de vente constituent toujours la base d'un argumentaire de vente r\u00e9ussi. D\u00e9couvrez toutes les \u00e9tapes du processus de vente et obtenez des conseils utiles sur la mani\u00e8re d'appliquer les techniques de vente pertinentes.<\/p>\n\n\n\n<p class=\"has-medium-font-size\">D\u00e9couvrir :<\/p>\n\n\n\n<ul class=\"wp-block-list\"><li>Comment la m\u00e9thode de vente \"DAPA\" peut-elle contribuer \u00e0 un processus de vente r\u00e9ussi ?<\/li><li>Pourquoi la d\u00e9termination des besoins de vos clients peut-elle conduire \u00e0 de meilleurs r\u00e9sultats ?<\/li><li>La meilleure fa\u00e7on de traiter les objections - et de les surmonter - et de conclure l'affaire<\/li><\/ul>\n\n\n\n<div class=\"wp-block-qala-button\"><a class=\"btn btn-sky\" href=\"https:\/\/mercuri.be\/fr\/mi-les-competences-essentielles-en-matiere-de-vente\/\">En savoir plus<\/a><\/div>\n\n\n\n<p><\/p>\n<\/div><\/div>\n\n\n\n<div class=\"wp-block-media-text alignwide is-stacked-on-mobile is-vertically-aligned-bottom\" style=\"grid-template-columns:31% auto\"><figure class=\"wp-block-media-text__media\"><img decoding=\"async\" src=\"https:\/\/mercuri.net\/wp-content\/uploads\/2021\/01\/opportunity_to_order_nr_2_rund-1024x1024.jpg\" alt=\"\" class=\"wp-image-6741\"\/><\/figure><div class=\"wp-block-media-text__content\">\n<h4 class=\"has-white-color has-text-color wp-block-heading\" id=\"opportunity-to-order\">.<\/h4>\n\n\n\n<h4 class=\"has-sky-color has-text-color wp-block-heading\" id=\"opportunity_to_order\">POSSIBILIT\u00c9 DE COMMANDER<\/h4>\n\n\n\n<p>Un vendeur a souvent plusieurs opportunit\u00e9s \u00e0 consid\u00e9rer, mais toutes les pistes ne valent pas la peine d'\u00eatre poursuivies. Ce parcours de formation vous aide \u00e0 analyser les opportunit\u00e9s de mani\u00e8re objective et \u00e0 maximiser la r\u00e9ussite des ventes.<\/p>\n\n\n\n<p class=\"has-medium-font-size\">D\u00e9couvrir :<\/p>\n\n\n\n<ul class=\"wp-block-list\"><li>Comment \u00e9valuer les opportunit\u00e9s d'un point de vue factuel et m\u00e9trique ?<\/li><li>Diff\u00e9rentes situations de vente pour clarifier o\u00f9 se situe votre opportunit\u00e9 sp\u00e9cifique<\/li><li>Cartographier et hi\u00e9rarchiser les d\u00e9cideurs et leur attribuer une valeur dans le processus<\/li><\/ul>\n\n\n\n<div class=\"wp-block-qala-button\"><a class=\"btn btn-sky\" href=\"https:\/\/mercuri.be\/fr\/possibilite-de-commander-o2o\/\">En savoir plus<\/a><\/div>\n\n\n\n<p><\/p>\n<\/div><\/div>\n\n\n\n<div class=\"wp-block-media-text alignwide is-stacked-on-mobile is-vertically-aligned-bottom\" style=\"grid-template-columns:32% auto\"><figure class=\"wp-block-media-text__media\"><img decoding=\"async\" src=\"https:\/\/mercuri.net\/wp-content\/uploads\/2021\/01\/negotiation_rund-1024x1024.jpg\" alt=\"\" class=\"wp-image-6777\"\/><\/figure><div class=\"wp-block-media-text__content\">\n<h4 class=\"has-white-color has-text-color wp-block-heading\" id=\"better-negotiation\">.<\/h4>\n\n\n\n<h4 class=\"has-sky-color has-text-color wp-block-heading\" id=\"better_negotiation\">MIEUX N\u00c9GOCIER<\/h4>\n\n\n\n<p>Am\u00e9liorez vos comp\u00e9tences en mati\u00e8re de n\u00e9gociation en comprenant parfaitement les diff\u00e9rentes \u00e9tapes du processus de n\u00e9gociation et d\u00e9couvrez comment une meilleure technique peut vous donner un avantage concurrentiel.<\/p>\n\n\n\n<p class=\"has-medium-font-size\">D\u00e9couvrir :<\/p>\n\n\n\n<ul class=\"wp-block-list\"><li>La structure du processus de n\u00e9gociation et ses diff\u00e9rentes \u00e9tapes<\/li><li>Comment appliquer les 5 \u00e9tapes du concept de n\u00e9gociation de Harvard ?<\/li><li>Tactiques pour parvenir \u00e0 un accord final mutuellement b\u00e9n\u00e9fique<\/li><\/ul>\n\n\n\n<div class=\"wp-block-qala-button\"><a class=\"btn btn-sky\" href=\"https:\/\/mercuri.be\/fr\/comment-devenir-un-meilleur-negociateur\/\">En savoir plus<\/a><\/div>\n\n\n\n<div style=\"height:41px\" aria-hidden=\"true\" class=\"wp-block-spacer\"><\/div>\n<\/div><\/div>\n\n\n\n<section class=\"wp-block-qala-uniform-image g-uniform-block l-block-padding alignfull\"><div class=\"g-uniform__wrap has-berry-background-color\">\n\n<div class=\"wp-block-qala-media g-uniform__media u-has-image\">\n<img decoding=\"async\" src=\"https:\/\/mercuri.net\/wp-content\/uploads\/2021\/01\/shutterstock_1550086289-scaled.jpg\" alt=\"\" class=\"wp-block-qala-media-upload g-uniform-image\"\/>\n<\/div>\n\n\n\n\n\n<div class=\"wp-block-qala-content g-uniform__content\"><div class=\"g-uniform__caption\">\n<h5 class=\"g-uniform__small-title wp-block-heading\">D\u00c9COUVREZ VOTRE CHEMIN VERS LE SUCC\u00c8S COMMERCIAL<\/h5>\n\n\n\n<h2 class=\"g-uniform__title wp-block-heading\">OBTENEZ L'ACC\u00c8S D\u00c8S MAINTENANT<\/h2>\n\n\n\n<p class=\"g-uniform__text\">Saisissez vos coordonn\u00e9es et nous vous donnerons un acc\u00e8s en fonction de vos besoins.<\/p>\n\n\n\n<p class=\"g-uniform__text\">Vous ne voyez pas exactement ce que vous recherchez ? Pas de souci - Mercuri International dispose d'une s\u00e9rie d'options de personnalisation pour concevoir la formule parfaite - juste pour vous.<\/p>\n\n\n\n<div class=\"wp-block-qala-button is-style-btn-outline\"><a class=\"btn btn-outline-white\" href=\"https:\/\/mercuri.be\/fr\/contact\/\">Prendre contact<\/a><\/div>\n<\/div><\/div>\n\n<\/div><\/section>","protected":false},"excerpt":{"rendered":"<p>Mercuri International&#8217;s leerpaden Wat de uitdaging ook is, Mercuri International heeft een leertraject voor u. Nu meer dan ooit is<\/p>","protected":false},"author":69,"featured_media":0,"parent":0,"menu_order":0,"comment_status":"closed","ping_status":"closed","template":"","meta":{"_acf_changed":false,"_eb_attr":"","form_id":"","editor_notices":[],"footnotes":""},"class_list":["post-2747","page","type-page","status-publish","hentry"],"acf":[],"yoast_head":"<!-- This site is optimized with the Yoast SEO plugin v26.6 - https:\/\/yoast.com\/wordpress\/plugins\/seo\/ -->\n<title>Ontdek uw route naar verkoopsucces - Mercuri Belgium<\/title>\n<meta name=\"robots\" content=\"index, follow, max-snippet:-1, max-image-preview:large, max-video-preview:-1\" \/>\n<link rel=\"canonical\" href=\"https:\/\/mercuri.be\/fr\/decouvrez-votre-chemin-vers-le-succes-commercial\/\" \/>\n<meta property=\"og:locale\" content=\"fr_FR\" \/>\n<meta property=\"og:type\" content=\"article\" \/>\n<meta property=\"og:title\" content=\"Ontdek uw route naar verkoopsucces - Mercuri Belgium\" \/>\n<meta property=\"og:description\" content=\"Mercuri International&#8217;s leerpaden Wat de uitdaging ook is, Mercuri International heeft een leertraject voor u. Nu meer dan ooit is\" \/>\n<meta property=\"og:url\" content=\"https:\/\/mercuri.be\/fr\/decouvrez-votre-chemin-vers-le-succes-commercial\/\" \/>\n<meta property=\"og:site_name\" content=\"Mercuri Belgium\" \/>\n<meta property=\"article:modified_time\" content=\"2021-03-08T09:46:44+00:00\" \/>\n<meta property=\"og:image\" content=\"https:\/\/mercuri.net\/wp-content\/uploads\/2021\/01\/effective_leadership_rund-1-1024x1024.jpg\" \/>\n<meta name=\"twitter:card\" content=\"summary_large_image\" \/>\n<meta name=\"twitter:label1\" content=\"Est. reading time\" \/>\n\t<meta name=\"twitter:data1\" content=\"4 minutes\" \/>\n<script type=\"application\/ld+json\" class=\"yoast-schema-graph\">{\"@context\":\"https:\/\/schema.org\",\"@graph\":[{\"@type\":\"WebPage\",\"@id\":\"https:\/\/mercuri.be\/discover-your-path-to-sales-success\/\",\"url\":\"https:\/\/mercuri.be\/discover-your-path-to-sales-success\/\",\"name\":\"Ontdek uw route naar verkoopsucces - Mercuri Belgium\",\"isPartOf\":{\"@id\":\"https:\/\/mercuri.be\/#website\"},\"primaryImageOfPage\":{\"@id\":\"https:\/\/mercuri.be\/discover-your-path-to-sales-success\/#primaryimage\"},\"image\":{\"@id\":\"https:\/\/mercuri.be\/discover-your-path-to-sales-success\/#primaryimage\"},\"thumbnailUrl\":\"https:\/\/mercuri.net\/wp-content\/uploads\/2021\/01\/effective_leadership_rund-1-1024x1024.jpg\",\"datePublished\":\"2021-01-12T15:11:42+00:00\",\"dateModified\":\"2021-03-08T09:46:44+00:00\",\"breadcrumb\":{\"@id\":\"https:\/\/mercuri.be\/discover-your-path-to-sales-success\/#breadcrumb\"},\"inLanguage\":\"fr-BE\",\"potentialAction\":[{\"@type\":\"ReadAction\",\"target\":[\"https:\/\/mercuri.be\/discover-your-path-to-sales-success\/\"]}]},{\"@type\":\"ImageObject\",\"inLanguage\":\"fr-BE\",\"@id\":\"https:\/\/mercuri.be\/discover-your-path-to-sales-success\/#primaryimage\",\"url\":\"https:\/\/mercuri.net\/wp-content\/uploads\/2021\/01\/effective_leadership_rund-1-1024x1024.jpg\",\"contentUrl\":\"https:\/\/mercuri.net\/wp-content\/uploads\/2021\/01\/effective_leadership_rund-1-1024x1024.jpg\"},{\"@type\":\"BreadcrumbList\",\"@id\":\"https:\/\/mercuri.be\/discover-your-path-to-sales-success\/#breadcrumb\",\"itemListElement\":[{\"@type\":\"ListItem\",\"position\":1,\"name\":\"Home\",\"item\":\"https:\/\/mercuri.be\/\"},{\"@type\":\"ListItem\",\"position\":2,\"name\":\"Ontdek uw route naar verkoopsucces\"}]},{\"@type\":\"WebSite\",\"@id\":\"https:\/\/mercuri.be\/#website\",\"url\":\"https:\/\/mercuri.be\/\",\"name\":\"Mercuri Belgium\",\"description\":\"Mercuri International Belgium site\",\"potentialAction\":[{\"@type\":\"SearchAction\",\"target\":{\"@type\":\"EntryPoint\",\"urlTemplate\":\"https:\/\/mercuri.be\/?s={search_term_string}\"},\"query-input\":{\"@type\":\"PropertyValueSpecification\",\"valueRequired\":true,\"valueName\":\"search_term_string\"}}],\"inLanguage\":\"fr-BE\"}]}<\/script>\n<!-- \/ Yoast SEO plugin. -->","yoast_head_json":{"title":"Ontdek uw route naar verkoopsucces - Mercuri Belgium","robots":{"index":"index","follow":"follow","max-snippet":"max-snippet:-1","max-image-preview":"max-image-preview:large","max-video-preview":"max-video-preview:-1"},"canonical":"https:\/\/mercuri.be\/fr\/decouvrez-votre-chemin-vers-le-succes-commercial\/","og_locale":"fr_FR","og_type":"article","og_title":"Ontdek uw route naar verkoopsucces - Mercuri Belgium","og_description":"Mercuri International&#8217;s leerpaden Wat de uitdaging ook is, Mercuri International heeft een leertraject voor u. Nu meer dan ooit is","og_url":"https:\/\/mercuri.be\/fr\/decouvrez-votre-chemin-vers-le-succes-commercial\/","og_site_name":"Mercuri Belgium","article_modified_time":"2021-03-08T09:46:44+00:00","og_image":[{"url":"https:\/\/mercuri.net\/wp-content\/uploads\/2021\/01\/effective_leadership_rund-1-1024x1024.jpg","type":"","width":"","height":""}],"twitter_card":"summary_large_image","twitter_misc":{"Est. reading time":"4 minutes"},"schema":{"@context":"https:\/\/schema.org","@graph":[{"@type":"WebPage","@id":"https:\/\/mercuri.be\/discover-your-path-to-sales-success\/","url":"https:\/\/mercuri.be\/discover-your-path-to-sales-success\/","name":"Ontdek uw route naar verkoopsucces - Mercuri Belgium","isPartOf":{"@id":"https:\/\/mercuri.be\/#website"},"primaryImageOfPage":{"@id":"https:\/\/mercuri.be\/discover-your-path-to-sales-success\/#primaryimage"},"image":{"@id":"https:\/\/mercuri.be\/discover-your-path-to-sales-success\/#primaryimage"},"thumbnailUrl":"https:\/\/mercuri.net\/wp-content\/uploads\/2021\/01\/effective_leadership_rund-1-1024x1024.jpg","datePublished":"2021-01-12T15:11:42+00:00","dateModified":"2021-03-08T09:46:44+00:00","breadcrumb":{"@id":"https:\/\/mercuri.be\/discover-your-path-to-sales-success\/#breadcrumb"},"inLanguage":"fr-BE","potentialAction":[{"@type":"ReadAction","target":["https:\/\/mercuri.be\/discover-your-path-to-sales-success\/"]}]},{"@type":"ImageObject","inLanguage":"fr-BE","@id":"https:\/\/mercuri.be\/discover-your-path-to-sales-success\/#primaryimage","url":"https:\/\/mercuri.net\/wp-content\/uploads\/2021\/01\/effective_leadership_rund-1-1024x1024.jpg","contentUrl":"https:\/\/mercuri.net\/wp-content\/uploads\/2021\/01\/effective_leadership_rund-1-1024x1024.jpg"},{"@type":"BreadcrumbList","@id":"https:\/\/mercuri.be\/discover-your-path-to-sales-success\/#breadcrumb","itemListElement":[{"@type":"ListItem","position":1,"name":"Home","item":"https:\/\/mercuri.be\/"},{"@type":"ListItem","position":2,"name":"Ontdek uw route naar verkoopsucces"}]},{"@type":"WebSite","@id":"https:\/\/mercuri.be\/#website","url":"https:\/\/mercuri.be\/","name":"Mercuri Belgique","description":"Site de Mercuri International Belgium","potentialAction":[{"@type":"SearchAction","target":{"@type":"EntryPoint","urlTemplate":"https:\/\/mercuri.be\/?s={search_term_string}"},"query-input":{"@type":"PropertyValueSpecification","valueRequired":true,"valueName":"search_term_string"}}],"inLanguage":"fr-BE"}]}},"_links":{"self":[{"href":"https:\/\/mercuri.be\/fr\/wp-json\/wp\/v2\/pages\/2747","targetHints":{"allow":["GET"]}}],"collection":[{"href":"https:\/\/mercuri.be\/fr\/wp-json\/wp\/v2\/pages"}],"about":[{"href":"https:\/\/mercuri.be\/fr\/wp-json\/wp\/v2\/types\/page"}],"author":[{"embeddable":true,"href":"https:\/\/mercuri.be\/fr\/wp-json\/wp\/v2\/users\/69"}],"replies":[{"embeddable":true,"href":"https:\/\/mercuri.be\/fr\/wp-json\/wp\/v2\/comments?post=2747"}],"version-history":[{"count":8,"href":"https:\/\/mercuri.be\/fr\/wp-json\/wp\/v2\/pages\/2747\/revisions"}],"predecessor-version":[{"id":2854,"href":"https:\/\/mercuri.be\/fr\/wp-json\/wp\/v2\/pages\/2747\/revisions\/2854"}],"wp:attachment":[{"href":"https:\/\/mercuri.be\/fr\/wp-json\/wp\/v2\/media?parent=2747"}],"curies":[{"name":"wp","href":"https:\/\/api.w.org\/{rel}","templated":true}]}}