{"id":2741,"date":"2021-01-05T10:43:07","date_gmt":"2021-01-05T10:43:07","guid":{"rendered":"https:\/\/mercuri.be\/?page_id=2741"},"modified":"2021-01-05T10:43:08","modified_gmt":"2021-01-05T10:43:08","slug":"vie-privee-politique-en-matiere-de-cookies","status":"publish","type":"page","link":"https:\/\/mercuri.be\/fr\/vie-privee-politique-en-matiere-de-cookies\/","title":{"rendered":"Politique en mati\u00e8re de confidentialit\u00e9 et de cookies"},"content":{"rendered":"<h3 class=\"wp-block-heading\">Mercuri International Group AB (Mercuri) est tr\u00e8s reconnaissant que vous souhaitiez participer \u00e0 notre politique de confidentialit\u00e9.<\/h3>\n\n\n\n<p>Dans la pr\u00e9sente politique, nous souhaitons vous informer du type, de la port\u00e9e et de l'objectif de la collecte d'informations personnelles lorsque vous \u00eates en contact avec Mercuri. Vous pouvez faire confiance \u00e0 Mercuri pour prendre toutes les mesures raisonnables afin de prot\u00e9ger les informations personnelles que vous fournissez \u00e0 Mercuri.<\/p>\n\n\n\n<p>Le responsable du traitement de vos donn\u00e9es personnelles est Mercuri International Group AB, Box 3044, 169 03 Solna, Su\u00e8de. Pour toute question concernant la politique de confidentialit\u00e9, veuillez contacter : info@mercuri.be<\/p>\n\n\n\n<h3 class=\"wp-block-heading\">Traitement des donn\u00e9es \u00e0 caract\u00e8re personnel<\/h3>\n\n\n\n<p>Les donn\u00e9es personnelles sont toutes les informations relatives \u00e0 une personne physique identifi\u00e9e ou identifiable, telles que le nom, l'adresse, le num\u00e9ro de t\u00e9l\u00e9phone et l'adresse \u00e9lectronique. Le traitement des donn\u00e9es personnelles est conforme aux dispositions de la loi su\u00e9doise sur la protection de l'int\u00e9grit\u00e9 et la r\u00e9forme de la protection des donn\u00e9es (GDPR), qui est devenue active dans l'UE le 25 mai 2018. Nous obtiendrons votre consentement avant de commencer \u00e0 traiter vos donn\u00e9es personnelles, ce qui, selon la loi, n\u00e9cessite votre consentement. Vous devez \u00eatre \u00e2g\u00e9 de plus de 18 ans pour nous fournir des donn\u00e9es \u00e0 caract\u00e8re personnel. S'il est port\u00e9 \u00e0 notre connaissance que nous collectons des donn\u00e9es personnelles aupr\u00e8s d'une personne \u00e2g\u00e9e de moins de 18 ans, nous prendrons des mesures pour supprimer ces informations dans les meilleurs d\u00e9lais. Les donn\u00e9es personnelles enregistr\u00e9es sur le site web, ou autrement communiqu\u00e9es \u00e0 Mercuri, ne sont jamais vendues \u00e0 des tiers \u00e0 des fins commerciales.<br><\/p>\n\n\n\n<h3 class=\"wp-block-heading\">Finalit\u00e9 de la collecte des donn\u00e9es \u00e0 caract\u00e8re personnel<\/h3>\n\n\n\n<p>Chez Mercuri, nous traitons les informations personnelles que vous nous avez fournies dans le but de les administrer pour d'\u00e9ventuels contacts futurs. Les rapports d'int\u00e9r\u00eat et les donn\u00e9es personnelles vous concernant sont g\u00e9r\u00e9s pour \u00eatre inclus dans d'\u00e9ventuels accords, fournissant des informations sur les projets en cours et les services que nous fournissons dans le cadre de diverses demandes. Les informations sont \u00e9galement trait\u00e9es indirectement dans le cadre du d\u00e9veloppement, des tests et de la gestion des syst\u00e8mes informatiques li\u00e9s \u00e0 notre site web.<\/p>\n\n\n\n<p>Veuillez noter que lorsque vous utilisez notre site, certaines fonctions vous permettent de publier des informations qui peuvent \u00eatre consid\u00e9r\u00e9es comme des donn\u00e9es personnelles. Vous ne pouvez fournir des informations sur d'autres personnes que si vous avez leur permission de nous les communiquer.<\/p>\n\n\n\n<h3 class=\"wp-block-heading\">Quelles sont les donn\u00e9es personnelles que nous collectons ?<\/h3>\n\n\n\n<p>Nous traitons les informations personnelles que vous nous fournissez de la mani\u00e8re d\u00e9crite ci-dessous :<\/p>\n\n\n\n<p>A. Les donn\u00e9es que vous nous fournissez par le biais du site web ou lorsque vous concluez un accord avec Mercuri<\/p>\n\n\n\n<p><strong>1. D\u00e9tails du formulaire de contact.<\/strong> Notre site web contient divers formulaires que vous pouvez nous demander volontairement, en tant que visiteur, via ou par enregistrement, pour recevoir des bulletins d'information ou des invitations \u00e0 des \u00e9v\u00e9nements ou pour vous envoyer des documents. Les donn\u00e9es demand\u00e9es (les \u201cdonn\u00e9es du formulaire\u201d) sont, par exemple, le nom, l'adresse \u00e9lectronique et l'affaire\/le message. Nous utilisons les donn\u00e9es du formulaire de contact pour traiter vos demandes et\/ou pour fournir les services ou les informations demand\u00e9s dans le formulaire de contact.<\/p>\n\n\n\n<p><strong>2. La coop\u00e9ration.<\/strong> En tant que consultant ou fournisseur, Mercuri saisit et stocke les donn\u00e9es personnelles n\u00e9cessaires \u00e0 l'ex\u00e9cution du contrat en cours et lorsqu'il existe un int\u00e9r\u00eat l\u00e9gitime \u00e0 traiter vos donn\u00e9es personnelles. Nous obtiendrons votre consentement avant de commencer \u00e0 traiter vos donn\u00e9es personnelles conform\u00e9ment \u00e0 la loi.<br><\/p>\n\n\n\n<p><strong>B. Informations collect\u00e9es par nous lorsque vous visitez notre site web<\/strong><\/p>\n\n\n\n<h3 class=\"wp-block-heading\">Cookies et fichiers journaux<\/h3>\n\n\n\n<p>Mercuri utilise des cookies pour www.mercuri.be et les domaines et applications associ\u00e9s En utilisant notre site, vous consentez \u00e0 l'utilisation de cookies. Un cookie est un petit fichier de donn\u00e9es contenant du texte qui est stock\u00e9 dans votre navigateur et qui nous permet, \u00e0 nous ou \u00e0 des tiers, de vous identifier. Les cookies peuvent \u00eatre utilis\u00e9s aux fins suivantes : (1) pour permettre certaines fonctions ; (2) pour fournir des statistiques ; (3) pour m\u00e9moriser vos choix et (4) pour permettre la publicit\u00e9 et le marketing bas\u00e9 sur les centres d'int\u00e9r\u00eat. Les cookies peuvent \u00eatre de deux types : les cookies de session et les cookies persistants. Un cookie de session dispara\u00eet automatiquement lorsque vous fermez votre navigateur. Un cookie persistant reste en place pendant un certain temps ou jusqu'\u00e0 ce que vous supprimiez vos cookies. La date d'expiration figure dans le cookie lui-m\u00eame ; certains peuvent cesser de fonctionner apr\u00e8s quelques minutes, d'autres apr\u00e8s plusieurs ann\u00e9es. Les cookies mis en place par la page web que vous visitez sont parfois appel\u00e9s cookies de premi\u00e8re partie, tandis que les cookies d'autres entreprises sont appel\u00e9s cookies de tierce partie. Si vous ne souhaitez pas recevoir de cookies ou certains types de cookies, vous pouvez modifier les param\u00e8tres de votre navigateur afin de supprimer les cookies stock\u00e9s et de bloquer les nouveaux. Consultez les pages d'aide de votre navigateur pour plus d'informations sur la mani\u00e8re de proc\u00e9der. Toutefois, veuillez noter que si vous supprimez ou bloquez les cookies, vous risquez de ne pas pouvoir utiliser toutes les fonctionnalit\u00e9s de notre site, par exemple pour enregistrer vos choix, et certaines pages risquent de ne pas s'afficher correctement.<\/p>\n\n\n\n<h3 class=\"wp-block-heading\">Cookies de tiers<\/h3>\n\n\n\n<p>Mercuri utilise Google Analytics pour analyser l'utilisation du site. Google Analytics g\u00e9n\u00e8re des statistiques et d'autres informations sur l'utilisation du site en stockant des cookies sur l'ordinateur de l'utilisateur. Les informations g\u00e9n\u00e9r\u00e9es pour notre site sont utilis\u00e9es pour cr\u00e9er des rapports sur l'utilisation du site. Google stocke et utilise ces informations. La politique de confidentialit\u00e9 de Google est disponible \u00e0 l'adresse suivante : http:\/\/www.google.com\/privacypolicy.html.<\/p>\n\n\n\n<h3 class=\"wp-block-heading\">Bloquer les cookies<\/h3>\n\n\n\n<p>La plupart des navigateurs vous permettent de bloquer les cookies. Dans Internet Explorer, vous pouvez bloquer les cookies en s\u00e9lectionnant \u201cOutils\u201d, \u201cOptions Internet\u201d, \u201cConfidentialit\u00e9\u201d et en faisant glisser le curseur sur \u201cBloquer tous les cookies\u201d. Dans Firefox, vous pouvez modifier les param\u00e8tres de gestion des cookies en s\u00e9lectionnant \u201cOutils\u201d, \u201cOptions\u201d et \u201cVie priv\u00e9e\u201d. Le blocage des cookies peut avoir un effet n\u00e9gatif sur l'utilisation de certains sites web.<\/p>\n\n\n\n<h3 class=\"wp-block-heading\">Fournisseurs externes<\/h3>\n\n\n\n<p>Mercuri fait appel \u00e0 des fournisseurs externes pour mener \u00e0 bien la livraison de ses produits et services. Les donn\u00e9es personnelles sont alors trait\u00e9es par les parties externes suivantes : Makers qui h\u00e9berge notre site web, New Amsterdam AB qui g\u00e8re notre site web, Apsis qui est le fournisseur de nos communiqu\u00e9s de presse, Netigate qui g\u00e8re nos enqu\u00eates, Microsoft qui h\u00e9berge notre courrier et Ondrive, Britt AB qui g\u00e8re les serveurs et le r\u00e9seau et CrossKnowledge, qui est le fournisseur de notre syst\u00e8me d'apprentissage en ligne.<\/p>\n\n\n\n<p>Tous ces administrateurs ont sign\u00e9 un accord de traitement des donn\u00e9es personnelles avec Mercuri.<\/p>\n\n\n\n<h3 class=\"wp-block-heading\">Donn\u00e9es personnelles \u00e0 des fins de marketing<\/h3>\n\n\n\n<p>L'acceptation de notre politique de confidentialit\u00e9 signifie \u00e9galement que Mercuri utilise les donn\u00e9es personnelles que vous fournissez \u00e0 des fins de marketing et d'\u00e9tude de march\u00e9. L'objectif est de cr\u00e9er une meilleure exp\u00e9rience, car Mercuri travaille continuellement \u00e0 l'am\u00e9lioration et \u00e0 l'optimisation de la qualit\u00e9 de ses services (par exemple, en affichant du contenu susceptible de vous int\u00e9resser et en vous fournissant des informations plus pertinentes). Si vous ne souhaitez plus recevoir de marketing, veuillez nous contacter et indiquer que vous ne souhaitez pas \u00eatre contact\u00e9 \u00e0 des fins de marketing.<\/p>\n\n\n\n<h3 class=\"wp-block-heading\">Combien de temps vos donn\u00e9es personnelles seront-elles conserv\u00e9es ?<\/h3>\n\n\n\n<p>Nous conservons g\u00e9n\u00e9ralement vos donn\u00e9es personnelles aussi longtemps que la fourniture de nos services est requise par la loi ou si nous estimons qu'il existe un int\u00e9r\u00eat l\u00e9gitime \u00e0 les conserver davantage.<\/p>\n\n\n\n<p>En tant que client, fournisseur, particulier ou visiteur de notre site web, nous estimons qu'il existe un int\u00e9r\u00eat l\u00e9gitime \u00e0 conserver les donn\u00e9es pendant une p\u00e9riode pouvant aller jusqu'\u00e0 trois ans.<\/p>\n\n\n\n<p>L'autorisation d'utiliser vos donn\u00e9es personnelles pour des communications commerciales s'applique (sauf indication contraire dans les offres sp\u00e9cifiques) aussi longtemps que nous l'avons indiqu\u00e9 ci-dessus.<\/p>\n\n\n\n<p>Les analyses et les tests sont conserv\u00e9s jusqu'\u00e0 la fin de la formation, soit jusqu'\u00e0 un an.<\/p>\n\n\n\n<h3 class=\"wp-block-heading\">Transfert de donn\u00e9es \u00e0 caract\u00e8re personnel<\/h3>\n\n\n\n<p>Le transfert des donn\u00e9es personnelles que vous nous communiquez en remplissant le formulaire de contact, par e-mail ou en nous contactant verbalement n'est transmis \u00e0 des tiers que dans la mesure o\u00f9 cela est n\u00e9cessaire \u00e0 l'ex\u00e9cution du contrat. Les donn\u00e9es personnelles que vous enregistrez chez Mercuri ne seront jamais vendues \u00e0 des tiers \u00e0 des fins commerciales. Certaines donn\u00e9es personnelles sont toutefois trait\u00e9es par des tiers qui ont conclu avec Mercuri des accords en mati\u00e8re de donn\u00e9es personnelles (voir la section \u2018Fournisseurs tiers\u2019) afin de compl\u00e9ter les cours et les programmes, d'envoyer des bulletins d'information, etc.<\/p>\n\n\n\n<h3 class=\"wp-block-heading\">Vos droits<\/h3>\n\n\n\n<p>Vous avez le droit d'obtenir des informations sur les donn\u00e9es personnelles que vous avez enregistr\u00e9es chez nous. En outre, conform\u00e9ment aux dispositions l\u00e9gales, vous pouvez demander la correction de donn\u00e9es incorrectes, la restriction ou la suppression de vos donn\u00e9es personnelles.<\/p>\n\n\n\n<p>Vous pouvez toujours nous contacter pour obtenir de l'aide ou des informations sur vos droits \u00e0 l'adresse suivante : info@mercuri.be<\/p>\n\n\n\n<h3 class=\"wp-block-heading\">Modification de la politique en mati\u00e8re de donn\u00e9es et de respect de la vie priv\u00e9e<\/h3>\n\n\n\n<p>Mercuri se r\u00e9serve le droit de modifier la politique de confidentialit\u00e9 \u00e0 tout moment. La date de la derni\u00e8re mise \u00e0 jour est indiqu\u00e9e sur la premi\u00e8re page.<\/p>","protected":false},"excerpt":{"rendered":"<p>Mercuri International Group AB (Mercuri) is u zeer dankbaar dat u wilt deelnemen aan ons privacybeleid. In dit beleid willen<\/p>","protected":false},"author":43,"featured_media":0,"parent":0,"menu_order":0,"comment_status":"closed","ping_status":"closed","template":"","meta":{"_acf_changed":false,"_eb_attr":"","form_id":"","editor_notices":[],"footnotes":""},"class_list":["post-2741","page","type-page","status-publish","hentry"],"acf":[],"yoast_head":"<!-- This site is optimized with the Yoast SEO plugin v26.6 - https:\/\/yoast.com\/wordpress\/plugins\/seo\/ -->\n<title>Privacy &amp; Cookie Policy - Mercuri Belgium<\/title>\n<meta name=\"robots\" content=\"index, follow, max-snippet:-1, max-image-preview:large, max-video-preview:-1\" \/>\n<link rel=\"canonical\" href=\"https:\/\/mercuri.be\/fr\/vie-privee-politique-en-matiere-de-cookies\/\" \/>\n<meta property=\"og:locale\" content=\"fr_FR\" \/>\n<meta property=\"og:type\" content=\"article\" \/>\n<meta property=\"og:title\" content=\"Privacy &amp; Cookie Policy - Mercuri Belgium\" \/>\n<meta property=\"og:description\" content=\"Mercuri International Group AB (Mercuri) is u zeer dankbaar dat u wilt deelnemen aan ons privacybeleid. In dit beleid willen\" \/>\n<meta property=\"og:url\" content=\"https:\/\/mercuri.be\/fr\/vie-privee-politique-en-matiere-de-cookies\/\" \/>\n<meta property=\"og:site_name\" content=\"Mercuri Belgium\" \/>\n<meta property=\"article:modified_time\" content=\"2021-01-05T10:43:08+00:00\" \/>\n<meta name=\"twitter:card\" content=\"summary_large_image\" \/>\n<meta name=\"twitter:label1\" content=\"Est. reading time\" \/>\n\t<meta name=\"twitter:data1\" content=\"7 minutes\" \/>\n<script type=\"application\/ld+json\" class=\"yoast-schema-graph\">{\"@context\":\"https:\/\/schema.org\",\"@graph\":[{\"@type\":\"WebPage\",\"@id\":\"https:\/\/mercuri.be\/privacy-cookie-policy\/\",\"url\":\"https:\/\/mercuri.be\/privacy-cookie-policy\/\",\"name\":\"Privacy & Cookie Policy - Mercuri Belgium\",\"isPartOf\":{\"@id\":\"https:\/\/mercuri.be\/#website\"},\"datePublished\":\"2021-01-05T10:43:07+00:00\",\"dateModified\":\"2021-01-05T10:43:08+00:00\",\"breadcrumb\":{\"@id\":\"https:\/\/mercuri.be\/privacy-cookie-policy\/#breadcrumb\"},\"inLanguage\":\"fr-BE\",\"potentialAction\":[{\"@type\":\"ReadAction\",\"target\":[\"https:\/\/mercuri.be\/privacy-cookie-policy\/\"]}]},{\"@type\":\"BreadcrumbList\",\"@id\":\"https:\/\/mercuri.be\/privacy-cookie-policy\/#breadcrumb\",\"itemListElement\":[{\"@type\":\"ListItem\",\"position\":1,\"name\":\"Home\",\"item\":\"https:\/\/mercuri.be\/\"},{\"@type\":\"ListItem\",\"position\":2,\"name\":\"Privacy &#038; Cookie Policy\"}]},{\"@type\":\"WebSite\",\"@id\":\"https:\/\/mercuri.be\/#website\",\"url\":\"https:\/\/mercuri.be\/\",\"name\":\"Mercuri Belgium\",\"description\":\"Mercuri International Belgium site\",\"potentialAction\":[{\"@type\":\"SearchAction\",\"target\":{\"@type\":\"EntryPoint\",\"urlTemplate\":\"https:\/\/mercuri.be\/?s={search_term_string}\"},\"query-input\":{\"@type\":\"PropertyValueSpecification\",\"valueRequired\":true,\"valueName\":\"search_term_string\"}}],\"inLanguage\":\"fr-BE\"}]}<\/script>\n<!-- \/ Yoast SEO plugin. -->","yoast_head_json":{"title":"Privacy & Cookie Policy - Mercuri Belgium","robots":{"index":"index","follow":"follow","max-snippet":"max-snippet:-1","max-image-preview":"max-image-preview:large","max-video-preview":"max-video-preview:-1"},"canonical":"https:\/\/mercuri.be\/fr\/vie-privee-politique-en-matiere-de-cookies\/","og_locale":"fr_FR","og_type":"article","og_title":"Privacy & Cookie Policy - Mercuri Belgium","og_description":"Mercuri International Group AB (Mercuri) is u zeer dankbaar dat u wilt deelnemen aan ons privacybeleid. In dit beleid willen","og_url":"https:\/\/mercuri.be\/fr\/vie-privee-politique-en-matiere-de-cookies\/","og_site_name":"Mercuri Belgium","article_modified_time":"2021-01-05T10:43:08+00:00","twitter_card":"summary_large_image","twitter_misc":{"Est. reading time":"7 minutes"},"schema":{"@context":"https:\/\/schema.org","@graph":[{"@type":"WebPage","@id":"https:\/\/mercuri.be\/privacy-cookie-policy\/","url":"https:\/\/mercuri.be\/privacy-cookie-policy\/","name":"Privacy & Cookie Policy - Mercuri Belgium","isPartOf":{"@id":"https:\/\/mercuri.be\/#website"},"datePublished":"2021-01-05T10:43:07+00:00","dateModified":"2021-01-05T10:43:08+00:00","breadcrumb":{"@id":"https:\/\/mercuri.be\/privacy-cookie-policy\/#breadcrumb"},"inLanguage":"fr-BE","potentialAction":[{"@type":"ReadAction","target":["https:\/\/mercuri.be\/privacy-cookie-policy\/"]}]},{"@type":"BreadcrumbList","@id":"https:\/\/mercuri.be\/privacy-cookie-policy\/#breadcrumb","itemListElement":[{"@type":"ListItem","position":1,"name":"Home","item":"https:\/\/mercuri.be\/"},{"@type":"ListItem","position":2,"name":"Privacy &#038; Cookie Policy"}]},{"@type":"WebSite","@id":"https:\/\/mercuri.be\/#website","url":"https:\/\/mercuri.be\/","name":"Mercuri Belgique","description":"Site de Mercuri International Belgium","potentialAction":[{"@type":"SearchAction","target":{"@type":"EntryPoint","urlTemplate":"https:\/\/mercuri.be\/?s={search_term_string}"},"query-input":{"@type":"PropertyValueSpecification","valueRequired":true,"valueName":"search_term_string"}}],"inLanguage":"fr-BE"}]}},"_links":{"self":[{"href":"https:\/\/mercuri.be\/fr\/wp-json\/wp\/v2\/pages\/2741","targetHints":{"allow":["GET"]}}],"collection":[{"href":"https:\/\/mercuri.be\/fr\/wp-json\/wp\/v2\/pages"}],"about":[{"href":"https:\/\/mercuri.be\/fr\/wp-json\/wp\/v2\/types\/page"}],"author":[{"embeddable":true,"href":"https:\/\/mercuri.be\/fr\/wp-json\/wp\/v2\/users\/43"}],"replies":[{"embeddable":true,"href":"https:\/\/mercuri.be\/fr\/wp-json\/wp\/v2\/comments?post=2741"}],"version-history":[{"count":1,"href":"https:\/\/mercuri.be\/fr\/wp-json\/wp\/v2\/pages\/2741\/revisions"}],"predecessor-version":[{"id":2742,"href":"https:\/\/mercuri.be\/fr\/wp-json\/wp\/v2\/pages\/2741\/revisions\/2742"}],"wp:attachment":[{"href":"https:\/\/mercuri.be\/fr\/wp-json\/wp\/v2\/media?parent=2741"}],"curies":[{"name":"wp","href":"https:\/\/api.w.org\/{rel}","templated":true}]}}