{"id":2397,"date":"2019-11-27T14:37:04","date_gmt":"2019-11-27T14:37:04","guid":{"rendered":"https:\/\/mercuri.be\/?page_id=2397"},"modified":"2019-11-27T15:14:29","modified_gmt":"2019-11-27T15:14:29","slug":"formation-commerciale-mercuri-international","status":"publish","type":"page","link":"https:\/\/mercuri.be\/fr\/formation-commerciale-mercuri-international\/","title":{"rendered":"Formation \u00e0 la vente Mercuri International"},"content":{"rendered":"","protected":false},"excerpt":{"rendered":"","protected":false},"author":43,"featured_media":2371,"parent":0,"menu_order":0,"comment_status":"closed","ping_status":"closed","template":"template-campaign.php","meta":{"_acf_changed":false,"_eb_attr":"","form_id":"","editor_notices":[],"footnotes":""},"class_list":["post-2397","page","type-page","status-publish","has-post-thumbnail","hentry"],"acf":[],"yoast_head":"<!-- This site is optimized with the Yoast SEO plugin v26.6 - https:\/\/yoast.com\/wordpress\/plugins\/seo\/ -->\n<title>Sales training Mercuri International - Belgi\u00eb<\/title>\n<meta name=\"description\" content=\"De verkoopexperts die sales excellence mogelijk maken door middel van mensen- en procesontwikkeling. Wij bieden oplossingen op maat om de verkoopresultaten te verhogen en sales excellence voor onze klanten te bereiken.\" \/>\n<meta name=\"robots\" content=\"index, follow, max-snippet:-1, max-image-preview:large, max-video-preview:-1\" \/>\n<link rel=\"canonical\" href=\"https:\/\/mercuri.be\/fr\/formation-commerciale-mercuri-international\/\" \/>\n<meta property=\"og:locale\" content=\"fr_FR\" \/>\n<meta property=\"og:type\" content=\"article\" \/>\n<meta property=\"og:title\" content=\"Sales training Mercuri International - Belgi\u00eb\" \/>\n<meta property=\"og:description\" content=\"De verkoopexperts die sales excellence mogelijk maken door middel van mensen- en procesontwikkeling. Wij bieden oplossingen op maat om de verkoopresultaten te verhogen en sales excellence voor onze klanten te bereiken.\" \/>\n<meta property=\"og:url\" content=\"https:\/\/mercuri.be\/fr\/formation-commerciale-mercuri-international\/\" \/>\n<meta property=\"og:site_name\" content=\"Mercuri Belgium\" \/>\n<meta property=\"article:modified_time\" content=\"2019-11-27T15:14:29+00:00\" \/>\n<meta property=\"og:image\" content=\"https:\/\/mercuri.be\/wp-content\/uploads\/sites\/23\/2019\/11\/stay_ahead_header.png\" \/>\n\t<meta property=\"og:image:width\" content=\"1200\" \/>\n\t<meta property=\"og:image:height\" content=\"630\" \/>\n\t<meta property=\"og:image:type\" content=\"image\/png\" \/>\n<meta name=\"twitter:card\" content=\"summary_large_image\" \/>\n<script type=\"application\/ld+json\" class=\"yoast-schema-graph\">{\"@context\":\"https:\/\/schema.org\",\"@graph\":[{\"@type\":\"WebPage\",\"@id\":\"https:\/\/mercuri.be\/sales-training-mercuri-international\/\",\"url\":\"https:\/\/mercuri.be\/sales-training-mercuri-international\/\",\"name\":\"Sales training Mercuri International - Belgi\u00eb\",\"isPartOf\":{\"@id\":\"https:\/\/mercuri.be\/#website\"},\"primaryImageOfPage\":{\"@id\":\"https:\/\/mercuri.be\/sales-training-mercuri-international\/#primaryimage\"},\"image\":{\"@id\":\"https:\/\/mercuri.be\/sales-training-mercuri-international\/#primaryimage\"},\"thumbnailUrl\":\"https:\/\/mercuri.net\/img-srv\/lQ22OBnPA4s4fh_qN5-RYL-oZsv75gZZPT59uAwO-jE\/resizing_type:auto\/width:0\/height:0\/gravity:sm\/enlarge:1\/ext:webp\/strip_metadata:1\/quality:100\/cachebuster:filesize-3055141\/bG9jYWw6Ly8vbWVyY3VyaS5uZXQvd3AtY29udGVudC91cGxvYWRzL3NpdGVzLzIzLzIwMTkvMTEvc3RheV9haGVhZF9oZWFkZXIucG5n.webp\",\"datePublished\":\"2019-11-27T14:37:04+00:00\",\"dateModified\":\"2019-11-27T15:14:29+00:00\",\"description\":\"De verkoopexperts die sales excellence mogelijk maken door middel van mensen- en procesontwikkeling. Wij bieden oplossingen op maat om de verkoopresultaten te verhogen en sales excellence voor onze klanten te bereiken.\",\"breadcrumb\":{\"@id\":\"https:\/\/mercuri.be\/sales-training-mercuri-international\/#breadcrumb\"},\"inLanguage\":\"fr-BE\",\"potentialAction\":[{\"@type\":\"ReadAction\",\"target\":[\"https:\/\/mercuri.be\/sales-training-mercuri-international\/\"]}]},{\"@type\":\"ImageObject\",\"inLanguage\":\"fr-BE\",\"@id\":\"https:\/\/mercuri.be\/sales-training-mercuri-international\/#primaryimage\",\"url\":\"https:\/\/mercuri.net\/img-srv\/lQ22OBnPA4s4fh_qN5-RYL-oZsv75gZZPT59uAwO-jE\/resizing_type:auto\/width:0\/height:0\/gravity:sm\/enlarge:1\/ext:webp\/strip_metadata:1\/quality:100\/cachebuster:filesize-3055141\/bG9jYWw6Ly8vbWVyY3VyaS5uZXQvd3AtY29udGVudC91cGxvYWRzL3NpdGVzLzIzLzIwMTkvMTEvc3RheV9haGVhZF9oZWFkZXIucG5n.webp\",\"contentUrl\":\"https:\/\/mercuri.net\/img-srv\/lQ22OBnPA4s4fh_qN5-RYL-oZsv75gZZPT59uAwO-jE\/resizing_type:auto\/width:0\/height:0\/gravity:sm\/enlarge:1\/ext:webp\/strip_metadata:1\/quality:100\/cachebuster:filesize-3055141\/bG9jYWw6Ly8vbWVyY3VyaS5uZXQvd3AtY29udGVudC91cGxvYWRzL3NpdGVzLzIzLzIwMTkvMTEvc3RheV9haGVhZF9oZWFkZXIucG5n.webp\",\"width\":2880,\"height\":1120},{\"@type\":\"BreadcrumbList\",\"@id\":\"https:\/\/mercuri.be\/sales-training-mercuri-international\/#breadcrumb\",\"itemListElement\":[{\"@type\":\"ListItem\",\"position\":1,\"name\":\"Home\",\"item\":\"https:\/\/mercuri.be\/\"},{\"@type\":\"ListItem\",\"position\":2,\"name\":\"Sales training Mercuri International\"}]},{\"@type\":\"WebSite\",\"@id\":\"https:\/\/mercuri.be\/#website\",\"url\":\"https:\/\/mercuri.be\/\",\"name\":\"Mercuri Belgium\",\"description\":\"Mercuri International Belgium site\",\"potentialAction\":[{\"@type\":\"SearchAction\",\"target\":{\"@type\":\"EntryPoint\",\"urlTemplate\":\"https:\/\/mercuri.be\/?s={search_term_string}\"},\"query-input\":{\"@type\":\"PropertyValueSpecification\",\"valueRequired\":true,\"valueName\":\"search_term_string\"}}],\"inLanguage\":\"fr-BE\"}]}<\/script>\n<!-- \/ Yoast SEO plugin. -->","yoast_head_json":{"title":"Sales training Mercuri International - Belgi\u00eb","description":"Les experts de la vente qui favorisent l'excellence des ventes par le d\u00e9veloppement des personnes et des processus. Nous fournissons des solutions sur mesure pour augmenter les r\u00e9sultats des ventes et atteindre l'excellence commerciale pour nos clients.","robots":{"index":"index","follow":"follow","max-snippet":"max-snippet:-1","max-image-preview":"max-image-preview:large","max-video-preview":"max-video-preview:-1"},"canonical":"https:\/\/mercuri.be\/fr\/formation-commerciale-mercuri-international\/","og_locale":"fr_FR","og_type":"article","og_title":"Sales training Mercuri International - Belgi\u00eb","og_description":"De verkoopexperts die sales excellence mogelijk maken door middel van mensen- en procesontwikkeling. Wij bieden oplossingen op maat om de verkoopresultaten te verhogen en sales excellence voor onze klanten te bereiken.","og_url":"https:\/\/mercuri.be\/fr\/formation-commerciale-mercuri-international\/","og_site_name":"Mercuri Belgium","article_modified_time":"2019-11-27T15:14:29+00:00","og_image":[{"width":1200,"height":630,"url":"https:\/\/mercuri.be\/wp-content\/uploads\/sites\/23\/2019\/11\/stay_ahead_header.png","type":"image\/png"}],"twitter_card":"summary_large_image","schema":{"@context":"https:\/\/schema.org","@graph":[{"@type":"WebPage","@id":"https:\/\/mercuri.be\/sales-training-mercuri-international\/","url":"https:\/\/mercuri.be\/sales-training-mercuri-international\/","name":"Sales training Mercuri International - Belgi\u00eb","isPartOf":{"@id":"https:\/\/mercuri.be\/#website"},"primaryImageOfPage":{"@id":"https:\/\/mercuri.be\/sales-training-mercuri-international\/#primaryimage"},"image":{"@id":"https:\/\/mercuri.be\/sales-training-mercuri-international\/#primaryimage"},"thumbnailUrl":"https:\/\/mercuri.net\/img-srv\/lQ22OBnPA4s4fh_qN5-RYL-oZsv75gZZPT59uAwO-jE\/resizing_type:auto\/width:0\/height:0\/gravity:sm\/enlarge:1\/ext:webp\/strip_metadata:1\/quality:100\/cachebuster:filesize-3055141\/bG9jYWw6Ly8vbWVyY3VyaS5uZXQvd3AtY29udGVudC91cGxvYWRzL3NpdGVzLzIzLzIwMTkvMTEvc3RheV9haGVhZF9oZWFkZXIucG5n.webp","datePublished":"2019-11-27T14:37:04+00:00","dateModified":"2019-11-27T15:14:29+00:00","description":"Les experts de la vente qui favorisent l'excellence des ventes par le d\u00e9veloppement des personnes et des processus. Nous fournissons des solutions sur mesure pour augmenter les r\u00e9sultats des ventes et atteindre l'excellence commerciale pour nos clients.","breadcrumb":{"@id":"https:\/\/mercuri.be\/sales-training-mercuri-international\/#breadcrumb"},"inLanguage":"fr-BE","potentialAction":[{"@type":"ReadAction","target":["https:\/\/mercuri.be\/sales-training-mercuri-international\/"]}]},{"@type":"ImageObject","inLanguage":"fr-BE","@id":"https:\/\/mercuri.be\/sales-training-mercuri-international\/#primaryimage","url":"https:\/\/mercuri.net\/img-srv\/lQ22OBnPA4s4fh_qN5-RYL-oZsv75gZZPT59uAwO-jE\/resizing_type:auto\/width:0\/height:0\/gravity:sm\/enlarge:1\/ext:webp\/strip_metadata:1\/quality:100\/cachebuster:filesize-3055141\/bG9jYWw6Ly8vbWVyY3VyaS5uZXQvd3AtY29udGVudC91cGxvYWRzL3NpdGVzLzIzLzIwMTkvMTEvc3RheV9haGVhZF9oZWFkZXIucG5n.webp","contentUrl":"https:\/\/mercuri.net\/img-srv\/lQ22OBnPA4s4fh_qN5-RYL-oZsv75gZZPT59uAwO-jE\/resizing_type:auto\/width:0\/height:0\/gravity:sm\/enlarge:1\/ext:webp\/strip_metadata:1\/quality:100\/cachebuster:filesize-3055141\/bG9jYWw6Ly8vbWVyY3VyaS5uZXQvd3AtY29udGVudC91cGxvYWRzL3NpdGVzLzIzLzIwMTkvMTEvc3RheV9haGVhZF9oZWFkZXIucG5n.webp","width":2880,"height":1120},{"@type":"BreadcrumbList","@id":"https:\/\/mercuri.be\/sales-training-mercuri-international\/#breadcrumb","itemListElement":[{"@type":"ListItem","position":1,"name":"Home","item":"https:\/\/mercuri.be\/"},{"@type":"ListItem","position":2,"name":"Sales training Mercuri International"}]},{"@type":"WebSite","@id":"https:\/\/mercuri.be\/#website","url":"https:\/\/mercuri.be\/","name":"Mercuri Belgique","description":"Site de Mercuri International Belgium","potentialAction":[{"@type":"SearchAction","target":{"@type":"EntryPoint","urlTemplate":"https:\/\/mercuri.be\/?s={search_term_string}"},"query-input":{"@type":"PropertyValueSpecification","valueRequired":true,"valueName":"search_term_string"}}],"inLanguage":"fr-BE"}]}},"_links":{"self":[{"href":"https:\/\/mercuri.be\/fr\/wp-json\/wp\/v2\/pages\/2397","targetHints":{"allow":["GET"]}}],"collection":[{"href":"https:\/\/mercuri.be\/fr\/wp-json\/wp\/v2\/pages"}],"about":[{"href":"https:\/\/mercuri.be\/fr\/wp-json\/wp\/v2\/types\/page"}],"author":[{"embeddable":true,"href":"https:\/\/mercuri.be\/fr\/wp-json\/wp\/v2\/users\/43"}],"replies":[{"embeddable":true,"href":"https:\/\/mercuri.be\/fr\/wp-json\/wp\/v2\/comments?post=2397"}],"version-history":[{"count":7,"href":"https:\/\/mercuri.be\/fr\/wp-json\/wp\/v2\/pages\/2397\/revisions"}],"predecessor-version":[{"id":2404,"href":"https:\/\/mercuri.be\/fr\/wp-json\/wp\/v2\/pages\/2397\/revisions\/2404"}],"wp:featuredmedia":[{"embeddable":true,"href":"https:\/\/mercuri.be\/fr\/wp-json\/wp\/v2\/media\/2371"}],"wp:attachment":[{"href":"https:\/\/mercuri.be\/fr\/wp-json\/wp\/v2\/media?parent=2397"}],"curies":[{"name":"wp","href":"https:\/\/api.w.org\/{rel}","templated":true}]}}