{"id":225,"date":"2018-11-16T11:31:18","date_gmt":"2018-11-16T11:31:18","guid":{"rendered":"https:\/\/mercuri.be\/from-opportunity-to-order-why-opportunity-management-is-important\/"},"modified":"2019-07-15T09:26:50","modified_gmt":"2019-07-15T09:26:50","slug":"de-lopportunite-a-la-commande-pourquoi-la-gestion-des-opportunites-est-importante","status":"publish","type":"page","link":"https:\/\/mercuri.be\/fr\/de-lopportunite-a-la-commande-pourquoi-la-gestion-des-opportunites-est-importante\/","title":{"rendered":"De l'opportunit\u00e9 \u00e0 la commande \u2013 Pourquoi la gestion des opportunit\u00e9s est importante"},"content":{"rendered":"<p class=\"wp-block-subhead\"><a href=\"https:\/\/view.pagetiger.com\/O2O\/Netherlands\" target=\"_blank\" rel=\"noreferrer noopener\"><strong>O2O de Opportunity \u00e0 Order.<\/strong><\/a><br>Aide les entreprises \u00e0 conclure davantage de transactions. De nombreuses organisations souhaitent augmenter leur taux de r\u00e9ussite pour convertir de grandes opportunit\u00e9s en commandes, notamment lorsqu'il s'agit d'opportunit\u00e9s \u00e0 gros volumes ou marges, ou lorsqu'un client ou un produit strat\u00e9gique est en jeu.<\/p>\n\n\n\n<p>O2O est d\u00e9velopp\u00e9 pour cr\u00e9er un meilleur \u201cratio de r\u00e9ussite\u201d dans le suivi des opportunit\u00e9s identifi\u00e9es. Ce programme est une solution \u201chybride\u201d combinant l'e-learning et la formation classique, bas\u00e9e sur la m\u00e9thodologie certifi\u00e9e avec des formations bas\u00e9es sur des jeux de soci\u00e9t\u00e9, d\u00e9velopp\u00e9e par Celemi.<\/p>\n\n\n\n<p>O2O peut \u00e9galement \u00eatre associ\u00e9 \u00e0 un outil logiciel, d\u00e9velopp\u00e9 par Revegy pour g\u00e9rer les opportunit\u00e9s dans le travail quotidien.<\/p>\n\n\n\n<p><em>\u201cL\u2019O2O est une approche exig\u00e9e par le march\u00e9 et elle repose sur une plateforme qui en assure la mise en \u0153uvre.\u201d<\/em>, d\u00e9clare le chef de produit Robert Box, partenaire Mercuri International. \u201c De cette fa\u00e7on, les clients savent qu'ils obtiennent une solution de classe mondiale qui sera utilis\u00e9e par leur personnel \u201d<\/p>\n\n\n\n<p>Pour les entreprises qui travaillent avec ce programme, les avantages sont tr\u00e8s clairs.<br><em>\u201cNous avons mis en \u0153uvre l'approche O2O, car la m\u00e9thode de d\u00e9veloppement est moderne et int\u00e9ressante. Le concept O2O lui-m\u00eame est utilis\u00e9 au quotidien par nos charg\u00e9s de relation, avec de bons r\u00e9sultats.<\/em>\u2019 d\u00e9clare Zdenek Plas, directeur commercial chez VB Leasing en R\u00e9publique tch\u00e8que.<\/p>\n\n\n\n<div class=\"wp-block-button aligncenter\"><a class=\"wp-block-button__link\" href=\"https:\/\/mercuri.be\/wp-content\/uploads\/sites\/23\/2019\/01\/van_opportuniteit_tot_order.pdf\">T\u00e9l\u00e9charger le fichier<\/a><\/div>\n\n\n\n<p style=\"text-align:center\"><a href=\"mailto:%20info@mercuri.be\">Courriel : info@mercuri.be<\/a><\/p>\n\n\n\n<p style=\"text-align:center\"><a href=\"tel:%20+3222450240\">T\u00e9l : +32 2 245 02 40<\/a><\/p>\n\n\n\n<div class=\"wp-block-button aligncenter\"><a class=\"wp-block-button__link\" href=\"https:\/\/mercuri.be\/fr\/contact\/\">Aidez-moi<\/a><\/div>\n\n\n\n<ul class=\"wp-block-gallery alignfull columns-1 is-cropped wp-block-gallery-1 is-layout-flex wp-block-gallery-is-layout-flex\"><li class=\"blocks-gallery-item\"><figure><img loading=\"lazy\" decoding=\"async\" width=\"3990\" height=\"2632\" src=\"https:\/\/mercuri.be\/wp-content\/uploads\/sites\/23\/2018\/12\/istock-815666242-1.jpg\" alt=\"\" class=\"wp-image-825\" srcset=\"https:\/\/mercuri.be\/wp-content\/uploads\/sites\/23\/2018\/12\/istock-815666242-1.jpg 3990w, https:\/\/mercuri.be\/wp-content\/uploads\/sites\/23\/2018\/12\/istock-815666242-1-300x198.jpg 300w, https:\/\/mercuri.be\/wp-content\/uploads\/sites\/23\/2018\/12\/istock-815666242-1-768x507.jpg 768w, https:\/\/mercuri.be\/wp-content\/uploads\/sites\/23\/2018\/12\/istock-815666242-1-1024x675.jpg 1024w, https:\/\/mercuri.be\/wp-content\/uploads\/sites\/23\/2018\/12\/istock-815666242-1-268x178.jpg 268w, https:\/\/mercuri.be\/wp-content\/uploads\/sites\/23\/2018\/12\/istock-815666242-1-600x396.jpg 600w\" sizes=\"(max-width: 3990px) 100vw, 3990px\" \/><\/figure><\/li><\/ul>","protected":false},"excerpt":{"rendered":"<p>O2O is ontwikkelt om meer &#8220;win ratio&#8221; te cre\u00ebren bij het opvolgen van ge\u00efdentificeerde opportuniteiten. Dit programma is een &#8220;blended&#8221;<\/p>","protected":false},"author":1,"featured_media":0,"parent":0,"menu_order":0,"comment_status":"closed","ping_status":"closed","template":"","meta":{"_acf_changed":false,"_eb_attr":"","form_id":"","editor_notices":[],"footnotes":""},"class_list":["post-225","page","type-page","status-publish","hentry"],"acf":[],"yoast_head":"<!-- This site is optimized with the Yoast SEO plugin v26.6 - https:\/\/yoast.com\/wordpress\/plugins\/seo\/ -->\n<title>Mercuri - Marktleider in sales ontwikkeling - Opportunity management<\/title>\n<meta name=\"description\" content=\"Wilt u meer weten over opportunity management? Sales excellence - blended leren - verkoop training - Marktleider in sales ontwikkeling\" \/>\n<meta name=\"robots\" content=\"index, follow, max-snippet:-1, max-image-preview:large, max-video-preview:-1\" \/>\n<link rel=\"canonical\" href=\"https:\/\/mercuri.be\/fr\/de-lopportunite-a-la-commande-pourquoi-la-gestion-des-opportunites-est-importante\/\" \/>\n<meta property=\"og:locale\" content=\"fr_FR\" \/>\n<meta property=\"og:type\" content=\"article\" \/>\n<meta property=\"og:title\" content=\"Mercuri - Marktleider in sales ontwikkeling - Opportunity management\" \/>\n<meta property=\"og:description\" content=\"Wilt u meer weten over opportunity management? Sales excellence - blended leren - verkoop training - Marktleider in sales ontwikkeling\" \/>\n<meta property=\"og:url\" content=\"https:\/\/mercuri.be\/fr\/de-lopportunite-a-la-commande-pourquoi-la-gestion-des-opportunites-est-importante\/\" \/>\n<meta property=\"og:site_name\" content=\"Mercuri Belgium\" \/>\n<meta property=\"article:modified_time\" content=\"2019-07-15T09:26:50+00:00\" \/>\n<meta property=\"og:image\" content=\"https:\/\/mercuri.be\/wp-content\/uploads\/sites\/23\/2018\/12\/istock-815666242-1.jpg\" \/>\n<meta name=\"twitter:card\" content=\"summary_large_image\" \/>\n<meta name=\"twitter:label1\" content=\"Est. reading time\" \/>\n\t<meta name=\"twitter:data1\" content=\"1 minute\" \/>\n<script type=\"application\/ld+json\" class=\"yoast-schema-graph\">{\"@context\":\"https:\/\/schema.org\",\"@graph\":[{\"@type\":\"WebPage\",\"@id\":\"https:\/\/mercuri.be\/from-opportunity-to-order-why-opportunity-management-is-important\/\",\"url\":\"https:\/\/mercuri.be\/from-opportunity-to-order-why-opportunity-management-is-important\/\",\"name\":\"Mercuri - Marktleider in sales ontwikkeling - Opportunity management\",\"isPartOf\":{\"@id\":\"https:\/\/mercuri.be\/#website\"},\"primaryImageOfPage\":{\"@id\":\"https:\/\/mercuri.be\/from-opportunity-to-order-why-opportunity-management-is-important\/#primaryimage\"},\"image\":{\"@id\":\"https:\/\/mercuri.be\/from-opportunity-to-order-why-opportunity-management-is-important\/#primaryimage\"},\"thumbnailUrl\":\"https:\/\/mercuri.be\/wp-content\/uploads\/sites\/23\/2018\/12\/istock-815666242-1.jpg\",\"datePublished\":\"2018-11-16T11:31:18+00:00\",\"dateModified\":\"2019-07-15T09:26:50+00:00\",\"description\":\"Wilt u meer weten over opportunity management? Sales excellence - blended leren - verkoop training - Marktleider in sales ontwikkeling\",\"breadcrumb\":{\"@id\":\"https:\/\/mercuri.be\/from-opportunity-to-order-why-opportunity-management-is-important\/#breadcrumb\"},\"inLanguage\":\"fr-BE\",\"potentialAction\":[{\"@type\":\"ReadAction\",\"target\":[\"https:\/\/mercuri.be\/from-opportunity-to-order-why-opportunity-management-is-important\/\"]}]},{\"@type\":\"ImageObject\",\"inLanguage\":\"fr-BE\",\"@id\":\"https:\/\/mercuri.be\/from-opportunity-to-order-why-opportunity-management-is-important\/#primaryimage\",\"url\":\"https:\/\/mercuri.be\/wp-content\/uploads\/sites\/23\/2018\/12\/istock-815666242-1.jpg\",\"contentUrl\":\"https:\/\/mercuri.be\/wp-content\/uploads\/sites\/23\/2018\/12\/istock-815666242-1.jpg\"},{\"@type\":\"BreadcrumbList\",\"@id\":\"https:\/\/mercuri.be\/from-opportunity-to-order-why-opportunity-management-is-important\/#breadcrumb\",\"itemListElement\":[{\"@type\":\"ListItem\",\"position\":1,\"name\":\"Home\",\"item\":\"https:\/\/mercuri.be\/\"},{\"@type\":\"ListItem\",\"position\":2,\"name\":\"From Opportunity To Order &#8211; Why Opportunity Management Is Important\"}]},{\"@type\":\"WebSite\",\"@id\":\"https:\/\/mercuri.be\/#website\",\"url\":\"https:\/\/mercuri.be\/\",\"name\":\"Mercuri Belgium\",\"description\":\"Mercuri International Belgium site\",\"potentialAction\":[{\"@type\":\"SearchAction\",\"target\":{\"@type\":\"EntryPoint\",\"urlTemplate\":\"https:\/\/mercuri.be\/?s={search_term_string}\"},\"query-input\":{\"@type\":\"PropertyValueSpecification\",\"valueRequired\":true,\"valueName\":\"search_term_string\"}}],\"inLanguage\":\"fr-BE\"}]}<\/script>\n<!-- \/ Yoast SEO plugin. -->","yoast_head_json":{"title":"Mercuri - Marktleider in sales ontwikkeling - Opportunity management","description":"Wilt u meer weten over opportunity management? Sales excellence - blended leren - verkoop training - Marktleider in sales ontwikkeling","robots":{"index":"index","follow":"follow","max-snippet":"max-snippet:-1","max-image-preview":"max-image-preview:large","max-video-preview":"max-video-preview:-1"},"canonical":"https:\/\/mercuri.be\/fr\/de-lopportunite-a-la-commande-pourquoi-la-gestion-des-opportunites-est-importante\/","og_locale":"fr_FR","og_type":"article","og_title":"Mercuri - Marktleider in sales ontwikkeling - Opportunity management","og_description":"Wilt u meer weten over opportunity management? Sales excellence - blended leren - verkoop training - Marktleider in sales ontwikkeling","og_url":"https:\/\/mercuri.be\/fr\/de-lopportunite-a-la-commande-pourquoi-la-gestion-des-opportunites-est-importante\/","og_site_name":"Mercuri Belgium","article_modified_time":"2019-07-15T09:26:50+00:00","og_image":[{"url":"https:\/\/mercuri.be\/wp-content\/uploads\/sites\/23\/2018\/12\/istock-815666242-1.jpg","type":"","width":"","height":""}],"twitter_card":"summary_large_image","twitter_misc":{"Est. reading time":"1 minute"},"schema":{"@context":"https:\/\/schema.org","@graph":[{"@type":"WebPage","@id":"https:\/\/mercuri.be\/from-opportunity-to-order-why-opportunity-management-is-important\/","url":"https:\/\/mercuri.be\/from-opportunity-to-order-why-opportunity-management-is-important\/","name":"Mercuri - Marktleider in sales ontwikkeling - Opportunity management","isPartOf":{"@id":"https:\/\/mercuri.be\/#website"},"primaryImageOfPage":{"@id":"https:\/\/mercuri.be\/from-opportunity-to-order-why-opportunity-management-is-important\/#primaryimage"},"image":{"@id":"https:\/\/mercuri.be\/from-opportunity-to-order-why-opportunity-management-is-important\/#primaryimage"},"thumbnailUrl":"https:\/\/mercuri.be\/wp-content\/uploads\/sites\/23\/2018\/12\/istock-815666242-1.jpg","datePublished":"2018-11-16T11:31:18+00:00","dateModified":"2019-07-15T09:26:50+00:00","description":"Wilt u meer weten over opportunity management? Sales excellence - blended leren - verkoop training - Marktleider in sales ontwikkeling","breadcrumb":{"@id":"https:\/\/mercuri.be\/from-opportunity-to-order-why-opportunity-management-is-important\/#breadcrumb"},"inLanguage":"fr-BE","potentialAction":[{"@type":"ReadAction","target":["https:\/\/mercuri.be\/from-opportunity-to-order-why-opportunity-management-is-important\/"]}]},{"@type":"ImageObject","inLanguage":"fr-BE","@id":"https:\/\/mercuri.be\/from-opportunity-to-order-why-opportunity-management-is-important\/#primaryimage","url":"https:\/\/mercuri.be\/wp-content\/uploads\/sites\/23\/2018\/12\/istock-815666242-1.jpg","contentUrl":"https:\/\/mercuri.be\/wp-content\/uploads\/sites\/23\/2018\/12\/istock-815666242-1.jpg"},{"@type":"BreadcrumbList","@id":"https:\/\/mercuri.be\/from-opportunity-to-order-why-opportunity-management-is-important\/#breadcrumb","itemListElement":[{"@type":"ListItem","position":1,"name":"Home","item":"https:\/\/mercuri.be\/"},{"@type":"ListItem","position":2,"name":"From Opportunity To Order &#8211; Why Opportunity Management Is Important"}]},{"@type":"WebSite","@id":"https:\/\/mercuri.be\/#website","url":"https:\/\/mercuri.be\/","name":"Mercuri Belgique","description":"Site de Mercuri International Belgium","potentialAction":[{"@type":"SearchAction","target":{"@type":"EntryPoint","urlTemplate":"https:\/\/mercuri.be\/?s={search_term_string}"},"query-input":{"@type":"PropertyValueSpecification","valueRequired":true,"valueName":"search_term_string"}}],"inLanguage":"fr-BE"}]}},"_links":{"self":[{"href":"https:\/\/mercuri.be\/fr\/wp-json\/wp\/v2\/pages\/225","targetHints":{"allow":["GET"]}}],"collection":[{"href":"https:\/\/mercuri.be\/fr\/wp-json\/wp\/v2\/pages"}],"about":[{"href":"https:\/\/mercuri.be\/fr\/wp-json\/wp\/v2\/types\/page"}],"author":[{"embeddable":true,"href":"https:\/\/mercuri.be\/fr\/wp-json\/wp\/v2\/users\/1"}],"replies":[{"embeddable":true,"href":"https:\/\/mercuri.be\/fr\/wp-json\/wp\/v2\/comments?post=225"}],"version-history":[{"count":11,"href":"https:\/\/mercuri.be\/fr\/wp-json\/wp\/v2\/pages\/225\/revisions"}],"predecessor-version":[{"id":2278,"href":"https:\/\/mercuri.be\/fr\/wp-json\/wp\/v2\/pages\/225\/revisions\/2278"}],"wp:attachment":[{"href":"https:\/\/mercuri.be\/fr\/wp-json\/wp\/v2\/media?parent=225"}],"curies":[{"name":"wp","href":"https:\/\/api.w.org\/{rel}","templated":true}]}}