{"id":2215,"date":"2019-06-17T13:30:27","date_gmt":"2019-06-17T13:30:27","guid":{"rendered":"https:\/\/mercuri.be\/?page_id=2215"},"modified":"2019-06-19T09:07:59","modified_gmt":"2019-06-19T09:07:59","slug":"lemporter-sur-votre-concurrent","status":"publish","type":"page","link":"https:\/\/mercuri.be\/fr\/lemporter-sur-votre-concurrent\/","title":{"rendered":"Gagnez sur votre concurrent"},"content":{"rendered":"<p>Votre entreprise op\u00e8re-t-elle sur un march\u00e9 presque satur\u00e9 ? La croissance de votre entreprise ne peut alors se faire qu'en gagnant des clients sur les concurrents. Mais comme les clients potentiels ont souvent d\u00e9j\u00e0 une attitude favorable \u00e0 l'\u00e9gard de leur partenaire actuel, un changement de mentalit\u00e9 s'impose. Les analyses SWOT, le positionnement et les propositions de valeur des services de marketing ne suffisent malheureusement plus. Il faut plus pour conqu\u00e9rir les clients. C'est pourquoi Mercuri a d\u00e9velopp\u00e9 le concept des six champs de bataille. De cette mani\u00e8re, votre concurrent n'est pas pris au d\u00e9pourvu et obtient <em>vous<\/em> les nouveaux clients arrivent.<\/p>\n\n\n\n<h2 class=\"wp-block-heading\">Un concept puissant<\/h2>\n\n\n\n<p>La compr\u00e9hension des six champs de bataille jette un nouvel \u00e9clairage sur la position de votre entreprise par rapport \u00e0 la concurrence. Alors qu'une analyse SWOT porte sur le march\u00e9 dans son ensemble, le concept des six champs de bataille se concentre sur les profils d'offre de votre entreprise et de la concurrence. Il s'agit en quelque sorte d'une vue d'ensemble qui met en \u00e9vidence les forces et les faiblesses de chaque entreprise. Votre \u00e9quipe de vente peut alors facilement dissiper l'impression g\u00e9n\u00e9rale qu'ont les clients que tous les fournisseurs sont identiques. <\/p>\n\n\n\n<blockquote class=\"wp-block-quote is-layout-flow wp-block-quote-is-layout-flow\"><p>L'un de nos participants t\u00e9moigne : \"Gr\u00e2ce \u00e0 l'aide de Mercuri, j'ai red\u00e9couvert la valeur la plus essentielle de notre produit, ce qui rend la victoire sur le concurrent beaucoup plus facile\". <\/p><\/blockquote>\n\n\n\n<h2 class=\"wp-block-heading\">Soyez forts avec Mercuri<\/h2>\n\n\n\n<p>Les champs de bataille individuels sont constitu\u00e9s d'une combinaison des exigences du client, de votre propre offre et du profil de l'offre du concurrent. En sachant cela, vous aiderez votre client \u00e0 appr\u00e9cier une situation de concurrence. Apr\u00e8s tout, chaque champ de bataille est diff\u00e9rent et n\u00e9cessite une strat\u00e9gie de communication diff\u00e9rente. Ainsi, le concept des six champs de bataille vous fournit des munitions puissantes \u00e0 chaque moment de la bataille. Pour convaincre le client de mani\u00e8re coh\u00e9rente, les \u00e9quipes de vente doivent donc \u00eatre bien arm\u00e9es. <\/p>\n\n\n\n<blockquote class=\"wp-block-quote is-layout-flow wp-block-quote-is-layout-flow\"><p>L'un de nos participants a d\u00e9clar\u00e9 : \"Je peux maintenant \u00eatre beaucoup plus concentr\u00e9 dans les situations de concurrence et me concentrer sur ce qui nous distingue vraiment, sans avoir \u00e0 accorder ce rabais suppl\u00e9mentaire\". <\/p><\/blockquote>\n\n\n\n<p>Avec Mercuri, changez \u00e9galement l'\u00e9tat d'esprit de votre client potentiel. <\/p>","protected":false},"excerpt":{"rendered":"<p>Opereert jouw bedrijf op een bijna verzadigde markt? Groei van het eigen bedrijf kan dan alleen door klanten te winnen<\/p>","protected":false},"author":43,"featured_media":0,"parent":0,"menu_order":0,"comment_status":"closed","ping_status":"closed","template":"","meta":{"_acf_changed":false,"_eb_attr":"","form_id":"","editor_notices":[],"footnotes":""},"class_list":["post-2215","page","type-page","status-publish","hentry"],"acf":[],"yoast_head":"<!-- This site is optimized with the Yoast SEO plugin v26.6 - https:\/\/yoast.com\/wordpress\/plugins\/seo\/ -->\n<title>Win van je concurrent - Mercuri Belgium<\/title>\n<meta name=\"description\" content=\"Groei van het eigen bedrijf kan alleen door klanten te winnen van de concurrent. Daarom ontwikkelde Mercuri het Six Battlefields-concept. Lees hier meer.\" \/>\n<meta name=\"robots\" content=\"index, follow, max-snippet:-1, max-image-preview:large, max-video-preview:-1\" \/>\n<link rel=\"canonical\" href=\"https:\/\/mercuri.be\/fr\/lemporter-sur-votre-concurrent\/\" \/>\n<meta property=\"og:locale\" content=\"fr_FR\" \/>\n<meta property=\"og:type\" content=\"article\" \/>\n<meta property=\"og:title\" content=\"Win van je concurrent - Mercuri Belgium\" \/>\n<meta property=\"og:description\" content=\"Groei van het eigen bedrijf kan alleen door klanten te winnen van de concurrent. Daarom ontwikkelde Mercuri het Six Battlefields-concept. Lees hier meer.\" \/>\n<meta property=\"og:url\" content=\"https:\/\/mercuri.be\/fr\/lemporter-sur-votre-concurrent\/\" \/>\n<meta property=\"og:site_name\" content=\"Mercuri Belgium\" \/>\n<meta property=\"article:modified_time\" content=\"2019-06-19T09:07:59+00:00\" \/>\n<meta name=\"twitter:card\" content=\"summary_large_image\" \/>\n<meta name=\"twitter:label1\" content=\"Est. reading time\" \/>\n\t<meta name=\"twitter:data1\" content=\"2 minutes\" \/>\n<script type=\"application\/ld+json\" class=\"yoast-schema-graph\">{\"@context\":\"https:\/\/schema.org\",\"@graph\":[{\"@type\":\"WebPage\",\"@id\":\"https:\/\/mercuri.be\/win-van-je-concurrent\/\",\"url\":\"https:\/\/mercuri.be\/win-van-je-concurrent\/\",\"name\":\"Win van je concurrent - Mercuri Belgium\",\"isPartOf\":{\"@id\":\"https:\/\/mercuri.be\/#website\"},\"datePublished\":\"2019-06-17T13:30:27+00:00\",\"dateModified\":\"2019-06-19T09:07:59+00:00\",\"description\":\"Groei van het eigen bedrijf kan alleen door klanten te winnen van de concurrent. Daarom ontwikkelde Mercuri het Six Battlefields-concept. Lees hier meer.\",\"breadcrumb\":{\"@id\":\"https:\/\/mercuri.be\/win-van-je-concurrent\/#breadcrumb\"},\"inLanguage\":\"fr-BE\",\"potentialAction\":[{\"@type\":\"ReadAction\",\"target\":[\"https:\/\/mercuri.be\/win-van-je-concurrent\/\"]}]},{\"@type\":\"BreadcrumbList\",\"@id\":\"https:\/\/mercuri.be\/win-van-je-concurrent\/#breadcrumb\",\"itemListElement\":[{\"@type\":\"ListItem\",\"position\":1,\"name\":\"Home\",\"item\":\"https:\/\/mercuri.be\/\"},{\"@type\":\"ListItem\",\"position\":2,\"name\":\"Win van je concurrent\"}]},{\"@type\":\"WebSite\",\"@id\":\"https:\/\/mercuri.be\/#website\",\"url\":\"https:\/\/mercuri.be\/\",\"name\":\"Mercuri Belgium\",\"description\":\"Mercuri International Belgium site\",\"potentialAction\":[{\"@type\":\"SearchAction\",\"target\":{\"@type\":\"EntryPoint\",\"urlTemplate\":\"https:\/\/mercuri.be\/?s={search_term_string}\"},\"query-input\":{\"@type\":\"PropertyValueSpecification\",\"valueRequired\":true,\"valueName\":\"search_term_string\"}}],\"inLanguage\":\"fr-BE\"}]}<\/script>\n<!-- \/ Yoast SEO plugin. -->","yoast_head_json":{"title":"Win van je concurrent - Mercuri Belgium","description":"Groei van het eigen bedrijf kan alleen door klanten te winnen van de concurrent. Daarom ontwikkelde Mercuri het Six Battlefields-concept. Lees hier meer.","robots":{"index":"index","follow":"follow","max-snippet":"max-snippet:-1","max-image-preview":"max-image-preview:large","max-video-preview":"max-video-preview:-1"},"canonical":"https:\/\/mercuri.be\/fr\/lemporter-sur-votre-concurrent\/","og_locale":"fr_FR","og_type":"article","og_title":"Win van je concurrent - Mercuri Belgium","og_description":"Groei van het eigen bedrijf kan alleen door klanten te winnen van de concurrent. Daarom ontwikkelde Mercuri het Six Battlefields-concept. Lees hier meer.","og_url":"https:\/\/mercuri.be\/fr\/lemporter-sur-votre-concurrent\/","og_site_name":"Mercuri Belgium","article_modified_time":"2019-06-19T09:07:59+00:00","twitter_card":"summary_large_image","twitter_misc":{"Est. reading time":"2 minutes"},"schema":{"@context":"https:\/\/schema.org","@graph":[{"@type":"WebPage","@id":"https:\/\/mercuri.be\/win-van-je-concurrent\/","url":"https:\/\/mercuri.be\/win-van-je-concurrent\/","name":"Win van je concurrent - Mercuri Belgium","isPartOf":{"@id":"https:\/\/mercuri.be\/#website"},"datePublished":"2019-06-17T13:30:27+00:00","dateModified":"2019-06-19T09:07:59+00:00","description":"Groei van het eigen bedrijf kan alleen door klanten te winnen van de concurrent. Daarom ontwikkelde Mercuri het Six Battlefields-concept. Lees hier meer.","breadcrumb":{"@id":"https:\/\/mercuri.be\/win-van-je-concurrent\/#breadcrumb"},"inLanguage":"fr-BE","potentialAction":[{"@type":"ReadAction","target":["https:\/\/mercuri.be\/win-van-je-concurrent\/"]}]},{"@type":"BreadcrumbList","@id":"https:\/\/mercuri.be\/win-van-je-concurrent\/#breadcrumb","itemListElement":[{"@type":"ListItem","position":1,"name":"Home","item":"https:\/\/mercuri.be\/"},{"@type":"ListItem","position":2,"name":"Win van je concurrent"}]},{"@type":"WebSite","@id":"https:\/\/mercuri.be\/#website","url":"https:\/\/mercuri.be\/","name":"Mercuri Belgique","description":"Site de Mercuri International Belgium","potentialAction":[{"@type":"SearchAction","target":{"@type":"EntryPoint","urlTemplate":"https:\/\/mercuri.be\/?s={search_term_string}"},"query-input":{"@type":"PropertyValueSpecification","valueRequired":true,"valueName":"search_term_string"}}],"inLanguage":"fr-BE"}]}},"_links":{"self":[{"href":"https:\/\/mercuri.be\/fr\/wp-json\/wp\/v2\/pages\/2215","targetHints":{"allow":["GET"]}}],"collection":[{"href":"https:\/\/mercuri.be\/fr\/wp-json\/wp\/v2\/pages"}],"about":[{"href":"https:\/\/mercuri.be\/fr\/wp-json\/wp\/v2\/types\/page"}],"author":[{"embeddable":true,"href":"https:\/\/mercuri.be\/fr\/wp-json\/wp\/v2\/users\/43"}],"replies":[{"embeddable":true,"href":"https:\/\/mercuri.be\/fr\/wp-json\/wp\/v2\/comments?post=2215"}],"version-history":[{"count":12,"href":"https:\/\/mercuri.be\/fr\/wp-json\/wp\/v2\/pages\/2215\/revisions"}],"predecessor-version":[{"id":2251,"href":"https:\/\/mercuri.be\/fr\/wp-json\/wp\/v2\/pages\/2215\/revisions\/2251"}],"wp:attachment":[{"href":"https:\/\/mercuri.be\/fr\/wp-json\/wp\/v2\/media?parent=2215"}],"curies":[{"name":"wp","href":"https:\/\/api.w.org\/{rel}","templated":true}]}}