{"id":2067,"date":"2019-05-20T14:09:22","date_gmt":"2019-05-20T14:09:22","guid":{"rendered":"https:\/\/mercuri.be\/?page_id=2067"},"modified":"2023-02-01T11:03:39","modified_gmt":"2023-02-01T11:03:39","slug":"conseil-en-vente","status":"publish","type":"page","link":"https:\/\/mercuri.be\/fr\/conseil-en-vente\/","title":{"rendered":"Conseil en vente"},"content":{"rendered":"<div class=\"wp-block-image\"><figure class=\"alignright is-resized\"><img loading=\"lazy\" decoding=\"async\" src=\"https:\/\/mercuri.be\/wp-content\/uploads\/sites\/23\/2019\/05\/sales-consulting-300x300.png\" alt=\"\" class=\"wp-image-2068\" width=\"248\" height=\"248\" srcset=\"https:\/\/mercuri.be\/wp-content\/uploads\/sites\/23\/2019\/05\/sales-consulting-300x300.png 300w, https:\/\/mercuri.be\/wp-content\/uploads\/sites\/23\/2019\/05\/sales-consulting-300x300-100x100.png 100w\" sizes=\"(max-width: 248px) 100vw, 248px\" \/><\/figure><\/div>\n\n\n\n<h3 class=\"wp-block-heading\">Les performances commerciales sont directement li\u00e9es \u00e0 la qualit\u00e9 de l'\u00e9quipe de vente.<\/h3>\n\n\n\n<p>Nous soutenons la mise en \u0153uvre et accompagnons les diff\u00e9rentes \u00e9quipes dans tous les pays o\u00f9 vous travaillez, afin que vous puissiez aligner les ventes et la nouvelle m\u00e9thode de travail sur l'ensemble de l'organisation.<\/p>\n\n\n\n<h4 class=\"wp-block-heading\">Conseil en vente avec gestion<\/h4>\n\n\n\n<p>Nous sommes une soci\u00e9t\u00e9 de conseil en vente et nous aidons les \u00e9quipes de vente \u00e0 se d\u00e9velopper. Nous identifions les domaines dans lesquels vous pouvez am\u00e9liorer la strat\u00e9gie et le processus de vente, et nous fournissons des conseils en mati\u00e8re de vente afin que les activit\u00e9s de vente \u00e9voluent dans la bonne direction en termes de quantit\u00e9 et de qualit\u00e9. En outre, nous vous aidons \u00e0 mettre en place un mod\u00e8le d'indicateurs cl\u00e9s de performance et un mod\u00e8le de direction des ventes qui correspondent aux d\u00e9fis et aux objectifs actuels.<\/p>\n\n\n\n<div class=\"wp-block-button\"><a class=\"wp-block-button__link\" href=\"https:\/\/mercuri.be\/fr\/ameliorer-votre-entreprise-grace-a-la-gestion-des-ventes\/\">Gestion des ventes<\/a><\/div>\n\n\n\n<h4 class=\"wp-block-heading\">Mise en \u0153uvre de la strat\u00e9gie de vente<\/h4>\n\n\n\n<p>Nous donnons vie \u00e0 votre strat\u00e9gie de vente en alignant les \u00e9quipes sur les m\u00eames objectifs et en veillant \u00e0 ce que le message et la vision de l'entreprise soient transmis, de sorte que la strat\u00e9gie de vente soit r\u00e9ellement mise en \u0153uvre.<br><\/p>\n\n\n\n<h4 class=\"wp-block-heading\">Mise en place d'une organisation de vente - le processus de vente<\/h4>\n\n\n\n<p>Nous aidons \u00e0 am\u00e9liorer les taux de conversion et la pr\u00e9cision des pr\u00e9visions et de la gestion du pipeline en alignant le processus de vente sur le parcours d'achat du client.<\/p>\n\n\n\n<h4 class=\"wp-block-heading\">Conseil en vente avec des conseils sur la gestion du changement<\/h4>\n\n\n\n<p>Le parcours d'achat du client a chang\u00e9. Les exigences et les attentes \u00e9lev\u00e9es des clients \u00e0 tous les moments du contact obligent les organisations de vente \u00e0 changer et \u00e0 s'adapter \u00e0 une nouvelle fa\u00e7on de travailler. Le parcours d'achat du client a chang\u00e9. Les exigences et les attentes \u00e9lev\u00e9es du client \u00e0 tous les moments de contact obligent les organisations de vente \u00e0 changer et \u00e0 s'adapter \u00e0 une nouvelle m\u00e9thode de travail.<\/p>\n\n\n\n<h4 class=\"wp-block-heading\">En savoir plus sur les outils de conseil en vente<\/h4>\n\n\n\n<p class=\"has-text-align-center\"><a href=\"https:\/\/mercuri.be\/fr\/analyse-de-la-force-de-vente-a\/\">Analyse de la force de vente<\/a><br><a href=\"https:\/\/mercuri.be\/fr\/evaluateur-des-ventes-evaluation-des-competences\/\">\u00c9valuateur des ventes<\/a><\/p>\n\n\n\n<div class=\"wp-block-button aligncenter\"><a class=\"wp-block-button__link\" href=\"https:\/\/mercuri.be\/fr\/gestion-du-changement\/\">Gestion du changement<\/a><\/div>\n\n\n\n<p style=\"text-align:center\"><a href=\"tel:+32 2 245 02 40\">Tel : +32 (0)2 245 02 40<\/a><\/p>\n\n\n\n\n\n<div class=\"wp-block-button aligncenter\"><a class=\"wp-block-button__link\" href=\"https:\/\/mercuri.be\/fr\/contact\/\">Aidez-moi<\/a><\/div>","protected":false},"excerpt":{"rendered":"<p>Verkoopresultaten hebben een direct verband met de kwaliteit van het verkoopteam. Wij ondersteunen bij de uitvoering en coachen alle verschillende<\/p>","protected":false},"author":43,"featured_media":0,"parent":0,"menu_order":0,"comment_status":"closed","ping_status":"closed","template":"","meta":{"_acf_changed":false,"_eb_attr":"","form_id":"","editor_notices":[],"footnotes":""},"class_list":["post-2067","page","type-page","status-publish","hentry"],"acf":[],"yoast_head":"<!-- This site is optimized with the Yoast SEO plugin v26.6 - https:\/\/yoast.com\/wordpress\/plugins\/seo\/ -->\n<title>Sales Consultancy | Sales Excellence | Mercuri International<\/title>\n<meta name=\"description\" content=\"Met sales consultancy helpen we verkoopresultaat te laten groeien. We analyseren waar uw sales strategie en sales proces kunt verbeteren.\" \/>\n<meta name=\"robots\" content=\"index, follow, max-snippet:-1, max-image-preview:large, max-video-preview:-1\" \/>\n<link rel=\"canonical\" href=\"https:\/\/mercuri.be\/fr\/conseil-en-vente\/\" \/>\n<meta property=\"og:locale\" content=\"fr_FR\" \/>\n<meta property=\"og:type\" content=\"article\" \/>\n<meta property=\"og:title\" content=\"Sales Consultancy | Sales Excellence | Mercuri International\" \/>\n<meta property=\"og:description\" content=\"Met sales consultancy helpen we verkoopresultaat te laten groeien. We analyseren waar uw sales strategie en sales proces kunt verbeteren.\" \/>\n<meta property=\"og:url\" content=\"https:\/\/mercuri.be\/fr\/conseil-en-vente\/\" \/>\n<meta property=\"og:site_name\" content=\"Mercuri Belgium\" \/>\n<meta property=\"article:modified_time\" content=\"2023-02-01T11:03:39+00:00\" \/>\n<meta property=\"og:image\" content=\"https:\/\/mercuri.be\/wp-content\/uploads\/sites\/23\/2019\/05\/sales-consulting-300x300.png\" \/>\n<meta name=\"twitter:card\" content=\"summary_large_image\" \/>\n<meta name=\"twitter:label1\" content=\"Est. reading time\" \/>\n\t<meta name=\"twitter:data1\" content=\"2 minutes\" \/>\n<script type=\"application\/ld+json\" class=\"yoast-schema-graph\">{\"@context\":\"https:\/\/schema.org\",\"@graph\":[{\"@type\":\"WebPage\",\"@id\":\"https:\/\/mercuri.be\/sales-consultancy\/\",\"url\":\"https:\/\/mercuri.be\/sales-consultancy\/\",\"name\":\"Sales Consultancy | Sales Excellence | Mercuri International\",\"isPartOf\":{\"@id\":\"https:\/\/mercuri.be\/#website\"},\"primaryImageOfPage\":{\"@id\":\"https:\/\/mercuri.be\/sales-consultancy\/#primaryimage\"},\"image\":{\"@id\":\"https:\/\/mercuri.be\/sales-consultancy\/#primaryimage\"},\"thumbnailUrl\":\"https:\/\/mercuri.be\/wp-content\/uploads\/sites\/23\/2019\/05\/sales-consulting-300x300.png\",\"datePublished\":\"2019-05-20T14:09:22+00:00\",\"dateModified\":\"2023-02-01T11:03:39+00:00\",\"description\":\"Met sales consultancy helpen we verkoopresultaat te laten groeien. We analyseren waar uw sales strategie en sales proces kunt verbeteren.\",\"breadcrumb\":{\"@id\":\"https:\/\/mercuri.be\/sales-consultancy\/#breadcrumb\"},\"inLanguage\":\"fr-BE\",\"potentialAction\":[{\"@type\":\"ReadAction\",\"target\":[\"https:\/\/mercuri.be\/sales-consultancy\/\"]}]},{\"@type\":\"ImageObject\",\"inLanguage\":\"fr-BE\",\"@id\":\"https:\/\/mercuri.be\/sales-consultancy\/#primaryimage\",\"url\":\"https:\/\/mercuri.be\/wp-content\/uploads\/sites\/23\/2019\/05\/sales-consulting-300x300.png\",\"contentUrl\":\"https:\/\/mercuri.be\/wp-content\/uploads\/sites\/23\/2019\/05\/sales-consulting-300x300.png\"},{\"@type\":\"BreadcrumbList\",\"@id\":\"https:\/\/mercuri.be\/sales-consultancy\/#breadcrumb\",\"itemListElement\":[{\"@type\":\"ListItem\",\"position\":1,\"name\":\"Home\",\"item\":\"https:\/\/mercuri.be\/\"},{\"@type\":\"ListItem\",\"position\":2,\"name\":\"Sales Consultancy\"}]},{\"@type\":\"WebSite\",\"@id\":\"https:\/\/mercuri.be\/#website\",\"url\":\"https:\/\/mercuri.be\/\",\"name\":\"Mercuri Belgium\",\"description\":\"Mercuri International Belgium site\",\"potentialAction\":[{\"@type\":\"SearchAction\",\"target\":{\"@type\":\"EntryPoint\",\"urlTemplate\":\"https:\/\/mercuri.be\/?s={search_term_string}\"},\"query-input\":{\"@type\":\"PropertyValueSpecification\",\"valueRequired\":true,\"valueName\":\"search_term_string\"}}],\"inLanguage\":\"fr-BE\"}]}<\/script>\n<!-- \/ Yoast SEO plugin. -->","yoast_head_json":{"title":"Sales Consultancy | Sales Excellence | Mercuri International","description":"Met sales consultancy helpen we verkoopresultaat te laten groeien. We analyseren waar uw sales strategie en sales proces kunt verbeteren.","robots":{"index":"index","follow":"follow","max-snippet":"max-snippet:-1","max-image-preview":"max-image-preview:large","max-video-preview":"max-video-preview:-1"},"canonical":"https:\/\/mercuri.be\/fr\/conseil-en-vente\/","og_locale":"fr_FR","og_type":"article","og_title":"Sales Consultancy | Sales Excellence | Mercuri International","og_description":"Met sales consultancy helpen we verkoopresultaat te laten groeien. We analyseren waar uw sales strategie en sales proces kunt verbeteren.","og_url":"https:\/\/mercuri.be\/fr\/conseil-en-vente\/","og_site_name":"Mercuri Belgium","article_modified_time":"2023-02-01T11:03:39+00:00","og_image":[{"url":"https:\/\/mercuri.be\/wp-content\/uploads\/sites\/23\/2019\/05\/sales-consulting-300x300.png","type":"","width":"","height":""}],"twitter_card":"summary_large_image","twitter_misc":{"Est. reading time":"2 minutes"},"schema":{"@context":"https:\/\/schema.org","@graph":[{"@type":"WebPage","@id":"https:\/\/mercuri.be\/sales-consultancy\/","url":"https:\/\/mercuri.be\/sales-consultancy\/","name":"Sales Consultancy | Sales Excellence | Mercuri International","isPartOf":{"@id":"https:\/\/mercuri.be\/#website"},"primaryImageOfPage":{"@id":"https:\/\/mercuri.be\/sales-consultancy\/#primaryimage"},"image":{"@id":"https:\/\/mercuri.be\/sales-consultancy\/#primaryimage"},"thumbnailUrl":"https:\/\/mercuri.be\/wp-content\/uploads\/sites\/23\/2019\/05\/sales-consulting-300x300.png","datePublished":"2019-05-20T14:09:22+00:00","dateModified":"2023-02-01T11:03:39+00:00","description":"Met sales consultancy helpen we verkoopresultaat te laten groeien. We analyseren waar uw sales strategie en sales proces kunt verbeteren.","breadcrumb":{"@id":"https:\/\/mercuri.be\/sales-consultancy\/#breadcrumb"},"inLanguage":"fr-BE","potentialAction":[{"@type":"ReadAction","target":["https:\/\/mercuri.be\/sales-consultancy\/"]}]},{"@type":"ImageObject","inLanguage":"fr-BE","@id":"https:\/\/mercuri.be\/sales-consultancy\/#primaryimage","url":"https:\/\/mercuri.be\/wp-content\/uploads\/sites\/23\/2019\/05\/sales-consulting-300x300.png","contentUrl":"https:\/\/mercuri.be\/wp-content\/uploads\/sites\/23\/2019\/05\/sales-consulting-300x300.png"},{"@type":"BreadcrumbList","@id":"https:\/\/mercuri.be\/sales-consultancy\/#breadcrumb","itemListElement":[{"@type":"ListItem","position":1,"name":"Home","item":"https:\/\/mercuri.be\/"},{"@type":"ListItem","position":2,"name":"Sales Consultancy"}]},{"@type":"WebSite","@id":"https:\/\/mercuri.be\/#website","url":"https:\/\/mercuri.be\/","name":"Mercuri Belgique","description":"Site de Mercuri International Belgium","potentialAction":[{"@type":"SearchAction","target":{"@type":"EntryPoint","urlTemplate":"https:\/\/mercuri.be\/?s={search_term_string}"},"query-input":{"@type":"PropertyValueSpecification","valueRequired":true,"valueName":"search_term_string"}}],"inLanguage":"fr-BE"}]}},"_links":{"self":[{"href":"https:\/\/mercuri.be\/fr\/wp-json\/wp\/v2\/pages\/2067","targetHints":{"allow":["GET"]}}],"collection":[{"href":"https:\/\/mercuri.be\/fr\/wp-json\/wp\/v2\/pages"}],"about":[{"href":"https:\/\/mercuri.be\/fr\/wp-json\/wp\/v2\/types\/page"}],"author":[{"embeddable":true,"href":"https:\/\/mercuri.be\/fr\/wp-json\/wp\/v2\/users\/43"}],"replies":[{"embeddable":true,"href":"https:\/\/mercuri.be\/fr\/wp-json\/wp\/v2\/comments?post=2067"}],"version-history":[{"count":15,"href":"https:\/\/mercuri.be\/fr\/wp-json\/wp\/v2\/pages\/2067\/revisions"}],"predecessor-version":[{"id":3666,"href":"https:\/\/mercuri.be\/fr\/wp-json\/wp\/v2\/pages\/2067\/revisions\/3666"}],"wp:attachment":[{"href":"https:\/\/mercuri.be\/fr\/wp-json\/wp\/v2\/media?parent=2067"}],"curies":[{"name":"wp","href":"https:\/\/api.w.org\/{rel}","templated":true}]}}