{"id":2041,"date":"2019-05-20T11:16:27","date_gmt":"2019-05-20T11:16:27","guid":{"rendered":"https:\/\/mercuri.be\/?page_id=2041"},"modified":"2019-06-05T09:22:45","modified_gmt":"2019-06-05T09:22:45","slug":"personnalisation","status":"publish","type":"page","link":"https:\/\/mercuri.be\/fr\/personnalisation\/","title":{"rendered":"Sur mesure"},"content":{"rendered":"<h3 class=\"wp-block-heading\">En identifiant les besoins, nous pouvons cr\u00e9er ensemble un programme de formation efficace et ax\u00e9 sur les r\u00e9sultats pour relever vos d\u00e9fis. <\/h3>\n\n\n\n<p>Le degr\u00e9 de personnalisation varie en fonction des besoins - entre modulaire et sur mesure. <\/p>\n\n\n\n<figure class=\"wp-block-image\"><img loading=\"lazy\" decoding=\"async\" width=\"768\" height=\"484\" src=\"https:\/\/mercuri.be\/wp-content\/uploads\/sites\/23\/2019\/05\/customization-levels-22x-768x484.png\" alt=\"\" class=\"wp-image-2042\" srcset=\"https:\/\/mercuri.be\/wp-content\/uploads\/sites\/23\/2019\/05\/customization-levels-22x-768x484.png 768w, https:\/\/mercuri.be\/wp-content\/uploads\/sites\/23\/2019\/05\/customization-levels-22x-768x484-300x189.png 300w, https:\/\/mercuri.be\/wp-content\/uploads\/sites\/23\/2019\/05\/customization-levels-22x-768x484-600x378.png 600w\" sizes=\"(max-width: 768px) 100vw, 768px\" \/><\/figure>\n\n\n\n<h4 class=\"wp-block-heading\"><strong>Branches<\/strong> <\/h4>\n\n\n\n<p>Gr\u00e2ce \u00e0 notre exp\u00e9rience, nous comprenons que les d\u00e9fis auxquels nos clients sont confront\u00e9s sont sp\u00e9cifiques \u00e0 leur secteur d'activit\u00e9. Avec plus de 50 ans d'exp\u00e9rience dans le d\u00e9veloppement des ventes, associ\u00e9e \u00e0 une recherche commerciale hautement sp\u00e9cialis\u00e9e et \u00e0 une exp\u00e9rience pratique, nous sommes le partenaire num\u00e9ro un en mati\u00e8re de formation et de conseil dans le domaine de la vente. En d\u00e9veloppant et en mettant en \u0153uvre nos services dans tous les secteurs d'activit\u00e9, nos \"Global Industry Experts\" sp\u00e9cialement d\u00e9sign\u00e9s garantissent que nous sommes \u00e0 l'avant-garde des tendances, quel que soit le secteur d'activit\u00e9. <\/p>\n\n\n\n\n\n<p style=\"text-align:center\"><a href=\"tel:+32 2 245 02 40\">Tel : +32 (0)2 245 02 40<\/a><\/p>\n\n\n\n<div class=\"wp-block-button aligncenter\"><a class=\"wp-block-button__link\" href=\"https:\/\/mercuri.be\/fr\/contact\/\">Aidez-moi<\/a><\/div>","protected":false},"excerpt":{"rendered":"<p>Door de behoeften in te kaart te brengen, kunnen we samen een resultaatgericht en effici\u00ebnt trainingsprogramma cre\u00ebren om jullie uitdagingen<\/p>","protected":false},"author":43,"featured_media":0,"parent":0,"menu_order":0,"comment_status":"closed","ping_status":"closed","template":"","meta":{"_acf_changed":false,"_eb_attr":"","form_id":"","editor_notices":[],"footnotes":""},"class_list":["post-2041","page","type-page","status-publish","hentry"],"acf":[],"yoast_head":"<!-- This site is optimized with the Yoast SEO plugin v26.6 - https:\/\/yoast.com\/wordpress\/plugins\/seo\/ -->\n<title>Maatwerk - Mercuri Belgium<\/title>\n<meta name=\"robots\" content=\"index, follow, max-snippet:-1, max-image-preview:large, max-video-preview:-1\" \/>\n<link rel=\"canonical\" href=\"https:\/\/mercuri.be\/fr\/personnalisation\/\" \/>\n<meta property=\"og:locale\" content=\"fr_FR\" \/>\n<meta property=\"og:type\" content=\"article\" \/>\n<meta property=\"og:title\" content=\"Maatwerk - Mercuri Belgium\" \/>\n<meta property=\"og:description\" content=\"Door de behoeften in te kaart te brengen, kunnen we samen een resultaatgericht en effici\u00ebnt trainingsprogramma cre\u00ebren om jullie uitdagingen\" \/>\n<meta property=\"og:url\" content=\"https:\/\/mercuri.be\/fr\/personnalisation\/\" \/>\n<meta property=\"og:site_name\" content=\"Mercuri Belgium\" \/>\n<meta property=\"article:modified_time\" content=\"2019-06-05T09:22:45+00:00\" \/>\n<meta property=\"og:image\" content=\"https:\/\/mercuri.be\/wp-content\/uploads\/sites\/23\/2019\/05\/customization-levels-22x-768x484.png\" \/>\n<meta name=\"twitter:card\" content=\"summary_large_image\" \/>\n<meta name=\"twitter:label1\" content=\"Est. reading time\" \/>\n\t<meta name=\"twitter:data1\" content=\"1 minute\" \/>\n<script type=\"application\/ld+json\" class=\"yoast-schema-graph\">{\"@context\":\"https:\/\/schema.org\",\"@graph\":[{\"@type\":\"WebPage\",\"@id\":\"https:\/\/mercuri.be\/maatwerk\/\",\"url\":\"https:\/\/mercuri.be\/maatwerk\/\",\"name\":\"Maatwerk - Mercuri Belgium\",\"isPartOf\":{\"@id\":\"https:\/\/mercuri.be\/#website\"},\"primaryImageOfPage\":{\"@id\":\"https:\/\/mercuri.be\/maatwerk\/#primaryimage\"},\"image\":{\"@id\":\"https:\/\/mercuri.be\/maatwerk\/#primaryimage\"},\"thumbnailUrl\":\"https:\/\/mercuri.be\/wp-content\/uploads\/sites\/23\/2019\/05\/customization-levels-22x-768x484.png\",\"datePublished\":\"2019-05-20T11:16:27+00:00\",\"dateModified\":\"2019-06-05T09:22:45+00:00\",\"breadcrumb\":{\"@id\":\"https:\/\/mercuri.be\/maatwerk\/#breadcrumb\"},\"inLanguage\":\"fr-BE\",\"potentialAction\":[{\"@type\":\"ReadAction\",\"target\":[\"https:\/\/mercuri.be\/maatwerk\/\"]}]},{\"@type\":\"ImageObject\",\"inLanguage\":\"fr-BE\",\"@id\":\"https:\/\/mercuri.be\/maatwerk\/#primaryimage\",\"url\":\"https:\/\/mercuri.be\/wp-content\/uploads\/sites\/23\/2019\/05\/customization-levels-22x-768x484.png\",\"contentUrl\":\"https:\/\/mercuri.be\/wp-content\/uploads\/sites\/23\/2019\/05\/customization-levels-22x-768x484.png\"},{\"@type\":\"BreadcrumbList\",\"@id\":\"https:\/\/mercuri.be\/maatwerk\/#breadcrumb\",\"itemListElement\":[{\"@type\":\"ListItem\",\"position\":1,\"name\":\"Home\",\"item\":\"https:\/\/mercuri.be\/\"},{\"@type\":\"ListItem\",\"position\":2,\"name\":\"Maatwerk\"}]},{\"@type\":\"WebSite\",\"@id\":\"https:\/\/mercuri.be\/#website\",\"url\":\"https:\/\/mercuri.be\/\",\"name\":\"Mercuri Belgium\",\"description\":\"Mercuri International Belgium site\",\"potentialAction\":[{\"@type\":\"SearchAction\",\"target\":{\"@type\":\"EntryPoint\",\"urlTemplate\":\"https:\/\/mercuri.be\/?s={search_term_string}\"},\"query-input\":{\"@type\":\"PropertyValueSpecification\",\"valueRequired\":true,\"valueName\":\"search_term_string\"}}],\"inLanguage\":\"fr-BE\"}]}<\/script>\n<!-- \/ Yoast SEO plugin. -->","yoast_head_json":{"title":"Maatwerk - Mercuri Belgium","robots":{"index":"index","follow":"follow","max-snippet":"max-snippet:-1","max-image-preview":"max-image-preview:large","max-video-preview":"max-video-preview:-1"},"canonical":"https:\/\/mercuri.be\/fr\/personnalisation\/","og_locale":"fr_FR","og_type":"article","og_title":"Maatwerk - Mercuri Belgium","og_description":"Door de behoeften in te kaart te brengen, kunnen we samen een resultaatgericht en effici\u00ebnt trainingsprogramma cre\u00ebren om jullie uitdagingen","og_url":"https:\/\/mercuri.be\/fr\/personnalisation\/","og_site_name":"Mercuri Belgium","article_modified_time":"2019-06-05T09:22:45+00:00","og_image":[{"url":"https:\/\/mercuri.be\/wp-content\/uploads\/sites\/23\/2019\/05\/customization-levels-22x-768x484.png","type":"","width":"","height":""}],"twitter_card":"summary_large_image","twitter_misc":{"Est. reading time":"1 minute"},"schema":{"@context":"https:\/\/schema.org","@graph":[{"@type":"WebPage","@id":"https:\/\/mercuri.be\/maatwerk\/","url":"https:\/\/mercuri.be\/maatwerk\/","name":"Maatwerk - Mercuri Belgium","isPartOf":{"@id":"https:\/\/mercuri.be\/#website"},"primaryImageOfPage":{"@id":"https:\/\/mercuri.be\/maatwerk\/#primaryimage"},"image":{"@id":"https:\/\/mercuri.be\/maatwerk\/#primaryimage"},"thumbnailUrl":"https:\/\/mercuri.be\/wp-content\/uploads\/sites\/23\/2019\/05\/customization-levels-22x-768x484.png","datePublished":"2019-05-20T11:16:27+00:00","dateModified":"2019-06-05T09:22:45+00:00","breadcrumb":{"@id":"https:\/\/mercuri.be\/maatwerk\/#breadcrumb"},"inLanguage":"fr-BE","potentialAction":[{"@type":"ReadAction","target":["https:\/\/mercuri.be\/maatwerk\/"]}]},{"@type":"ImageObject","inLanguage":"fr-BE","@id":"https:\/\/mercuri.be\/maatwerk\/#primaryimage","url":"https:\/\/mercuri.be\/wp-content\/uploads\/sites\/23\/2019\/05\/customization-levels-22x-768x484.png","contentUrl":"https:\/\/mercuri.be\/wp-content\/uploads\/sites\/23\/2019\/05\/customization-levels-22x-768x484.png"},{"@type":"BreadcrumbList","@id":"https:\/\/mercuri.be\/maatwerk\/#breadcrumb","itemListElement":[{"@type":"ListItem","position":1,"name":"Home","item":"https:\/\/mercuri.be\/"},{"@type":"ListItem","position":2,"name":"Maatwerk"}]},{"@type":"WebSite","@id":"https:\/\/mercuri.be\/#website","url":"https:\/\/mercuri.be\/","name":"Mercuri Belgique","description":"Site de Mercuri International Belgium","potentialAction":[{"@type":"SearchAction","target":{"@type":"EntryPoint","urlTemplate":"https:\/\/mercuri.be\/?s={search_term_string}"},"query-input":{"@type":"PropertyValueSpecification","valueRequired":true,"valueName":"search_term_string"}}],"inLanguage":"fr-BE"}]}},"_links":{"self":[{"href":"https:\/\/mercuri.be\/fr\/wp-json\/wp\/v2\/pages\/2041","targetHints":{"allow":["GET"]}}],"collection":[{"href":"https:\/\/mercuri.be\/fr\/wp-json\/wp\/v2\/pages"}],"about":[{"href":"https:\/\/mercuri.be\/fr\/wp-json\/wp\/v2\/types\/page"}],"author":[{"embeddable":true,"href":"https:\/\/mercuri.be\/fr\/wp-json\/wp\/v2\/users\/43"}],"replies":[{"embeddable":true,"href":"https:\/\/mercuri.be\/fr\/wp-json\/wp\/v2\/comments?post=2041"}],"version-history":[{"count":8,"href":"https:\/\/mercuri.be\/fr\/wp-json\/wp\/v2\/pages\/2041\/revisions"}],"predecessor-version":[{"id":2259,"href":"https:\/\/mercuri.be\/fr\/wp-json\/wp\/v2\/pages\/2041\/revisions\/2259"}],"wp:attachment":[{"href":"https:\/\/mercuri.be\/fr\/wp-json\/wp\/v2\/media?parent=2041"}],"curies":[{"name":"wp","href":"https:\/\/api.w.org\/{rel}","templated":true}]}}