{"id":173,"date":"2018-11-16T11:30:48","date_gmt":"2018-11-16T11:30:48","guid":{"rendered":"https:\/\/mercuri.be\/why-international-sales-development\/"},"modified":"2018-12-20T10:15:41","modified_gmt":"2018-12-20T10:15:41","slug":"pourquoi-le-developpement-des-ventes-internationales","status":"publish","type":"page","link":"https:\/\/mercuri.be\/fr\/pourquoi-le-developpement-des-ventes-internationales\/","title":{"rendered":"Pourquoi le d\u00e9veloppement des ventes internationales ?"},"content":{"rendered":"<h2 class=\"wp-block-heading\">Pourquoi organiser une formation \u00e0 la vente internationale ?<\/h2>\n\n\n\n<p>Pendant longtemps, la formation \u00e0 la vente a \u00e9t\u00e9 essentiellement une affaire locale. Mais avec la mondialisation, de plus en plus d'entreprises ont commenc\u00e9 \u00e0 organiser des formations \u00e0 la vente internationale. S'agit-il d'une tendance qui, au fil du temps, est devenue une initiative strat\u00e9gique importante offrant de nouvelles possibilit\u00e9s de vendre \u00e0 un niveau plus \u00e9lev\u00e9 ?<\/p>\n\n\n\n<h2 class=\"wp-block-heading\">Mise en \u0153uvre d'une strat\u00e9gie de vente globale<\/h2>\n\n\n\n<p>Une approche commerciale unifi\u00e9e devrait \u00eatre adopt\u00e9e \u00e0 l'\u00e9gard des clients et des grands comptes actifs au niveau international. De nos jours, les produits et les services sont largement ax\u00e9s sur l'international et vendus dans diff\u00e9rents pays \u00e0 des groupes cibles similaires avec les m\u00eames arguments de vente. L'adoption d'une terminologie et d'un processus de vente normalis\u00e9s facilite la communication et la mise en \u0153uvre r\u00e9ussie de concepts centraux de marketing et de valeur ajout\u00e9e pour les diff\u00e9rents produits et groupes de clients, ainsi que de mod\u00e8les, d'approches et d'informations pertinentes qui ont fait leurs preuves.<\/p>\n\n\n\n<p>Un programme de formation standardis\u00e9 au niveau international le garantit. Toutes les personnes impliqu\u00e9es dans le processus de vente (et de marketing) parlent la m\u00eame \u2018langue\u2019, comprennent mieux les strat\u00e9gies de marketing et peuvent communiquer des informations importantes plus rapidement et de mani\u00e8re plus cibl\u00e9e. Les programmes de formation locaux autonomes ne peuvent pas r\u00e9pondre \u00e0 ces exigences et ne conviennent donc que pour les comp\u00e9tences de base (par exemple, la communication, la gestion du temps).<\/p>\n\n\n\n<ul class=\"wp-block-gallery columns-1 is-cropped wp-block-gallery-1 is-layout-flex wp-block-gallery-is-layout-flex\"><li class=\"blocks-gallery-item\"><figure><img loading=\"lazy\" decoding=\"async\" width=\"5472\" height=\"3648\" src=\"https:\/\/mercuri.be\/wp-content\/uploads\/sites\/23\/2018\/12\/istock-862718308-1.jpg\" alt=\"\" class=\"wp-image-1069\" srcset=\"https:\/\/mercuri.be\/wp-content\/uploads\/sites\/23\/2018\/12\/istock-862718308-1.jpg 5472w, https:\/\/mercuri.be\/wp-content\/uploads\/sites\/23\/2018\/12\/istock-862718308-1-266x178.jpg 266w, https:\/\/mercuri.be\/wp-content\/uploads\/sites\/23\/2018\/12\/istock-862718308-1-300x200.jpg 300w, https:\/\/mercuri.be\/wp-content\/uploads\/sites\/23\/2018\/12\/istock-862718308-1-768x512.jpg 768w, https:\/\/mercuri.be\/wp-content\/uploads\/sites\/23\/2018\/12\/istock-862718308-1-1024x683.jpg 1024w, https:\/\/mercuri.be\/wp-content\/uploads\/sites\/23\/2018\/12\/istock-862718308-1-268x178.jpg 268w, https:\/\/mercuri.be\/wp-content\/uploads\/sites\/23\/2018\/12\/istock-862718308-1-600x400.jpg 600w\" sizes=\"(max-width: 5472px) 100vw, 5472px\" \/><\/figure><\/li><\/ul>\n\n\n\n<h2 class=\"wp-block-heading\">Les d\u00e9fis de la formation \u00e0 la vente internationale<\/h2>\n\n\n\n<p>Bien entendu, de nombreux clients op\u00e8rent encore exclusivement au niveau local et, dans certains pays, il faut souvent tenir compte des diff\u00e9rents canaux de distribution et des positions sur le march\u00e9, ainsi que des diff\u00e9rences culturelles et des sp\u00e9cificit\u00e9s linguistiques. La conception et l'ex\u00e9cution doivent r\u00e9pondre aux normes les plus \u00e9lev\u00e9es pour que la formation \u00e0 la vente internationale soit pleinement efficace. Les aspects cl\u00e9s sont d\u00e9taill\u00e9s ci-dessous.<\/p>\n\n\n\n<h2 class=\"wp-block-heading\">\u00c0 la fois international et sp\u00e9cifique \u00e0 un pays : la \u2018glocalisation\u2019.\u2019<\/h2>\n\n\n\n<p>Certains pays se m\u00e9fient souvent des programmes de formation internationaux. La formation locale a d\u00e9j\u00e0 eu lieu et l'on craint que les caract\u00e9ristiques locales ne soient pas suffisamment prises en compte. Il existe \u00e9galement un scepticisme g\u00e9n\u00e9ral \u00e0 l'\u00e9gard de tout ce qui est fourni par le si\u00e8ge central. R\u00e9sultat : l'accord officiel pour participer \u00e0 la formation n'est souvent qu'une question de preuve, et les participants n'avancent qu'\u00e0 moiti\u00e9, attendant parfois un \u2018point de rupture pr\u00e9d\u00e9termin\u00e9\u2019 pour pouvoir arr\u00eater compl\u00e8tement la formation.<\/p>\n\n\n\n<p>Il est essentiel d'impliquer les pays ou r\u00e9gions concern\u00e9s dans le concept de formation \u00e0 un stade pr\u00e9coce. Cela signifie notamment que les objectifs et tout contenu important doivent \u00eatre convenus avant le programme de formation. Au cours d'une r\u00e9union de cadrage et\/ou d'une enqu\u00eate sur le point de d\u00e9part, outre la strat\u00e9gie internationale, les diff\u00e9rentes caract\u00e9ristiques locales doivent \u00eatre communiqu\u00e9es au prestataire de formation afin qu'elles soient prises en compte dans la conception du programme. Un programme de formation standard typique (\u2018sur \u00e9tag\u00e8re\u2019) ne peut plus r\u00e9pondre \u00e0 cette exigence de base. Tout concept de formation internationale doit donc \u00eatre soigneusement adapt\u00e9 \u00e0 la situation sp\u00e9cifique de l'entreprise et doit \u00eatre pr\u00e9alablement adapt\u00e9 aux sp\u00e9cificit\u00e9s r\u00e9gionales (localisation).<\/p>\n\n\n\n<p>Ce champ d'application peut couvrir le processus de vente (par exemple, l'acquisition de nouveaux clients ou l'exploitation du potentiel\/la vente crois\u00e9e avec les clients existants), les canaux de distribution (par exemple, les ventes aux concessionnaires ou les ventes directes), la s\u00e9lection des prospects ou la focalisation sur les produits et les meilleures pratiques locales. Lors de la conception des programmes de formation, cela a une incidence sur les t\u00e2ches de pr\u00e9paration des participants, ainsi que sur les \u00e9tudes de cas, les exercices et les jeux de r\u00f4le.<\/p>\n\n\n\n<p>L'exp\u00e9rience a montr\u00e9 que l'effort n\u00e9cessaire pour adapter les modules de formation ou les parcours d'apprentissage aux conditions locales est d'environ 20-30%.<\/p>\n\n\n\n<ul class=\"wp-block-gallery columns-1 is-cropped wp-block-gallery-2 is-layout-flex wp-block-gallery-is-layout-flex\"><li class=\"blocks-gallery-item\"><figure><img loading=\"lazy\" decoding=\"async\" width=\"640\" height=\"427\" src=\"https:\/\/mercuri.be\/wp-content\/uploads\/sites\/23\/2018\/12\/istock-531444713_jpg-4.jpg\" alt=\"\" class=\"wp-image-1070\" srcset=\"https:\/\/mercuri.be\/wp-content\/uploads\/sites\/23\/2018\/12\/istock-531444713_jpg-4.jpg 640w, https:\/\/mercuri.be\/wp-content\/uploads\/sites\/23\/2018\/12\/istock-531444713_jpg-4-266x178.jpg 266w, https:\/\/mercuri.be\/wp-content\/uploads\/sites\/23\/2018\/12\/istock-531444713_jpg-4-300x200.jpg 300w, https:\/\/mercuri.be\/wp-content\/uploads\/sites\/23\/2018\/12\/istock-531444713_jpg-4-268x178.jpg 268w, https:\/\/mercuri.be\/wp-content\/uploads\/sites\/23\/2018\/12\/istock-531444713_jpg-4-600x400.jpg 600w\" sizes=\"(max-width: 640px) 100vw, 640px\" \/><\/figure><\/li><\/ul>\n\n\n\n<h2 class=\"wp-block-heading\">Dans la langue locale<\/h2>\n\n\n\n<p>Les caract\u00e9ristiques culturelles ne doivent pas \u00eatre sous-estim\u00e9es. Bien que les concepts de base de la discussion soient similaires, il peut y avoir des diff\u00e9rences significatives entre les pays et les r\u00e9gions dans la mani\u00e8re dont ils sont mis en \u0153uvre. M\u00eame si la langue interne de l'entreprise est l'anglais, la formation doit toujours \u00eatre dispens\u00e9e par des locuteurs natifs qui vivent dans les pays ou r\u00e9gions concern\u00e9s et qui connaissent la culture et la langue de la vente locale.<\/p>\n\n\n\n<h2 class=\"wp-block-heading\">Organisation du projet<\/h2>\n\n\n\n<p>Une initiative de formation internationale n\u00e9cessite \u00e9galement une gestion de projet sp\u00e9cifique au sein des entreprises. S'il s'agit d'un programme de formation international comportant plusieurs modules de qualification, la gestion de projet doit \u00eatre introduite pour la phase de conception jusqu'\u00e0 ce que la gestion du programme de formation soit int\u00e9gr\u00e9e dans la structure organisationnelle existante. La gestion de projet est \u00e9galement n\u00e9cessaire pendant toute la dur\u00e9e du projet en cas de changements fondamentaux dans les m\u00e9thodes de travail ou d'initiatives strat\u00e9giques (par exemple, passage de la vente de produits \u00e0 des solutions ou \u00e0 des programmes sp\u00e9ciaux pour de nouveaux clients), pour lesquels une grande attention est accord\u00e9e \u00e0 la mise en \u0153uvre.<\/p>\n\n\n\n<p>En plus de fixer le calendrier et de coordonner les diff\u00e9rentes \u00e9tapes du travail, la direction du projet doit \u00e9galement mettre en place un groupe de projet international qui repr\u00e9sente d\u00e8s le d\u00e9part chacune des r\u00e9gions concern\u00e9es et int\u00e8gre leurs besoins dans le projet. Le groupe de projet joue \u00e9galement le r\u00f4le de \"sparring partner\" pour le prestataire de formation en ce qui concerne la conception d\u00e9taill\u00e9e des modules de formation individuels et des parcours d'apprentissage. Lors de la mise en \u0153uvre de la formation, les membres du groupe de projet individuel organisent le d\u00e9ploiement et coordonnent la coop\u00e9ration dans les pays\/r\u00e9gions (par exemple, avec la localisation des modules). Le prestataire de formation doit refl\u00e9ter cette organisation et constituer une \u00e9quipe de projet avec un chef de projet central, une \u00e9quipe de conception centrale et des formateurs r\u00e9gionaux (principaux).<\/p>\n\n\n<div class=\"wp-block-image\">\n<figure class=\"aligncenter\"><img decoding=\"async\" src=\"https:\/\/mercuri.be\/wp-content\/uploads\/sites\/23\/2018\/11\/INTL_Project.gif\" alt=\"Projets INTL\" \/><\/figure><\/div>\n\n\n<h2 class=\"wp-block-heading\">Vous travaillez \u00e0 l'\u00e9chelle internationale ? Et vous souhaitez am\u00e9liorer vos performances commerciales ?<\/h2>\n\n\n\n<p style=\"text-align:center\"><a href=\"mailto:%20mercuri@mercuri.nl\">Courriel : info@mercuri.be<\/a><\/p>\n\n\n\n<p style=\"text-align:center\"><a href=\"tel:+32%20(0)2 245 02 40\">Tel : +32 (0)2 245 02 40<\/a><a href=\"tel:%20+31 88 63728 74\"><\/a><\/p>\n\n\n\n<div class=\"wp-block-button aligncenter\"><a class=\"wp-block-button__link\" href=\"https:\/\/mercuri.be\/fr\/contact\/\">Aidez-moi<\/a><\/div>\n\n\n\n<ul class=\"wp-block-gallery alignfull columns-1 is-cropped wp-block-gallery-3 is-layout-flex wp-block-gallery-is-layout-flex\"><li class=\"blocks-gallery-item\"><figure><img loading=\"lazy\" decoding=\"async\" width=\"2121\" height=\"1414\" src=\"https:\/\/mercuri.be\/wp-content\/uploads\/sites\/23\/2018\/12\/istock-641479320-1.jpg\" alt=\"\" class=\"wp-image-1071\" srcset=\"https:\/\/mercuri.be\/wp-content\/uploads\/sites\/23\/2018\/12\/istock-641479320-1.jpg 2121w, https:\/\/mercuri.be\/wp-content\/uploads\/sites\/23\/2018\/12\/istock-641479320-1-266x178.jpg 266w, https:\/\/mercuri.be\/wp-content\/uploads\/sites\/23\/2018\/12\/istock-641479320-1-300x200.jpg 300w, https:\/\/mercuri.be\/wp-content\/uploads\/sites\/23\/2018\/12\/istock-641479320-1-768x512.jpg 768w, https:\/\/mercuri.be\/wp-content\/uploads\/sites\/23\/2018\/12\/istock-641479320-1-1024x683.jpg 1024w, https:\/\/mercuri.be\/wp-content\/uploads\/sites\/23\/2018\/12\/istock-641479320-1-268x178.jpg 268w, https:\/\/mercuri.be\/wp-content\/uploads\/sites\/23\/2018\/12\/istock-641479320-1-600x400.jpg 600w\" sizes=\"(max-width: 2121px) 100vw, 2121px\" \/><\/figure><\/li><\/ul>","protected":false},"excerpt":{"rendered":"<p>Waarom internationale verkooptraining houden? Lange tijd was verkooptraining grotendeels een lokale aangelegenheid. Maar in de loop van de globalisering begonnen<\/p>","protected":false},"author":1,"featured_media":0,"parent":0,"menu_order":0,"comment_status":"closed","ping_status":"closed","template":"","meta":{"_acf_changed":false,"_eb_attr":"","form_id":"","editor_notices":[],"footnotes":""},"class_list":["post-173","page","type-page","status-publish","hentry"],"acf":[],"yoast_head":"<!-- This site is optimized with the Yoast SEO plugin v26.6 - https:\/\/yoast.com\/wordpress\/plugins\/seo\/ -->\n<title>Waarom internationale verkoopontwikkeling? - Mercuri Belgium<\/title>\n<meta name=\"robots\" content=\"index, follow, max-snippet:-1, max-image-preview:large, max-video-preview:-1\" \/>\n<link rel=\"canonical\" href=\"https:\/\/mercuri.be\/fr\/pourquoi-le-developpement-des-ventes-internationales\/\" \/>\n<meta property=\"og:locale\" content=\"fr_FR\" \/>\n<meta property=\"og:type\" content=\"article\" \/>\n<meta property=\"og:title\" content=\"Waarom internationale verkoopontwikkeling? - Mercuri Belgium\" \/>\n<meta property=\"og:description\" content=\"Waarom internationale verkooptraining houden? Lange tijd was verkooptraining grotendeels een lokale aangelegenheid. Maar in de loop van de globalisering begonnen\" \/>\n<meta property=\"og:url\" content=\"https:\/\/mercuri.be\/fr\/pourquoi-le-developpement-des-ventes-internationales\/\" \/>\n<meta property=\"og:site_name\" content=\"Mercuri Belgium\" \/>\n<meta property=\"article:modified_time\" content=\"2018-12-20T10:15:41+00:00\" \/>\n<meta property=\"og:image\" content=\"https:\/\/mercuri.be\/wp-content\/uploads\/sites\/23\/2018\/12\/istock-862718308-1.jpg\" \/>\n<meta name=\"twitter:card\" content=\"summary_large_image\" \/>\n<meta name=\"twitter:label1\" content=\"Est. reading time\" \/>\n\t<meta name=\"twitter:data1\" content=\"4 minutes\" \/>\n<script type=\"application\/ld+json\" class=\"yoast-schema-graph\">{\"@context\":\"https:\/\/schema.org\",\"@graph\":[{\"@type\":\"WebPage\",\"@id\":\"https:\/\/mercuri.be\/why-international-sales-development\/\",\"url\":\"https:\/\/mercuri.be\/why-international-sales-development\/\",\"name\":\"Waarom internationale verkoopontwikkeling? - Mercuri Belgium\",\"isPartOf\":{\"@id\":\"https:\/\/mercuri.be\/#website\"},\"primaryImageOfPage\":{\"@id\":\"https:\/\/mercuri.be\/why-international-sales-development\/#primaryimage\"},\"image\":{\"@id\":\"https:\/\/mercuri.be\/why-international-sales-development\/#primaryimage\"},\"thumbnailUrl\":\"https:\/\/mercuri.be\/wp-content\/uploads\/sites\/23\/2018\/12\/istock-862718308-1.jpg\",\"datePublished\":\"2018-11-16T11:30:48+00:00\",\"dateModified\":\"2018-12-20T10:15:41+00:00\",\"breadcrumb\":{\"@id\":\"https:\/\/mercuri.be\/why-international-sales-development\/#breadcrumb\"},\"inLanguage\":\"fr-BE\",\"potentialAction\":[{\"@type\":\"ReadAction\",\"target\":[\"https:\/\/mercuri.be\/why-international-sales-development\/\"]}]},{\"@type\":\"ImageObject\",\"inLanguage\":\"fr-BE\",\"@id\":\"https:\/\/mercuri.be\/why-international-sales-development\/#primaryimage\",\"url\":\"https:\/\/mercuri.be\/wp-content\/uploads\/sites\/23\/2018\/12\/istock-862718308-1.jpg\",\"contentUrl\":\"https:\/\/mercuri.be\/wp-content\/uploads\/sites\/23\/2018\/12\/istock-862718308-1.jpg\"},{\"@type\":\"BreadcrumbList\",\"@id\":\"https:\/\/mercuri.be\/why-international-sales-development\/#breadcrumb\",\"itemListElement\":[{\"@type\":\"ListItem\",\"position\":1,\"name\":\"Home\",\"item\":\"https:\/\/mercuri.be\/\"},{\"@type\":\"ListItem\",\"position\":2,\"name\":\"Waarom internationale verkoopontwikkeling?\"}]},{\"@type\":\"WebSite\",\"@id\":\"https:\/\/mercuri.be\/#website\",\"url\":\"https:\/\/mercuri.be\/\",\"name\":\"Mercuri Belgium\",\"description\":\"Mercuri International Belgium site\",\"potentialAction\":[{\"@type\":\"SearchAction\",\"target\":{\"@type\":\"EntryPoint\",\"urlTemplate\":\"https:\/\/mercuri.be\/?s={search_term_string}\"},\"query-input\":{\"@type\":\"PropertyValueSpecification\",\"valueRequired\":true,\"valueName\":\"search_term_string\"}}],\"inLanguage\":\"fr-BE\"}]}<\/script>\n<!-- \/ Yoast SEO plugin. -->","yoast_head_json":{"title":"Waarom internationale verkoopontwikkeling? - Mercuri Belgium","robots":{"index":"index","follow":"follow","max-snippet":"max-snippet:-1","max-image-preview":"max-image-preview:large","max-video-preview":"max-video-preview:-1"},"canonical":"https:\/\/mercuri.be\/fr\/pourquoi-le-developpement-des-ventes-internationales\/","og_locale":"fr_FR","og_type":"article","og_title":"Waarom internationale verkoopontwikkeling? - Mercuri Belgium","og_description":"Waarom internationale verkooptraining houden? Lange tijd was verkooptraining grotendeels een lokale aangelegenheid. Maar in de loop van de globalisering begonnen","og_url":"https:\/\/mercuri.be\/fr\/pourquoi-le-developpement-des-ventes-internationales\/","og_site_name":"Mercuri Belgium","article_modified_time":"2018-12-20T10:15:41+00:00","og_image":[{"url":"https:\/\/mercuri.be\/wp-content\/uploads\/sites\/23\/2018\/12\/istock-862718308-1.jpg","type":"","width":"","height":""}],"twitter_card":"summary_large_image","twitter_misc":{"Est. reading time":"4 minutes"},"schema":{"@context":"https:\/\/schema.org","@graph":[{"@type":"WebPage","@id":"https:\/\/mercuri.be\/why-international-sales-development\/","url":"https:\/\/mercuri.be\/why-international-sales-development\/","name":"Waarom internationale verkoopontwikkeling? - Mercuri Belgium","isPartOf":{"@id":"https:\/\/mercuri.be\/#website"},"primaryImageOfPage":{"@id":"https:\/\/mercuri.be\/why-international-sales-development\/#primaryimage"},"image":{"@id":"https:\/\/mercuri.be\/why-international-sales-development\/#primaryimage"},"thumbnailUrl":"https:\/\/mercuri.be\/wp-content\/uploads\/sites\/23\/2018\/12\/istock-862718308-1.jpg","datePublished":"2018-11-16T11:30:48+00:00","dateModified":"2018-12-20T10:15:41+00:00","breadcrumb":{"@id":"https:\/\/mercuri.be\/why-international-sales-development\/#breadcrumb"},"inLanguage":"fr-BE","potentialAction":[{"@type":"ReadAction","target":["https:\/\/mercuri.be\/why-international-sales-development\/"]}]},{"@type":"ImageObject","inLanguage":"fr-BE","@id":"https:\/\/mercuri.be\/why-international-sales-development\/#primaryimage","url":"https:\/\/mercuri.be\/wp-content\/uploads\/sites\/23\/2018\/12\/istock-862718308-1.jpg","contentUrl":"https:\/\/mercuri.be\/wp-content\/uploads\/sites\/23\/2018\/12\/istock-862718308-1.jpg"},{"@type":"BreadcrumbList","@id":"https:\/\/mercuri.be\/why-international-sales-development\/#breadcrumb","itemListElement":[{"@type":"ListItem","position":1,"name":"Home","item":"https:\/\/mercuri.be\/"},{"@type":"ListItem","position":2,"name":"Waarom internationale verkoopontwikkeling?"}]},{"@type":"WebSite","@id":"https:\/\/mercuri.be\/#website","url":"https:\/\/mercuri.be\/","name":"Mercuri Belgique","description":"Site de Mercuri International Belgium","potentialAction":[{"@type":"SearchAction","target":{"@type":"EntryPoint","urlTemplate":"https:\/\/mercuri.be\/?s={search_term_string}"},"query-input":{"@type":"PropertyValueSpecification","valueRequired":true,"valueName":"search_term_string"}}],"inLanguage":"fr-BE"}]}},"_links":{"self":[{"href":"https:\/\/mercuri.be\/fr\/wp-json\/wp\/v2\/pages\/173","targetHints":{"allow":["GET"]}}],"collection":[{"href":"https:\/\/mercuri.be\/fr\/wp-json\/wp\/v2\/pages"}],"about":[{"href":"https:\/\/mercuri.be\/fr\/wp-json\/wp\/v2\/types\/page"}],"author":[{"embeddable":true,"href":"https:\/\/mercuri.be\/fr\/wp-json\/wp\/v2\/users\/1"}],"replies":[{"embeddable":true,"href":"https:\/\/mercuri.be\/fr\/wp-json\/wp\/v2\/comments?post=173"}],"version-history":[{"count":12,"href":"https:\/\/mercuri.be\/fr\/wp-json\/wp\/v2\/pages\/173\/revisions"}],"predecessor-version":[{"id":1686,"href":"https:\/\/mercuri.be\/fr\/wp-json\/wp\/v2\/pages\/173\/revisions\/1686"}],"wp:attachment":[{"href":"https:\/\/mercuri.be\/fr\/wp-json\/wp\/v2\/media?parent=173"}],"curies":[{"name":"wp","href":"https:\/\/api.w.org\/{rel}","templated":true}]}}